{"id":1660,"date":"2020-12-14T18:25:52","date_gmt":"2020-12-14T17:25:52","guid":{"rendered":"https:\/\/baraevent.hu\/?page_id=1660"},"modified":"2021-05-04T14:55:08","modified_gmt":"2021-05-04T12:55:08","slug":"szerzodes-reklamacio","status":"publish","type":"page","link":"https:\/\/baraevent.hu\/en\/szerzodes-reklamacio\/","title":{"rendered":"Szerz\u0151d\u00e9s, reklam\u00e1ci\u00f3"},"content":{"rendered":"<div data-elementor-type=\"wp-page\" data-elementor-id=\"1660\" class=\"elementor elementor-1660\" data-elementor-post-type=\"page\">\n\t\t\t\t\t\t<section class=\"elementor-section elementor-top-section elementor-element elementor-element-1a2c66c elementor-section-boxed elementor-section-height-default elementor-section-height-default\" data-id=\"1a2c66c\" data-element_type=\"section\" data-e-type=\"section\">\n\t\t\t\t\t\t<div class=\"elementor-container elementor-column-gap-default\">\n\t\t\t\t\t<div class=\"elementor-column elementor-col-100 elementor-top-column elementor-element elementor-element-3f95d44d\" data-id=\"3f95d44d\" data-element_type=\"column\" data-e-type=\"column\">\n\t\t\t<div class=\"elementor-widget-wrap elementor-element-populated\">\n\t\t\t\t\t\t<div class=\"elementor-element elementor-element-44c5e4c elementor-widget elementor-widget-heading\" data-id=\"44c5e4c\" data-element_type=\"widget\" data-e-type=\"widget\" data-widget_type=\"heading.default\">\n\t\t\t\t<div class=\"elementor-widget-container\">\n\t\t\t\t\t<h2 class=\"elementor-heading-title elementor-size-default\">Szerz\u0151d\u00e9s, reklam\u00e1ci\u00f3<\/h2>\t\t\t\t<\/div>\n\t\t\t\t<\/div>\n\t\t\t\t<div class=\"elementor-element elementor-element-28362680 elementor-widget elementor-widget-text-editor\" data-id=\"28362680\" data-element_type=\"widget\" data-e-type=\"widget\" data-widget_type=\"text-editor.default\">\n\t\t\t\t<div class=\"elementor-widget-container\">\n\t\t\t\t\t\t\t\t\t\n<p>Ha Megrendel\u00e9s\u00e9nek v\u00e9gleges\u00edt\u00e9s\u00e9t megtette, azaz a t\u0151l\u00fcnk kapott visszaigazol\u00f3 emailben tal\u00e1lhat\u00f3 v\u00e9gleges\u00edt\u0151 linkre r\u00e1kattintott, akkor a 17\/1999.(II.S.) Korm\u00e1nyrendelet alapj\u00e1n t\u00e1voll\u00e9v\u0151k k\u00f6z\u00f6tti szerz\u0151d\u00e9s j\u00f6n l\u00e9tre a Bara Events Kft. (2000 Szentendre, Egres \u00fat 68.a, Ad\u00f3sz\u00e1m: 12484283-2-43) mint Szolg\u00e1ltat\u00f3, valamint a Megrendel\u0151, mint Vev\u0151 k\u00f6z\u00f6tt az al\u00e1bbi felt\u00e9telek szerint:<br><br>1. Szolg\u00e1ltat\u00f3 k\u00f6teles a Vev\u0151 \u00e1ltal a web\u00e1ruh\u00e1zban kiv\u00e1lasztott term\u00e9keket a megadott sz\u00e1ll\u00edt\u00e1si id\u0151n bel\u00fcl a megrendel\u0151lapon megjel\u00f6lt sz\u00e1ll\u00edt\u00e1si c\u00edmre eljuttatni. Amennyiben a megrendel\u00e9s teljes\u00edt\u00e9se b\u00e1rmilyen okb\u00f3l akad\u00e1lyba \u00fctk\u00f6zik, \u00fagy a Szolg\u00e1ltat\u00f3 k\u00f6teles halad\u00e9ktalanul e-mail vagy telefon \u00fatj\u00e1n felvenni a kapcsolatot Vev\u0151vel a tov\u00e1bbiak egyeztet\u00e9se \u00e9rdek\u00e9ben.<br><br>2. Vev\u0151 k\u00f6teles az \u00e1ltala, a web\u00e1ruh\u00e1zban megrendelt \u00e9s a Szolg\u00e1ltat\u00f3 \u00e1ltal a megadott c\u00edmre kisz\u00e1ll\u00edttatott term\u00e9keket \u00e1tvenni, illetve a megrendel\u0151 lapon bejel\u00f6lt fizet\u00e9si m\u00f3dozat alapj\u00e1n a v\u00e9teli \u00e1rat kifizetni.<\/p>\n\n\n\n<p>3. Az esetleges jogvit\u00e1k elb\u00edr\u00e1l\u00e1s\u00e1ra Felek a Pesti K\u00f6zponti Ker\u00fcleti B\u00edr\u00f3s\u00e1g illet\u00e9kess\u00e9g\u00e9t k\u00f6tik ki. Az itt nem szab\u00e1lyozott k\u00e9rd\u00e9sekre a Polg\u00e1ri T\u00f6rv\u00e9nyk\u00f6nyv, valamint a t\u00e1voll\u00e9v\u0151k k\u00f6z\u00f6tt k\u00f6t\u00f6tt szerz\u0151d\u00e9sekr\u0151l sz\u00f3l\u00f3 17\/1999.(II.S.) Korm. sz\u00e1m\u00fa rendelet szab\u00e1lyai az ir\u00e1nyad\u00f3ak.<br><br>4. Reklam\u00e1ci\u00f3<br>Vev\u0151 az \u00e1ru\u00e1tv\u00e9tel\u00e9t k\u00f6vet\u0151 8 munkanapon bel\u00fcl el\u00e1llhat a v\u00e1s\u00e1rl\u00e1st\u00f3l min\u0151s\u00e9gi (s\u00e9r\u00fcl\u00e9s) illetve mennyis\u00e9gi kifog\u00e1sra hivatkozva.<br>Ebben az esetben a vev\u0151 viseli az \u00e1ru visszaszolg\u00e1ltat\u00e1s\u00e1val kapcsolatos k\u00f6lts\u00e9geket. A visszasz\u00e1ll\u00edt\u00e1st k\u00f6vet\u0151en, jogos reklam\u00e1ci\u00f3 eset\u00e9n vev\u0151szolg\u00e1lati munkat\u00e1rsunk \u00faj sz\u00e1ll\u00edt\u00e1s egyeztet\u00e9se miatt e-mailben, vagy telefonon felveszi \u00d6nnel a kapcsolatot. A sz\u00e1ll\u00edt\u00e1st, ezt k\u00f6vet\u0151en k\u00f6lts\u00e9g\u00fcnk\u00f6n \u00fajra elv\u00e9gezz\u00fck, vagy visszaszolg\u00e1ltatjuk az \u00e1ru ellen\u00e9rt\u00e9k\u00e9t.<br>A szem\u00e9lyre szabottan feliratozott term\u00e9keket nem \u00e1ll m\u00f3dunkban visszavenni.<br>A vev\u0151 \u00e1ltal visszaszolg\u00e1ltatott \u00e1rut csak s\u00e9r\u00fcl\u00e9smentes \u00e1llapotban \u00e9s hi\u00e1nytalan csomagol\u00e1sban \u00e1ll m\u00f3dunkban visszavenni.<\/p>\n\t\t\t\t\t\t\t\t<\/div>\n\t\t\t\t<\/div>\n\t\t\t\t\t<\/div>\n\t\t<\/div>\n\t\t\t\t\t<\/div>\n\t\t<\/section>\n\t\t\t\t<\/div>","protected":false},"excerpt":{"rendered":"<p>Szerz\u0151d\u00e9s, reklam\u00e1ci\u00f3 Ha Megrendel\u00e9s\u00e9nek v\u00e9gleges\u00edt\u00e9s\u00e9t megtette, azaz a t\u0151l\u00fcnk kapott visszaigazol\u00f3 emailben tal\u00e1lhat\u00f3 v\u00e9gleges\u00edt\u0151 linkre r\u00e1kattintott, akkor a 17\/1999.(II.S.) Korm\u00e1nyrendelet alapj\u00e1n t\u00e1voll\u00e9v\u0151k k\u00f6z\u00f6tti szerz\u0151d\u00e9s j\u00f6n l\u00e9tre a Bara Events Kft. (2000 Szentendre, Egres \u00fat 68.a, Ad\u00f3sz\u00e1m: 12484283-2-43) mint Szolg\u00e1ltat\u00f3, valamint a Megrendel\u0151, mint Vev\u0151 k\u00f6z\u00f6tt az al\u00e1bbi felt\u00e9telek szerint: 1. Szolg\u00e1ltat\u00f3 k\u00f6teles a Vev\u0151 \u00e1ltal [&hellip;]<\/p>\n","protected":false},"author":1,"featured_media":0,"parent":0,"menu_order":0,"comment_status":"closed","ping_status":"closed","template":"elementor_header_footer","meta":{"inline_featured_image":false,"_ppp_document_settings_meta":"","footnotes":""},"class_list":["post-1660","page","type-page","status-publish","hentry"],"yoast_head":"<!-- This site is optimized with the Yoast SEO plugin v27.4 - https:\/\/yoast.com\/product\/yoast-seo-wordpress\/ -->\n<title>Szerz\u0151d\u00e9s, reklam\u00e1ci\u00f3 - esk\u00fcv\u0151i kell\u00e9k web\u00e1ruh\u00e1z Bara Wedding<\/title>\n<meta name=\"description\" content=\"Az esk\u00fcv\u0151i kell\u00e9k web\u00e1ruh\u00e1zban leadott megrendel\u00e9sekor szerz\u0151d\u00e9s l\u00e9p \u00e9letbe, sz\u00fcks\u00e9g eset\u00e9n reklam\u00e1ci\u00f3 is k\u00fcldhet\u0151.\" \/>\n<meta name=\"robots\" content=\"index, follow, max-snippet:-1, max-image-preview:large, max-video-preview:-1\" \/>\n<link rel=\"canonical\" href=\"https:\/\/baraevent.hu\/en\/szerzodes-reklamacio\/\" \/>\n<meta property=\"og:locale\" content=\"en_GB\" \/>\n<meta property=\"og:type\" content=\"article\" \/>\n<meta property=\"og:title\" content=\"Szerz\u0151d\u00e9s, reklam\u00e1ci\u00f3 - esk\u00fcv\u0151i kell\u00e9k web\u00e1ruh\u00e1z Bara Wedding\" \/>\n<meta property=\"og:description\" content=\"Az esk\u00fcv\u0151i kell\u00e9k web\u00e1ruh\u00e1zban leadott megrendel\u00e9sekor szerz\u0151d\u00e9s l\u00e9p \u00e9letbe, sz\u00fcks\u00e9g eset\u00e9n reklam\u00e1ci\u00f3 is k\u00fcldhet\u0151.\" \/>\n<meta property=\"og:url\" content=\"https:\/\/baraevent.hu\/en\/szerzodes-reklamacio\/\" \/>\n<meta property=\"og:site_name\" content=\"Bara Wedding\" \/>\n<meta property=\"article:publisher\" content=\"http:\/\/www.facebook.com\/baraeskuvo\/\" \/>\n<meta property=\"article:modified_time\" content=\"2021-05-04T12:55:08+00:00\" \/>\n<meta name=\"twitter:card\" content=\"summary_large_image\" \/>\n<meta name=\"twitter:label1\" content=\"Estimated reading time\" \/>\n\t<meta name=\"twitter:data1\" content=\"2 minutes\" \/>\n<script type=\"application\/ld+json\" class=\"yoast-schema-graph\">{\"@context\":\"https:\\\/\\\/schema.org\",\"@graph\":[{\"@type\":\"WebPage\",\"@id\":\"https:\\\/\\\/baraevent.hu\\\/szerzodes-reklamacio\\\/\",\"url\":\"https:\\\/\\\/baraevent.hu\\\/szerzodes-reklamacio\\\/\",\"name\":\"Szerz\u0151d\u00e9s, reklam\u00e1ci\u00f3 - esk\u00fcv\u0151i kell\u00e9k web\u00e1ruh\u00e1z Bara Wedding\",\"isPartOf\":{\"@id\":\"https:\\\/\\\/baraevent.hu\\\/#website\"},\"datePublished\":\"2020-12-14T17:25:52+00:00\",\"dateModified\":\"2021-05-04T12:55:08+00:00\",\"description\":\"Az esk\u00fcv\u0151i kell\u00e9k web\u00e1ruh\u00e1zban leadott megrendel\u00e9sekor szerz\u0151d\u00e9s l\u00e9p \u00e9letbe, sz\u00fcks\u00e9g eset\u00e9n reklam\u00e1ci\u00f3 is k\u00fcldhet\u0151.\",\"breadcrumb\":{\"@id\":\"https:\\\/\\\/baraevent.hu\\\/szerzodes-reklamacio\\\/#breadcrumb\"},\"inLanguage\":\"en-GB\",\"potentialAction\":[{\"@type\":\"ReadAction\",\"target\":[\"https:\\\/\\\/baraevent.hu\\\/szerzodes-reklamacio\\\/\"]}]},{\"@type\":\"BreadcrumbList\",\"@id\":\"https:\\\/\\\/baraevent.hu\\\/szerzodes-reklamacio\\\/#breadcrumb\",\"itemListElement\":[{\"@type\":\"ListItem\",\"position\":1,\"name\":\"Home\",\"item\":\"https:\\\/\\\/baraevent.hu\\\/\"},{\"@type\":\"ListItem\",\"position\":2,\"name\":\"Szerz\u0151d\u00e9s, reklam\u00e1ci\u00f3\"}]},{\"@type\":\"WebSite\",\"@id\":\"https:\\\/\\\/baraevent.hu\\\/#website\",\"url\":\"https:\\\/\\\/baraevent.hu\\\/\",\"name\":\"www.baraevent.hu\",\"description\":\"\",\"publisher\":{\"@id\":\"https:\\\/\\\/baraevent.hu\\\/#organization\"},\"potentialAction\":[{\"@type\":\"SearchAction\",\"target\":{\"@type\":\"EntryPoint\",\"urlTemplate\":\"https:\\\/\\\/baraevent.hu\\\/?s={search_term_string}\"},\"query-input\":{\"@type\":\"PropertyValueSpecification\",\"valueRequired\":true,\"valueName\":\"search_term_string\"}}],\"inLanguage\":\"en-GB\"},{\"@type\":\"Organization\",\"@id\":\"https:\\\/\\\/baraevent.hu\\\/#organization\",\"name\":\"Bara Wedding\",\"url\":\"https:\\\/\\\/baraevent.hu\\\/\",\"logo\":{\"@type\":\"ImageObject\",\"inLanguage\":\"en-GB\",\"@id\":\"https:\\\/\\\/baraevent.hu\\\/#\\\/schema\\\/logo\\\/image\\\/\",\"url\":\"https:\\\/\\\/baraevent.hu\\\/wp-content\\\/uploads\\\/2019\\\/11\\\/logo-e1593417291257.png\",\"contentUrl\":\"https:\\\/\\\/baraevent.hu\\\/wp-content\\\/uploads\\\/2019\\\/11\\\/logo-e1593417291257.png\",\"width\":700,\"height\":276,\"caption\":\"Bara Wedding\"},\"image\":{\"@id\":\"https:\\\/\\\/baraevent.hu\\\/#\\\/schema\\\/logo\\\/image\\\/\"},\"sameAs\":[\"http:\\\/\\\/www.facebook.com\\\/baraeskuvo\\\/\",\"https:\\\/\\\/www.instagram.com\\\/weddingbara\"]}]}<\/script>\n<!-- \/ Yoast SEO plugin. -->","yoast_head_json":{"title":"Szerz\u0151d\u00e9s, reklam\u00e1ci\u00f3 - esk\u00fcv\u0151i kell\u00e9k web\u00e1ruh\u00e1z Bara Wedding","description":"Az esk\u00fcv\u0151i kell\u00e9k web\u00e1ruh\u00e1zban leadott megrendel\u00e9sekor szerz\u0151d\u00e9s l\u00e9p \u00e9letbe, sz\u00fcks\u00e9g eset\u00e9n reklam\u00e1ci\u00f3 is k\u00fcldhet\u0151.","robots":{"index":"index","follow":"follow","max-snippet":"max-snippet:-1","max-image-preview":"max-image-preview:large","max-video-preview":"max-video-preview:-1"},"canonical":"https:\/\/baraevent.hu\/en\/szerzodes-reklamacio\/","og_locale":"en_GB","og_type":"article","og_title":"Szerz\u0151d\u00e9s, reklam\u00e1ci\u00f3 - esk\u00fcv\u0151i kell\u00e9k web\u00e1ruh\u00e1z Bara Wedding","og_description":"Az esk\u00fcv\u0151i kell\u00e9k web\u00e1ruh\u00e1zban leadott megrendel\u00e9sekor szerz\u0151d\u00e9s l\u00e9p \u00e9letbe, sz\u00fcks\u00e9g eset\u00e9n reklam\u00e1ci\u00f3 is k\u00fcldhet\u0151.","og_url":"https:\/\/baraevent.hu\/en\/szerzodes-reklamacio\/","og_site_name":"Bara Wedding","article_publisher":"http:\/\/www.facebook.com\/baraeskuvo\/","article_modified_time":"2021-05-04T12:55:08+00:00","twitter_card":"summary_large_image","twitter_misc":{"Estimated reading time":"2 minutes"},"schema":{"@context":"https:\/\/schema.org","@graph":[{"@type":"WebPage","@id":"https:\/\/baraevent.hu\/szerzodes-reklamacio\/","url":"https:\/\/baraevent.hu\/szerzodes-reklamacio\/","name":"Szerz\u0151d\u00e9s, reklam\u00e1ci\u00f3 - esk\u00fcv\u0151i kell\u00e9k web\u00e1ruh\u00e1z Bara Wedding","isPartOf":{"@id":"https:\/\/baraevent.hu\/#website"},"datePublished":"2020-12-14T17:25:52+00:00","dateModified":"2021-05-04T12:55:08+00:00","description":"Az esk\u00fcv\u0151i kell\u00e9k web\u00e1ruh\u00e1zban leadott megrendel\u00e9sekor szerz\u0151d\u00e9s l\u00e9p \u00e9letbe, sz\u00fcks\u00e9g eset\u00e9n reklam\u00e1ci\u00f3 is k\u00fcldhet\u0151.","breadcrumb":{"@id":"https:\/\/baraevent.hu\/szerzodes-reklamacio\/#breadcrumb"},"inLanguage":"en-GB","potentialAction":[{"@type":"ReadAction","target":["https:\/\/baraevent.hu\/szerzodes-reklamacio\/"]}]},{"@type":"BreadcrumbList","@id":"https:\/\/baraevent.hu\/szerzodes-reklamacio\/#breadcrumb","itemListElement":[{"@type":"ListItem","position":1,"name":"Home","item":"https:\/\/baraevent.hu\/"},{"@type":"ListItem","position":2,"name":"Szerz\u0151d\u00e9s, reklam\u00e1ci\u00f3"}]},{"@type":"WebSite","@id":"https:\/\/baraevent.hu\/#website","url":"https:\/\/baraevent.hu\/","name":"www.baraevent.hu","description":"","publisher":{"@id":"https:\/\/baraevent.hu\/#organization"},"potentialAction":[{"@type":"SearchAction","target":{"@type":"EntryPoint","urlTemplate":"https:\/\/baraevent.hu\/?s={search_term_string}"},"query-input":{"@type":"PropertyValueSpecification","valueRequired":true,"valueName":"search_term_string"}}],"inLanguage":"en-GB"},{"@type":"Organization","@id":"https:\/\/baraevent.hu\/#organization","name":"Bara Wedding","url":"https:\/\/baraevent.hu\/","logo":{"@type":"ImageObject","inLanguage":"en-GB","@id":"https:\/\/baraevent.hu\/#\/schema\/logo\/image\/","url":"https:\/\/baraevent.hu\/wp-content\/uploads\/2019\/11\/logo-e1593417291257.png","contentUrl":"https:\/\/baraevent.hu\/wp-content\/uploads\/2019\/11\/logo-e1593417291257.png","width":700,"height":276,"caption":"Bara Wedding"},"image":{"@id":"https:\/\/baraevent.hu\/#\/schema\/logo\/image\/"},"sameAs":["http:\/\/www.facebook.com\/baraeskuvo\/","https:\/\/www.instagram.com\/weddingbara"]}]}},"_links":{"self":[{"href":"https:\/\/baraevent.hu\/en\/wp-json\/wp\/v2\/pages\/1660","targetHints":{"allow":["GET"]}}],"collection":[{"href":"https:\/\/baraevent.hu\/en\/wp-json\/wp\/v2\/pages"}],"about":[{"href":"https:\/\/baraevent.hu\/en\/wp-json\/wp\/v2\/types\/page"}],"author":[{"embeddable":true,"href":"https:\/\/baraevent.hu\/en\/wp-json\/wp\/v2\/users\/1"}],"replies":[{"embeddable":true,"href":"https:\/\/baraevent.hu\/en\/wp-json\/wp\/v2\/comments?post=1660"}],"version-history":[{"count":8,"href":"https:\/\/baraevent.hu\/en\/wp-json\/wp\/v2\/pages\/1660\/revisions"}],"predecessor-version":[{"id":2987,"href":"https:\/\/baraevent.hu\/en\/wp-json\/wp\/v2\/pages\/1660\/revisions\/2987"}],"wp:attachment":[{"href":"https:\/\/baraevent.hu\/en\/wp-json\/wp\/v2\/media?parent=1660"}],"curies":[{"name":"wp","href":"https:\/\/api.w.org\/{rel}","templated":true}]}}