{"id":1668,"date":"2020-12-14T18:28:43","date_gmt":"2020-12-14T17:28:43","guid":{"rendered":"https:\/\/baraevent.hu\/?page_id=1668"},"modified":"2025-03-10T09:38:37","modified_gmt":"2025-03-10T08:38:37","slug":"termekarak-fizetes-szallitas","status":"publish","type":"page","link":"https:\/\/baraevent.hu\/en\/termekarak-fizetes-szallitas\/","title":{"rendered":"Term\u00e9k\u00e1rak, fizet\u00e9s, sz\u00e1ll\u00edt\u00e1s"},"content":{"rendered":"<div data-elementor-type=\"wp-page\" data-elementor-id=\"1668\" class=\"elementor elementor-1668\" data-elementor-post-type=\"page\">\n\t\t\t\t\t\t<section class=\"elementor-section elementor-top-section elementor-element elementor-element-f0d10ae elementor-section-boxed elementor-section-height-default elementor-section-height-default\" data-id=\"f0d10ae\" data-element_type=\"section\" data-e-type=\"section\">\n\t\t\t\t\t\t<div class=\"elementor-container elementor-column-gap-default\">\n\t\t\t\t\t<div class=\"elementor-column elementor-col-100 elementor-top-column elementor-element elementor-element-a2b7c38\" data-id=\"a2b7c38\" data-element_type=\"column\" data-e-type=\"column\">\n\t\t\t<div class=\"elementor-widget-wrap elementor-element-populated\">\n\t\t\t\t\t\t<div class=\"elementor-element elementor-element-5ab9c61 elementor-widget elementor-widget-heading\" data-id=\"5ab9c61\" data-element_type=\"widget\" data-e-type=\"widget\" data-widget_type=\"heading.default\">\n\t\t\t\t<div class=\"elementor-widget-container\">\n\t\t\t\t\t<h2 class=\"elementor-heading-title elementor-size-default\">Term\u00e9k\u00e1rak, fizet\u00e9s, sz\u00e1ll\u00edt\u00e1s<\/h2>\t\t\t\t<\/div>\n\t\t\t\t<\/div>\n\t\t\t\t<div class=\"elementor-element elementor-element-67090b3 elementor-widget elementor-widget-text-editor\" data-id=\"67090b3\" data-element_type=\"widget\" data-e-type=\"widget\" data-widget_type=\"text-editor.default\">\n\t\t\t\t<div class=\"elementor-widget-container\">\n\t\t\t\t\t\t\t\t\t<div class=\"paragraph pleft\"><h5>Term\u00e9kek \u00e1ra<\/h5><\/div>\t\t\t\t\t\t\t\t<\/div>\n\t\t\t\t<\/div>\n\t\t\t\t<div class=\"elementor-element elementor-element-f70b9d4 elementor-widget elementor-widget-text-editor\" data-id=\"f70b9d4\" data-element_type=\"widget\" data-e-type=\"widget\" data-widget_type=\"text-editor.default\">\n\t\t\t\t<div class=\"elementor-widget-container\">\n\t\t\t\t\t\t\t\t\t<div class=\"paragraph pleft\"><p>A term\u00e9k le\u00edr\u00e1sok tartalmazz\u00e1k a term\u00e9k m\u00e9ret\u00e9t, kiszerel\u00e9s\u00e9t, \u00e1r\u00e1t, mely mag\u00e1ba foglalja az \u00c1fa-t. Az \u00e1rak <span class=\"inserted_var\">HUF<\/span>-ban \u00e9rtend\u0151k. Az Elad\u00f3 alanyi ad\u00f3mentes \u00c1FA \u00e9rt\u00e9kes\u00edt\u00e9s szempontj\u00e1b\u00f3l, \u00edgy az \u00e1raknak \u00c1FA tartalma nincs.\u00a0<\/p><\/div>\t\t\t\t\t\t\t\t<\/div>\n\t\t\t\t<\/div>\n\t\t\t\t<div class=\"elementor-element elementor-element-42582a7 elementor-widget elementor-widget-text-editor\" data-id=\"42582a7\" data-element_type=\"widget\" data-e-type=\"widget\" data-widget_type=\"text-editor.default\">\n\t\t\t\t<div class=\"elementor-widget-container\">\n\t\t\t\t\t\t\t\t\t<h5>Fizet\u00e9s<\/h5>\t\t\t\t\t\t\t\t<\/div>\n\t\t\t\t<\/div>\n\t\t\t\t<div class=\"elementor-element elementor-element-0d0689f elementor-widget elementor-widget-text-editor\" data-id=\"0d0689f\" data-element_type=\"widget\" data-e-type=\"widget\" data-widget_type=\"text-editor.default\">\n\t\t\t\t<div class=\"elementor-widget-container\">\n\t\t\t\t\t\t\t\t\t<div class=\"paragraph pleft\"><p>A Vev\u0151 a megrendel\u0151lapon v\u00e1laszthatja ki a sz\u00e1m\u00e1ra megfelel\u0151 <strong>fizet\u00e9si m\u00f3dozatot.<\/strong><br \/>A fizet\u00e9s t\u00f6rt\u00e9nhet:<\/p><p>&#8211; banki \u00e1tutal\u00e1ssal<\/p><p>&#8211; ut\u00e1nv\u00e9ttel<\/p><p>&#8211; bank\u00e1rty\u00e1s fizet\u00e9ssel &#8211; Barion rendszeren kereszt\u00fcl<\/p><p>2.1<strong> \u00c1tutal\u00e1s<\/strong><br \/>Megrendel\u00e9se ut\u00e1n, amennyiben az ellen\u00e9rt\u00e9k c\u00e9g\u00fcnk banksz\u00e1ml\u00e1j\u00e1n megjelenik, a megrendel\u00e9se azonnal post\u00e1z\u00e1sra ker\u00fcl.<br \/>Amennyiben \u00e1tutal\u00e1ssal fizet, \u00fagy k\u00e9rj\u00fck felt\u00fcntetni befizet\u00e9skor a &#8222;K\u00f6zlem\u00e9ny&#8221; rovatban a megrendel\u00e9s visszaigazol\u00e1sakor kapott rendel\u00e9si k\u00f3dot.<br \/>Az MBH bankn\u00e1l vezetett banksz\u00e1ml\u00e1nk sz\u00e1ma: 10102093-49650400-01000003<br \/>Kedvezm\u00e9nyezett: Bara Event Kft.<\/p><\/div><div class=\"paragraph\"><p>2.2. <strong>Ut\u00e1nv\u00e9tes fizet\u00e9s:<\/strong><br \/>A kisz\u00e1ll\u00edt\u00e1skor a csomag \u00e1tad\u00e1s\u00e1nak felt\u00e9tele a csomagon felt\u00fcntetett ut\u00e1nv\u00e9t \u00f6sszeg (mely tartalmazza a term\u00e9k \u00e1r\u00e1t, sz\u00e1ll\u00edt\u00e1si k\u00f6lts\u00e9get, ut\u00e1nv\u00e9tes fizet\u00e9s d\u00edj\u00e1t) fut\u00e1rnak val\u00f3 megfizet\u00e9se.<\/p><p>2.3\u00a0<strong>Barion &#8211; bank\u00e1rty\u00e1s fizet\u00e9s<\/strong><\/p><p>A Barion Smart Gateway egy teljesen hazai fejleszt\u00e9s\u0171, bankokt\u00f3l f\u00fcggetlen bankk\u00e1rtya \u00e9s e-p\u00e9nz elfogad\u00e1s\u00e1ra alkalmas fizet\u0151kapu. A banki biztons\u00e1got az MNB fel\u00fcgyelete garant\u00e1lja (MNB enged\u00e9ly: H-EN-I-1064\/2013).\u00a0<\/p><p>\u00a0<\/p><\/div>\t\t\t\t\t\t\t\t<\/div>\n\t\t\t\t<\/div>\n\t\t\t\t<div class=\"elementor-element elementor-element-cd97c96 elementor-widget elementor-widget-text-editor\" data-id=\"cd97c96\" data-element_type=\"widget\" data-e-type=\"widget\" data-widget_type=\"text-editor.default\">\n\t\t\t\t<div class=\"elementor-widget-container\">\n\t\t\t\t\t\t\t\t\t<h5 class=\"paragraph pleft\">Sz\u00e1ll\u00edt\u00e1s<\/h5>\t\t\t\t\t\t\t\t<\/div>\n\t\t\t\t<\/div>\n\t\t\t\t<div class=\"elementor-element elementor-element-87edc72 elementor-widget elementor-widget-text-editor\" data-id=\"87edc72\" data-element_type=\"widget\" data-e-type=\"widget\" data-widget_type=\"text-editor.default\">\n\t\t\t\t<div class=\"elementor-widget-container\">\n\t\t\t\t\t\t\t\t\t<div class=\"paragraph pleft\">\u00a03.3. <strong>Sz\u00e1ll\u00edt\u00e1si d\u00edj<\/strong><\/div><div class=\"paragraph\"><p><br \/>A h\u00e1zhoz sz\u00e1ll\u00edt\u00e1s d\u00edja Magyarorsz\u00e1gon bel\u00fcl \u00e1tutal\u00e1ssal val\u00f3 fizet\u00e9s vagy, ut\u00e1nv\u00e9tes fizet\u00e9s eset\u00e9n: 2.500,-Ft.<br \/>Web\u00e1ruh\u00e1zunk csomagk\u00fcld\u0151 egy\u00fcttm\u0171k\u00f6d\u0151 partnere a LONG fut\u00e1r \u00e9s DPD Hung\u00e1ria Kft.<\/p><p><strong>3.4. Sz\u00e1ll\u00edt\u00e1si id\u0151<\/strong><br \/>Minden egyes term\u00e9kle\u00edr\u00e1s tartalmazza az adott term\u00e9kre vonatkoz\u00f3 term\u00e9k st\u00e1tuszt (rakt\u00e1ron van, rendelhet\u0151, nem el\u00e9rhet\u0151)\u00a0 \u00e9s sz\u00e1ll\u00edt\u00e1si id\u0151t.<\/p><p>Rakt\u00e1ron l\u00e9v\u0151 term\u00e9kek sz\u00e1ll\u00edt\u00e1si ideje megrendel\u00e9st\u0151l sz\u00e1m\u00edtott 1-3 munkanap, rendelhet\u0151 term\u00e9keink sz\u00e1ll\u00edt\u00e1si ideje megrendel\u00e9st\u0151l sz\u00e1m\u00edtott 5-12 munaknap.<\/p><p><br \/>K\u00fcl\u00f6nb\u00f6z\u0151 sz\u00e1ll\u00edt\u00e1si id\u0151vel rendelkez\u0151 term\u00e9kek megrendel\u00e9se eset\u00e9n a hosszabb kisz\u00e1ll\u00edt\u00e1si id\u0151 l\u00e9p \u00e9rv\u00e9nybe. K\u00e9rheti a term\u00e9kek k\u00fcl\u00f6n kisz\u00e1ll\u00edt\u00e1s\u00e1t is, ezt a megrendel\u0151lap\u00a0<strong>Megjegyz\u00e9sek<\/strong>\u00a0pontj\u00e1ban teheti meg. Ebben az esetben minden egyes kisz\u00e1ll\u00edt\u00e1sra k\u00fcl\u00f6n sz\u00e1ll\u00edt\u00e1si d\u00edjat sz\u00e1molunk fel.<\/p><\/div>\t\t\t\t\t\t\t\t<\/div>\n\t\t\t\t<\/div>\n\t\t\t\t\t<\/div>\n\t\t<\/div>\n\t\t\t\t\t<\/div>\n\t\t<\/section>\n\t\t\t\t<\/div>","protected":false},"excerpt":{"rendered":"<p>Term\u00e9k\u00e1rak, fizet\u00e9s, sz\u00e1ll\u00edt\u00e1s Term\u00e9kek \u00e1ra A term\u00e9k le\u00edr\u00e1sok tartalmazz\u00e1k a term\u00e9k m\u00e9ret\u00e9t, kiszerel\u00e9s\u00e9t, \u00e1r\u00e1t, mely mag\u00e1ba foglalja az \u00c1fa-t. Az \u00e1rak Ft-ban \u00e9rtend\u0151k. Az Elad\u00f3 alanyi ad\u00f3mentes \u00c1FA \u00e9rt\u00e9kes\u00edt\u00e9s szempontj\u00e1b\u00f3l, \u00edgy az \u00e1raknak \u00c1FA tartalma nincs.\u00a0 Fizet\u00e9s A Vev\u0151 a megrendel\u0151lapon v\u00e1laszthatja ki a sz\u00e1m\u00e1ra megfelel\u0151 fizet\u00e9si m\u00f3dozatot.A fizet\u00e9s t\u00f6rt\u00e9nhet: &#8211; banki \u00e1tutal\u00e1ssal &#8211; ut\u00e1nv\u00e9ttel [&hellip;]<\/p>\n","protected":false},"author":1,"featured_media":0,"parent":0,"menu_order":0,"comment_status":"closed","ping_status":"closed","template":"elementor_header_footer","meta":{"inline_featured_image":false,"_ppp_document_settings_meta":"","footnotes":""},"class_list":["post-1668","page","type-page","status-publish","hentry"],"yoast_head":"<!-- This site is optimized with the Yoast SEO plugin v27.4 - https:\/\/yoast.com\/product\/yoast-seo-wordpress\/ -->\n<title>Term\u00e9k\u00e1rak, fizet\u00e9s, sz\u00e1ll\u00edt\u00e1s - esk\u00fcv\u0151i kell\u00e9k webshop - Bara Wedding<\/title>\n<meta name=\"description\" content=\"Esk\u00fcv\u0151i kell\u00e9k webshopunkban minden term\u00e9kn\u00e9l fel van t\u00fcntetve a term\u00e9k\u00e1rak, fizet\u00e9si \u00e9s sz\u00e1ll\u00edt\u00e1si felt\u00e9telek.\" \/>\n<meta name=\"robots\" content=\"index, follow, max-snippet:-1, max-image-preview:large, max-video-preview:-1\" \/>\n<link rel=\"canonical\" href=\"https:\/\/baraevent.hu\/en\/termekarak-fizetes-szallitas\/\" \/>\n<meta property=\"og:locale\" content=\"en_GB\" \/>\n<meta property=\"og:type\" content=\"article\" \/>\n<meta property=\"og:title\" content=\"Term\u00e9k\u00e1rak, fizet\u00e9s, sz\u00e1ll\u00edt\u00e1s - esk\u00fcv\u0151i kell\u00e9k webshop - Bara Wedding\" \/>\n<meta property=\"og:description\" content=\"Esk\u00fcv\u0151i kell\u00e9k webshopunkban minden term\u00e9kn\u00e9l fel van t\u00fcntetve a term\u00e9k\u00e1rak, fizet\u00e9si \u00e9s sz\u00e1ll\u00edt\u00e1si felt\u00e9telek.\" \/>\n<meta property=\"og:url\" content=\"https:\/\/baraevent.hu\/en\/termekarak-fizetes-szallitas\/\" \/>\n<meta property=\"og:site_name\" content=\"Bara Wedding\" \/>\n<meta property=\"article:publisher\" content=\"http:\/\/www.facebook.com\/baraeskuvo\/\" \/>\n<meta property=\"article:modified_time\" content=\"2025-03-10T08:38:37+00:00\" \/>\n<meta name=\"twitter:card\" content=\"summary_large_image\" \/>\n<meta name=\"twitter:label1\" content=\"Estimated reading time\" \/>\n\t<meta name=\"twitter:data1\" content=\"2 minutes\" \/>\n<script type=\"application\/ld+json\" class=\"yoast-schema-graph\">{\"@context\":\"https:\\\/\\\/schema.org\",\"@graph\":[{\"@type\":\"WebPage\",\"@id\":\"https:\\\/\\\/baraevent.hu\\\/termekarak-fizetes-szallitas\\\/\",\"url\":\"https:\\\/\\\/baraevent.hu\\\/termekarak-fizetes-szallitas\\\/\",\"name\":\"Term\u00e9k\u00e1rak, fizet\u00e9s, sz\u00e1ll\u00edt\u00e1s - esk\u00fcv\u0151i kell\u00e9k webshop - Bara Wedding\",\"isPartOf\":{\"@id\":\"https:\\\/\\\/baraevent.hu\\\/#website\"},\"datePublished\":\"2020-12-14T17:28:43+00:00\",\"dateModified\":\"2025-03-10T08:38:37+00:00\",\"description\":\"Esk\u00fcv\u0151i kell\u00e9k webshopunkban minden term\u00e9kn\u00e9l fel van t\u00fcntetve a term\u00e9k\u00e1rak, fizet\u00e9si \u00e9s sz\u00e1ll\u00edt\u00e1si felt\u00e9telek.\",\"breadcrumb\":{\"@id\":\"https:\\\/\\\/baraevent.hu\\\/termekarak-fizetes-szallitas\\\/#breadcrumb\"},\"inLanguage\":\"en-GB\",\"potentialAction\":[{\"@type\":\"ReadAction\",\"target\":[\"https:\\\/\\\/baraevent.hu\\\/termekarak-fizetes-szallitas\\\/\"]}]},{\"@type\":\"BreadcrumbList\",\"@id\":\"https:\\\/\\\/baraevent.hu\\\/termekarak-fizetes-szallitas\\\/#breadcrumb\",\"itemListElement\":[{\"@type\":\"ListItem\",\"position\":1,\"name\":\"Home\",\"item\":\"https:\\\/\\\/baraevent.hu\\\/\"},{\"@type\":\"ListItem\",\"position\":2,\"name\":\"Term\u00e9k\u00e1rak, fizet\u00e9s, sz\u00e1ll\u00edt\u00e1s\"}]},{\"@type\":\"WebSite\",\"@id\":\"https:\\\/\\\/baraevent.hu\\\/#website\",\"url\":\"https:\\\/\\\/baraevent.hu\\\/\",\"name\":\"www.baraevent.hu\",\"description\":\"\",\"publisher\":{\"@id\":\"https:\\\/\\\/baraevent.hu\\\/#organization\"},\"potentialAction\":[{\"@type\":\"SearchAction\",\"target\":{\"@type\":\"EntryPoint\",\"urlTemplate\":\"https:\\\/\\\/baraevent.hu\\\/?s={search_term_string}\"},\"query-input\":{\"@type\":\"PropertyValueSpecification\",\"valueRequired\":true,\"valueName\":\"search_term_string\"}}],\"inLanguage\":\"en-GB\"},{\"@type\":\"Organization\",\"@id\":\"https:\\\/\\\/baraevent.hu\\\/#organization\",\"name\":\"Bara Wedding\",\"url\":\"https:\\\/\\\/baraevent.hu\\\/\",\"logo\":{\"@type\":\"ImageObject\",\"inLanguage\":\"en-GB\",\"@id\":\"https:\\\/\\\/baraevent.hu\\\/#\\\/schema\\\/logo\\\/image\\\/\",\"url\":\"https:\\\/\\\/baraevent.hu\\\/wp-content\\\/uploads\\\/2019\\\/11\\\/logo-e1593417291257.png\",\"contentUrl\":\"https:\\\/\\\/baraevent.hu\\\/wp-content\\\/uploads\\\/2019\\\/11\\\/logo-e1593417291257.png\",\"width\":700,\"height\":276,\"caption\":\"Bara Wedding\"},\"image\":{\"@id\":\"https:\\\/\\\/baraevent.hu\\\/#\\\/schema\\\/logo\\\/image\\\/\"},\"sameAs\":[\"http:\\\/\\\/www.facebook.com\\\/baraeskuvo\\\/\",\"https:\\\/\\\/www.instagram.com\\\/weddingbara\"]}]}<\/script>\n<!-- \/ Yoast SEO plugin. -->","yoast_head_json":{"title":"Term\u00e9k\u00e1rak, fizet\u00e9s, sz\u00e1ll\u00edt\u00e1s - esk\u00fcv\u0151i kell\u00e9k webshop - Bara Wedding","description":"Esk\u00fcv\u0151i kell\u00e9k webshopunkban minden term\u00e9kn\u00e9l fel van t\u00fcntetve a term\u00e9k\u00e1rak, fizet\u00e9si \u00e9s sz\u00e1ll\u00edt\u00e1si felt\u00e9telek.","robots":{"index":"index","follow":"follow","max-snippet":"max-snippet:-1","max-image-preview":"max-image-preview:large","max-video-preview":"max-video-preview:-1"},"canonical":"https:\/\/baraevent.hu\/en\/termekarak-fizetes-szallitas\/","og_locale":"en_GB","og_type":"article","og_title":"Term\u00e9k\u00e1rak, fizet\u00e9s, sz\u00e1ll\u00edt\u00e1s - esk\u00fcv\u0151i kell\u00e9k webshop - Bara Wedding","og_description":"Esk\u00fcv\u0151i kell\u00e9k webshopunkban minden term\u00e9kn\u00e9l fel van t\u00fcntetve a term\u00e9k\u00e1rak, fizet\u00e9si \u00e9s sz\u00e1ll\u00edt\u00e1si felt\u00e9telek.","og_url":"https:\/\/baraevent.hu\/en\/termekarak-fizetes-szallitas\/","og_site_name":"Bara Wedding","article_publisher":"http:\/\/www.facebook.com\/baraeskuvo\/","article_modified_time":"2025-03-10T08:38:37+00:00","twitter_card":"summary_large_image","twitter_misc":{"Estimated reading time":"2 minutes"},"schema":{"@context":"https:\/\/schema.org","@graph":[{"@type":"WebPage","@id":"https:\/\/baraevent.hu\/termekarak-fizetes-szallitas\/","url":"https:\/\/baraevent.hu\/termekarak-fizetes-szallitas\/","name":"Term\u00e9k\u00e1rak, fizet\u00e9s, sz\u00e1ll\u00edt\u00e1s - esk\u00fcv\u0151i kell\u00e9k webshop - Bara Wedding","isPartOf":{"@id":"https:\/\/baraevent.hu\/#website"},"datePublished":"2020-12-14T17:28:43+00:00","dateModified":"2025-03-10T08:38:37+00:00","description":"Esk\u00fcv\u0151i kell\u00e9k webshopunkban minden term\u00e9kn\u00e9l fel van t\u00fcntetve a term\u00e9k\u00e1rak, fizet\u00e9si \u00e9s sz\u00e1ll\u00edt\u00e1si felt\u00e9telek.","breadcrumb":{"@id":"https:\/\/baraevent.hu\/termekarak-fizetes-szallitas\/#breadcrumb"},"inLanguage":"en-GB","potentialAction":[{"@type":"ReadAction","target":["https:\/\/baraevent.hu\/termekarak-fizetes-szallitas\/"]}]},{"@type":"BreadcrumbList","@id":"https:\/\/baraevent.hu\/termekarak-fizetes-szallitas\/#breadcrumb","itemListElement":[{"@type":"ListItem","position":1,"name":"Home","item":"https:\/\/baraevent.hu\/"},{"@type":"ListItem","position":2,"name":"Term\u00e9k\u00e1rak, fizet\u00e9s, sz\u00e1ll\u00edt\u00e1s"}]},{"@type":"WebSite","@id":"https:\/\/baraevent.hu\/#website","url":"https:\/\/baraevent.hu\/","name":"www.baraevent.hu","description":"","publisher":{"@id":"https:\/\/baraevent.hu\/#organization"},"potentialAction":[{"@type":"SearchAction","target":{"@type":"EntryPoint","urlTemplate":"https:\/\/baraevent.hu\/?s={search_term_string}"},"query-input":{"@type":"PropertyValueSpecification","valueRequired":true,"valueName":"search_term_string"}}],"inLanguage":"en-GB"},{"@type":"Organization","@id":"https:\/\/baraevent.hu\/#organization","name":"Bara Wedding","url":"https:\/\/baraevent.hu\/","logo":{"@type":"ImageObject","inLanguage":"en-GB","@id":"https:\/\/baraevent.hu\/#\/schema\/logo\/image\/","url":"https:\/\/baraevent.hu\/wp-content\/uploads\/2019\/11\/logo-e1593417291257.png","contentUrl":"https:\/\/baraevent.hu\/wp-content\/uploads\/2019\/11\/logo-e1593417291257.png","width":700,"height":276,"caption":"Bara Wedding"},"image":{"@id":"https:\/\/baraevent.hu\/#\/schema\/logo\/image\/"},"sameAs":["http:\/\/www.facebook.com\/baraeskuvo\/","https:\/\/www.instagram.com\/weddingbara"]}]}},"_links":{"self":[{"href":"https:\/\/baraevent.hu\/en\/wp-json\/wp\/v2\/pages\/1668","targetHints":{"allow":["GET"]}}],"collection":[{"href":"https:\/\/baraevent.hu\/en\/wp-json\/wp\/v2\/pages"}],"about":[{"href":"https:\/\/baraevent.hu\/en\/wp-json\/wp\/v2\/types\/page"}],"author":[{"embeddable":true,"href":"https:\/\/baraevent.hu\/en\/wp-json\/wp\/v2\/users\/1"}],"replies":[{"embeddable":true,"href":"https:\/\/baraevent.hu\/en\/wp-json\/wp\/v2\/comments?post=1668"}],"version-history":[{"count":14,"href":"https:\/\/baraevent.hu\/en\/wp-json\/wp\/v2\/pages\/1668\/revisions"}],"predecessor-version":[{"id":4827,"href":"https:\/\/baraevent.hu\/en\/wp-json\/wp\/v2\/pages\/1668\/revisions\/4827"}],"wp:attachment":[{"href":"https:\/\/baraevent.hu\/en\/wp-json\/wp\/v2\/media?parent=1668"}],"curies":[{"name":"wp","href":"https:\/\/api.w.org\/{rel}","templated":true}]}}