{"id":21,"date":"2019-11-21T18:54:52","date_gmt":"2019-11-21T18:54:52","guid":{"rendered":"https:\/\/baraevent.hu\/?page_id=21"},"modified":"2020-08-04T14:21:31","modified_gmt":"2020-08-04T12:21:31","slug":"galeria","status":"publish","type":"page","link":"https:\/\/baraevent.hu\/en\/galeria\/","title":{"rendered":"Gallery"},"content":{"rendered":"<div data-elementor-type=\"wp-page\" data-elementor-id=\"21\" class=\"elementor elementor-21\" data-elementor-post-type=\"page\">\n\t\t\t\t\t\t<section class=\"elementor-section elementor-top-section elementor-element elementor-element-3548760 elementor-section-boxed elementor-section-height-default elementor-section-height-default\" data-id=\"3548760\" data-element_type=\"section\" data-e-type=\"section\">\n\t\t\t\t\t\t<div class=\"elementor-container elementor-column-gap-default\">\n\t\t\t\t\t<div class=\"elementor-column elementor-col-100 elementor-top-column elementor-element elementor-element-7baa183\" data-id=\"7baa183\" data-element_type=\"column\" data-e-type=\"column\">\n\t\t\t<div class=\"elementor-widget-wrap elementor-element-populated\">\n\t\t\t\t\t\t<div class=\"elementor-element elementor-element-f29ac81 elementor-widget elementor-widget-text-editor\" data-id=\"f29ac81\" data-element_type=\"widget\" data-e-type=\"widget\" data-widget_type=\"text-editor.default\">\n\t\t\t\t<div class=\"elementor-widget-container\">\n\t\t\t\t\t\t\t\t\t<h1>Gallery<\/h1>\t\t\t\t\t\t\t\t<\/div>\n\t\t\t\t<\/div>\n\t\t\t\t<div class=\"elementor-element elementor-element-e88b323 elementor-widget elementor-widget-text-editor\" data-id=\"e88b323\" data-element_type=\"widget\" data-e-type=\"widget\" data-widget_type=\"text-editor.default\">\n\t\t\t\t<div class=\"elementor-widget-container\">\n\t\t\t\t\t\t\t\t\t<p>A gal\u00e9ria h\u00e1rom r\u00e9szb\u0151l \u00e1ll: esk\u00fcv\u0151k, esk\u00fcv\u0151i helysz\u00ednek, esk\u00fcv\u0151i inspir\u00e1ci\u00f3k. Az esk\u00fcv\u0151 gal\u00e9ri\u00e1ban az \u00e9vek sz\u00e1momra kedvenc esk\u00fcv\u0151ir\u0151l tal\u00e1lhatsz k\u00e9peket, ezzel betekint\u00e9st kaphatsz n\u00e9h\u00e1ny \u00e1ltalam szervezett esk\u00fcv\u0151 hangulat\u00e1ba, st\u00edlus\u00e1ba.<\/p><p>Az esk\u00fcv\u0151i helysz\u00edn \u00e1ltalam kedvelt esk\u00fcv\u0151i helysz\u00edneket mutat be.<\/p><p>Az inspir\u00e1ci\u00f3 gal\u00e9ria \u00f6tleteket, tippeket ad az aktu\u00e1lis esk\u00fcv\u0151i trendekr\u0151l, sz\u00ednekr\u0151l, <a href=\"https:\/\/veledszep.hu\/dekor\/\" target=\"_blank\" rel=\"noopener\">dekor\u00e1ci\u00f3s<\/a> st\u00edlusokr\u00f3l \u00e9s k\u00f6rnyezettudatos esk\u00fcv\u0151i megold\u00e1sokr\u00f3l. Az inspir\u00e1ci\u00f3s \u00f6tleteket az\u00e9rt gy\u0171jt\u00f6ttem \u00f6ssze, hogy ezzel is gazdag\u00edtsam esk\u00fcv\u0151t\u00f6k st\u00edlus\u00e1t, arculat\u00e1t.<\/p>\t\t\t\t\t\t\t\t<\/div>\n\t\t\t\t<\/div>\n\t\t\t\t<div class=\"elementor-element elementor-element-cb6865d elementor-widget elementor-widget-image\" data-id=\"cb6865d\" data-element_type=\"widget\" data-e-type=\"widget\" data-widget_type=\"image.default\">\n\t\t\t\t<div class=\"elementor-widget-container\">\n\t\t\t\t\t\t\t\t\t\t\t\t\t\t\t<img fetchpriority=\"high\" decoding=\"async\" width=\"580\" height=\"218\" src=\"https:\/\/baraevent.hu\/wp-content\/uploads\/2019\/11\/virag4.2-1024x384.png\" class=\"attachment-large size-large wp-image-320\" alt=\"esk\u00fcv\u0151szervez\u00e9s \u00e1rak\" srcset=\"https:\/\/baraevent.hu\/wp-content\/uploads\/2019\/11\/virag4.2-1024x384.png 1024w, https:\/\/baraevent.hu\/wp-content\/uploads\/2019\/11\/virag4.2-600x225.png 600w, https:\/\/baraevent.hu\/wp-content\/uploads\/2019\/11\/virag4.2-300x113.png 300w, https:\/\/baraevent.hu\/wp-content\/uploads\/2019\/11\/virag4.2-768x288.png 768w, https:\/\/baraevent.hu\/wp-content\/uploads\/2019\/11\/virag4.2-1200x450.png 1200w, https:\/\/baraevent.hu\/wp-content\/uploads\/2019\/11\/virag4.2.png 1338w\" sizes=\"(max-width: 580px) 100vw, 580px\" \/>\t\t\t\t\t\t\t\t\t\t\t\t\t\t\t<\/div>\n\t\t\t\t<\/div>\n\t\t\t\t\t<\/div>\n\t\t<\/div>\n\t\t\t\t\t<\/div>\n\t\t<\/section>\n\t\t\t\t<section class=\"elementor-section elementor-inner-section elementor-element elementor-element-8834d23 elementor-section-boxed elementor-section-height-default elementor-section-height-default\" data-id=\"8834d23\" data-element_type=\"section\" data-e-type=\"section\">\n\t\t\t\t\t\t<div class=\"elementor-container elementor-column-gap-default\">\n\t\t\t\t\t<div class=\"elementor-column elementor-col-33 elementor-inner-column elementor-element elementor-element-b478c04\" data-id=\"b478c04\" data-element_type=\"column\" data-e-type=\"column\">\n\t\t\t<div class=\"elementor-widget-wrap elementor-element-populated\">\n\t\t\t\t\t\t<div class=\"elementor-element elementor-element-8fc5236 elementor-position-top elementor-widget elementor-widget-image-box\" data-id=\"8fc5236\" data-element_type=\"widget\" data-e-type=\"widget\" data-widget_type=\"image-box.default\">\n\t\t\t\t<div class=\"elementor-widget-container\">\n\t\t\t\t\t<div class=\"elementor-image-box-wrapper\"><figure class=\"elementor-image-box-img\"><a href=\"https:\/\/baraevent.hu\/en\/galeria\/eskuvok\/\" tabindex=\"-1\"><img decoding=\"async\" width=\"800\" height=\"534\" src=\"https:\/\/baraevent.hu\/wp-content\/uploads\/2019\/11\/Esk\u00fcv\u0151k.jpg\" class=\"elementor-animation-grow attachment-full size-full wp-image-344\" alt=\"\" \/><\/a><\/figure><div class=\"elementor-image-box-content\"><h3 class=\"elementor-image-box-title\"><a href=\"https:\/\/baraevent.hu\/en\/galeria\/eskuvok\/\">Real weddings<\/a><\/h3><\/div><\/div>\t\t\t\t<\/div>\n\t\t\t\t<\/div>\n\t\t\t\t\t<\/div>\n\t\t<\/div>\n\t\t\t\t<div class=\"elementor-column elementor-col-33 elementor-inner-column elementor-element elementor-element-71dc9e9\" data-id=\"71dc9e9\" data-element_type=\"column\" data-e-type=\"column\">\n\t\t\t<div class=\"elementor-widget-wrap elementor-element-populated\">\n\t\t\t\t\t\t<div class=\"elementor-element elementor-element-a0ca66b elementor-position-top elementor-widget elementor-widget-image-box\" data-id=\"a0ca66b\" data-element_type=\"widget\" data-e-type=\"widget\" data-widget_type=\"image-box.default\">\n\t\t\t\t<div class=\"elementor-widget-container\">\n\t\t\t\t\t<div class=\"elementor-image-box-wrapper\"><figure class=\"elementor-image-box-img\"><a href=\"https:\/\/baraevent.hu\/en\/galeria\/helyszinek\/\" tabindex=\"-1\"><img decoding=\"async\" width=\"1300\" height=\"868\" src=\"https:\/\/baraevent.hu\/wp-content\/uploads\/2019\/11\/Helysz\u00ednek.jpg\" class=\"elementor-animation-grow attachment-full size-full wp-image-345\" alt=\"\" \/><\/a><\/figure><div class=\"elementor-image-box-content\"><h3 class=\"elementor-image-box-title\"><a href=\"https:\/\/baraevent.hu\/en\/galeria\/helyszinek\/\">Venues<\/a><\/h3><\/div><\/div>\t\t\t\t<\/div>\n\t\t\t\t<\/div>\n\t\t\t\t\t<\/div>\n\t\t<\/div>\n\t\t\t\t<div class=\"elementor-column elementor-col-33 elementor-inner-column elementor-element elementor-element-b7027ac\" data-id=\"b7027ac\" data-element_type=\"column\" data-e-type=\"column\">\n\t\t\t<div class=\"elementor-widget-wrap elementor-element-populated\">\n\t\t\t\t\t\t<div class=\"elementor-element elementor-element-63f838e elementor-position-top elementor-widget elementor-widget-image-box\" data-id=\"63f838e\" data-element_type=\"widget\" data-e-type=\"widget\" data-widget_type=\"image-box.default\">\n\t\t\t\t<div class=\"elementor-widget-container\">\n\t\t\t\t\t<div class=\"elementor-image-box-wrapper\"><figure class=\"elementor-image-box-img\"><a href=\"https:\/\/baraevent.hu\/en\/galeria\/inspiracio\/\" tabindex=\"-1\"><img loading=\"lazy\" decoding=\"async\" width=\"563\" height=\"423\" src=\"https:\/\/baraevent.hu\/wp-content\/uploads\/2019\/11\/Inspir\u00e1ci\u00f3.jpg\" class=\"elementor-animation-grow attachment-full size-full wp-image-314\" alt=\"\" srcset=\"https:\/\/baraevent.hu\/wp-content\/uploads\/2019\/11\/Inspir\u00e1ci\u00f3.jpg 563w, https:\/\/baraevent.hu\/wp-content\/uploads\/2019\/11\/Inspir\u00e1ci\u00f3-300x225.jpg 300w\" sizes=\"(max-width: 563px) 100vw, 563px\" \/><\/a><\/figure><div class=\"elementor-image-box-content\"><h3 class=\"elementor-image-box-title\"><a href=\"https:\/\/baraevent.hu\/en\/galeria\/inspiracio\/\">Inspirations<\/a><\/h3><\/div><\/div>\t\t\t\t<\/div>\n\t\t\t\t<\/div>\n\t\t\t\t\t<\/div>\n\t\t<\/div>\n\t\t\t\t\t<\/div>\n\t\t<\/section>\n\t\t\t\t<\/div>","protected":false},"excerpt":{"rendered":"<p>Gal\u00e9ria A gal\u00e9ria h\u00e1rom r\u00e9szb\u0151l \u00e1ll: esk\u00fcv\u0151k, esk\u00fcv\u0151i helysz\u00ednek, esk\u00fcv\u0151i inspir\u00e1ci\u00f3k. Az esk\u00fcv\u0151 gal\u00e9ri\u00e1ban az \u00e9vek sz\u00e1momra kedvenc esk\u00fcv\u0151ir\u0151l tal\u00e1lhatsz k\u00e9peket, ezzel betekint\u00e9st kaphatsz n\u00e9h\u00e1ny \u00e1ltalam szervezett esk\u00fcv\u0151 hangulat\u00e1ba, st\u00edlus\u00e1ba. Az esk\u00fcv\u0151i helysz\u00edn \u00e1ltalam kedvelt esk\u00fcv\u0151i helysz\u00edneket mutat be. Az inspir\u00e1ci\u00f3 gal\u00e9ria \u00f6tleteket, tippeket ad az aktu\u00e1lis esk\u00fcv\u0151i trendekr\u0151l, sz\u00ednekr\u0151l, dekor\u00e1ci\u00f3s st\u00edlusokr\u00f3l \u00e9s k\u00f6rnyezettudatos esk\u00fcv\u0151i [&hellip;]<\/p>\n","protected":false},"author":1,"featured_media":0,"parent":0,"menu_order":0,"comment_status":"closed","ping_status":"closed","template":"elementor_header_footer","meta":{"inline_featured_image":false,"_ppp_document_settings_meta":"","footnotes":""},"class_list":["post-21","page","type-page","status-publish","hentry"],"yoast_head":"<!-- This site is optimized with the Yoast SEO plugin v27.4 - https:\/\/yoast.com\/product\/yoast-seo-wordpress\/ -->\n<title>Gal\u00e9ria - esk\u00fcv\u0151, esk\u00fcv\u0151i helysz\u00ednek - Bara Wedding<\/title>\n<meta name=\"description\" content=\"Esk\u00fcv\u0151i gal\u00e9ria betekint\u00e9st ad kedvenc esk\u00fcv\u0151inkbe. \u00d6sszeszedt\u00fck kedvenc esk\u00fcv\u0151i helysz\u00edneinket \u00e9s esk\u00fcv\u0151i inspir\u00e1ci\u00f3s k\u00e9peinket.\" \/>\n<meta name=\"robots\" content=\"index, follow, max-snippet:-1, max-image-preview:large, max-video-preview:-1\" \/>\n<link rel=\"canonical\" href=\"https:\/\/baraevent.hu\/en\/galeria\/\" \/>\n<meta property=\"og:locale\" content=\"en_GB\" \/>\n<meta property=\"og:type\" content=\"article\" \/>\n<meta property=\"og:title\" content=\"esk\u00fcv\u0151i gal\u00e9ria\" \/>\n<meta property=\"og:description\" content=\"Esk\u00fcv\u0151i gal\u00e9ria betekint\u00e9st ad kedvenc esk\u00fcv\u0151inkbe. \u00d6sszeszedt\u00fck kedvenc esk\u00fcv\u0151i helysz\u00edneinket \u00e9s esk\u00fcv\u0151i inspir\u00e1ci\u00f3s k\u00e9peinket.\" \/>\n<meta property=\"og:url\" content=\"https:\/\/baraevent.hu\/en\/galeria\/\" \/>\n<meta property=\"og:site_name\" content=\"Bara Wedding\" \/>\n<meta property=\"article:publisher\" content=\"http:\/\/www.facebook.com\/baraeskuvo\/\" \/>\n<meta property=\"article:modified_time\" content=\"2020-08-04T12:21:31+00:00\" \/>\n<meta property=\"og:image\" content=\"https:\/\/baraevent.hu\/wp-content\/uploads\/2020\/01\/ulteto_kartya.jpg\" \/>\n\t<meta property=\"og:image:width\" content=\"564\" \/>\n\t<meta property=\"og:image:height\" content=\"564\" \/>\n\t<meta property=\"og:image:type\" content=\"image\/jpeg\" \/>\n<meta name=\"twitter:card\" content=\"summary_large_image\" \/>\n<meta name=\"twitter:label1\" content=\"Estimated reading time\" \/>\n\t<meta name=\"twitter:data1\" content=\"1 minute\" \/>\n<script type=\"application\/ld+json\" class=\"yoast-schema-graph\">{\"@context\":\"https:\\\/\\\/schema.org\",\"@graph\":[{\"@type\":\"WebPage\",\"@id\":\"https:\\\/\\\/baraevent.hu\\\/galeria\\\/\",\"url\":\"https:\\\/\\\/baraevent.hu\\\/galeria\\\/\",\"name\":\"Gal\u00e9ria - esk\u00fcv\u0151, esk\u00fcv\u0151i helysz\u00ednek - Bara Wedding\",\"isPartOf\":{\"@id\":\"https:\\\/\\\/baraevent.hu\\\/#website\"},\"primaryImageOfPage\":{\"@id\":\"https:\\\/\\\/baraevent.hu\\\/galeria\\\/#primaryimage\"},\"image\":{\"@id\":\"https:\\\/\\\/baraevent.hu\\\/galeria\\\/#primaryimage\"},\"thumbnailUrl\":\"https:\\\/\\\/baraevent.hu\\\/wp-content\\\/uploads\\\/2019\\\/11\\\/virag4.2-1024x384.png\",\"datePublished\":\"2019-11-21T18:54:52+00:00\",\"dateModified\":\"2020-08-04T12:21:31+00:00\",\"description\":\"Esk\u00fcv\u0151i gal\u00e9ria betekint\u00e9st ad kedvenc esk\u00fcv\u0151inkbe. \u00d6sszeszedt\u00fck kedvenc esk\u00fcv\u0151i helysz\u00edneinket \u00e9s esk\u00fcv\u0151i inspir\u00e1ci\u00f3s k\u00e9peinket.\",\"breadcrumb\":{\"@id\":\"https:\\\/\\\/baraevent.hu\\\/galeria\\\/#breadcrumb\"},\"inLanguage\":\"en-GB\",\"potentialAction\":[{\"@type\":\"ReadAction\",\"target\":[\"https:\\\/\\\/baraevent.hu\\\/galeria\\\/\"]}]},{\"@type\":\"ImageObject\",\"inLanguage\":\"en-GB\",\"@id\":\"https:\\\/\\\/baraevent.hu\\\/galeria\\\/#primaryimage\",\"url\":\"https:\\\/\\\/baraevent.hu\\\/wp-content\\\/uploads\\\/2019\\\/11\\\/virag4.2-1024x384.png\",\"contentUrl\":\"https:\\\/\\\/baraevent.hu\\\/wp-content\\\/uploads\\\/2019\\\/11\\\/virag4.2-1024x384.png\"},{\"@type\":\"BreadcrumbList\",\"@id\":\"https:\\\/\\\/baraevent.hu\\\/galeria\\\/#breadcrumb\",\"itemListElement\":[{\"@type\":\"ListItem\",\"position\":1,\"name\":\"Home\",\"item\":\"https:\\\/\\\/baraevent.hu\\\/\"},{\"@type\":\"ListItem\",\"position\":2,\"name\":\"Gal\u00e9ria\"}]},{\"@type\":\"WebSite\",\"@id\":\"https:\\\/\\\/baraevent.hu\\\/#website\",\"url\":\"https:\\\/\\\/baraevent.hu\\\/\",\"name\":\"www.baraevent.hu\",\"description\":\"\",\"publisher\":{\"@id\":\"https:\\\/\\\/baraevent.hu\\\/#organization\"},\"potentialAction\":[{\"@type\":\"SearchAction\",\"target\":{\"@type\":\"EntryPoint\",\"urlTemplate\":\"https:\\\/\\\/baraevent.hu\\\/?s={search_term_string}\"},\"query-input\":{\"@type\":\"PropertyValueSpecification\",\"valueRequired\":true,\"valueName\":\"search_term_string\"}}],\"inLanguage\":\"en-GB\"},{\"@type\":\"Organization\",\"@id\":\"https:\\\/\\\/baraevent.hu\\\/#organization\",\"name\":\"Bara Wedding\",\"url\":\"https:\\\/\\\/baraevent.hu\\\/\",\"logo\":{\"@type\":\"ImageObject\",\"inLanguage\":\"en-GB\",\"@id\":\"https:\\\/\\\/baraevent.hu\\\/#\\\/schema\\\/logo\\\/image\\\/\",\"url\":\"https:\\\/\\\/baraevent.hu\\\/wp-content\\\/uploads\\\/2019\\\/11\\\/logo-e1593417291257.png\",\"contentUrl\":\"https:\\\/\\\/baraevent.hu\\\/wp-content\\\/uploads\\\/2019\\\/11\\\/logo-e1593417291257.png\",\"width\":700,\"height\":276,\"caption\":\"Bara Wedding\"},\"image\":{\"@id\":\"https:\\\/\\\/baraevent.hu\\\/#\\\/schema\\\/logo\\\/image\\\/\"},\"sameAs\":[\"http:\\\/\\\/www.facebook.com\\\/baraeskuvo\\\/\",\"https:\\\/\\\/www.instagram.com\\\/weddingbara\"]}]}<\/script>\n<!-- \/ Yoast SEO plugin. -->","yoast_head_json":{"title":"Gal\u00e9ria - esk\u00fcv\u0151, esk\u00fcv\u0151i helysz\u00ednek - Bara Wedding","description":"Esk\u00fcv\u0151i gal\u00e9ria betekint\u00e9st ad kedvenc esk\u00fcv\u0151inkbe. \u00d6sszeszedt\u00fck kedvenc esk\u00fcv\u0151i helysz\u00edneinket \u00e9s esk\u00fcv\u0151i inspir\u00e1ci\u00f3s k\u00e9peinket.","robots":{"index":"index","follow":"follow","max-snippet":"max-snippet:-1","max-image-preview":"max-image-preview:large","max-video-preview":"max-video-preview:-1"},"canonical":"https:\/\/baraevent.hu\/en\/galeria\/","og_locale":"en_GB","og_type":"article","og_title":"esk\u00fcv\u0151i gal\u00e9ria","og_description":"Esk\u00fcv\u0151i gal\u00e9ria betekint\u00e9st ad kedvenc esk\u00fcv\u0151inkbe. \u00d6sszeszedt\u00fck kedvenc esk\u00fcv\u0151i helysz\u00edneinket \u00e9s esk\u00fcv\u0151i inspir\u00e1ci\u00f3s k\u00e9peinket.","og_url":"https:\/\/baraevent.hu\/en\/galeria\/","og_site_name":"Bara Wedding","article_publisher":"http:\/\/www.facebook.com\/baraeskuvo\/","article_modified_time":"2020-08-04T12:21:31+00:00","og_image":[{"width":564,"height":564,"url":"https:\/\/baraevent.hu\/wp-content\/uploads\/2020\/01\/ulteto_kartya.jpg","type":"image\/jpeg"}],"twitter_card":"summary_large_image","twitter_misc":{"Estimated reading time":"1 minute"},"schema":{"@context":"https:\/\/schema.org","@graph":[{"@type":"WebPage","@id":"https:\/\/baraevent.hu\/galeria\/","url":"https:\/\/baraevent.hu\/galeria\/","name":"Gal\u00e9ria - esk\u00fcv\u0151, esk\u00fcv\u0151i helysz\u00ednek - Bara Wedding","isPartOf":{"@id":"https:\/\/baraevent.hu\/#website"},"primaryImageOfPage":{"@id":"https:\/\/baraevent.hu\/galeria\/#primaryimage"},"image":{"@id":"https:\/\/baraevent.hu\/galeria\/#primaryimage"},"thumbnailUrl":"https:\/\/baraevent.hu\/wp-content\/uploads\/2019\/11\/virag4.2-1024x384.png","datePublished":"2019-11-21T18:54:52+00:00","dateModified":"2020-08-04T12:21:31+00:00","description":"Esk\u00fcv\u0151i gal\u00e9ria betekint\u00e9st ad kedvenc esk\u00fcv\u0151inkbe. \u00d6sszeszedt\u00fck kedvenc esk\u00fcv\u0151i helysz\u00edneinket \u00e9s esk\u00fcv\u0151i inspir\u00e1ci\u00f3s k\u00e9peinket.","breadcrumb":{"@id":"https:\/\/baraevent.hu\/galeria\/#breadcrumb"},"inLanguage":"en-GB","potentialAction":[{"@type":"ReadAction","target":["https:\/\/baraevent.hu\/galeria\/"]}]},{"@type":"ImageObject","inLanguage":"en-GB","@id":"https:\/\/baraevent.hu\/galeria\/#primaryimage","url":"https:\/\/baraevent.hu\/wp-content\/uploads\/2019\/11\/virag4.2-1024x384.png","contentUrl":"https:\/\/baraevent.hu\/wp-content\/uploads\/2019\/11\/virag4.2-1024x384.png"},{"@type":"BreadcrumbList","@id":"https:\/\/baraevent.hu\/galeria\/#breadcrumb","itemListElement":[{"@type":"ListItem","position":1,"name":"Home","item":"https:\/\/baraevent.hu\/"},{"@type":"ListItem","position":2,"name":"Gal\u00e9ria"}]},{"@type":"WebSite","@id":"https:\/\/baraevent.hu\/#website","url":"https:\/\/baraevent.hu\/","name":"www.baraevent.hu","description":"","publisher":{"@id":"https:\/\/baraevent.hu\/#organization"},"potentialAction":[{"@type":"SearchAction","target":{"@type":"EntryPoint","urlTemplate":"https:\/\/baraevent.hu\/?s={search_term_string}"},"query-input":{"@type":"PropertyValueSpecification","valueRequired":true,"valueName":"search_term_string"}}],"inLanguage":"en-GB"},{"@type":"Organization","@id":"https:\/\/baraevent.hu\/#organization","name":"Bara Wedding","url":"https:\/\/baraevent.hu\/","logo":{"@type":"ImageObject","inLanguage":"en-GB","@id":"https:\/\/baraevent.hu\/#\/schema\/logo\/image\/","url":"https:\/\/baraevent.hu\/wp-content\/uploads\/2019\/11\/logo-e1593417291257.png","contentUrl":"https:\/\/baraevent.hu\/wp-content\/uploads\/2019\/11\/logo-e1593417291257.png","width":700,"height":276,"caption":"Bara Wedding"},"image":{"@id":"https:\/\/baraevent.hu\/#\/schema\/logo\/image\/"},"sameAs":["http:\/\/www.facebook.com\/baraeskuvo\/","https:\/\/www.instagram.com\/weddingbara"]}]}},"_links":{"self":[{"href":"https:\/\/baraevent.hu\/en\/wp-json\/wp\/v2\/pages\/21","targetHints":{"allow":["GET"]}}],"collection":[{"href":"https:\/\/baraevent.hu\/en\/wp-json\/wp\/v2\/pages"}],"about":[{"href":"https:\/\/baraevent.hu\/en\/wp-json\/wp\/v2\/types\/page"}],"author":[{"embeddable":true,"href":"https:\/\/baraevent.hu\/en\/wp-json\/wp\/v2\/users\/1"}],"replies":[{"embeddable":true,"href":"https:\/\/baraevent.hu\/en\/wp-json\/wp\/v2\/comments?post=21"}],"version-history":[{"count":21,"href":"https:\/\/baraevent.hu\/en\/wp-json\/wp\/v2\/pages\/21\/revisions"}],"predecessor-version":[{"id":4038,"href":"https:\/\/baraevent.hu\/en\/wp-json\/wp\/v2\/pages\/21\/revisions\/4038"}],"wp:attachment":[{"href":"https:\/\/baraevent.hu\/en\/wp-json\/wp\/v2\/media?parent=21"}],"curies":[{"name":"wp","href":"https:\/\/api.w.org\/{rel}","templated":true}]}}