{"id":2505,"date":"2020-12-21T12:29:10","date_gmt":"2020-12-21T11:29:10","guid":{"rendered":"https:\/\/baraevent.hu\/?page_id=2505"},"modified":"2025-03-10T15:02:40","modified_gmt":"2025-03-10T14:02:40","slug":"a-vasarlas-menete","status":"publish","type":"page","link":"https:\/\/baraevent.hu\/en\/a-vasarlas-menete\/","title":{"rendered":"A v\u00e1s\u00e1rl\u00e1s menete"},"content":{"rendered":"<div data-elementor-type=\"wp-page\" data-elementor-id=\"2505\" class=\"elementor elementor-2505\" data-elementor-post-type=\"page\">\n\t\t\t\t\t\t<section class=\"elementor-section elementor-top-section elementor-element elementor-element-eb4f0a4 elementor-section-boxed elementor-section-height-default elementor-section-height-default\" data-id=\"eb4f0a4\" data-element_type=\"section\" data-e-type=\"section\">\n\t\t\t\t\t\t<div class=\"elementor-container elementor-column-gap-default\">\n\t\t\t\t\t<div class=\"elementor-column elementor-col-100 elementor-top-column elementor-element elementor-element-2f3e279\" data-id=\"2f3e279\" data-element_type=\"column\" data-e-type=\"column\">\n\t\t\t<div class=\"elementor-widget-wrap elementor-element-populated\">\n\t\t\t\t\t\t<div class=\"elementor-element elementor-element-28be69d elementor-widget elementor-widget-heading\" data-id=\"28be69d\" data-element_type=\"widget\" data-e-type=\"widget\" data-widget_type=\"heading.default\">\n\t\t\t\t<div class=\"elementor-widget-container\">\n\t\t\t\t\t<h2 class=\"elementor-heading-title elementor-size-default\">V\u00e1s\u00e1rl\u00e1s menete<\/h2>\t\t\t\t<\/div>\n\t\t\t\t<\/div>\n\t\t\t\t<div class=\"elementor-element elementor-element-d37d25a elementor-widget elementor-widget-text-editor\" data-id=\"d37d25a\" data-element_type=\"widget\" data-e-type=\"widget\" data-widget_type=\"text-editor.default\">\n\t\t\t\t<div class=\"elementor-widget-container\">\n\t\t\t\t\t\t\t\t\t<div class=\"paragraph pleft\">\u00a0<\/div><div class=\"paragraph\"><h5><span style=\"color: #808080;\">Az \u00e1ru kiv\u00e1laszt\u00e1sa<\/span><\/h5><\/div>\t\t\t\t\t\t\t\t<\/div>\n\t\t\t\t<\/div>\n\t\t\t\t<div class=\"elementor-element elementor-element-6b9d662 elementor-widget elementor-widget-text-editor\" data-id=\"6b9d662\" data-element_type=\"widget\" data-e-type=\"widget\" data-widget_type=\"text-editor.default\">\n\t\t\t\t<div class=\"elementor-widget-container\">\n\t\t\t\t\t\t\t\t\t<div class=\"paragraph pleft\"><p>1.1. A web\u00e1ruh\u00e1zban val\u00f3 v\u00e1s\u00e1rl\u00e1shoz regisztr\u00e1lnia NEM kell.<\/p><p>1.2. A BARA esk\u00fcv\u0151i kell\u00e9kek web\u00e1ruh\u00e1z term\u00e9keit a <strong>Men\u00fc<\/strong>\u00a0pontban tal\u00e1lhatja. Ha r\u00e1kattint egy adott term\u00e9kre, akkor tal\u00e1l egy r\u00f6vid bemutat\u00e1st, illetve egy b\u0151vebb le\u00edr\u00e1st is a term\u00e9kr\u0151l.<\/p><\/div><div class=\"paragraph\">\u00a0<\/div>\t\t\t\t\t\t\t\t<\/div>\n\t\t\t\t<\/div>\n\t\t\t\t<div class=\"elementor-element elementor-element-af44623 elementor-widget elementor-widget-text-editor\" data-id=\"af44623\" data-element_type=\"widget\" data-e-type=\"widget\" data-widget_type=\"text-editor.default\">\n\t\t\t\t<div class=\"elementor-widget-container\">\n\t\t\t\t\t\t\t\t\t<div class=\"paragraph pleft\"><h5>Kos\u00e1rba helyez\u00e9s &#8211; v\u00e1s\u00e1rl\u00e1s menete<\/h5><\/div>\t\t\t\t\t\t\t\t<\/div>\n\t\t\t\t<\/div>\n\t\t\t\t<div class=\"elementor-element elementor-element-f04b363 elementor-widget elementor-widget-text-editor\" data-id=\"f04b363\" data-element_type=\"widget\" data-e-type=\"widget\" data-widget_type=\"text-editor.default\">\n\t\t\t\t<div class=\"elementor-widget-container\">\n\t\t\t\t\t\t\t\t\t<div class=\"paragraph pleft\"><p>1.3. A megv\u00e1s\u00e1rolni k\u00edv\u00e1nt term\u00e9ket kosar\u00e1ba gy\u0171jtheti az adott term\u00e9k le\u00edr\u00e1s\u00e1n\u00e1l tal\u00e1lhat\u00f3\u00a0<strong>Kos\u00e1r ikonra<\/strong>\u00a0kattintva, kiv\u00e1lasztva, hogy h\u00e1ny darabot szeretne.<\/p><p>1.4. Amennyiben t\u00f6bb term\u00e9ket k\u00edv\u00e1n v\u00e1s\u00e1rolni, az egyes term\u00e9kek kos\u00e1rba pakol\u00e1sa ut\u00e1n visszat\u00e9rhet a term\u00e9kekhez \u00e9s tov\u00e1bbi term\u00e9keket tud v\u00e1lasztani megv\u00e9telre. T\u00f6bb term\u00e9k v\u00e1s\u00e1rl\u00e1sa eset\u00e9n folyamatosan l\u00e1thatja a megrendelend\u0151 term\u00e9k nev\u00e9t, darabsz\u00e1m\u00e1t \u00e9s a v\u00e9g\u00f6sszeget a\u00a0<strong>Kosar\u00e1ban<\/strong>.<\/p><p>1.5. Ha egy m\u00e1r a Kos\u00e1rba betett term\u00e9k mennyis\u00e9g\u00e9t cs\u00f6kkenteni vagy n\u00f6velni szeretn\u00e9, akkor az adott term\u00e9ket el\u0151sz\u00f6r t\u00f6r\u00f6lni kell \u00e9s a jav\u00edtott mennyis\u00e9ggel \u00fajra a Kos\u00e1rhoz adni. A v\u00e1ltoztat\u00e1sokat folyamatosan l\u00e1tja a\u00a0<strong>Kos\u00e1rban<\/strong>\u00a0is.<\/p><p>1.6. Ha \u00f6sszegy\u0171jt\u00f6tte a v\u00e1s\u00e1rolni k\u00edv\u00e1nt term\u00e9keket, a <strong>P\u00e9nzt\u00e1r<\/strong> gombra kattintva jut tov\u00e1bb a v\u00e1s\u00e1rl\u00e1si folyamatban. A Rendel\u00e9s \u00f6sszes\u00edt\u0151 lapon t\u00e9telesen l\u00e1tja a megv\u00e1s\u00e1rolni k\u00edv\u00e1nt term\u00e9ket\/term\u00e9keket. Itt m\u00e9g m\u00f3dos\u00edthatja a mennyis\u00e9get.<\/p><p>1.7. Amennyiben \u00d6n feliratozhat\u00f3 term\u00e9ket is v\u00e1laszt, akkor a szem\u00e9lyes feliratot a Rendel\u00e9s \u00f6sszes\u00edt\u0151 lapon a\u00a0<strong>Megjegyz\u00e9sek<\/strong>\u00a0rovatban adhatja meg.<\/p><\/div><div class=\"paragraph\">\u00a0<\/div>\t\t\t\t\t\t\t\t<\/div>\n\t\t\t\t<\/div>\n\t\t\t\t<div class=\"elementor-element elementor-element-48b455e elementor-widget elementor-widget-text-editor\" data-id=\"48b455e\" data-element_type=\"widget\" data-e-type=\"widget\" data-widget_type=\"text-editor.default\">\n\t\t\t\t<div class=\"elementor-widget-container\">\n\t\t\t\t\t\t\t\t\t<div class=\"paragraph pleft\"><h5>V\u00e1s\u00e1rl\u00f3i adatok megad\u00e1s<\/h5><\/div>\t\t\t\t\t\t\t\t<\/div>\n\t\t\t\t<\/div>\n\t\t\t\t<div class=\"elementor-element elementor-element-4985ae2 elementor-widget elementor-widget-text-editor\" data-id=\"4985ae2\" data-element_type=\"widget\" data-e-type=\"widget\" data-widget_type=\"text-editor.default\">\n\t\t\t\t<div class=\"elementor-widget-container\">\n\t\t\t\t\t\t\t\t\t<div class=\"paragraph pleft\"><p>1.8. Megrendel\u00e9s k\u00f6vetkez\u0151 l\u00e9p\u00e9se az adatok kit\u00f6lt\u00e9se:<\/p><p>1.8.1.<br \/>Megrendel\u0151 neve<br \/>Email c\u00edme<br \/>Telefonsz\u00e1ma<br \/>Sz\u00e1ml\u00e1z\u00e1si c\u00edm<br \/>Sz\u00e1ll\u00edt\u00e1si c\u00edm<\/p><\/div><div class=\"paragraph\"><p>A megrendel\u0151 lapon megadott adatait bizalmasan kezelj\u00fck, harmadik f\u00e9lnek nem adjuk ki. R\u00e9szletes t\u00e1j\u00e9koztat\u00e1st az\u00a0<a href=\"https:\/\/baraevent.hu\/en\/adatvedelmi-es-adatkezelesi-tajekoztato\/\" target=\"_blank\" rel=\"noopener\">Adatkezel\u00e9si t\u00e1j\u00e9koztat\u00f3ban\u00a0<\/a>tal\u00e1lsz.\u00a0<\/p><p>1.8.2 Sz\u00e1ll\u00edt\u00e1si m\u00f3d kiv\u00e1laszt\u00e1sa<\/p><p>1.8.3. Fizet\u00e9si m\u00f3d kiv\u00e1laszt\u00e1sa<\/p><p>1.8.4. Megjegyz\u00e9sek rovat kit\u00f6lt\u00e9se ig\u00e9ny szerint<\/p><\/div>\t\t\t\t\t\t\t\t<\/div>\n\t\t\t\t<\/div>\n\t\t\t\t<div class=\"elementor-element elementor-element-ab5477e elementor-widget elementor-widget-text-editor\" data-id=\"ab5477e\" data-element_type=\"widget\" data-e-type=\"widget\" data-widget_type=\"text-editor.default\">\n\t\t\t\t<div class=\"elementor-widget-container\">\n\t\t\t\t\t\t\t\t\t<h5>Rendel\u00e9s \u00e1ttekint\u00e9se, v\u00e9gleges\u00edt\u00e9se<\/h5>\t\t\t\t\t\t\t\t<\/div>\n\t\t\t\t<\/div>\n\t\t\t\t<div class=\"elementor-element elementor-element-9121ecd elementor-widget elementor-widget-text-editor\" data-id=\"9121ecd\" data-element_type=\"widget\" data-e-type=\"widget\" data-widget_type=\"text-editor.default\">\n\t\t\t\t<div class=\"elementor-widget-container\">\n\t\t\t\t\t\t\t\t\t<div class=\"paragraph pleft\">\u00a01.9. Az adatok kit\u00f6lt\u00e9se ut\u00e1n be kell jel\u00f6lnie az \u201eElfogadom a v\u00e1s\u00e1rl\u00e1si fel\u00e9teleket\u201d. Megrendel\u00e9se elk\u00fcld\u00e9s\u00e9hez r\u00e1 kell kattintania a <strong>Rendel\u00e9s elk\u00fcld\u00e9se<\/strong>\u00a0gombra.<\/div><div class=\"paragraph pleft\">\u00a0<\/div><div>1.9.1 \u00d6n a <strong><span class=\"inserted_var\">Megrendel\u00e9s<\/span><\/strong>\u00a0gomb megnyom\u00e1s\u00e1val kifejezetten tudom\u00e1sul veszi, hogy aj\u00e1nlat\u00e1t megtettnek kell tekinteni, \u00e9s nyilatkozata \u2013 az Elad\u00f3 jelen\u00a0<a href=\"https:\/\/baraevent.hu\/en\/adatvedelmi-es-adatkezelesi-tajekoztato\/\" target=\"_blank\" rel=\"noopener\">\u00c1SZF<\/a>\u00a0szerinti visszaigazol\u00e1sa eset\u00e9n &#8211; fizet\u00e9si k\u00f6telezetts\u00e9get von maga ut\u00e1n.\u00a0<\/div><div>\u00a0<\/div><div class=\"paragraph\"><p>1.10. Megrendel\u00e9sed elk\u00fcld\u00e9se ut\u00e1n, azonnal kap egy <strong>Visszaigazol\u00e1st<\/strong> \u00e9s egy <strong>Megrendel\u00e9si k\u00f3dot<\/strong>. Ha b\u00e1rmilyen k\u00e9rd\u00e9se lenne, akkor a Rendel\u00e9si k\u00f3dra vagy a Megrendel\u0151 nev\u00e9re hivatkozva jutassa el hozz\u00e1nk az \u00dcgyf\u00e9lszolg\u00e1lat pontban tal\u00e1lhat\u00f3 el\u00e9rhet\u0151s\u00e9gek valamelyik\u00e9re.<\/p><p>1.11.1 \u00a0A szerz\u0151d\u00e9s akkor j\u00f6n l\u00e9tre, amikor az Elad\u00f3 \u00e1ltal k\u00fcld\u00f6tt visszaigazol\u00f3 email az \u00d6n sz\u00e1m\u00e1ra a levelez\u0151rendszer\u00e9ben hozz\u00e1f\u00e9rhet\u0151v\u00e9 v\u00e1lik.<\/p><p>1.12. Megrendel\u00e9seiket 0-24 \u00f3r\u00e1ig fogadjuk \u00e9s munkanapokon 8.00 -16.00 k\u00f6z\u00f6tt dolgozzuk fel.<\/p><p>1.13. Ha kereskedelmi mennyis\u00e9get k\u00edv\u00e1n rendelni vagy k\u00fclf\u00f6ldre szeretne sz\u00e1ll\u00edt\u00e1st k\u00e9rni, akkor k\u00e9rjen aj\u00e1nlatot az\u00a0<strong>\u00dcgyf\u00e9lszolg\u00e1lat<\/strong>\u00a0pontban tal\u00e1lhat\u00f3 el\u00e9rhet\u0151s\u00e9gek<\/p><p>1.14 A megrendel\u00e9sre vonatkoz\u00f3an az \u00e1ltal\u00e1nos <strong>teljes\u00edt\u00e9si hat\u00e1rid\u0151<\/strong> a rendel\u00e9s visszaigazol\u00e1s\u00e1t\u00f3l sz\u00e1m\u00edtott legfeljebb\u00a0<strong><span class=\"inserted_var\">14<\/span>\u00a0<span class=\"inserted_var\">nap<\/span><\/strong><\/p><\/div>\t\t\t\t\t\t\t\t<\/div>\n\t\t\t\t<\/div>\n\t\t\t\t\t<\/div>\n\t\t<\/div>\n\t\t\t\t\t<\/div>\n\t\t<\/section>\n\t\t\t\t<\/div>","protected":false},"excerpt":{"rendered":"<p>V\u00e1s\u00e1rl\u00e1s menete \u00a0 Az \u00e1ru kiv\u00e1laszt\u00e1sa 1.1. A web\u00e1ruh\u00e1zban val\u00f3 v\u00e1s\u00e1rl\u00e1shoz regisztr\u00e1lnia NEM kell. 1.2. A BARA esk\u00fcv\u0151i kell\u00e9kek web\u00e1ruh\u00e1z term\u00e9keit a Men\u00fc\u00a0pontban tal\u00e1lhatja. Ha r\u00e1kattint egy adott term\u00e9kre, akkor tal\u00e1l egy r\u00f6vid bemutat\u00e1st, illetve egy b\u0151vebb le\u00edr\u00e1st is a term\u00e9kr\u0151l. \u00a0 Kos\u00e1rba helyez\u00e9s &#8211; v\u00e1s\u00e1rl\u00e1s menete 1.3. A megv\u00e1s\u00e1rolni k\u00edv\u00e1nt term\u00e9ket kosar\u00e1ba gy\u0171jtheti az [&hellip;]<\/p>\n","protected":false},"author":1,"featured_media":0,"parent":0,"menu_order":0,"comment_status":"closed","ping_status":"closed","template":"elementor_header_footer","meta":{"inline_featured_image":false,"_ppp_document_settings_meta":"","footnotes":""},"class_list":["post-2505","page","type-page","status-publish","hentry"],"yoast_head":"<!-- This site is optimized with the Yoast SEO plugin v27.4 - https:\/\/yoast.com\/product\/yoast-seo-wordpress\/ -->\n<title>A v\u00e1s\u00e1rl\u00e1s menete az esk\u00fcv\u0151i kell\u00e9k webshopban- Bara Wedding<\/title>\n<meta name=\"description\" content=\"Esk\u00fcv\u0151i kell\u00e9kek webshopunk v\u00e1s\u00e1rl\u00e1si menete pontosan le\u00edrja, hogy hogyan lehet v\u00e1s\u00e1rolni web\u00e1ruh\u00e1zunkban, mi a rendel\u00e9s menete.\" \/>\n<meta name=\"robots\" content=\"index, follow, max-snippet:-1, max-image-preview:large, max-video-preview:-1\" \/>\n<link rel=\"canonical\" href=\"https:\/\/baraevent.hu\/en\/a-vasarlas-menete\/\" \/>\n<meta property=\"og:locale\" content=\"en_GB\" \/>\n<meta property=\"og:type\" content=\"article\" \/>\n<meta property=\"og:title\" content=\"A v\u00e1s\u00e1rl\u00e1s menete az esk\u00fcv\u0151i kell\u00e9k webshopban- Bara Wedding\" \/>\n<meta property=\"og:description\" content=\"Esk\u00fcv\u0151i kell\u00e9kek webshopunk v\u00e1s\u00e1rl\u00e1si menete pontosan le\u00edrja, hogy hogyan lehet v\u00e1s\u00e1rolni web\u00e1ruh\u00e1zunkban, mi a rendel\u00e9s menete.\" \/>\n<meta property=\"og:url\" content=\"https:\/\/baraevent.hu\/en\/a-vasarlas-menete\/\" \/>\n<meta property=\"og:site_name\" content=\"Bara Wedding\" \/>\n<meta property=\"article:publisher\" content=\"http:\/\/www.facebook.com\/baraeskuvo\/\" \/>\n<meta property=\"article:modified_time\" content=\"2025-03-10T14:02:40+00:00\" \/>\n<meta name=\"twitter:card\" content=\"summary_large_image\" \/>\n<meta name=\"twitter:label1\" content=\"Estimated reading time\" \/>\n\t<meta name=\"twitter:data1\" content=\"3 minutes\" \/>\n<script type=\"application\/ld+json\" class=\"yoast-schema-graph\">{\"@context\":\"https:\\\/\\\/schema.org\",\"@graph\":[{\"@type\":\"WebPage\",\"@id\":\"https:\\\/\\\/baraevent.hu\\\/a-vasarlas-menete\\\/\",\"url\":\"https:\\\/\\\/baraevent.hu\\\/a-vasarlas-menete\\\/\",\"name\":\"A v\u00e1s\u00e1rl\u00e1s menete az esk\u00fcv\u0151i kell\u00e9k webshopban- Bara Wedding\",\"isPartOf\":{\"@id\":\"https:\\\/\\\/baraevent.hu\\\/#website\"},\"datePublished\":\"2020-12-21T11:29:10+00:00\",\"dateModified\":\"2025-03-10T14:02:40+00:00\",\"description\":\"Esk\u00fcv\u0151i kell\u00e9kek webshopunk v\u00e1s\u00e1rl\u00e1si menete pontosan le\u00edrja, hogy hogyan lehet v\u00e1s\u00e1rolni web\u00e1ruh\u00e1zunkban, mi a rendel\u00e9s menete.\",\"breadcrumb\":{\"@id\":\"https:\\\/\\\/baraevent.hu\\\/a-vasarlas-menete\\\/#breadcrumb\"},\"inLanguage\":\"en-GB\",\"potentialAction\":[{\"@type\":\"ReadAction\",\"target\":[\"https:\\\/\\\/baraevent.hu\\\/a-vasarlas-menete\\\/\"]}]},{\"@type\":\"BreadcrumbList\",\"@id\":\"https:\\\/\\\/baraevent.hu\\\/a-vasarlas-menete\\\/#breadcrumb\",\"itemListElement\":[{\"@type\":\"ListItem\",\"position\":1,\"name\":\"Home\",\"item\":\"https:\\\/\\\/baraevent.hu\\\/\"},{\"@type\":\"ListItem\",\"position\":2,\"name\":\"A v\u00e1s\u00e1rl\u00e1s menete\"}]},{\"@type\":\"WebSite\",\"@id\":\"https:\\\/\\\/baraevent.hu\\\/#website\",\"url\":\"https:\\\/\\\/baraevent.hu\\\/\",\"name\":\"www.baraevent.hu\",\"description\":\"\",\"publisher\":{\"@id\":\"https:\\\/\\\/baraevent.hu\\\/#organization\"},\"potentialAction\":[{\"@type\":\"SearchAction\",\"target\":{\"@type\":\"EntryPoint\",\"urlTemplate\":\"https:\\\/\\\/baraevent.hu\\\/?s={search_term_string}\"},\"query-input\":{\"@type\":\"PropertyValueSpecification\",\"valueRequired\":true,\"valueName\":\"search_term_string\"}}],\"inLanguage\":\"en-GB\"},{\"@type\":\"Organization\",\"@id\":\"https:\\\/\\\/baraevent.hu\\\/#organization\",\"name\":\"Bara Wedding\",\"url\":\"https:\\\/\\\/baraevent.hu\\\/\",\"logo\":{\"@type\":\"ImageObject\",\"inLanguage\":\"en-GB\",\"@id\":\"https:\\\/\\\/baraevent.hu\\\/#\\\/schema\\\/logo\\\/image\\\/\",\"url\":\"https:\\\/\\\/baraevent.hu\\\/wp-content\\\/uploads\\\/2019\\\/11\\\/logo-e1593417291257.png\",\"contentUrl\":\"https:\\\/\\\/baraevent.hu\\\/wp-content\\\/uploads\\\/2019\\\/11\\\/logo-e1593417291257.png\",\"width\":700,\"height\":276,\"caption\":\"Bara Wedding\"},\"image\":{\"@id\":\"https:\\\/\\\/baraevent.hu\\\/#\\\/schema\\\/logo\\\/image\\\/\"},\"sameAs\":[\"http:\\\/\\\/www.facebook.com\\\/baraeskuvo\\\/\",\"https:\\\/\\\/www.instagram.com\\\/weddingbara\"]}]}<\/script>\n<!-- \/ Yoast SEO plugin. -->","yoast_head_json":{"title":"A v\u00e1s\u00e1rl\u00e1s menete az esk\u00fcv\u0151i kell\u00e9k webshopban- Bara Wedding","description":"Esk\u00fcv\u0151i kell\u00e9kek webshopunk v\u00e1s\u00e1rl\u00e1si menete pontosan le\u00edrja, hogy hogyan lehet v\u00e1s\u00e1rolni web\u00e1ruh\u00e1zunkban, mi a rendel\u00e9s menete.","robots":{"index":"index","follow":"follow","max-snippet":"max-snippet:-1","max-image-preview":"max-image-preview:large","max-video-preview":"max-video-preview:-1"},"canonical":"https:\/\/baraevent.hu\/en\/a-vasarlas-menete\/","og_locale":"en_GB","og_type":"article","og_title":"A v\u00e1s\u00e1rl\u00e1s menete az esk\u00fcv\u0151i kell\u00e9k webshopban- Bara Wedding","og_description":"Esk\u00fcv\u0151i kell\u00e9kek webshopunk v\u00e1s\u00e1rl\u00e1si menete pontosan le\u00edrja, hogy hogyan lehet v\u00e1s\u00e1rolni web\u00e1ruh\u00e1zunkban, mi a rendel\u00e9s menete.","og_url":"https:\/\/baraevent.hu\/en\/a-vasarlas-menete\/","og_site_name":"Bara Wedding","article_publisher":"http:\/\/www.facebook.com\/baraeskuvo\/","article_modified_time":"2025-03-10T14:02:40+00:00","twitter_card":"summary_large_image","twitter_misc":{"Estimated reading time":"3 minutes"},"schema":{"@context":"https:\/\/schema.org","@graph":[{"@type":"WebPage","@id":"https:\/\/baraevent.hu\/a-vasarlas-menete\/","url":"https:\/\/baraevent.hu\/a-vasarlas-menete\/","name":"A v\u00e1s\u00e1rl\u00e1s menete az esk\u00fcv\u0151i kell\u00e9k webshopban- Bara Wedding","isPartOf":{"@id":"https:\/\/baraevent.hu\/#website"},"datePublished":"2020-12-21T11:29:10+00:00","dateModified":"2025-03-10T14:02:40+00:00","description":"Esk\u00fcv\u0151i kell\u00e9kek webshopunk v\u00e1s\u00e1rl\u00e1si menete pontosan le\u00edrja, hogy hogyan lehet v\u00e1s\u00e1rolni web\u00e1ruh\u00e1zunkban, mi a rendel\u00e9s menete.","breadcrumb":{"@id":"https:\/\/baraevent.hu\/a-vasarlas-menete\/#breadcrumb"},"inLanguage":"en-GB","potentialAction":[{"@type":"ReadAction","target":["https:\/\/baraevent.hu\/a-vasarlas-menete\/"]}]},{"@type":"BreadcrumbList","@id":"https:\/\/baraevent.hu\/a-vasarlas-menete\/#breadcrumb","itemListElement":[{"@type":"ListItem","position":1,"name":"Home","item":"https:\/\/baraevent.hu\/"},{"@type":"ListItem","position":2,"name":"A v\u00e1s\u00e1rl\u00e1s menete"}]},{"@type":"WebSite","@id":"https:\/\/baraevent.hu\/#website","url":"https:\/\/baraevent.hu\/","name":"www.baraevent.hu","description":"","publisher":{"@id":"https:\/\/baraevent.hu\/#organization"},"potentialAction":[{"@type":"SearchAction","target":{"@type":"EntryPoint","urlTemplate":"https:\/\/baraevent.hu\/?s={search_term_string}"},"query-input":{"@type":"PropertyValueSpecification","valueRequired":true,"valueName":"search_term_string"}}],"inLanguage":"en-GB"},{"@type":"Organization","@id":"https:\/\/baraevent.hu\/#organization","name":"Bara Wedding","url":"https:\/\/baraevent.hu\/","logo":{"@type":"ImageObject","inLanguage":"en-GB","@id":"https:\/\/baraevent.hu\/#\/schema\/logo\/image\/","url":"https:\/\/baraevent.hu\/wp-content\/uploads\/2019\/11\/logo-e1593417291257.png","contentUrl":"https:\/\/baraevent.hu\/wp-content\/uploads\/2019\/11\/logo-e1593417291257.png","width":700,"height":276,"caption":"Bara Wedding"},"image":{"@id":"https:\/\/baraevent.hu\/#\/schema\/logo\/image\/"},"sameAs":["http:\/\/www.facebook.com\/baraeskuvo\/","https:\/\/www.instagram.com\/weddingbara"]}]}},"_links":{"self":[{"href":"https:\/\/baraevent.hu\/en\/wp-json\/wp\/v2\/pages\/2505","targetHints":{"allow":["GET"]}}],"collection":[{"href":"https:\/\/baraevent.hu\/en\/wp-json\/wp\/v2\/pages"}],"about":[{"href":"https:\/\/baraevent.hu\/en\/wp-json\/wp\/v2\/types\/page"}],"author":[{"embeddable":true,"href":"https:\/\/baraevent.hu\/en\/wp-json\/wp\/v2\/users\/1"}],"replies":[{"embeddable":true,"href":"https:\/\/baraevent.hu\/en\/wp-json\/wp\/v2\/comments?post=2505"}],"version-history":[{"count":14,"href":"https:\/\/baraevent.hu\/en\/wp-json\/wp\/v2\/pages\/2505\/revisions"}],"predecessor-version":[{"id":4836,"href":"https:\/\/baraevent.hu\/en\/wp-json\/wp\/v2\/pages\/2505\/revisions\/4836"}],"wp:attachment":[{"href":"https:\/\/baraevent.hu\/en\/wp-json\/wp\/v2\/media?parent=2505"}],"curies":[{"name":"wp","href":"https:\/\/api.w.org\/{rel}","templated":true}]}}