{"id":1754,"date":"2020-12-14T21:38:44","date_gmt":"2020-12-14T20:38:44","guid":{"rendered":"https:\/\/baraevent.hu\/?post_type=product&#038;p=1754"},"modified":"2020-12-14T22:08:33","modified_gmt":"2020-12-14T21:08:33","slug":"papirlampas-narancs-szives-5-db","status":"publish","type":"product","link":"https:\/\/baraevent.hu\/en\/product\/papirlampas-narancs-szives-5-db\/","title":{"rendered":"Pap\u00edrl\u00e1mp\u00e1s &#8211; narancs sz\u00edves 5 db"},"content":{"rendered":"<p>Egy kreat\u00edv \u00f6tlet utak, \u00f6sv\u00e9nyek kijel\u00f6l\u00e9s\u00e9re, f\u00e9nyfoly\u00f3sok kialak\u00edt\u00e1s\u00e1ra.<\/p>\n<p>Ez a r\u00e9gi, eredetileg kar\u00e1csonyi tradicion\u00e1lis dekor\u00e1ci\u00f3 Mexik\u00f3b\u00f3l sz\u00e1rmazik, ahol Szent Este ilyen \u00e1ll\u00f3 m\u00e9csesekkel d\u00edsz\u00edtett\u00e9k az utakat \u00e9s a h\u00e1zfalak oldalait, hogy vil\u00e1g\u00edt\u00f3 f\u00e9nyfolyos\u00f3kkal vezess\u00e9k otthonaikba az \u00fajsz\u00fcl\u00f6tt gyermek J\u00e9zus lelk\u00e9t.<\/p>\n<p>Manaps\u00e1g dekor\u00e1ci\u00f3s elemk\u00e9nt haszn\u00e1latos esk\u00fcv\u0151k, sz\u00fclet\u00e9snapok \u00e9s c\u00e9ges rendezv\u00e9nyek alkalm\u00e1val. Fantasztikus l\u00e1tv\u00e1nyt ny\u00fajtanak a kerti s\u00e9t\u00e1nyon, teraszon, parkban, \u00fasz\u00f3medenc\u00e9k ment\u00e9n.<\/p>\n<p>L\u00e1mp\u00e1sainkhoz haszn\u00e1lj team\u00e9csest! Javasoljuk, hogy a m\u00e9csest helyezd magas fal\u00fa \u00fcveg m\u00e9csestart\u00f3ba vagy t\u00f6ltsd fel homokkal, kavicsokkal a l\u00e1mp\u00e1salj\u00e1t, \u00edgy a sz\u00e9l nem d\u00f6ntheti fel.<\/p>\n<p><b>Aj\u00e1nlott alkalmak<\/b>: esk\u00fcv\u0151k, sz\u00fclet\u00e9snapok, kerti partik, szabadt\u00e9ri rendezv\u00e9nyek.<\/p>","protected":false},"excerpt":{"rendered":"<p>M\u00e9ret: 24x18x4 cm<br \/>\nSz\u00edn: narancs<br \/>\nKiszerel\u00e9s: 5 db\/csomag<br \/>\nAnyag: pap\u00edr<\/p>","protected":false},"featured_media":1752,"template":"","meta":{"inline_featured_image":false,"_ppp_document_settings_meta":""},"product_brand":[],"product_cat":[117],"product_tag":[],"class_list":{"0":"post-1754","1":"product","2":"type-product","3":"status-publish","4":"has-post-thumbnail","6":"product_cat-papirlampas-luminary","8":"first","9":"instock","10":"shipping-taxable","11":"purchasable","12":"product-type-simple"},"yoast_head":"<!-- This site is optimized with the Yoast SEO plugin v27.4 - https:\/\/yoast.com\/product\/yoast-seo-wordpress\/ -->\n<title>Pap\u00edrl\u00e1mp\u00e1s - narancs sz\u00edves 5 db - Bara Wedding<\/title>\n<meta name=\"robots\" content=\"index, follow, max-snippet:-1, max-image-preview:large, max-video-preview:-1\" \/>\n<link rel=\"canonical\" href=\"https:\/\/baraevent.hu\/en\/product\/papirlampas-narancs-szives-5-db\/\" \/>\n<meta property=\"og:locale\" content=\"en_GB\" \/>\n<meta property=\"og:type\" content=\"article\" \/>\n<meta property=\"og:title\" content=\"Pap\u00edrl\u00e1mp\u00e1s - narancs sz\u00edves 5 db - Bara Wedding\" \/>\n<meta property=\"og:description\" content=\"M\u00e9ret: 24x18x4 cm Sz\u00edn: narancs Kiszerel\u00e9s: 5 db\/csomag Anyag: pap\u00edr\" \/>\n<meta property=\"og:url\" content=\"https:\/\/baraevent.hu\/en\/product\/papirlampas-narancs-szives-5-db\/\" \/>\n<meta property=\"og:site_name\" content=\"Bara Wedding\" \/>\n<meta property=\"article:publisher\" content=\"http:\/\/www.facebook.com\/baraeskuvo\/\" \/>\n<meta property=\"article:modified_time\" content=\"2020-12-14T21:08:33+00:00\" \/>\n<meta property=\"og:image\" content=\"https:\/\/baraevent.hu\/wp-content\/uploads\/2020\/12\/bara_49_20140223150334.jpg\" \/>\n\t<meta property=\"og:image:width\" content=\"407\" \/>\n\t<meta property=\"og:image:height\" content=\"283\" \/>\n\t<meta property=\"og:image:type\" content=\"image\/jpeg\" \/>\n<meta name=\"twitter:card\" content=\"summary_large_image\" \/>\n<meta name=\"twitter:label1\" content=\"Estimated reading time\" \/>\n\t<meta name=\"twitter:data1\" content=\"1 minute\" \/>\n<script type=\"application\/ld+json\" class=\"yoast-schema-graph\">{\"@context\":\"https:\\\/\\\/schema.org\",\"@graph\":[{\"@type\":\"WebPage\",\"@id\":\"https:\\\/\\\/baraevent.hu\\\/termek\\\/papirlampas-narancs-szives-5-db\\\/\",\"url\":\"https:\\\/\\\/baraevent.hu\\\/termek\\\/papirlampas-narancs-szives-5-db\\\/\",\"name\":\"Pap\u00edrl\u00e1mp\u00e1s - narancs sz\u00edves 5 db - Bara Wedding\",\"isPartOf\":{\"@id\":\"https:\\\/\\\/baraevent.hu\\\/#website\"},\"primaryImageOfPage\":{\"@id\":\"https:\\\/\\\/baraevent.hu\\\/termek\\\/papirlampas-narancs-szives-5-db\\\/#primaryimage\"},\"image\":{\"@id\":\"https:\\\/\\\/baraevent.hu\\\/termek\\\/papirlampas-narancs-szives-5-db\\\/#primaryimage\"},\"thumbnailUrl\":\"https:\\\/\\\/baraevent.hu\\\/wp-content\\\/uploads\\\/2020\\\/12\\\/bara_49_20140223150334.jpg\",\"datePublished\":\"2020-12-14T20:38:44+00:00\",\"dateModified\":\"2020-12-14T21:08:33+00:00\",\"breadcrumb\":{\"@id\":\"https:\\\/\\\/baraevent.hu\\\/termek\\\/papirlampas-narancs-szives-5-db\\\/#breadcrumb\"},\"inLanguage\":\"en-GB\",\"potentialAction\":[{\"@type\":\"ReadAction\",\"target\":[\"https:\\\/\\\/baraevent.hu\\\/termek\\\/papirlampas-narancs-szives-5-db\\\/\"]}]},{\"@type\":\"ImageObject\",\"inLanguage\":\"en-GB\",\"@id\":\"https:\\\/\\\/baraevent.hu\\\/termek\\\/papirlampas-narancs-szives-5-db\\\/#primaryimage\",\"url\":\"https:\\\/\\\/baraevent.hu\\\/wp-content\\\/uploads\\\/2020\\\/12\\\/bara_49_20140223150334.jpg\",\"contentUrl\":\"https:\\\/\\\/baraevent.hu\\\/wp-content\\\/uploads\\\/2020\\\/12\\\/bara_49_20140223150334.jpg\",\"width\":407,\"height\":283},{\"@type\":\"BreadcrumbList\",\"@id\":\"https:\\\/\\\/baraevent.hu\\\/termek\\\/papirlampas-narancs-szives-5-db\\\/#breadcrumb\",\"itemListElement\":[{\"@type\":\"ListItem\",\"position\":1,\"name\":\"Home\",\"item\":\"https:\\\/\\\/baraevent.hu\\\/\"},{\"@type\":\"ListItem\",\"position\":2,\"name\":\"\u00dczlet\",\"item\":\"https:\\\/\\\/baraevent.hu\\\/uzlet\\\/\"},{\"@type\":\"ListItem\",\"position\":3,\"name\":\"Pap\u00edrl\u00e1mp\u00e1s &#8211; narancs sz\u00edves 5 db\"}]},{\"@type\":\"WebSite\",\"@id\":\"https:\\\/\\\/baraevent.hu\\\/#website\",\"url\":\"https:\\\/\\\/baraevent.hu\\\/\",\"name\":\"www.baraevent.hu\",\"description\":\"\",\"publisher\":{\"@id\":\"https:\\\/\\\/baraevent.hu\\\/#organization\"},\"potentialAction\":[{\"@type\":\"SearchAction\",\"target\":{\"@type\":\"EntryPoint\",\"urlTemplate\":\"https:\\\/\\\/baraevent.hu\\\/?s={search_term_string}\"},\"query-input\":{\"@type\":\"PropertyValueSpecification\",\"valueRequired\":true,\"valueName\":\"search_term_string\"}}],\"inLanguage\":\"en-GB\"},{\"@type\":\"Organization\",\"@id\":\"https:\\\/\\\/baraevent.hu\\\/#organization\",\"name\":\"Bara Wedding\",\"url\":\"https:\\\/\\\/baraevent.hu\\\/\",\"logo\":{\"@type\":\"ImageObject\",\"inLanguage\":\"en-GB\",\"@id\":\"https:\\\/\\\/baraevent.hu\\\/#\\\/schema\\\/logo\\\/image\\\/\",\"url\":\"https:\\\/\\\/baraevent.hu\\\/wp-content\\\/uploads\\\/2019\\\/11\\\/logo-e1593417291257.png\",\"contentUrl\":\"https:\\\/\\\/baraevent.hu\\\/wp-content\\\/uploads\\\/2019\\\/11\\\/logo-e1593417291257.png\",\"width\":700,\"height\":276,\"caption\":\"Bara Wedding\"},\"image\":{\"@id\":\"https:\\\/\\\/baraevent.hu\\\/#\\\/schema\\\/logo\\\/image\\\/\"},\"sameAs\":[\"http:\\\/\\\/www.facebook.com\\\/baraeskuvo\\\/\",\"https:\\\/\\\/www.instagram.com\\\/weddingbara\"]}]}<\/script>\n<!-- \/ Yoast SEO plugin. -->","yoast_head_json":{"title":"Pap\u00edrl\u00e1mp\u00e1s - narancs sz\u00edves 5 db - Bara Wedding","robots":{"index":"index","follow":"follow","max-snippet":"max-snippet:-1","max-image-preview":"max-image-preview:large","max-video-preview":"max-video-preview:-1"},"canonical":"https:\/\/baraevent.hu\/en\/product\/papirlampas-narancs-szives-5-db\/","og_locale":"en_GB","og_type":"article","og_title":"Pap\u00edrl\u00e1mp\u00e1s - narancs sz\u00edves 5 db - Bara Wedding","og_description":"M\u00e9ret: 24x18x4 cm Sz\u00edn: narancs Kiszerel\u00e9s: 5 db\/csomag Anyag: pap\u00edr","og_url":"https:\/\/baraevent.hu\/en\/product\/papirlampas-narancs-szives-5-db\/","og_site_name":"Bara Wedding","article_publisher":"http:\/\/www.facebook.com\/baraeskuvo\/","article_modified_time":"2020-12-14T21:08:33+00:00","og_image":[{"width":407,"height":283,"url":"https:\/\/baraevent.hu\/wp-content\/uploads\/2020\/12\/bara_49_20140223150334.jpg","type":"image\/jpeg"}],"twitter_card":"summary_large_image","twitter_misc":{"Estimated reading time":"1 minute"},"schema":{"@context":"https:\/\/schema.org","@graph":[{"@type":"WebPage","@id":"https:\/\/baraevent.hu\/termek\/papirlampas-narancs-szives-5-db\/","url":"https:\/\/baraevent.hu\/termek\/papirlampas-narancs-szives-5-db\/","name":"Pap\u00edrl\u00e1mp\u00e1s - narancs sz\u00edves 5 db - Bara Wedding","isPartOf":{"@id":"https:\/\/baraevent.hu\/#website"},"primaryImageOfPage":{"@id":"https:\/\/baraevent.hu\/termek\/papirlampas-narancs-szives-5-db\/#primaryimage"},"image":{"@id":"https:\/\/baraevent.hu\/termek\/papirlampas-narancs-szives-5-db\/#primaryimage"},"thumbnailUrl":"https:\/\/baraevent.hu\/wp-content\/uploads\/2020\/12\/bara_49_20140223150334.jpg","datePublished":"2020-12-14T20:38:44+00:00","dateModified":"2020-12-14T21:08:33+00:00","breadcrumb":{"@id":"https:\/\/baraevent.hu\/termek\/papirlampas-narancs-szives-5-db\/#breadcrumb"},"inLanguage":"en-GB","potentialAction":[{"@type":"ReadAction","target":["https:\/\/baraevent.hu\/termek\/papirlampas-narancs-szives-5-db\/"]}]},{"@type":"ImageObject","inLanguage":"en-GB","@id":"https:\/\/baraevent.hu\/termek\/papirlampas-narancs-szives-5-db\/#primaryimage","url":"https:\/\/baraevent.hu\/wp-content\/uploads\/2020\/12\/bara_49_20140223150334.jpg","contentUrl":"https:\/\/baraevent.hu\/wp-content\/uploads\/2020\/12\/bara_49_20140223150334.jpg","width":407,"height":283},{"@type":"BreadcrumbList","@id":"https:\/\/baraevent.hu\/termek\/papirlampas-narancs-szives-5-db\/#breadcrumb","itemListElement":[{"@type":"ListItem","position":1,"name":"Home","item":"https:\/\/baraevent.hu\/"},{"@type":"ListItem","position":2,"name":"\u00dczlet","item":"https:\/\/baraevent.hu\/uzlet\/"},{"@type":"ListItem","position":3,"name":"Pap\u00edrl\u00e1mp\u00e1s &#8211; narancs sz\u00edves 5 db"}]},{"@type":"WebSite","@id":"https:\/\/baraevent.hu\/#website","url":"https:\/\/baraevent.hu\/","name":"www.baraevent.hu","description":"","publisher":{"@id":"https:\/\/baraevent.hu\/#organization"},"potentialAction":[{"@type":"SearchAction","target":{"@type":"EntryPoint","urlTemplate":"https:\/\/baraevent.hu\/?s={search_term_string}"},"query-input":{"@type":"PropertyValueSpecification","valueRequired":true,"valueName":"search_term_string"}}],"inLanguage":"en-GB"},{"@type":"Organization","@id":"https:\/\/baraevent.hu\/#organization","name":"Bara Wedding","url":"https:\/\/baraevent.hu\/","logo":{"@type":"ImageObject","inLanguage":"en-GB","@id":"https:\/\/baraevent.hu\/#\/schema\/logo\/image\/","url":"https:\/\/baraevent.hu\/wp-content\/uploads\/2019\/11\/logo-e1593417291257.png","contentUrl":"https:\/\/baraevent.hu\/wp-content\/uploads\/2019\/11\/logo-e1593417291257.png","width":700,"height":276,"caption":"Bara Wedding"},"image":{"@id":"https:\/\/baraevent.hu\/#\/schema\/logo\/image\/"},"sameAs":["http:\/\/www.facebook.com\/baraeskuvo\/","https:\/\/www.instagram.com\/weddingbara"]}]}},"_links":{"self":[{"href":"https:\/\/baraevent.hu\/en\/wp-json\/wp\/v2\/product\/1754","targetHints":{"allow":["GET"]}}],"collection":[{"href":"https:\/\/baraevent.hu\/en\/wp-json\/wp\/v2\/product"}],"about":[{"href":"https:\/\/baraevent.hu\/en\/wp-json\/wp\/v2\/types\/product"}],"wp:featuredmedia":[{"embeddable":true,"href":"https:\/\/baraevent.hu\/en\/wp-json\/wp\/v2\/media\/1752"}],"wp:attachment":[{"href":"https:\/\/baraevent.hu\/en\/wp-json\/wp\/v2\/media?parent=1754"}],"wp:term":[{"taxonomy":"product_brand","embeddable":true,"href":"https:\/\/baraevent.hu\/en\/wp-json\/wp\/v2\/product_brand?post=1754"},{"taxonomy":"product_cat","embeddable":true,"href":"https:\/\/baraevent.hu\/en\/wp-json\/wp\/v2\/product_cat?post=1754"},{"taxonomy":"product_tag","embeddable":true,"href":"https:\/\/baraevent.hu\/en\/wp-json\/wp\/v2\/product_tag?post=1754"}],"curies":[{"name":"wp","href":"https:\/\/api.w.org\/{rel}","templated":true}]}}