{"id":1755,"date":"2020-12-14T21:41:01","date_gmt":"2020-12-14T20:41:01","guid":{"rendered":"https:\/\/baraevent.hu\/?post_type=product&#038;p=1755"},"modified":"2020-12-18T14:05:03","modified_gmt":"2020-12-18T13:05:03","slug":"lampion-feher-25cm","status":"publish","type":"product","link":"https:\/\/baraevent.hu\/en\/product\/lampion-feher-25cm\/","title":{"rendered":"Lampion &#8211; feh\u00e9r, 25cm"},"content":{"rendered":"<p>Itt egy nagyon j\u00f3 \u00f6tlet, ha hangulatos vil\u00e1g\u00edt\u00e1sra keresel megold\u00e1st. A lampionok k\u00fclt\u00e9ren \u00e9s belt\u00e9ren is haszn\u00e1lhat\u00f3ak. A g\u00f6mb alak\u00fa pap\u00edrlampionok belsej\u00e9ben dr\u00f3tmerev\u00edt\u0151 tal\u00e1lhat\u00f3, a tetej\u00fck\u00f6n l\u00e9v\u0151 kis akaszt\u00f3val b\u00e1rhova felakaszthat\u00f3ak.<\/p>\n<p><b>Aj\u00e1nlott alkalmak:<\/b>\u00a0esk\u00fcv\u0151k, sz\u00fclet\u00e9snapok, kerti partik, szabadt\u00e9ri rendezv\u00e9nyekre<\/p>","protected":false},"excerpt":{"rendered":"<p>M\u00e9ret: \u00e1tm\u00e9r\u0151: 20 cm<br \/>\nForma: g\u00f6mb alak\u00fa<br \/>\nSz\u00edn: feh\u00e9r<br \/>\nKiszerel\u00e9s: darabonk\u00e9nt<br \/>\nAnyag: pap\u00edr, f\u00e9m<br \/>\n<strong>Term\u00e9k\u00e1llapot: megrendel\u00e9sre 1 h\u00e9t<\/strong><\/p>","protected":false},"featured_media":1756,"template":"","meta":{"inline_featured_image":false,"_ppp_document_settings_meta":""},"product_brand":[],"product_cat":[118],"product_tag":[],"class_list":{"0":"post-1755","1":"product","2":"type-product","3":"status-publish","4":"has-post-thumbnail","6":"product_cat-lampion","8":"first","9":"onbackorder","10":"shipping-taxable","11":"purchasable","12":"product-type-simple"},"yoast_head":"<!-- This site is optimized with the Yoast SEO plugin v27.4 - https:\/\/yoast.com\/product\/yoast-seo-wordpress\/ -->\n<title>Lampion - feh\u00e9r, 25cm - Bara Wedding<\/title>\n<meta name=\"robots\" content=\"index, follow, max-snippet:-1, max-image-preview:large, max-video-preview:-1\" \/>\n<link rel=\"canonical\" href=\"https:\/\/baraevent.hu\/en\/product\/lampion-feher-25cm\/\" \/>\n<meta property=\"og:locale\" content=\"en_GB\" \/>\n<meta property=\"og:type\" content=\"article\" \/>\n<meta property=\"og:title\" content=\"Lampion - feh\u00e9r, 25cm - Bara Wedding\" \/>\n<meta property=\"og:description\" content=\"M\u00e9ret: \u00e1tm\u00e9r\u0151: 20 cm Forma: g\u00f6mb alak\u00fa Sz\u00edn: feh\u00e9r Kiszerel\u00e9s: darabonk\u00e9nt Anyag: pap\u00edr, f\u00e9m Term\u00e9k\u00e1llapot: megrendel\u00e9sre 1 h\u00e9t\" \/>\n<meta property=\"og:url\" content=\"https:\/\/baraevent.hu\/en\/product\/lampion-feher-25cm\/\" \/>\n<meta property=\"og:site_name\" content=\"Bara Wedding\" \/>\n<meta property=\"article:publisher\" content=\"http:\/\/www.facebook.com\/baraeskuvo\/\" \/>\n<meta property=\"article:modified_time\" content=\"2020-12-18T13:05:03+00:00\" \/>\n<meta property=\"og:image\" content=\"https:\/\/baraevent.hu\/wp-content\/uploads\/2020\/12\/bara_10_20140211130550.jpg\" \/>\n\t<meta property=\"og:image:width\" content=\"600\" \/>\n\t<meta property=\"og:image:height\" content=\"607\" \/>\n\t<meta property=\"og:image:type\" content=\"image\/jpeg\" \/>\n<meta name=\"twitter:card\" content=\"summary_large_image\" \/>\n<script type=\"application\/ld+json\" class=\"yoast-schema-graph\">{\"@context\":\"https:\\\/\\\/schema.org\",\"@graph\":[{\"@type\":\"WebPage\",\"@id\":\"https:\\\/\\\/baraevent.hu\\\/termek\\\/lampion-feher-25cm\\\/\",\"url\":\"https:\\\/\\\/baraevent.hu\\\/termek\\\/lampion-feher-25cm\\\/\",\"name\":\"Lampion - feh\u00e9r, 25cm - Bara Wedding\",\"isPartOf\":{\"@id\":\"https:\\\/\\\/baraevent.hu\\\/#website\"},\"primaryImageOfPage\":{\"@id\":\"https:\\\/\\\/baraevent.hu\\\/termek\\\/lampion-feher-25cm\\\/#primaryimage\"},\"image\":{\"@id\":\"https:\\\/\\\/baraevent.hu\\\/termek\\\/lampion-feher-25cm\\\/#primaryimage\"},\"thumbnailUrl\":\"https:\\\/\\\/baraevent.hu\\\/wp-content\\\/uploads\\\/2020\\\/12\\\/bara_10_20140211130550.jpg\",\"datePublished\":\"2020-12-14T20:41:01+00:00\",\"dateModified\":\"2020-12-18T13:05:03+00:00\",\"breadcrumb\":{\"@id\":\"https:\\\/\\\/baraevent.hu\\\/termek\\\/lampion-feher-25cm\\\/#breadcrumb\"},\"inLanguage\":\"en-GB\",\"potentialAction\":[{\"@type\":\"ReadAction\",\"target\":[\"https:\\\/\\\/baraevent.hu\\\/termek\\\/lampion-feher-25cm\\\/\"]}]},{\"@type\":\"ImageObject\",\"inLanguage\":\"en-GB\",\"@id\":\"https:\\\/\\\/baraevent.hu\\\/termek\\\/lampion-feher-25cm\\\/#primaryimage\",\"url\":\"https:\\\/\\\/baraevent.hu\\\/wp-content\\\/uploads\\\/2020\\\/12\\\/bara_10_20140211130550.jpg\",\"contentUrl\":\"https:\\\/\\\/baraevent.hu\\\/wp-content\\\/uploads\\\/2020\\\/12\\\/bara_10_20140211130550.jpg\",\"width\":600,\"height\":607},{\"@type\":\"BreadcrumbList\",\"@id\":\"https:\\\/\\\/baraevent.hu\\\/termek\\\/lampion-feher-25cm\\\/#breadcrumb\",\"itemListElement\":[{\"@type\":\"ListItem\",\"position\":1,\"name\":\"Home\",\"item\":\"https:\\\/\\\/baraevent.hu\\\/\"},{\"@type\":\"ListItem\",\"position\":2,\"name\":\"\u00dczlet\",\"item\":\"https:\\\/\\\/baraevent.hu\\\/uzlet\\\/\"},{\"@type\":\"ListItem\",\"position\":3,\"name\":\"Lampion &#8211; feh\u00e9r, 25cm\"}]},{\"@type\":\"WebSite\",\"@id\":\"https:\\\/\\\/baraevent.hu\\\/#website\",\"url\":\"https:\\\/\\\/baraevent.hu\\\/\",\"name\":\"www.baraevent.hu\",\"description\":\"\",\"publisher\":{\"@id\":\"https:\\\/\\\/baraevent.hu\\\/#organization\"},\"potentialAction\":[{\"@type\":\"SearchAction\",\"target\":{\"@type\":\"EntryPoint\",\"urlTemplate\":\"https:\\\/\\\/baraevent.hu\\\/?s={search_term_string}\"},\"query-input\":{\"@type\":\"PropertyValueSpecification\",\"valueRequired\":true,\"valueName\":\"search_term_string\"}}],\"inLanguage\":\"en-GB\"},{\"@type\":\"Organization\",\"@id\":\"https:\\\/\\\/baraevent.hu\\\/#organization\",\"name\":\"Bara Wedding\",\"url\":\"https:\\\/\\\/baraevent.hu\\\/\",\"logo\":{\"@type\":\"ImageObject\",\"inLanguage\":\"en-GB\",\"@id\":\"https:\\\/\\\/baraevent.hu\\\/#\\\/schema\\\/logo\\\/image\\\/\",\"url\":\"https:\\\/\\\/baraevent.hu\\\/wp-content\\\/uploads\\\/2019\\\/11\\\/logo-e1593417291257.png\",\"contentUrl\":\"https:\\\/\\\/baraevent.hu\\\/wp-content\\\/uploads\\\/2019\\\/11\\\/logo-e1593417291257.png\",\"width\":700,\"height\":276,\"caption\":\"Bara Wedding\"},\"image\":{\"@id\":\"https:\\\/\\\/baraevent.hu\\\/#\\\/schema\\\/logo\\\/image\\\/\"},\"sameAs\":[\"http:\\\/\\\/www.facebook.com\\\/baraeskuvo\\\/\",\"https:\\\/\\\/www.instagram.com\\\/weddingbara\"]}]}<\/script>\n<!-- \/ Yoast SEO plugin. -->","yoast_head_json":{"title":"Lampion - feh\u00e9r, 25cm - Bara Wedding","robots":{"index":"index","follow":"follow","max-snippet":"max-snippet:-1","max-image-preview":"max-image-preview:large","max-video-preview":"max-video-preview:-1"},"canonical":"https:\/\/baraevent.hu\/en\/product\/lampion-feher-25cm\/","og_locale":"en_GB","og_type":"article","og_title":"Lampion - feh\u00e9r, 25cm - Bara Wedding","og_description":"M\u00e9ret: \u00e1tm\u00e9r\u0151: 20 cm Forma: g\u00f6mb alak\u00fa Sz\u00edn: feh\u00e9r Kiszerel\u00e9s: darabonk\u00e9nt Anyag: pap\u00edr, f\u00e9m Term\u00e9k\u00e1llapot: megrendel\u00e9sre 1 h\u00e9t","og_url":"https:\/\/baraevent.hu\/en\/product\/lampion-feher-25cm\/","og_site_name":"Bara Wedding","article_publisher":"http:\/\/www.facebook.com\/baraeskuvo\/","article_modified_time":"2020-12-18T13:05:03+00:00","og_image":[{"width":600,"height":607,"url":"https:\/\/baraevent.hu\/wp-content\/uploads\/2020\/12\/bara_10_20140211130550.jpg","type":"image\/jpeg"}],"twitter_card":"summary_large_image","schema":{"@context":"https:\/\/schema.org","@graph":[{"@type":"WebPage","@id":"https:\/\/baraevent.hu\/termek\/lampion-feher-25cm\/","url":"https:\/\/baraevent.hu\/termek\/lampion-feher-25cm\/","name":"Lampion - feh\u00e9r, 25cm - Bara Wedding","isPartOf":{"@id":"https:\/\/baraevent.hu\/#website"},"primaryImageOfPage":{"@id":"https:\/\/baraevent.hu\/termek\/lampion-feher-25cm\/#primaryimage"},"image":{"@id":"https:\/\/baraevent.hu\/termek\/lampion-feher-25cm\/#primaryimage"},"thumbnailUrl":"https:\/\/baraevent.hu\/wp-content\/uploads\/2020\/12\/bara_10_20140211130550.jpg","datePublished":"2020-12-14T20:41:01+00:00","dateModified":"2020-12-18T13:05:03+00:00","breadcrumb":{"@id":"https:\/\/baraevent.hu\/termek\/lampion-feher-25cm\/#breadcrumb"},"inLanguage":"en-GB","potentialAction":[{"@type":"ReadAction","target":["https:\/\/baraevent.hu\/termek\/lampion-feher-25cm\/"]}]},{"@type":"ImageObject","inLanguage":"en-GB","@id":"https:\/\/baraevent.hu\/termek\/lampion-feher-25cm\/#primaryimage","url":"https:\/\/baraevent.hu\/wp-content\/uploads\/2020\/12\/bara_10_20140211130550.jpg","contentUrl":"https:\/\/baraevent.hu\/wp-content\/uploads\/2020\/12\/bara_10_20140211130550.jpg","width":600,"height":607},{"@type":"BreadcrumbList","@id":"https:\/\/baraevent.hu\/termek\/lampion-feher-25cm\/#breadcrumb","itemListElement":[{"@type":"ListItem","position":1,"name":"Home","item":"https:\/\/baraevent.hu\/"},{"@type":"ListItem","position":2,"name":"\u00dczlet","item":"https:\/\/baraevent.hu\/uzlet\/"},{"@type":"ListItem","position":3,"name":"Lampion &#8211; feh\u00e9r, 25cm"}]},{"@type":"WebSite","@id":"https:\/\/baraevent.hu\/#website","url":"https:\/\/baraevent.hu\/","name":"www.baraevent.hu","description":"","publisher":{"@id":"https:\/\/baraevent.hu\/#organization"},"potentialAction":[{"@type":"SearchAction","target":{"@type":"EntryPoint","urlTemplate":"https:\/\/baraevent.hu\/?s={search_term_string}"},"query-input":{"@type":"PropertyValueSpecification","valueRequired":true,"valueName":"search_term_string"}}],"inLanguage":"en-GB"},{"@type":"Organization","@id":"https:\/\/baraevent.hu\/#organization","name":"Bara Wedding","url":"https:\/\/baraevent.hu\/","logo":{"@type":"ImageObject","inLanguage":"en-GB","@id":"https:\/\/baraevent.hu\/#\/schema\/logo\/image\/","url":"https:\/\/baraevent.hu\/wp-content\/uploads\/2019\/11\/logo-e1593417291257.png","contentUrl":"https:\/\/baraevent.hu\/wp-content\/uploads\/2019\/11\/logo-e1593417291257.png","width":700,"height":276,"caption":"Bara Wedding"},"image":{"@id":"https:\/\/baraevent.hu\/#\/schema\/logo\/image\/"},"sameAs":["http:\/\/www.facebook.com\/baraeskuvo\/","https:\/\/www.instagram.com\/weddingbara"]}]}},"_links":{"self":[{"href":"https:\/\/baraevent.hu\/en\/wp-json\/wp\/v2\/product\/1755","targetHints":{"allow":["GET"]}}],"collection":[{"href":"https:\/\/baraevent.hu\/en\/wp-json\/wp\/v2\/product"}],"about":[{"href":"https:\/\/baraevent.hu\/en\/wp-json\/wp\/v2\/types\/product"}],"wp:featuredmedia":[{"embeddable":true,"href":"https:\/\/baraevent.hu\/en\/wp-json\/wp\/v2\/media\/1756"}],"wp:attachment":[{"href":"https:\/\/baraevent.hu\/en\/wp-json\/wp\/v2\/media?parent=1755"}],"wp:term":[{"taxonomy":"product_brand","embeddable":true,"href":"https:\/\/baraevent.hu\/en\/wp-json\/wp\/v2\/product_brand?post=1755"},{"taxonomy":"product_cat","embeddable":true,"href":"https:\/\/baraevent.hu\/en\/wp-json\/wp\/v2\/product_cat?post=1755"},{"taxonomy":"product_tag","embeddable":true,"href":"https:\/\/baraevent.hu\/en\/wp-json\/wp\/v2\/product_tag?post=1755"}],"curies":[{"name":"wp","href":"https:\/\/api.w.org\/{rel}","templated":true}]}}