{"id":1806,"date":"2020-12-14T22:33:27","date_gmt":"2020-12-14T21:33:27","guid":{"rendered":"https:\/\/baraevent.hu\/?post_type=product&#038;p=1806"},"modified":"2025-02-18T17:45:51","modified_gmt":"2025-02-18T16:45:51","slug":"gyuruparna-vintage","status":"publish","type":"product","link":"https:\/\/baraevent.hu\/en\/product\/gyuruparna-vintage\/","title":{"rendered":"Gy\u0171r\u0171p\u00e1rna &#8211; Vintage"},"content":{"rendered":"<p>Szat\u00e9n gy\u0171r\u0171p\u00e1rna az esk\u00fcv\u0151i szertart\u00e1sra, mely feh\u00e9r csipk\u00e9vel \u00e9s vil\u00e1gos pink r\u00f3zs\u00e1val van d\u00edsz\u00edtve.<br \/>\nA pink r\u00f3zsa s\u00f6t\u00e9t barna v\u00e9kony szalaggal van \u00e1tk\u00f6tve. A csipkebet\u00e9t al\u00e1 kell a gy\u0171r\u0171ket elhelyezni.<\/p>\n<p><b>Aj\u00e1nlott alkalmak:<\/b>\u00a0polg\u00e1ri \u00e9s templomi szertart\u00e1s<\/p>\n<p><b>Tipp:<\/b>\u00a0N\u00e9zd meg vend\u00e9gk\u00f6nyveinket is, melyek sz\u00ednben \u00e9s st\u00edlusban harmoniz\u00e1lnak a gy\u0171r\u0171p\u00e1rn\u00e1kkal!<\/p>","protected":false},"excerpt":{"rendered":"<p>M\u00e9ret: 16 cm x 16 cm<br \/>\nSz\u00edn: feh\u00e9r &#8211; barna, pink<br \/>\nAnyag: szat\u00e9n, csipke<br \/>\nKiszerel\u00e9s: db<\/p>","protected":false},"featured_media":1807,"template":"","meta":{"inline_featured_image":false,"_ppp_document_settings_meta":""},"product_brand":[],"product_cat":[128,123],"product_tag":[],"class_list":{"0":"post-1806","1":"product","2":"type-product","3":"status-publish","4":"has-post-thumbnail","6":"product_cat-gyuruparna","7":"product_cat-vintage-dekoracio","9":"first","10":"instock","11":"shipping-taxable","12":"purchasable","13":"product-type-simple"},"yoast_head":"<!-- This site is optimized with the Yoast SEO plugin v27.4 - https:\/\/yoast.com\/product\/yoast-seo-wordpress\/ -->\n<title>Gy\u0171r\u0171p\u00e1rna - Vintage - Bara Wedding<\/title>\n<meta name=\"robots\" content=\"index, follow, max-snippet:-1, max-image-preview:large, max-video-preview:-1\" \/>\n<link rel=\"canonical\" href=\"https:\/\/baraevent.hu\/en\/product\/gyuruparna-vintage\/\" \/>\n<meta property=\"og:locale\" content=\"en_GB\" \/>\n<meta property=\"og:type\" content=\"article\" \/>\n<meta property=\"og:title\" content=\"Gy\u0171r\u0171p\u00e1rna - Vintage - Bara Wedding\" \/>\n<meta property=\"og:description\" content=\"M\u00e9ret: 16 cm x 16 cm Sz\u00edn: feh\u00e9r - barna, pink Anyag: szat\u00e9n, csipke Kiszerel\u00e9s: db\" \/>\n<meta property=\"og:url\" content=\"https:\/\/baraevent.hu\/en\/product\/gyuruparna-vintage\/\" \/>\n<meta property=\"og:site_name\" content=\"Bara Wedding\" \/>\n<meta property=\"article:publisher\" content=\"http:\/\/www.facebook.com\/baraeskuvo\/\" \/>\n<meta property=\"article:modified_time\" content=\"2025-02-18T16:45:51+00:00\" \/>\n<meta property=\"og:image\" content=\"https:\/\/baraevent.hu\/wp-content\/uploads\/2020\/12\/bara_66_20140228071116.jpg\" \/>\n\t<meta property=\"og:image:width\" content=\"512\" \/>\n\t<meta property=\"og:image:height\" content=\"384\" \/>\n\t<meta property=\"og:image:type\" content=\"image\/jpeg\" \/>\n<meta name=\"twitter:card\" content=\"summary_large_image\" \/>\n<script type=\"application\/ld+json\" class=\"yoast-schema-graph\">{\"@context\":\"https:\\\/\\\/schema.org\",\"@graph\":[{\"@type\":\"WebPage\",\"@id\":\"https:\\\/\\\/baraevent.hu\\\/termek\\\/gyuruparna-vintage\\\/\",\"url\":\"https:\\\/\\\/baraevent.hu\\\/termek\\\/gyuruparna-vintage\\\/\",\"name\":\"Gy\u0171r\u0171p\u00e1rna - Vintage - Bara Wedding\",\"isPartOf\":{\"@id\":\"https:\\\/\\\/baraevent.hu\\\/#website\"},\"primaryImageOfPage\":{\"@id\":\"https:\\\/\\\/baraevent.hu\\\/termek\\\/gyuruparna-vintage\\\/#primaryimage\"},\"image\":{\"@id\":\"https:\\\/\\\/baraevent.hu\\\/termek\\\/gyuruparna-vintage\\\/#primaryimage\"},\"thumbnailUrl\":\"https:\\\/\\\/baraevent.hu\\\/wp-content\\\/uploads\\\/2020\\\/12\\\/bara_66_20140228071116.jpg\",\"datePublished\":\"2020-12-14T21:33:27+00:00\",\"dateModified\":\"2025-02-18T16:45:51+00:00\",\"breadcrumb\":{\"@id\":\"https:\\\/\\\/baraevent.hu\\\/termek\\\/gyuruparna-vintage\\\/#breadcrumb\"},\"inLanguage\":\"en-GB\",\"potentialAction\":[{\"@type\":\"ReadAction\",\"target\":[\"https:\\\/\\\/baraevent.hu\\\/termek\\\/gyuruparna-vintage\\\/\"]}]},{\"@type\":\"ImageObject\",\"inLanguage\":\"en-GB\",\"@id\":\"https:\\\/\\\/baraevent.hu\\\/termek\\\/gyuruparna-vintage\\\/#primaryimage\",\"url\":\"https:\\\/\\\/baraevent.hu\\\/wp-content\\\/uploads\\\/2020\\\/12\\\/bara_66_20140228071116.jpg\",\"contentUrl\":\"https:\\\/\\\/baraevent.hu\\\/wp-content\\\/uploads\\\/2020\\\/12\\\/bara_66_20140228071116.jpg\",\"width\":512,\"height\":384},{\"@type\":\"BreadcrumbList\",\"@id\":\"https:\\\/\\\/baraevent.hu\\\/termek\\\/gyuruparna-vintage\\\/#breadcrumb\",\"itemListElement\":[{\"@type\":\"ListItem\",\"position\":1,\"name\":\"Home\",\"item\":\"https:\\\/\\\/baraevent.hu\\\/\"},{\"@type\":\"ListItem\",\"position\":2,\"name\":\"\u00dczlet\",\"item\":\"https:\\\/\\\/baraevent.hu\\\/uzlet\\\/\"},{\"@type\":\"ListItem\",\"position\":3,\"name\":\"Gy\u0171r\u0171p\u00e1rna &#8211; Vintage\"}]},{\"@type\":\"WebSite\",\"@id\":\"https:\\\/\\\/baraevent.hu\\\/#website\",\"url\":\"https:\\\/\\\/baraevent.hu\\\/\",\"name\":\"www.baraevent.hu\",\"description\":\"\",\"publisher\":{\"@id\":\"https:\\\/\\\/baraevent.hu\\\/#organization\"},\"potentialAction\":[{\"@type\":\"SearchAction\",\"target\":{\"@type\":\"EntryPoint\",\"urlTemplate\":\"https:\\\/\\\/baraevent.hu\\\/?s={search_term_string}\"},\"query-input\":{\"@type\":\"PropertyValueSpecification\",\"valueRequired\":true,\"valueName\":\"search_term_string\"}}],\"inLanguage\":\"en-GB\"},{\"@type\":\"Organization\",\"@id\":\"https:\\\/\\\/baraevent.hu\\\/#organization\",\"name\":\"Bara Wedding\",\"url\":\"https:\\\/\\\/baraevent.hu\\\/\",\"logo\":{\"@type\":\"ImageObject\",\"inLanguage\":\"en-GB\",\"@id\":\"https:\\\/\\\/baraevent.hu\\\/#\\\/schema\\\/logo\\\/image\\\/\",\"url\":\"https:\\\/\\\/baraevent.hu\\\/wp-content\\\/uploads\\\/2019\\\/11\\\/logo-e1593417291257.png\",\"contentUrl\":\"https:\\\/\\\/baraevent.hu\\\/wp-content\\\/uploads\\\/2019\\\/11\\\/logo-e1593417291257.png\",\"width\":700,\"height\":276,\"caption\":\"Bara Wedding\"},\"image\":{\"@id\":\"https:\\\/\\\/baraevent.hu\\\/#\\\/schema\\\/logo\\\/image\\\/\"},\"sameAs\":[\"http:\\\/\\\/www.facebook.com\\\/baraeskuvo\\\/\",\"https:\\\/\\\/www.instagram.com\\\/weddingbara\"]}]}<\/script>\n<!-- \/ Yoast SEO plugin. -->","yoast_head_json":{"title":"Gy\u0171r\u0171p\u00e1rna - Vintage - Bara Wedding","robots":{"index":"index","follow":"follow","max-snippet":"max-snippet:-1","max-image-preview":"max-image-preview:large","max-video-preview":"max-video-preview:-1"},"canonical":"https:\/\/baraevent.hu\/en\/product\/gyuruparna-vintage\/","og_locale":"en_GB","og_type":"article","og_title":"Gy\u0171r\u0171p\u00e1rna - Vintage - Bara Wedding","og_description":"M\u00e9ret: 16 cm x 16 cm Sz\u00edn: feh\u00e9r - barna, pink Anyag: szat\u00e9n, csipke Kiszerel\u00e9s: db","og_url":"https:\/\/baraevent.hu\/en\/product\/gyuruparna-vintage\/","og_site_name":"Bara Wedding","article_publisher":"http:\/\/www.facebook.com\/baraeskuvo\/","article_modified_time":"2025-02-18T16:45:51+00:00","og_image":[{"width":512,"height":384,"url":"https:\/\/baraevent.hu\/wp-content\/uploads\/2020\/12\/bara_66_20140228071116.jpg","type":"image\/jpeg"}],"twitter_card":"summary_large_image","schema":{"@context":"https:\/\/schema.org","@graph":[{"@type":"WebPage","@id":"https:\/\/baraevent.hu\/termek\/gyuruparna-vintage\/","url":"https:\/\/baraevent.hu\/termek\/gyuruparna-vintage\/","name":"Gy\u0171r\u0171p\u00e1rna - Vintage - Bara Wedding","isPartOf":{"@id":"https:\/\/baraevent.hu\/#website"},"primaryImageOfPage":{"@id":"https:\/\/baraevent.hu\/termek\/gyuruparna-vintage\/#primaryimage"},"image":{"@id":"https:\/\/baraevent.hu\/termek\/gyuruparna-vintage\/#primaryimage"},"thumbnailUrl":"https:\/\/baraevent.hu\/wp-content\/uploads\/2020\/12\/bara_66_20140228071116.jpg","datePublished":"2020-12-14T21:33:27+00:00","dateModified":"2025-02-18T16:45:51+00:00","breadcrumb":{"@id":"https:\/\/baraevent.hu\/termek\/gyuruparna-vintage\/#breadcrumb"},"inLanguage":"en-GB","potentialAction":[{"@type":"ReadAction","target":["https:\/\/baraevent.hu\/termek\/gyuruparna-vintage\/"]}]},{"@type":"ImageObject","inLanguage":"en-GB","@id":"https:\/\/baraevent.hu\/termek\/gyuruparna-vintage\/#primaryimage","url":"https:\/\/baraevent.hu\/wp-content\/uploads\/2020\/12\/bara_66_20140228071116.jpg","contentUrl":"https:\/\/baraevent.hu\/wp-content\/uploads\/2020\/12\/bara_66_20140228071116.jpg","width":512,"height":384},{"@type":"BreadcrumbList","@id":"https:\/\/baraevent.hu\/termek\/gyuruparna-vintage\/#breadcrumb","itemListElement":[{"@type":"ListItem","position":1,"name":"Home","item":"https:\/\/baraevent.hu\/"},{"@type":"ListItem","position":2,"name":"\u00dczlet","item":"https:\/\/baraevent.hu\/uzlet\/"},{"@type":"ListItem","position":3,"name":"Gy\u0171r\u0171p\u00e1rna &#8211; Vintage"}]},{"@type":"WebSite","@id":"https:\/\/baraevent.hu\/#website","url":"https:\/\/baraevent.hu\/","name":"www.baraevent.hu","description":"","publisher":{"@id":"https:\/\/baraevent.hu\/#organization"},"potentialAction":[{"@type":"SearchAction","target":{"@type":"EntryPoint","urlTemplate":"https:\/\/baraevent.hu\/?s={search_term_string}"},"query-input":{"@type":"PropertyValueSpecification","valueRequired":true,"valueName":"search_term_string"}}],"inLanguage":"en-GB"},{"@type":"Organization","@id":"https:\/\/baraevent.hu\/#organization","name":"Bara Wedding","url":"https:\/\/baraevent.hu\/","logo":{"@type":"ImageObject","inLanguage":"en-GB","@id":"https:\/\/baraevent.hu\/#\/schema\/logo\/image\/","url":"https:\/\/baraevent.hu\/wp-content\/uploads\/2019\/11\/logo-e1593417291257.png","contentUrl":"https:\/\/baraevent.hu\/wp-content\/uploads\/2019\/11\/logo-e1593417291257.png","width":700,"height":276,"caption":"Bara Wedding"},"image":{"@id":"https:\/\/baraevent.hu\/#\/schema\/logo\/image\/"},"sameAs":["http:\/\/www.facebook.com\/baraeskuvo\/","https:\/\/www.instagram.com\/weddingbara"]}]}},"_links":{"self":[{"href":"https:\/\/baraevent.hu\/en\/wp-json\/wp\/v2\/product\/1806","targetHints":{"allow":["GET"]}}],"collection":[{"href":"https:\/\/baraevent.hu\/en\/wp-json\/wp\/v2\/product"}],"about":[{"href":"https:\/\/baraevent.hu\/en\/wp-json\/wp\/v2\/types\/product"}],"wp:featuredmedia":[{"embeddable":true,"href":"https:\/\/baraevent.hu\/en\/wp-json\/wp\/v2\/media\/1807"}],"wp:attachment":[{"href":"https:\/\/baraevent.hu\/en\/wp-json\/wp\/v2\/media?parent=1806"}],"wp:term":[{"taxonomy":"product_brand","embeddable":true,"href":"https:\/\/baraevent.hu\/en\/wp-json\/wp\/v2\/product_brand?post=1806"},{"taxonomy":"product_cat","embeddable":true,"href":"https:\/\/baraevent.hu\/en\/wp-json\/wp\/v2\/product_cat?post=1806"},{"taxonomy":"product_tag","embeddable":true,"href":"https:\/\/baraevent.hu\/en\/wp-json\/wp\/v2\/product_tag?post=1806"}],"curies":[{"name":"wp","href":"https:\/\/api.w.org\/{rel}","templated":true}]}}