{"id":1834,"date":"2020-12-14T22:55:52","date_gmt":"2020-12-14T21:55:52","guid":{"rendered":"https:\/\/baraevent.hu\/?post_type=product&#038;p=1834"},"modified":"2025-03-15T13:39:16","modified_gmt":"2025-03-15T12:39:16","slug":"facsipesz-feher","status":"publish","type":"product","link":"https:\/\/baraevent.hu\/en\/product\/facsipesz-feher\/","title":{"rendered":"Facsipesz &#8211; feh\u00e9r"},"content":{"rendered":"<p>FACSIPESZ feh\u00e9r sz\u00ednben<\/p>\n<p>A feh\u00e9r facsipeszeket dekor\u00e1l\u00e1shoz, aj\u00e1nd\u00e9k csomagol\u00e1shoz, vintage kieg\u00e9sz\u00edt\u0151k\u00e9nt vagy csal\u00e1di esem\u00e9nyek alkalm\u00e1val fot\u00f3sarokn\u00e1l f\u00e9nyk\u00e9pek r\u00f6gz\u00edt\u00e9s\u00e9hez tudod haszn\u00e1lni.<\/p>\n<p>A csomag 50 db csipeszt tartalmaz, f\u00e1b\u00f3l k\u00e9sz\u00fcltek, feh\u00e9r sz\u00edn\u0171ek.<\/p>\n<p>Aj\u00e1nlott esem\u00e9nyek: esk\u00fcv\u0151, sz\u00fclet\u00e9snap, keresztel\u0151<\/p>","protected":false},"excerpt":{"rendered":"<p>Feliratozhat\u00f3: k\u00e9zzel<br \/>\nM\u00e9ret: 2,5 cm<br \/>\nSz\u00edn: feh\u00e9r<br \/>\nKiszerel\u00e9s: 50 db\/csomag<br \/>\nAnyag: fa<br \/>\n<strong>Term\u00e9k\u00e1llapot: megrendel\u00e9sre 1 h\u00e9t<\/strong><\/p>","protected":false},"featured_media":4929,"template":"","meta":{"inline_featured_image":false,"_ppp_document_settings_meta":""},"product_brand":[],"product_cat":[167,123],"product_tag":[378,380,381],"class_list":{"0":"post-1834","1":"product","2":"type-product","3":"status-publish","4":"has-post-thumbnail","6":"product_cat-dekoracios-kellekek-oko-termekek","7":"product_cat-vintage-dekoracio","8":"product_tag-facsipesz","9":"product_tag-feher-facsipesz","10":"product_tag-vintage-csipesz","12":"first","13":"onbackorder","14":"shipping-taxable","15":"purchasable","16":"product-type-simple"},"yoast_head":"<!-- This site is optimized with the Yoast SEO plugin v27.4 - https:\/\/yoast.com\/product\/yoast-seo-wordpress\/ -->\n<title>Facsipesz - feh\u00e9r - Bara Wedding<\/title>\n<meta name=\"description\" content=\"A feh\u00e9r facsipeszek jellegzetes vintage kieg\u00e9sz\u00edt\u0151 kell\u00e9kek dekor\u00e1l\u00e1shoz, aj\u00e1nd\u00e9kcsomagol\u00e1shoz, f\u00e9nyk\u00e9pek bel- vagy k\u00fclt\u00e9ri r\u00f6gz\u00edt\u00e9s\u00e9hez.\" \/>\n<meta name=\"robots\" content=\"index, follow, max-snippet:-1, max-image-preview:large, max-video-preview:-1\" \/>\n<link rel=\"canonical\" href=\"https:\/\/baraevent.hu\/en\/product\/facsipesz-feher\/\" \/>\n<meta property=\"og:locale\" content=\"en_GB\" \/>\n<meta property=\"og:type\" content=\"article\" \/>\n<meta property=\"og:title\" content=\"Facsipesz - feh\u00e9r - Bara Wedding\" \/>\n<meta property=\"og:description\" content=\"A feh\u00e9r facsipeszek jellegzetes vintage kieg\u00e9sz\u00edt\u0151 kell\u00e9kek dekor\u00e1l\u00e1shoz, aj\u00e1nd\u00e9kcsomagol\u00e1shoz, f\u00e9nyk\u00e9pek bel- vagy k\u00fclt\u00e9ri r\u00f6gz\u00edt\u00e9s\u00e9hez.\" \/>\n<meta property=\"og:url\" content=\"https:\/\/baraevent.hu\/en\/product\/facsipesz-feher\/\" \/>\n<meta property=\"og:site_name\" content=\"Bara Wedding\" \/>\n<meta property=\"article:publisher\" content=\"http:\/\/www.facebook.com\/baraeskuvo\/\" \/>\n<meta property=\"article:modified_time\" content=\"2025-03-15T12:39:16+00:00\" \/>\n<meta property=\"og:image\" content=\"https:\/\/baraevent.hu\/wp-content\/uploads\/2020\/12\/feher_csipesz.webp\" \/>\n\t<meta property=\"og:image:width\" content=\"1000\" \/>\n\t<meta property=\"og:image:height\" content=\"1000\" \/>\n\t<meta property=\"og:image:type\" content=\"image\/webp\" \/>\n<meta name=\"twitter:card\" content=\"summary_large_image\" \/>\n<meta name=\"twitter:label1\" content=\"Estimated reading time\" \/>\n\t<meta name=\"twitter:data1\" content=\"1 minute\" \/>\n<script type=\"application\/ld+json\" class=\"yoast-schema-graph\">{\"@context\":\"https:\\\/\\\/schema.org\",\"@graph\":[{\"@type\":\"WebPage\",\"@id\":\"https:\\\/\\\/baraevent.hu\\\/termek\\\/facsipesz-feher\\\/\",\"url\":\"https:\\\/\\\/baraevent.hu\\\/termek\\\/facsipesz-feher\\\/\",\"name\":\"Facsipesz - feh\u00e9r - Bara Wedding\",\"isPartOf\":{\"@id\":\"https:\\\/\\\/baraevent.hu\\\/#website\"},\"primaryImageOfPage\":{\"@id\":\"https:\\\/\\\/baraevent.hu\\\/termek\\\/facsipesz-feher\\\/#primaryimage\"},\"image\":{\"@id\":\"https:\\\/\\\/baraevent.hu\\\/termek\\\/facsipesz-feher\\\/#primaryimage\"},\"thumbnailUrl\":\"https:\\\/\\\/baraevent.hu\\\/wp-content\\\/uploads\\\/2020\\\/12\\\/feher_csipesz.webp\",\"datePublished\":\"2020-12-14T21:55:52+00:00\",\"dateModified\":\"2025-03-15T12:39:16+00:00\",\"description\":\"A feh\u00e9r facsipeszek jellegzetes vintage kieg\u00e9sz\u00edt\u0151 kell\u00e9kek dekor\u00e1l\u00e1shoz, aj\u00e1nd\u00e9kcsomagol\u00e1shoz, f\u00e9nyk\u00e9pek bel- vagy k\u00fclt\u00e9ri r\u00f6gz\u00edt\u00e9s\u00e9hez.\",\"breadcrumb\":{\"@id\":\"https:\\\/\\\/baraevent.hu\\\/termek\\\/facsipesz-feher\\\/#breadcrumb\"},\"inLanguage\":\"en-GB\",\"potentialAction\":[{\"@type\":\"ReadAction\",\"target\":[\"https:\\\/\\\/baraevent.hu\\\/termek\\\/facsipesz-feher\\\/\"]}]},{\"@type\":\"ImageObject\",\"inLanguage\":\"en-GB\",\"@id\":\"https:\\\/\\\/baraevent.hu\\\/termek\\\/facsipesz-feher\\\/#primaryimage\",\"url\":\"https:\\\/\\\/baraevent.hu\\\/wp-content\\\/uploads\\\/2020\\\/12\\\/feher_csipesz.webp\",\"contentUrl\":\"https:\\\/\\\/baraevent.hu\\\/wp-content\\\/uploads\\\/2020\\\/12\\\/feher_csipesz.webp\",\"width\":1000,\"height\":1000},{\"@type\":\"BreadcrumbList\",\"@id\":\"https:\\\/\\\/baraevent.hu\\\/termek\\\/facsipesz-feher\\\/#breadcrumb\",\"itemListElement\":[{\"@type\":\"ListItem\",\"position\":1,\"name\":\"Home\",\"item\":\"https:\\\/\\\/baraevent.hu\\\/\"},{\"@type\":\"ListItem\",\"position\":2,\"name\":\"\u00dczlet\",\"item\":\"https:\\\/\\\/baraevent.hu\\\/uzlet\\\/\"},{\"@type\":\"ListItem\",\"position\":3,\"name\":\"Facsipesz &#8211; feh\u00e9r\"}]},{\"@type\":\"WebSite\",\"@id\":\"https:\\\/\\\/baraevent.hu\\\/#website\",\"url\":\"https:\\\/\\\/baraevent.hu\\\/\",\"name\":\"www.baraevent.hu\",\"description\":\"\",\"publisher\":{\"@id\":\"https:\\\/\\\/baraevent.hu\\\/#organization\"},\"potentialAction\":[{\"@type\":\"SearchAction\",\"target\":{\"@type\":\"EntryPoint\",\"urlTemplate\":\"https:\\\/\\\/baraevent.hu\\\/?s={search_term_string}\"},\"query-input\":{\"@type\":\"PropertyValueSpecification\",\"valueRequired\":true,\"valueName\":\"search_term_string\"}}],\"inLanguage\":\"en-GB\"},{\"@type\":\"Organization\",\"@id\":\"https:\\\/\\\/baraevent.hu\\\/#organization\",\"name\":\"Bara Wedding\",\"url\":\"https:\\\/\\\/baraevent.hu\\\/\",\"logo\":{\"@type\":\"ImageObject\",\"inLanguage\":\"en-GB\",\"@id\":\"https:\\\/\\\/baraevent.hu\\\/#\\\/schema\\\/logo\\\/image\\\/\",\"url\":\"https:\\\/\\\/baraevent.hu\\\/wp-content\\\/uploads\\\/2019\\\/11\\\/logo-e1593417291257.png\",\"contentUrl\":\"https:\\\/\\\/baraevent.hu\\\/wp-content\\\/uploads\\\/2019\\\/11\\\/logo-e1593417291257.png\",\"width\":700,\"height\":276,\"caption\":\"Bara Wedding\"},\"image\":{\"@id\":\"https:\\\/\\\/baraevent.hu\\\/#\\\/schema\\\/logo\\\/image\\\/\"},\"sameAs\":[\"http:\\\/\\\/www.facebook.com\\\/baraeskuvo\\\/\",\"https:\\\/\\\/www.instagram.com\\\/weddingbara\"]}]}<\/script>\n<!-- \/ Yoast SEO plugin. -->","yoast_head_json":{"title":"Facsipesz - feh\u00e9r - Bara Wedding","description":"A feh\u00e9r facsipeszek jellegzetes vintage kieg\u00e9sz\u00edt\u0151 kell\u00e9kek dekor\u00e1l\u00e1shoz, aj\u00e1nd\u00e9kcsomagol\u00e1shoz, f\u00e9nyk\u00e9pek bel- vagy k\u00fclt\u00e9ri r\u00f6gz\u00edt\u00e9s\u00e9hez.","robots":{"index":"index","follow":"follow","max-snippet":"max-snippet:-1","max-image-preview":"max-image-preview:large","max-video-preview":"max-video-preview:-1"},"canonical":"https:\/\/baraevent.hu\/en\/product\/facsipesz-feher\/","og_locale":"en_GB","og_type":"article","og_title":"Facsipesz - feh\u00e9r - Bara Wedding","og_description":"A feh\u00e9r facsipeszek jellegzetes vintage kieg\u00e9sz\u00edt\u0151 kell\u00e9kek dekor\u00e1l\u00e1shoz, aj\u00e1nd\u00e9kcsomagol\u00e1shoz, f\u00e9nyk\u00e9pek bel- vagy k\u00fclt\u00e9ri r\u00f6gz\u00edt\u00e9s\u00e9hez.","og_url":"https:\/\/baraevent.hu\/en\/product\/facsipesz-feher\/","og_site_name":"Bara Wedding","article_publisher":"http:\/\/www.facebook.com\/baraeskuvo\/","article_modified_time":"2025-03-15T12:39:16+00:00","og_image":[{"width":1000,"height":1000,"url":"https:\/\/baraevent.hu\/wp-content\/uploads\/2020\/12\/feher_csipesz.webp","type":"image\/webp"}],"twitter_card":"summary_large_image","twitter_misc":{"Estimated reading time":"1 minute"},"schema":{"@context":"https:\/\/schema.org","@graph":[{"@type":"WebPage","@id":"https:\/\/baraevent.hu\/termek\/facsipesz-feher\/","url":"https:\/\/baraevent.hu\/termek\/facsipesz-feher\/","name":"Facsipesz - feh\u00e9r - Bara Wedding","isPartOf":{"@id":"https:\/\/baraevent.hu\/#website"},"primaryImageOfPage":{"@id":"https:\/\/baraevent.hu\/termek\/facsipesz-feher\/#primaryimage"},"image":{"@id":"https:\/\/baraevent.hu\/termek\/facsipesz-feher\/#primaryimage"},"thumbnailUrl":"https:\/\/baraevent.hu\/wp-content\/uploads\/2020\/12\/feher_csipesz.webp","datePublished":"2020-12-14T21:55:52+00:00","dateModified":"2025-03-15T12:39:16+00:00","description":"A feh\u00e9r facsipeszek jellegzetes vintage kieg\u00e9sz\u00edt\u0151 kell\u00e9kek dekor\u00e1l\u00e1shoz, aj\u00e1nd\u00e9kcsomagol\u00e1shoz, f\u00e9nyk\u00e9pek bel- vagy k\u00fclt\u00e9ri r\u00f6gz\u00edt\u00e9s\u00e9hez.","breadcrumb":{"@id":"https:\/\/baraevent.hu\/termek\/facsipesz-feher\/#breadcrumb"},"inLanguage":"en-GB","potentialAction":[{"@type":"ReadAction","target":["https:\/\/baraevent.hu\/termek\/facsipesz-feher\/"]}]},{"@type":"ImageObject","inLanguage":"en-GB","@id":"https:\/\/baraevent.hu\/termek\/facsipesz-feher\/#primaryimage","url":"https:\/\/baraevent.hu\/wp-content\/uploads\/2020\/12\/feher_csipesz.webp","contentUrl":"https:\/\/baraevent.hu\/wp-content\/uploads\/2020\/12\/feher_csipesz.webp","width":1000,"height":1000},{"@type":"BreadcrumbList","@id":"https:\/\/baraevent.hu\/termek\/facsipesz-feher\/#breadcrumb","itemListElement":[{"@type":"ListItem","position":1,"name":"Home","item":"https:\/\/baraevent.hu\/"},{"@type":"ListItem","position":2,"name":"\u00dczlet","item":"https:\/\/baraevent.hu\/uzlet\/"},{"@type":"ListItem","position":3,"name":"Facsipesz &#8211; feh\u00e9r"}]},{"@type":"WebSite","@id":"https:\/\/baraevent.hu\/#website","url":"https:\/\/baraevent.hu\/","name":"www.baraevent.hu","description":"","publisher":{"@id":"https:\/\/baraevent.hu\/#organization"},"potentialAction":[{"@type":"SearchAction","target":{"@type":"EntryPoint","urlTemplate":"https:\/\/baraevent.hu\/?s={search_term_string}"},"query-input":{"@type":"PropertyValueSpecification","valueRequired":true,"valueName":"search_term_string"}}],"inLanguage":"en-GB"},{"@type":"Organization","@id":"https:\/\/baraevent.hu\/#organization","name":"Bara Wedding","url":"https:\/\/baraevent.hu\/","logo":{"@type":"ImageObject","inLanguage":"en-GB","@id":"https:\/\/baraevent.hu\/#\/schema\/logo\/image\/","url":"https:\/\/baraevent.hu\/wp-content\/uploads\/2019\/11\/logo-e1593417291257.png","contentUrl":"https:\/\/baraevent.hu\/wp-content\/uploads\/2019\/11\/logo-e1593417291257.png","width":700,"height":276,"caption":"Bara Wedding"},"image":{"@id":"https:\/\/baraevent.hu\/#\/schema\/logo\/image\/"},"sameAs":["http:\/\/www.facebook.com\/baraeskuvo\/","https:\/\/www.instagram.com\/weddingbara"]}]}},"_links":{"self":[{"href":"https:\/\/baraevent.hu\/en\/wp-json\/wp\/v2\/product\/1834","targetHints":{"allow":["GET"]}}],"collection":[{"href":"https:\/\/baraevent.hu\/en\/wp-json\/wp\/v2\/product"}],"about":[{"href":"https:\/\/baraevent.hu\/en\/wp-json\/wp\/v2\/types\/product"}],"wp:featuredmedia":[{"embeddable":true,"href":"https:\/\/baraevent.hu\/en\/wp-json\/wp\/v2\/media\/4929"}],"wp:attachment":[{"href":"https:\/\/baraevent.hu\/en\/wp-json\/wp\/v2\/media?parent=1834"}],"wp:term":[{"taxonomy":"product_brand","embeddable":true,"href":"https:\/\/baraevent.hu\/en\/wp-json\/wp\/v2\/product_brand?post=1834"},{"taxonomy":"product_cat","embeddable":true,"href":"https:\/\/baraevent.hu\/en\/wp-json\/wp\/v2\/product_cat?post=1834"},{"taxonomy":"product_tag","embeddable":true,"href":"https:\/\/baraevent.hu\/en\/wp-json\/wp\/v2\/product_tag?post=1834"}],"curies":[{"name":"wp","href":"https:\/\/api.w.org\/{rel}","templated":true}]}}