{"id":1908,"date":"2020-12-15T13:26:53","date_gmt":"2020-12-15T12:26:53","guid":{"rendered":"https:\/\/baraevent.hu\/?post_type=product&#038;p=1908"},"modified":"2025-03-31T21:07:34","modified_gmt":"2025-03-31T19:07:34","slug":"dekorhomok-malyva","status":"publish","type":"product","link":"https:\/\/baraevent.hu\/en\/product\/dekorhomok-malyva\/","title":{"rendered":"Dekorhomok &#8211; m\u00e1lyva"},"content":{"rendered":"<p>Az esk\u00fcv\u0151i homokcerem\u00f3nia a polg\u00e1ri szertart\u00e1s k\u00fcl\u00f6nleges r\u00e9sze, \u00e9s k\u00fcl\u00f6n\u00f6sen aj\u00e1nlott szeles napokon, k\u00fclt\u00e9ri esk\u00fcv\u0151 eset\u00e9n.<\/p>\n<p>A szok\u00e1s Hawaii-r\u00f3l sz\u00e1rmazik, ahol az esk\u00fcv\u0151i szertart\u00e1son a gyertyagy\u00fajt\u00e1s helyett a p\u00e1r sz\u00ednes homokot sz\u00f3r egy \u00fcveged\u00e9nybe, ami az eddigi k\u00e9t k\u00fcl\u00f6n \u00e9let egyes\u00fcl\u00e9s\u00e9t jelk\u00e9pezi.<\/p>\n<p>El\u0151sz\u00f6r a v\u0151leg\u00e9ny sz\u00f3r egy keveset az ed\u00e9nybe a homokb\u00f3l, majd a menyasszony, v\u00e9g\u00fcl a marad\u00e9kot k\u00f6z\u00f6sen, \u00edgy az \u00fcvegv\u00e1z\u00e1ban sz\u00e9p egyedi mot\u00edvum rajzol\u00f3dik ki.<\/p>\n<p>Nincs m\u00e1sra sz\u00fcks\u00e9g\u00fcnk, mint h\u00e1rom kisebb \u00e1ttetsz\u0151 \u00fcvegv\u00e1z\u00e1ra, vagy ak\u00e1r pezsg\u0151spoh\u00e1rra \u00e9s egy-egy poh\u00e1r dekorhomokra az esk\u00fcv\u0151 dekor\u00e1ci\u00f3j\u00e1val harmoniz\u00e1l\u00f3 sz\u00ednekben.<\/p>\n<p><b>Aj\u00e1nlott alkalmak:<\/b>\u00a0polg\u00e1ri szertart\u00e1sra<\/p>\n<p><b>Tipp:<\/b>\u00a0 Ha nem tal\u00e1lod a k\u00edv\u00e1nt sz\u00ednt k\u00edn\u00e1latunkban, jelezd nek\u00fcnk\u00a0 emailben (baraevent@baraevent.hu),\u00a0 \u00e9s mi lehet\u0151s\u00e9g szerint pr\u00f3b\u00e1ljuk megval\u00f3s\u00edtani elk\u00e9pzel\u00e9sedet!<\/p>","protected":false},"excerpt":{"rendered":"<p>Mennyis\u00e9g: 400gr<br \/>\nSz\u00edn: m\u00e1lyva<br \/>\nKiszerel\u00e9s: db<br \/>\nAnyag: homok<br \/>\n<strong>Term\u00e9k\u00e1llapot: megrendel\u00e9sre 1 h\u00e9t<\/strong><\/p>","protected":false},"featured_media":1883,"template":"","meta":{"inline_featured_image":false,"_ppp_document_settings_meta":""},"product_brand":[],"product_cat":[130],"product_tag":[],"class_list":{"0":"post-1908","1":"product","2":"type-product","3":"status-publish","4":"has-post-thumbnail","6":"product_cat-homokceremonia","8":"first","9":"onbackorder","10":"shipping-taxable","11":"purchasable","12":"product-type-simple"},"yoast_head":"<!-- This site is optimized with the Yoast SEO plugin v27.4 - https:\/\/yoast.com\/product\/yoast-seo-wordpress\/ -->\n<title>Dekorhomok - m\u00e1lyva - Bara Wedding<\/title>\n<meta name=\"robots\" content=\"index, follow, max-snippet:-1, max-image-preview:large, max-video-preview:-1\" \/>\n<link rel=\"canonical\" href=\"https:\/\/baraevent.hu\/en\/product\/dekorhomok-malyva\/\" \/>\n<meta property=\"og:locale\" content=\"en_GB\" \/>\n<meta property=\"og:type\" content=\"article\" \/>\n<meta property=\"og:title\" content=\"Dekorhomok - m\u00e1lyva - Bara Wedding\" \/>\n<meta property=\"og:description\" content=\"Mennyis\u00e9g: 400gr Sz\u00edn: m\u00e1lyva Kiszerel\u00e9s: db Anyag: homok Term\u00e9k\u00e1llapot: megrendel\u00e9sre 1 h\u00e9t\" \/>\n<meta property=\"og:url\" content=\"https:\/\/baraevent.hu\/en\/product\/dekorhomok-malyva\/\" \/>\n<meta property=\"og:site_name\" content=\"Bara Wedding\" \/>\n<meta property=\"article:publisher\" content=\"http:\/\/www.facebook.com\/baraeskuvo\/\" \/>\n<meta property=\"article:modified_time\" content=\"2025-03-31T19:07:34+00:00\" \/>\n<meta property=\"og:image\" content=\"https:\/\/baraevent.hu\/wp-content\/uploads\/2020\/12\/bara_83_20160223221911.jpg\" \/>\n\t<meta property=\"og:image:width\" content=\"269\" \/>\n\t<meta property=\"og:image:height\" content=\"434\" \/>\n\t<meta property=\"og:image:type\" content=\"image\/jpeg\" \/>\n<meta name=\"twitter:card\" content=\"summary_large_image\" \/>\n<meta name=\"twitter:label1\" content=\"Estimated reading time\" \/>\n\t<meta name=\"twitter:data1\" content=\"1 minute\" \/>\n<script type=\"application\/ld+json\" class=\"yoast-schema-graph\">{\"@context\":\"https:\\\/\\\/schema.org\",\"@graph\":[{\"@type\":\"WebPage\",\"@id\":\"https:\\\/\\\/baraevent.hu\\\/termek\\\/dekorhomok-malyva\\\/\",\"url\":\"https:\\\/\\\/baraevent.hu\\\/termek\\\/dekorhomok-malyva\\\/\",\"name\":\"Dekorhomok - m\u00e1lyva - Bara Wedding\",\"isPartOf\":{\"@id\":\"https:\\\/\\\/baraevent.hu\\\/#website\"},\"primaryImageOfPage\":{\"@id\":\"https:\\\/\\\/baraevent.hu\\\/termek\\\/dekorhomok-malyva\\\/#primaryimage\"},\"image\":{\"@id\":\"https:\\\/\\\/baraevent.hu\\\/termek\\\/dekorhomok-malyva\\\/#primaryimage\"},\"thumbnailUrl\":\"https:\\\/\\\/baraevent.hu\\\/wp-content\\\/uploads\\\/2020\\\/12\\\/bara_83_20160223221911.jpg\",\"datePublished\":\"2020-12-15T12:26:53+00:00\",\"dateModified\":\"2025-03-31T19:07:34+00:00\",\"breadcrumb\":{\"@id\":\"https:\\\/\\\/baraevent.hu\\\/termek\\\/dekorhomok-malyva\\\/#breadcrumb\"},\"inLanguage\":\"en-GB\",\"potentialAction\":[{\"@type\":\"ReadAction\",\"target\":[\"https:\\\/\\\/baraevent.hu\\\/termek\\\/dekorhomok-malyva\\\/\"]}]},{\"@type\":\"ImageObject\",\"inLanguage\":\"en-GB\",\"@id\":\"https:\\\/\\\/baraevent.hu\\\/termek\\\/dekorhomok-malyva\\\/#primaryimage\",\"url\":\"https:\\\/\\\/baraevent.hu\\\/wp-content\\\/uploads\\\/2020\\\/12\\\/bara_83_20160223221911.jpg\",\"contentUrl\":\"https:\\\/\\\/baraevent.hu\\\/wp-content\\\/uploads\\\/2020\\\/12\\\/bara_83_20160223221911.jpg\",\"width\":269,\"height\":434},{\"@type\":\"BreadcrumbList\",\"@id\":\"https:\\\/\\\/baraevent.hu\\\/termek\\\/dekorhomok-malyva\\\/#breadcrumb\",\"itemListElement\":[{\"@type\":\"ListItem\",\"position\":1,\"name\":\"Home\",\"item\":\"https:\\\/\\\/baraevent.hu\\\/\"},{\"@type\":\"ListItem\",\"position\":2,\"name\":\"\u00dczlet\",\"item\":\"https:\\\/\\\/baraevent.hu\\\/uzlet\\\/\"},{\"@type\":\"ListItem\",\"position\":3,\"name\":\"Dekorhomok &#8211; m\u00e1lyva\"}]},{\"@type\":\"WebSite\",\"@id\":\"https:\\\/\\\/baraevent.hu\\\/#website\",\"url\":\"https:\\\/\\\/baraevent.hu\\\/\",\"name\":\"www.baraevent.hu\",\"description\":\"\",\"publisher\":{\"@id\":\"https:\\\/\\\/baraevent.hu\\\/#organization\"},\"potentialAction\":[{\"@type\":\"SearchAction\",\"target\":{\"@type\":\"EntryPoint\",\"urlTemplate\":\"https:\\\/\\\/baraevent.hu\\\/?s={search_term_string}\"},\"query-input\":{\"@type\":\"PropertyValueSpecification\",\"valueRequired\":true,\"valueName\":\"search_term_string\"}}],\"inLanguage\":\"en-GB\"},{\"@type\":\"Organization\",\"@id\":\"https:\\\/\\\/baraevent.hu\\\/#organization\",\"name\":\"Bara Wedding\",\"url\":\"https:\\\/\\\/baraevent.hu\\\/\",\"logo\":{\"@type\":\"ImageObject\",\"inLanguage\":\"en-GB\",\"@id\":\"https:\\\/\\\/baraevent.hu\\\/#\\\/schema\\\/logo\\\/image\\\/\",\"url\":\"https:\\\/\\\/baraevent.hu\\\/wp-content\\\/uploads\\\/2019\\\/11\\\/logo-e1593417291257.png\",\"contentUrl\":\"https:\\\/\\\/baraevent.hu\\\/wp-content\\\/uploads\\\/2019\\\/11\\\/logo-e1593417291257.png\",\"width\":700,\"height\":276,\"caption\":\"Bara Wedding\"},\"image\":{\"@id\":\"https:\\\/\\\/baraevent.hu\\\/#\\\/schema\\\/logo\\\/image\\\/\"},\"sameAs\":[\"http:\\\/\\\/www.facebook.com\\\/baraeskuvo\\\/\",\"https:\\\/\\\/www.instagram.com\\\/weddingbara\"]}]}<\/script>\n<!-- \/ Yoast SEO plugin. -->","yoast_head_json":{"title":"Dekorhomok - m\u00e1lyva - Bara Wedding","robots":{"index":"index","follow":"follow","max-snippet":"max-snippet:-1","max-image-preview":"max-image-preview:large","max-video-preview":"max-video-preview:-1"},"canonical":"https:\/\/baraevent.hu\/en\/product\/dekorhomok-malyva\/","og_locale":"en_GB","og_type":"article","og_title":"Dekorhomok - m\u00e1lyva - Bara Wedding","og_description":"Mennyis\u00e9g: 400gr Sz\u00edn: m\u00e1lyva Kiszerel\u00e9s: db Anyag: homok Term\u00e9k\u00e1llapot: megrendel\u00e9sre 1 h\u00e9t","og_url":"https:\/\/baraevent.hu\/en\/product\/dekorhomok-malyva\/","og_site_name":"Bara Wedding","article_publisher":"http:\/\/www.facebook.com\/baraeskuvo\/","article_modified_time":"2025-03-31T19:07:34+00:00","og_image":[{"width":269,"height":434,"url":"https:\/\/baraevent.hu\/wp-content\/uploads\/2020\/12\/bara_83_20160223221911.jpg","type":"image\/jpeg"}],"twitter_card":"summary_large_image","twitter_misc":{"Estimated reading time":"1 minute"},"schema":{"@context":"https:\/\/schema.org","@graph":[{"@type":"WebPage","@id":"https:\/\/baraevent.hu\/termek\/dekorhomok-malyva\/","url":"https:\/\/baraevent.hu\/termek\/dekorhomok-malyva\/","name":"Dekorhomok - m\u00e1lyva - Bara Wedding","isPartOf":{"@id":"https:\/\/baraevent.hu\/#website"},"primaryImageOfPage":{"@id":"https:\/\/baraevent.hu\/termek\/dekorhomok-malyva\/#primaryimage"},"image":{"@id":"https:\/\/baraevent.hu\/termek\/dekorhomok-malyva\/#primaryimage"},"thumbnailUrl":"https:\/\/baraevent.hu\/wp-content\/uploads\/2020\/12\/bara_83_20160223221911.jpg","datePublished":"2020-12-15T12:26:53+00:00","dateModified":"2025-03-31T19:07:34+00:00","breadcrumb":{"@id":"https:\/\/baraevent.hu\/termek\/dekorhomok-malyva\/#breadcrumb"},"inLanguage":"en-GB","potentialAction":[{"@type":"ReadAction","target":["https:\/\/baraevent.hu\/termek\/dekorhomok-malyva\/"]}]},{"@type":"ImageObject","inLanguage":"en-GB","@id":"https:\/\/baraevent.hu\/termek\/dekorhomok-malyva\/#primaryimage","url":"https:\/\/baraevent.hu\/wp-content\/uploads\/2020\/12\/bara_83_20160223221911.jpg","contentUrl":"https:\/\/baraevent.hu\/wp-content\/uploads\/2020\/12\/bara_83_20160223221911.jpg","width":269,"height":434},{"@type":"BreadcrumbList","@id":"https:\/\/baraevent.hu\/termek\/dekorhomok-malyva\/#breadcrumb","itemListElement":[{"@type":"ListItem","position":1,"name":"Home","item":"https:\/\/baraevent.hu\/"},{"@type":"ListItem","position":2,"name":"\u00dczlet","item":"https:\/\/baraevent.hu\/uzlet\/"},{"@type":"ListItem","position":3,"name":"Dekorhomok &#8211; m\u00e1lyva"}]},{"@type":"WebSite","@id":"https:\/\/baraevent.hu\/#website","url":"https:\/\/baraevent.hu\/","name":"www.baraevent.hu","description":"","publisher":{"@id":"https:\/\/baraevent.hu\/#organization"},"potentialAction":[{"@type":"SearchAction","target":{"@type":"EntryPoint","urlTemplate":"https:\/\/baraevent.hu\/?s={search_term_string}"},"query-input":{"@type":"PropertyValueSpecification","valueRequired":true,"valueName":"search_term_string"}}],"inLanguage":"en-GB"},{"@type":"Organization","@id":"https:\/\/baraevent.hu\/#organization","name":"Bara Wedding","url":"https:\/\/baraevent.hu\/","logo":{"@type":"ImageObject","inLanguage":"en-GB","@id":"https:\/\/baraevent.hu\/#\/schema\/logo\/image\/","url":"https:\/\/baraevent.hu\/wp-content\/uploads\/2019\/11\/logo-e1593417291257.png","contentUrl":"https:\/\/baraevent.hu\/wp-content\/uploads\/2019\/11\/logo-e1593417291257.png","width":700,"height":276,"caption":"Bara Wedding"},"image":{"@id":"https:\/\/baraevent.hu\/#\/schema\/logo\/image\/"},"sameAs":["http:\/\/www.facebook.com\/baraeskuvo\/","https:\/\/www.instagram.com\/weddingbara"]}]}},"_links":{"self":[{"href":"https:\/\/baraevent.hu\/en\/wp-json\/wp\/v2\/product\/1908","targetHints":{"allow":["GET"]}}],"collection":[{"href":"https:\/\/baraevent.hu\/en\/wp-json\/wp\/v2\/product"}],"about":[{"href":"https:\/\/baraevent.hu\/en\/wp-json\/wp\/v2\/types\/product"}],"wp:featuredmedia":[{"embeddable":true,"href":"https:\/\/baraevent.hu\/en\/wp-json\/wp\/v2\/media\/1883"}],"wp:attachment":[{"href":"https:\/\/baraevent.hu\/en\/wp-json\/wp\/v2\/media?parent=1908"}],"wp:term":[{"taxonomy":"product_brand","embeddable":true,"href":"https:\/\/baraevent.hu\/en\/wp-json\/wp\/v2\/product_brand?post=1908"},{"taxonomy":"product_cat","embeddable":true,"href":"https:\/\/baraevent.hu\/en\/wp-json\/wp\/v2\/product_cat?post=1908"},{"taxonomy":"product_tag","embeddable":true,"href":"https:\/\/baraevent.hu\/en\/wp-json\/wp\/v2\/product_tag?post=1908"}],"curies":[{"name":"wp","href":"https:\/\/api.w.org\/{rel}","templated":true}]}}