{"id":1917,"date":"2020-12-15T13:36:59","date_gmt":"2020-12-15T12:36:59","guid":{"rendered":"https:\/\/baraevent.hu\/?post_type=product&#038;p=1917"},"modified":"2025-07-07T22:31:55","modified_gmt":"2025-07-07T20:31:55","slug":"homokszoro-szett-sziv","status":"publish","type":"product","link":"https:\/\/baraevent.hu\/en\/product\/homokszoro-szett-sziv\/","title":{"rendered":"Homoksz\u00f3r\u00f3 szett &#8211; sz\u00edv"},"content":{"rendered":"<p>Homoksz\u00f3r\u00f3 szett &#8211; sz\u00edvalak\u00fa<\/p>\n<p>Az esk\u00fcv\u0151i homokcerem\u00f3nia a polg\u00e1ri szertart\u00e1s k\u00fcl\u00f6nleges r\u00e9sze. Elengedhetetlen kell\u00e9ke a szertart\u00e1snak a homoksz\u00f3r\u00f3 szett \u00e9s a k\u00e9t k\u00fcl\u00f6nb\u00f6z\u0151 sz\u00edn\u0171 dekorhomok.<\/p>\n<p>A szok\u00e1s Hawaii-r\u00f3l sz\u00e1rmazik, ahol az esk\u00fcv\u0151i szertart\u00e1son a gyertyagy\u00fajt\u00e1s helyett a p\u00e1r sz\u00ednes homokot sz\u00f3r egy \u00fcveged\u00e9nybe, ami az eddigi k\u00e9t k\u00fcl\u00f6n \u00e9let egyes\u00fcl\u00e9s\u00e9t jelk\u00e9pezi.<\/p>\n<p>El\u0151sz\u00f6r a v\u0151leg\u00e9ny sz\u00f3r egy keveset az ed\u00e9nybe a homokb\u00f3l, majd a menyasszony, v\u00e9g\u00fcl a marad\u00e9kot k\u00f6z\u00f6sen, \u00edgy az \u00fcvegv\u00e1z\u00e1ban sz\u00e9p egyedi mot\u00edvum rajzol\u00f3dik ki.<\/p>\n<p>Nincs m\u00e1sra sz\u00fcks\u00e9g\u00fcnk, mint h\u00e1rom \u00e1ttetsz\u0151 \u00fcvegv\u00e1z\u00e1ra \u00e9s az esk\u00fcv\u0151 dekor\u00e1ci\u00f3j\u00e1val harmoniz\u00e1l\u00f3 <a href=\"https:\/\/baraevent.hu\/en\/product-category\/szertartasi-kellekek\/homokceremonia\/\">dekorhomokra <\/a><\/p>\n<p>A homoksz\u00f3r\u00f3 szett egy sz\u00edv alak\u00fa \u00fcveged\u00e9nyb\u0151l \u00e1ll \u00e9s k\u00e9t kisebb \u00fcveg tart\u00f3b\u00f3l.<\/p>\n<p><b>Aj\u00e1nlott alkalmak:<\/b>\u00a0polg\u00e1ri szertart\u00e1sra<\/p>","protected":false},"excerpt":{"rendered":"<p>Kiszerel\u00e9s: szett\/3 db<br \/>\nAnyag: \u00fcveg<br \/>\nM\u00e9ret: 2 db 0,25 l, 1 db 0,5 l<br \/>\n<strong>Term\u00e9k\u00e1llapot: megrendel\u00e9sre 1 h\u00e9t<\/strong><\/p>","protected":false},"featured_media":3876,"template":"","meta":{"inline_featured_image":false,"_ppp_document_settings_meta":""},"product_brand":[],"product_cat":[131],"product_tag":[233,232,231,234,235],"class_list":{"0":"post-1917","1":"product","2":"type-product","3":"status-publish","4":"has-post-thumbnail","6":"product_cat-homokszoro-szett","7":"product_tag-dekorhomok","8":"product_tag-homokceremonia","9":"product_tag-homokontes","10":"product_tag-homokszoras","11":"product_tag-homokszoro-szertt","13":"first","14":"onbackorder","15":"shipping-taxable","16":"purchasable","17":"product-type-simple"},"yoast_head":"<!-- This site is optimized with the Yoast SEO plugin v27.4 - https:\/\/yoast.com\/product\/yoast-seo-wordpress\/ -->\n<title>Homoksz\u00f3r\u00f3 szett - homokcerem\u00f3nia - Bara Wedding<\/title>\n<meta name=\"description\" content=\"Az esk\u00fcv\u0151i homokcerem\u00f3nia egyik kell\u00e9ke a homoksz\u00f3r\u00f3 szett, ebbe sz\u00f3rja az esk\u00fcv\u0151i p\u00e1r a k\u00fcl\u00f6nb\u00f6z\u0151 sz\u00edn\u0171 homokot.\" \/>\n<meta name=\"robots\" content=\"index, follow, max-snippet:-1, max-image-preview:large, max-video-preview:-1\" \/>\n<link rel=\"canonical\" href=\"https:\/\/baraevent.hu\/en\/product\/homokszoro-szett-sziv\/\" \/>\n<meta property=\"og:locale\" content=\"en_GB\" \/>\n<meta property=\"og:type\" content=\"article\" \/>\n<meta property=\"og:title\" content=\"Homoksz\u00f3r\u00f3 szett - homokcerem\u00f3nia - Bara Wedding\" \/>\n<meta property=\"og:description\" content=\"Az esk\u00fcv\u0151i homokcerem\u00f3nia egyik kell\u00e9ke a homoksz\u00f3r\u00f3 szett, ebbe sz\u00f3rja az esk\u00fcv\u0151i p\u00e1r a k\u00fcl\u00f6nb\u00f6z\u0151 sz\u00edn\u0171 homokot.\" \/>\n<meta property=\"og:url\" content=\"https:\/\/baraevent.hu\/en\/product\/homokszoro-szett-sziv\/\" \/>\n<meta property=\"og:site_name\" content=\"Bara Wedding\" \/>\n<meta property=\"article:publisher\" content=\"http:\/\/www.facebook.com\/baraeskuvo\/\" \/>\n<meta property=\"article:modified_time\" content=\"2025-07-07T20:31:55+00:00\" \/>\n<meta property=\"og:image\" content=\"https:\/\/baraevent.hu\/wp-content\/uploads\/2020\/12\/homokszoroszett-sziv3.jpg\" \/>\n\t<meta property=\"og:image:width\" content=\"594\" \/>\n\t<meta property=\"og:image:height\" content=\"581\" \/>\n\t<meta property=\"og:image:type\" content=\"image\/jpeg\" \/>\n<meta name=\"twitter:card\" content=\"summary_large_image\" \/>\n<meta name=\"twitter:label1\" content=\"Estimated reading time\" \/>\n\t<meta name=\"twitter:data1\" content=\"1 minute\" \/>\n<script type=\"application\/ld+json\" class=\"yoast-schema-graph\">{\"@context\":\"https:\\\/\\\/schema.org\",\"@graph\":[{\"@type\":\"WebPage\",\"@id\":\"https:\\\/\\\/baraevent.hu\\\/termek\\\/homokszoro-szett-sziv\\\/\",\"url\":\"https:\\\/\\\/baraevent.hu\\\/termek\\\/homokszoro-szett-sziv\\\/\",\"name\":\"Homoksz\u00f3r\u00f3 szett - homokcerem\u00f3nia - Bara Wedding\",\"isPartOf\":{\"@id\":\"https:\\\/\\\/baraevent.hu\\\/#website\"},\"primaryImageOfPage\":{\"@id\":\"https:\\\/\\\/baraevent.hu\\\/termek\\\/homokszoro-szett-sziv\\\/#primaryimage\"},\"image\":{\"@id\":\"https:\\\/\\\/baraevent.hu\\\/termek\\\/homokszoro-szett-sziv\\\/#primaryimage\"},\"thumbnailUrl\":\"https:\\\/\\\/baraevent.hu\\\/wp-content\\\/uploads\\\/2020\\\/12\\\/homokszoroszett-sziv3.jpg\",\"datePublished\":\"2020-12-15T12:36:59+00:00\",\"dateModified\":\"2025-07-07T20:31:55+00:00\",\"description\":\"Az esk\u00fcv\u0151i homokcerem\u00f3nia egyik kell\u00e9ke a homoksz\u00f3r\u00f3 szett, ebbe sz\u00f3rja az esk\u00fcv\u0151i p\u00e1r a k\u00fcl\u00f6nb\u00f6z\u0151 sz\u00edn\u0171 homokot.\",\"breadcrumb\":{\"@id\":\"https:\\\/\\\/baraevent.hu\\\/termek\\\/homokszoro-szett-sziv\\\/#breadcrumb\"},\"inLanguage\":\"en-GB\",\"potentialAction\":[{\"@type\":\"ReadAction\",\"target\":[\"https:\\\/\\\/baraevent.hu\\\/termek\\\/homokszoro-szett-sziv\\\/\"]}]},{\"@type\":\"ImageObject\",\"inLanguage\":\"en-GB\",\"@id\":\"https:\\\/\\\/baraevent.hu\\\/termek\\\/homokszoro-szett-sziv\\\/#primaryimage\",\"url\":\"https:\\\/\\\/baraevent.hu\\\/wp-content\\\/uploads\\\/2020\\\/12\\\/homokszoroszett-sziv3.jpg\",\"contentUrl\":\"https:\\\/\\\/baraevent.hu\\\/wp-content\\\/uploads\\\/2020\\\/12\\\/homokszoroszett-sziv3.jpg\",\"width\":594,\"height\":581},{\"@type\":\"BreadcrumbList\",\"@id\":\"https:\\\/\\\/baraevent.hu\\\/termek\\\/homokszoro-szett-sziv\\\/#breadcrumb\",\"itemListElement\":[{\"@type\":\"ListItem\",\"position\":1,\"name\":\"Home\",\"item\":\"https:\\\/\\\/baraevent.hu\\\/\"},{\"@type\":\"ListItem\",\"position\":2,\"name\":\"\u00dczlet\",\"item\":\"https:\\\/\\\/baraevent.hu\\\/uzlet\\\/\"},{\"@type\":\"ListItem\",\"position\":3,\"name\":\"Homoksz\u00f3r\u00f3 szett &#8211; sz\u00edv\"}]},{\"@type\":\"WebSite\",\"@id\":\"https:\\\/\\\/baraevent.hu\\\/#website\",\"url\":\"https:\\\/\\\/baraevent.hu\\\/\",\"name\":\"www.baraevent.hu\",\"description\":\"\",\"publisher\":{\"@id\":\"https:\\\/\\\/baraevent.hu\\\/#organization\"},\"potentialAction\":[{\"@type\":\"SearchAction\",\"target\":{\"@type\":\"EntryPoint\",\"urlTemplate\":\"https:\\\/\\\/baraevent.hu\\\/?s={search_term_string}\"},\"query-input\":{\"@type\":\"PropertyValueSpecification\",\"valueRequired\":true,\"valueName\":\"search_term_string\"}}],\"inLanguage\":\"en-GB\"},{\"@type\":\"Organization\",\"@id\":\"https:\\\/\\\/baraevent.hu\\\/#organization\",\"name\":\"Bara Wedding\",\"url\":\"https:\\\/\\\/baraevent.hu\\\/\",\"logo\":{\"@type\":\"ImageObject\",\"inLanguage\":\"en-GB\",\"@id\":\"https:\\\/\\\/baraevent.hu\\\/#\\\/schema\\\/logo\\\/image\\\/\",\"url\":\"https:\\\/\\\/baraevent.hu\\\/wp-content\\\/uploads\\\/2019\\\/11\\\/logo-e1593417291257.png\",\"contentUrl\":\"https:\\\/\\\/baraevent.hu\\\/wp-content\\\/uploads\\\/2019\\\/11\\\/logo-e1593417291257.png\",\"width\":700,\"height\":276,\"caption\":\"Bara Wedding\"},\"image\":{\"@id\":\"https:\\\/\\\/baraevent.hu\\\/#\\\/schema\\\/logo\\\/image\\\/\"},\"sameAs\":[\"http:\\\/\\\/www.facebook.com\\\/baraeskuvo\\\/\",\"https:\\\/\\\/www.instagram.com\\\/weddingbara\"]}]}<\/script>\n<!-- \/ Yoast SEO plugin. -->","yoast_head_json":{"title":"Homoksz\u00f3r\u00f3 szett - homokcerem\u00f3nia - Bara Wedding","description":"Az esk\u00fcv\u0151i homokcerem\u00f3nia egyik kell\u00e9ke a homoksz\u00f3r\u00f3 szett, ebbe sz\u00f3rja az esk\u00fcv\u0151i p\u00e1r a k\u00fcl\u00f6nb\u00f6z\u0151 sz\u00edn\u0171 homokot.","robots":{"index":"index","follow":"follow","max-snippet":"max-snippet:-1","max-image-preview":"max-image-preview:large","max-video-preview":"max-video-preview:-1"},"canonical":"https:\/\/baraevent.hu\/en\/product\/homokszoro-szett-sziv\/","og_locale":"en_GB","og_type":"article","og_title":"Homoksz\u00f3r\u00f3 szett - homokcerem\u00f3nia - Bara Wedding","og_description":"Az esk\u00fcv\u0151i homokcerem\u00f3nia egyik kell\u00e9ke a homoksz\u00f3r\u00f3 szett, ebbe sz\u00f3rja az esk\u00fcv\u0151i p\u00e1r a k\u00fcl\u00f6nb\u00f6z\u0151 sz\u00edn\u0171 homokot.","og_url":"https:\/\/baraevent.hu\/en\/product\/homokszoro-szett-sziv\/","og_site_name":"Bara Wedding","article_publisher":"http:\/\/www.facebook.com\/baraeskuvo\/","article_modified_time":"2025-07-07T20:31:55+00:00","og_image":[{"width":594,"height":581,"url":"https:\/\/baraevent.hu\/wp-content\/uploads\/2020\/12\/homokszoroszett-sziv3.jpg","type":"image\/jpeg"}],"twitter_card":"summary_large_image","twitter_misc":{"Estimated reading time":"1 minute"},"schema":{"@context":"https:\/\/schema.org","@graph":[{"@type":"WebPage","@id":"https:\/\/baraevent.hu\/termek\/homokszoro-szett-sziv\/","url":"https:\/\/baraevent.hu\/termek\/homokszoro-szett-sziv\/","name":"Homoksz\u00f3r\u00f3 szett - homokcerem\u00f3nia - Bara Wedding","isPartOf":{"@id":"https:\/\/baraevent.hu\/#website"},"primaryImageOfPage":{"@id":"https:\/\/baraevent.hu\/termek\/homokszoro-szett-sziv\/#primaryimage"},"image":{"@id":"https:\/\/baraevent.hu\/termek\/homokszoro-szett-sziv\/#primaryimage"},"thumbnailUrl":"https:\/\/baraevent.hu\/wp-content\/uploads\/2020\/12\/homokszoroszett-sziv3.jpg","datePublished":"2020-12-15T12:36:59+00:00","dateModified":"2025-07-07T20:31:55+00:00","description":"Az esk\u00fcv\u0151i homokcerem\u00f3nia egyik kell\u00e9ke a homoksz\u00f3r\u00f3 szett, ebbe sz\u00f3rja az esk\u00fcv\u0151i p\u00e1r a k\u00fcl\u00f6nb\u00f6z\u0151 sz\u00edn\u0171 homokot.","breadcrumb":{"@id":"https:\/\/baraevent.hu\/termek\/homokszoro-szett-sziv\/#breadcrumb"},"inLanguage":"en-GB","potentialAction":[{"@type":"ReadAction","target":["https:\/\/baraevent.hu\/termek\/homokszoro-szett-sziv\/"]}]},{"@type":"ImageObject","inLanguage":"en-GB","@id":"https:\/\/baraevent.hu\/termek\/homokszoro-szett-sziv\/#primaryimage","url":"https:\/\/baraevent.hu\/wp-content\/uploads\/2020\/12\/homokszoroszett-sziv3.jpg","contentUrl":"https:\/\/baraevent.hu\/wp-content\/uploads\/2020\/12\/homokszoroszett-sziv3.jpg","width":594,"height":581},{"@type":"BreadcrumbList","@id":"https:\/\/baraevent.hu\/termek\/homokszoro-szett-sziv\/#breadcrumb","itemListElement":[{"@type":"ListItem","position":1,"name":"Home","item":"https:\/\/baraevent.hu\/"},{"@type":"ListItem","position":2,"name":"\u00dczlet","item":"https:\/\/baraevent.hu\/uzlet\/"},{"@type":"ListItem","position":3,"name":"Homoksz\u00f3r\u00f3 szett &#8211; sz\u00edv"}]},{"@type":"WebSite","@id":"https:\/\/baraevent.hu\/#website","url":"https:\/\/baraevent.hu\/","name":"www.baraevent.hu","description":"","publisher":{"@id":"https:\/\/baraevent.hu\/#organization"},"potentialAction":[{"@type":"SearchAction","target":{"@type":"EntryPoint","urlTemplate":"https:\/\/baraevent.hu\/?s={search_term_string}"},"query-input":{"@type":"PropertyValueSpecification","valueRequired":true,"valueName":"search_term_string"}}],"inLanguage":"en-GB"},{"@type":"Organization","@id":"https:\/\/baraevent.hu\/#organization","name":"Bara Wedding","url":"https:\/\/baraevent.hu\/","logo":{"@type":"ImageObject","inLanguage":"en-GB","@id":"https:\/\/baraevent.hu\/#\/schema\/logo\/image\/","url":"https:\/\/baraevent.hu\/wp-content\/uploads\/2019\/11\/logo-e1593417291257.png","contentUrl":"https:\/\/baraevent.hu\/wp-content\/uploads\/2019\/11\/logo-e1593417291257.png","width":700,"height":276,"caption":"Bara Wedding"},"image":{"@id":"https:\/\/baraevent.hu\/#\/schema\/logo\/image\/"},"sameAs":["http:\/\/www.facebook.com\/baraeskuvo\/","https:\/\/www.instagram.com\/weddingbara"]}]}},"_links":{"self":[{"href":"https:\/\/baraevent.hu\/en\/wp-json\/wp\/v2\/product\/1917","targetHints":{"allow":["GET"]}}],"collection":[{"href":"https:\/\/baraevent.hu\/en\/wp-json\/wp\/v2\/product"}],"about":[{"href":"https:\/\/baraevent.hu\/en\/wp-json\/wp\/v2\/types\/product"}],"wp:featuredmedia":[{"embeddable":true,"href":"https:\/\/baraevent.hu\/en\/wp-json\/wp\/v2\/media\/3876"}],"wp:attachment":[{"href":"https:\/\/baraevent.hu\/en\/wp-json\/wp\/v2\/media?parent=1917"}],"wp:term":[{"taxonomy":"product_brand","embeddable":true,"href":"https:\/\/baraevent.hu\/en\/wp-json\/wp\/v2\/product_brand?post=1917"},{"taxonomy":"product_cat","embeddable":true,"href":"https:\/\/baraevent.hu\/en\/wp-json\/wp\/v2\/product_cat?post=1917"},{"taxonomy":"product_tag","embeddable":true,"href":"https:\/\/baraevent.hu\/en\/wp-json\/wp\/v2\/product_tag?post=1917"}],"curies":[{"name":"wp","href":"https:\/\/api.w.org\/{rel}","templated":true}]}}