{"id":1938,"date":"2020-12-15T13:49:53","date_gmt":"2020-12-15T12:49:53","guid":{"rendered":"https:\/\/baraevent.hu\/?post_type=product&#038;p=1938"},"modified":"2020-12-18T13:54:28","modified_gmt":"2020-12-18T12:54:28","slug":"konfettiagyu-piros","status":"publish","type":"product","link":"https:\/\/baraevent.hu\/en\/product\/konfettiagyu-piros\/","title":{"rendered":"Konfetti\u00e1gy\u00fa &#8211; piros"},"content":{"rendered":"<p>Csal\u00e1di \u00fcnnepek alkalm\u00e1val a konfetti\u00e1gy\u00fab\u00f3l kil\u0151tt szirmokkal tov\u00e1bb sz\u00ednes\u00edthetj\u00fck a hangulatot.<\/p>\n<p>Esk\u00fcv\u0151k alkalm\u00e1val r\u00e9gi szok\u00e1s, hogy a szertart\u00e1s ut\u00e1n a friss h\u00e1zasokra rizst vagy r\u00f3zsaszirmot sz\u00f3rnak &#8211; mindkett\u0151 a term\u00e9kenys\u00e9get szimboliz\u00e1lja.<\/p>\n<p>Sz\u00fclinapi partin vagy meglepet\u00e9s partin az \u00fcnnepeltet fogadhatjuk sziromes\u0151vel.<\/p>\n<p><b>Aj\u00e1nlott alkalmak:<\/b>\u00a0esk\u00fcv\u0151i szertat\u00e1s, sz\u00fclet\u00e9snap, l\u00e1nyb\u00facs\u00fa, parti<\/p>\n<p><b>Tipp:<\/b>\u00a0kombin\u00e1ld a sz\u00edneket! V\u00e1logass \u00f6ssze t\u00f6bbf\u00e9le sz\u00edn\u0171 konfetti\u00e1gy\u00fat!<\/p>","protected":false},"excerpt":{"rendered":"<p>M\u00e9ret: 60 cm<br \/>\nSz\u00edn: piros<br \/>\nKonfetti forma: szirom<br \/>\nAnyag: szat\u00e9n<br \/>\nKiszerel\u00e9s: db<br \/>\n<strong>Term\u00e9k\u00e1llapot: megrendel\u00e9sre 1 h\u00e9t<\/strong><\/p>","protected":false},"featured_media":1926,"template":"","meta":{"inline_featured_image":false,"_ppp_document_settings_meta":""},"product_brand":[],"product_cat":[132],"product_tag":[],"class_list":{"0":"post-1938","1":"product","2":"type-product","3":"status-publish","4":"has-post-thumbnail","6":"product_cat-konfettiagyu","8":"first","9":"onbackorder","10":"shipping-taxable","11":"purchasable","12":"product-type-simple"},"yoast_head":"<!-- This site is optimized with the Yoast SEO plugin v27.4 - https:\/\/yoast.com\/product\/yoast-seo-wordpress\/ -->\n<title>Konfetti\u00e1gy\u00fa - piros - Bara Wedding<\/title>\n<meta name=\"robots\" content=\"index, follow, max-snippet:-1, max-image-preview:large, max-video-preview:-1\" \/>\n<link rel=\"canonical\" href=\"https:\/\/baraevent.hu\/en\/product\/konfettiagyu-piros\/\" \/>\n<meta property=\"og:locale\" content=\"en_GB\" \/>\n<meta property=\"og:type\" content=\"article\" \/>\n<meta property=\"og:title\" content=\"Konfetti\u00e1gy\u00fa - piros - Bara Wedding\" \/>\n<meta property=\"og:description\" content=\"M\u00e9ret: 60 cm Sz\u00edn: piros Konfetti forma: szirom Anyag: szat\u00e9n Kiszerel\u00e9s: db Term\u00e9k\u00e1llapot: megrendel\u00e9sre 1 h\u00e9t\" \/>\n<meta property=\"og:url\" content=\"https:\/\/baraevent.hu\/en\/product\/konfettiagyu-piros\/\" \/>\n<meta property=\"og:site_name\" content=\"Bara Wedding\" \/>\n<meta property=\"article:publisher\" content=\"http:\/\/www.facebook.com\/baraeskuvo\/\" \/>\n<meta property=\"article:modified_time\" content=\"2020-12-18T12:54:28+00:00\" \/>\n<meta property=\"og:image\" content=\"https:\/\/baraevent.hu\/wp-content\/uploads\/2020\/12\/bara_93_20140305152332.jpg\" \/>\n\t<meta property=\"og:image:width\" content=\"320\" \/>\n\t<meta property=\"og:image:height\" content=\"240\" \/>\n\t<meta property=\"og:image:type\" content=\"image\/jpeg\" \/>\n<meta name=\"twitter:card\" content=\"summary_large_image\" \/>\n<script type=\"application\/ld+json\" class=\"yoast-schema-graph\">{\"@context\":\"https:\\\/\\\/schema.org\",\"@graph\":[{\"@type\":\"WebPage\",\"@id\":\"https:\\\/\\\/baraevent.hu\\\/termek\\\/konfettiagyu-piros\\\/\",\"url\":\"https:\\\/\\\/baraevent.hu\\\/termek\\\/konfettiagyu-piros\\\/\",\"name\":\"Konfetti\u00e1gy\u00fa - piros - Bara Wedding\",\"isPartOf\":{\"@id\":\"https:\\\/\\\/baraevent.hu\\\/#website\"},\"primaryImageOfPage\":{\"@id\":\"https:\\\/\\\/baraevent.hu\\\/termek\\\/konfettiagyu-piros\\\/#primaryimage\"},\"image\":{\"@id\":\"https:\\\/\\\/baraevent.hu\\\/termek\\\/konfettiagyu-piros\\\/#primaryimage\"},\"thumbnailUrl\":\"https:\\\/\\\/baraevent.hu\\\/wp-content\\\/uploads\\\/2020\\\/12\\\/bara_93_20140305152332.jpg\",\"datePublished\":\"2020-12-15T12:49:53+00:00\",\"dateModified\":\"2020-12-18T12:54:28+00:00\",\"breadcrumb\":{\"@id\":\"https:\\\/\\\/baraevent.hu\\\/termek\\\/konfettiagyu-piros\\\/#breadcrumb\"},\"inLanguage\":\"en-GB\",\"potentialAction\":[{\"@type\":\"ReadAction\",\"target\":[\"https:\\\/\\\/baraevent.hu\\\/termek\\\/konfettiagyu-piros\\\/\"]}]},{\"@type\":\"ImageObject\",\"inLanguage\":\"en-GB\",\"@id\":\"https:\\\/\\\/baraevent.hu\\\/termek\\\/konfettiagyu-piros\\\/#primaryimage\",\"url\":\"https:\\\/\\\/baraevent.hu\\\/wp-content\\\/uploads\\\/2020\\\/12\\\/bara_93_20140305152332.jpg\",\"contentUrl\":\"https:\\\/\\\/baraevent.hu\\\/wp-content\\\/uploads\\\/2020\\\/12\\\/bara_93_20140305152332.jpg\",\"width\":320,\"height\":240},{\"@type\":\"BreadcrumbList\",\"@id\":\"https:\\\/\\\/baraevent.hu\\\/termek\\\/konfettiagyu-piros\\\/#breadcrumb\",\"itemListElement\":[{\"@type\":\"ListItem\",\"position\":1,\"name\":\"Home\",\"item\":\"https:\\\/\\\/baraevent.hu\\\/\"},{\"@type\":\"ListItem\",\"position\":2,\"name\":\"\u00dczlet\",\"item\":\"https:\\\/\\\/baraevent.hu\\\/uzlet\\\/\"},{\"@type\":\"ListItem\",\"position\":3,\"name\":\"Konfetti\u00e1gy\u00fa &#8211; piros\"}]},{\"@type\":\"WebSite\",\"@id\":\"https:\\\/\\\/baraevent.hu\\\/#website\",\"url\":\"https:\\\/\\\/baraevent.hu\\\/\",\"name\":\"www.baraevent.hu\",\"description\":\"\",\"publisher\":{\"@id\":\"https:\\\/\\\/baraevent.hu\\\/#organization\"},\"potentialAction\":[{\"@type\":\"SearchAction\",\"target\":{\"@type\":\"EntryPoint\",\"urlTemplate\":\"https:\\\/\\\/baraevent.hu\\\/?s={search_term_string}\"},\"query-input\":{\"@type\":\"PropertyValueSpecification\",\"valueRequired\":true,\"valueName\":\"search_term_string\"}}],\"inLanguage\":\"en-GB\"},{\"@type\":\"Organization\",\"@id\":\"https:\\\/\\\/baraevent.hu\\\/#organization\",\"name\":\"Bara Wedding\",\"url\":\"https:\\\/\\\/baraevent.hu\\\/\",\"logo\":{\"@type\":\"ImageObject\",\"inLanguage\":\"en-GB\",\"@id\":\"https:\\\/\\\/baraevent.hu\\\/#\\\/schema\\\/logo\\\/image\\\/\",\"url\":\"https:\\\/\\\/baraevent.hu\\\/wp-content\\\/uploads\\\/2019\\\/11\\\/logo-e1593417291257.png\",\"contentUrl\":\"https:\\\/\\\/baraevent.hu\\\/wp-content\\\/uploads\\\/2019\\\/11\\\/logo-e1593417291257.png\",\"width\":700,\"height\":276,\"caption\":\"Bara Wedding\"},\"image\":{\"@id\":\"https:\\\/\\\/baraevent.hu\\\/#\\\/schema\\\/logo\\\/image\\\/\"},\"sameAs\":[\"http:\\\/\\\/www.facebook.com\\\/baraeskuvo\\\/\",\"https:\\\/\\\/www.instagram.com\\\/weddingbara\"]}]}<\/script>\n<!-- \/ Yoast SEO plugin. -->","yoast_head_json":{"title":"Konfetti\u00e1gy\u00fa - piros - Bara Wedding","robots":{"index":"index","follow":"follow","max-snippet":"max-snippet:-1","max-image-preview":"max-image-preview:large","max-video-preview":"max-video-preview:-1"},"canonical":"https:\/\/baraevent.hu\/en\/product\/konfettiagyu-piros\/","og_locale":"en_GB","og_type":"article","og_title":"Konfetti\u00e1gy\u00fa - piros - Bara Wedding","og_description":"M\u00e9ret: 60 cm Sz\u00edn: piros Konfetti forma: szirom Anyag: szat\u00e9n Kiszerel\u00e9s: db Term\u00e9k\u00e1llapot: megrendel\u00e9sre 1 h\u00e9t","og_url":"https:\/\/baraevent.hu\/en\/product\/konfettiagyu-piros\/","og_site_name":"Bara Wedding","article_publisher":"http:\/\/www.facebook.com\/baraeskuvo\/","article_modified_time":"2020-12-18T12:54:28+00:00","og_image":[{"width":320,"height":240,"url":"https:\/\/baraevent.hu\/wp-content\/uploads\/2020\/12\/bara_93_20140305152332.jpg","type":"image\/jpeg"}],"twitter_card":"summary_large_image","schema":{"@context":"https:\/\/schema.org","@graph":[{"@type":"WebPage","@id":"https:\/\/baraevent.hu\/termek\/konfettiagyu-piros\/","url":"https:\/\/baraevent.hu\/termek\/konfettiagyu-piros\/","name":"Konfetti\u00e1gy\u00fa - piros - Bara Wedding","isPartOf":{"@id":"https:\/\/baraevent.hu\/#website"},"primaryImageOfPage":{"@id":"https:\/\/baraevent.hu\/termek\/konfettiagyu-piros\/#primaryimage"},"image":{"@id":"https:\/\/baraevent.hu\/termek\/konfettiagyu-piros\/#primaryimage"},"thumbnailUrl":"https:\/\/baraevent.hu\/wp-content\/uploads\/2020\/12\/bara_93_20140305152332.jpg","datePublished":"2020-12-15T12:49:53+00:00","dateModified":"2020-12-18T12:54:28+00:00","breadcrumb":{"@id":"https:\/\/baraevent.hu\/termek\/konfettiagyu-piros\/#breadcrumb"},"inLanguage":"en-GB","potentialAction":[{"@type":"ReadAction","target":["https:\/\/baraevent.hu\/termek\/konfettiagyu-piros\/"]}]},{"@type":"ImageObject","inLanguage":"en-GB","@id":"https:\/\/baraevent.hu\/termek\/konfettiagyu-piros\/#primaryimage","url":"https:\/\/baraevent.hu\/wp-content\/uploads\/2020\/12\/bara_93_20140305152332.jpg","contentUrl":"https:\/\/baraevent.hu\/wp-content\/uploads\/2020\/12\/bara_93_20140305152332.jpg","width":320,"height":240},{"@type":"BreadcrumbList","@id":"https:\/\/baraevent.hu\/termek\/konfettiagyu-piros\/#breadcrumb","itemListElement":[{"@type":"ListItem","position":1,"name":"Home","item":"https:\/\/baraevent.hu\/"},{"@type":"ListItem","position":2,"name":"\u00dczlet","item":"https:\/\/baraevent.hu\/uzlet\/"},{"@type":"ListItem","position":3,"name":"Konfetti\u00e1gy\u00fa &#8211; piros"}]},{"@type":"WebSite","@id":"https:\/\/baraevent.hu\/#website","url":"https:\/\/baraevent.hu\/","name":"www.baraevent.hu","description":"","publisher":{"@id":"https:\/\/baraevent.hu\/#organization"},"potentialAction":[{"@type":"SearchAction","target":{"@type":"EntryPoint","urlTemplate":"https:\/\/baraevent.hu\/?s={search_term_string}"},"query-input":{"@type":"PropertyValueSpecification","valueRequired":true,"valueName":"search_term_string"}}],"inLanguage":"en-GB"},{"@type":"Organization","@id":"https:\/\/baraevent.hu\/#organization","name":"Bara Wedding","url":"https:\/\/baraevent.hu\/","logo":{"@type":"ImageObject","inLanguage":"en-GB","@id":"https:\/\/baraevent.hu\/#\/schema\/logo\/image\/","url":"https:\/\/baraevent.hu\/wp-content\/uploads\/2019\/11\/logo-e1593417291257.png","contentUrl":"https:\/\/baraevent.hu\/wp-content\/uploads\/2019\/11\/logo-e1593417291257.png","width":700,"height":276,"caption":"Bara Wedding"},"image":{"@id":"https:\/\/baraevent.hu\/#\/schema\/logo\/image\/"},"sameAs":["http:\/\/www.facebook.com\/baraeskuvo\/","https:\/\/www.instagram.com\/weddingbara"]}]}},"_links":{"self":[{"href":"https:\/\/baraevent.hu\/en\/wp-json\/wp\/v2\/product\/1938","targetHints":{"allow":["GET"]}}],"collection":[{"href":"https:\/\/baraevent.hu\/en\/wp-json\/wp\/v2\/product"}],"about":[{"href":"https:\/\/baraevent.hu\/en\/wp-json\/wp\/v2\/types\/product"}],"wp:featuredmedia":[{"embeddable":true,"href":"https:\/\/baraevent.hu\/en\/wp-json\/wp\/v2\/media\/1926"}],"wp:attachment":[{"href":"https:\/\/baraevent.hu\/en\/wp-json\/wp\/v2\/media?parent=1938"}],"wp:term":[{"taxonomy":"product_brand","embeddable":true,"href":"https:\/\/baraevent.hu\/en\/wp-json\/wp\/v2\/product_brand?post=1938"},{"taxonomy":"product_cat","embeddable":true,"href":"https:\/\/baraevent.hu\/en\/wp-json\/wp\/v2\/product_cat?post=1938"},{"taxonomy":"product_tag","embeddable":true,"href":"https:\/\/baraevent.hu\/en\/wp-json\/wp\/v2\/product_tag?post=1938"}],"curies":[{"name":"wp","href":"https:\/\/api.w.org\/{rel}","templated":true}]}}