{"id":1988,"date":"2020-12-15T14:30:25","date_gmt":"2020-12-15T13:30:25","guid":{"rendered":"https:\/\/baraevent.hu\/?post_type=product&#038;p=1988"},"modified":"2024-05-07T16:48:31","modified_gmt":"2024-05-07T14:48:31","slug":"szivszemuveg-nyomtatott","status":"publish","type":"product","link":"https:\/\/baraevent.hu\/en\/product\/szivszemuveg-nyomtatott\/","title":{"rendered":"Sz\u00edvszem\u00fcveg &#8211; nyomtatott"},"content":{"rendered":"<p>A sz\u00edvszem\u00fcveg speci\u00e1lis lencs\u00e9je miatt igazi k\u00fcl\u00f6nlegess\u00e9g. Minden f\u00e9nyforr\u00e1s, amire a sz\u00edvszem\u00fcveggel r\u00e1n\u00e9z\u00fcnk f\u00e9nyl\u0151 sz\u00edvv\u00e9 v\u00e1ltozik!<br \/>\nS\u00f6t\u00e9tben minden gyertya, villanyk\u00f6rte, az utcai l\u00e1mp\u00e1k, aut\u00f3k \u00e9s sz\u00ednpadi l\u00e1mp\u00e1k f\u00e9nyei ragyog\u00f3<br \/>\nsz\u00edvekk\u00e9 v\u00e1ltoznak a szem\u00fcnk l\u00e1tt\u00e1ra, a t\u0171zij\u00e1t\u00e9k f\u00e9nyei sz\u00edves\u0151k\u00e9nt hullnak az \u00e9gb\u0151l&#8230;<\/p>\n<p><b>Aj\u00e1nlott alkalmak<\/b>: esk\u00fcv\u0151i k\u00f6sz\u00f6netaj\u00e1nd\u00e9k, k\u00f6sz\u00f6netaj\u00e1nd\u00e9k gyerekeknek, sz\u00fclet\u00e9snap, eljegyz\u00e9si buli, l\u00e1nyb\u00facs\u00fa, Valentin nap, t\u0171zij\u00e1t\u00e9k<\/p>\n<p><b>Tipp:<\/b>\u00a050 db felett a szem\u00fcveg sz\u00e1r\u00e1ra egy sz\u00ednnel tetsz\u0151leges felirat k\u00e9rhet\u0151. Ha esk\u00fcv\u0151i vend\u00e9gaj\u00e1nd\u00e9knak sz\u00e1nod, k\u00e9rd a szem\u00fcveg sz\u00e1r\u00e1ra az ifj\u00fa p\u00e1r nev\u00e9t, pl.: Anna \u00e9s Iv\u00e1n 2015. 04. 17.<br \/>\nMegrendel\u00e9skor a rendel\u00e9s \u00f6sszes\u00edt\u0151 megjegyz\u00e9s rovat\u00e1ba \u00edrd be a k\u00edv\u00e1nt feliratot.<\/p>","protected":false},"excerpt":{"rendered":"<p>Feliratozhat\u00f3: igen<br \/>\nM\u00e9ret: 40,5 x 3,8 cm<br \/>\nSz\u00edn: feh\u00e9r alapon piros szivek<br \/>\nAnyag: pap\u00edr<br \/>\nKiszerel\u00e9s: darab<br \/>\n<strong>Term\u00e9k\u00e1llapot: 2 h\u00e9t<\/strong><\/p>","protected":false},"featured_media":1984,"template":"","meta":{"inline_featured_image":false,"_ppp_document_settings_meta":""},"product_brand":[],"product_cat":[140,137],"product_tag":[],"class_list":{"0":"post-1988","1":"product","2":"type-product","3":"status-publish","4":"has-post-thumbnail","6":"product_cat-koszonetajandek-gyerekeknek","7":"product_cat-szivszemuveg","9":"first","10":"onbackorder","11":"shipping-taxable","12":"purchasable","13":"product-type-simple"},"yoast_head":"<!-- This site is optimized with the Yoast SEO plugin v27.4 - https:\/\/yoast.com\/product\/yoast-seo-wordpress\/ -->\n<title>Sz\u00edvszem\u00fcveg - nyomtatott - Bara Wedding<\/title>\n<meta name=\"robots\" content=\"index, follow, max-snippet:-1, max-image-preview:large, max-video-preview:-1\" \/>\n<link rel=\"canonical\" href=\"https:\/\/baraevent.hu\/en\/product\/szivszemuveg-nyomtatott\/\" \/>\n<meta property=\"og:locale\" content=\"en_GB\" \/>\n<meta property=\"og:type\" content=\"article\" \/>\n<meta property=\"og:title\" content=\"Sz\u00edvszem\u00fcveg - nyomtatott - Bara Wedding\" \/>\n<meta property=\"og:description\" content=\"Feliratozhat\u00f3: igen M\u00e9ret: 40,5 x 3,8 cm Sz\u00edn: feh\u00e9r alapon piros szivek Anyag: pap\u00edr Kiszerel\u00e9s: darab Term\u00e9k\u00e1llapot: 2 h\u00e9t\" \/>\n<meta property=\"og:url\" content=\"https:\/\/baraevent.hu\/en\/product\/szivszemuveg-nyomtatott\/\" \/>\n<meta property=\"og:site_name\" content=\"Bara Wedding\" \/>\n<meta property=\"article:publisher\" content=\"http:\/\/www.facebook.com\/baraeskuvo\/\" \/>\n<meta property=\"article:modified_time\" content=\"2024-05-07T14:48:31+00:00\" \/>\n<meta property=\"og:image\" content=\"https:\/\/baraevent.hu\/wp-content\/uploads\/2020\/12\/bara_107_20160816142136.jpg\" \/>\n\t<meta property=\"og:image:width\" content=\"800\" \/>\n\t<meta property=\"og:image:height\" content=\"496\" \/>\n\t<meta property=\"og:image:type\" content=\"image\/jpeg\" \/>\n<meta name=\"twitter:card\" content=\"summary_large_image\" \/>\n<meta name=\"twitter:label1\" content=\"Estimated reading time\" \/>\n\t<meta name=\"twitter:data1\" content=\"1 minute\" \/>\n<script type=\"application\/ld+json\" class=\"yoast-schema-graph\">{\"@context\":\"https:\\\/\\\/schema.org\",\"@graph\":[{\"@type\":\"WebPage\",\"@id\":\"https:\\\/\\\/baraevent.hu\\\/termek\\\/szivszemuveg-nyomtatott\\\/\",\"url\":\"https:\\\/\\\/baraevent.hu\\\/termek\\\/szivszemuveg-nyomtatott\\\/\",\"name\":\"Sz\u00edvszem\u00fcveg - nyomtatott - Bara Wedding\",\"isPartOf\":{\"@id\":\"https:\\\/\\\/baraevent.hu\\\/#website\"},\"primaryImageOfPage\":{\"@id\":\"https:\\\/\\\/baraevent.hu\\\/termek\\\/szivszemuveg-nyomtatott\\\/#primaryimage\"},\"image\":{\"@id\":\"https:\\\/\\\/baraevent.hu\\\/termek\\\/szivszemuveg-nyomtatott\\\/#primaryimage\"},\"thumbnailUrl\":\"https:\\\/\\\/baraevent.hu\\\/wp-content\\\/uploads\\\/2020\\\/12\\\/bara_107_20160816142136.jpg\",\"datePublished\":\"2020-12-15T13:30:25+00:00\",\"dateModified\":\"2024-05-07T14:48:31+00:00\",\"breadcrumb\":{\"@id\":\"https:\\\/\\\/baraevent.hu\\\/termek\\\/szivszemuveg-nyomtatott\\\/#breadcrumb\"},\"inLanguage\":\"en-GB\",\"potentialAction\":[{\"@type\":\"ReadAction\",\"target\":[\"https:\\\/\\\/baraevent.hu\\\/termek\\\/szivszemuveg-nyomtatott\\\/\"]}]},{\"@type\":\"ImageObject\",\"inLanguage\":\"en-GB\",\"@id\":\"https:\\\/\\\/baraevent.hu\\\/termek\\\/szivszemuveg-nyomtatott\\\/#primaryimage\",\"url\":\"https:\\\/\\\/baraevent.hu\\\/wp-content\\\/uploads\\\/2020\\\/12\\\/bara_107_20160816142136.jpg\",\"contentUrl\":\"https:\\\/\\\/baraevent.hu\\\/wp-content\\\/uploads\\\/2020\\\/12\\\/bara_107_20160816142136.jpg\",\"width\":800,\"height\":496},{\"@type\":\"BreadcrumbList\",\"@id\":\"https:\\\/\\\/baraevent.hu\\\/termek\\\/szivszemuveg-nyomtatott\\\/#breadcrumb\",\"itemListElement\":[{\"@type\":\"ListItem\",\"position\":1,\"name\":\"Home\",\"item\":\"https:\\\/\\\/baraevent.hu\\\/\"},{\"@type\":\"ListItem\",\"position\":2,\"name\":\"\u00dczlet\",\"item\":\"https:\\\/\\\/baraevent.hu\\\/uzlet\\\/\"},{\"@type\":\"ListItem\",\"position\":3,\"name\":\"Sz\u00edvszem\u00fcveg &#8211; nyomtatott\"}]},{\"@type\":\"WebSite\",\"@id\":\"https:\\\/\\\/baraevent.hu\\\/#website\",\"url\":\"https:\\\/\\\/baraevent.hu\\\/\",\"name\":\"www.baraevent.hu\",\"description\":\"\",\"publisher\":{\"@id\":\"https:\\\/\\\/baraevent.hu\\\/#organization\"},\"potentialAction\":[{\"@type\":\"SearchAction\",\"target\":{\"@type\":\"EntryPoint\",\"urlTemplate\":\"https:\\\/\\\/baraevent.hu\\\/?s={search_term_string}\"},\"query-input\":{\"@type\":\"PropertyValueSpecification\",\"valueRequired\":true,\"valueName\":\"search_term_string\"}}],\"inLanguage\":\"en-GB\"},{\"@type\":\"Organization\",\"@id\":\"https:\\\/\\\/baraevent.hu\\\/#organization\",\"name\":\"Bara Wedding\",\"url\":\"https:\\\/\\\/baraevent.hu\\\/\",\"logo\":{\"@type\":\"ImageObject\",\"inLanguage\":\"en-GB\",\"@id\":\"https:\\\/\\\/baraevent.hu\\\/#\\\/schema\\\/logo\\\/image\\\/\",\"url\":\"https:\\\/\\\/baraevent.hu\\\/wp-content\\\/uploads\\\/2019\\\/11\\\/logo-e1593417291257.png\",\"contentUrl\":\"https:\\\/\\\/baraevent.hu\\\/wp-content\\\/uploads\\\/2019\\\/11\\\/logo-e1593417291257.png\",\"width\":700,\"height\":276,\"caption\":\"Bara Wedding\"},\"image\":{\"@id\":\"https:\\\/\\\/baraevent.hu\\\/#\\\/schema\\\/logo\\\/image\\\/\"},\"sameAs\":[\"http:\\\/\\\/www.facebook.com\\\/baraeskuvo\\\/\",\"https:\\\/\\\/www.instagram.com\\\/weddingbara\"]}]}<\/script>\n<!-- \/ Yoast SEO plugin. -->","yoast_head_json":{"title":"Sz\u00edvszem\u00fcveg - nyomtatott - Bara Wedding","robots":{"index":"index","follow":"follow","max-snippet":"max-snippet:-1","max-image-preview":"max-image-preview:large","max-video-preview":"max-video-preview:-1"},"canonical":"https:\/\/baraevent.hu\/en\/product\/szivszemuveg-nyomtatott\/","og_locale":"en_GB","og_type":"article","og_title":"Sz\u00edvszem\u00fcveg - nyomtatott - Bara Wedding","og_description":"Feliratozhat\u00f3: igen M\u00e9ret: 40,5 x 3,8 cm Sz\u00edn: feh\u00e9r alapon piros szivek Anyag: pap\u00edr Kiszerel\u00e9s: darab Term\u00e9k\u00e1llapot: 2 h\u00e9t","og_url":"https:\/\/baraevent.hu\/en\/product\/szivszemuveg-nyomtatott\/","og_site_name":"Bara Wedding","article_publisher":"http:\/\/www.facebook.com\/baraeskuvo\/","article_modified_time":"2024-05-07T14:48:31+00:00","og_image":[{"width":800,"height":496,"url":"https:\/\/baraevent.hu\/wp-content\/uploads\/2020\/12\/bara_107_20160816142136.jpg","type":"image\/jpeg"}],"twitter_card":"summary_large_image","twitter_misc":{"Estimated reading time":"1 minute"},"schema":{"@context":"https:\/\/schema.org","@graph":[{"@type":"WebPage","@id":"https:\/\/baraevent.hu\/termek\/szivszemuveg-nyomtatott\/","url":"https:\/\/baraevent.hu\/termek\/szivszemuveg-nyomtatott\/","name":"Sz\u00edvszem\u00fcveg - nyomtatott - Bara Wedding","isPartOf":{"@id":"https:\/\/baraevent.hu\/#website"},"primaryImageOfPage":{"@id":"https:\/\/baraevent.hu\/termek\/szivszemuveg-nyomtatott\/#primaryimage"},"image":{"@id":"https:\/\/baraevent.hu\/termek\/szivszemuveg-nyomtatott\/#primaryimage"},"thumbnailUrl":"https:\/\/baraevent.hu\/wp-content\/uploads\/2020\/12\/bara_107_20160816142136.jpg","datePublished":"2020-12-15T13:30:25+00:00","dateModified":"2024-05-07T14:48:31+00:00","breadcrumb":{"@id":"https:\/\/baraevent.hu\/termek\/szivszemuveg-nyomtatott\/#breadcrumb"},"inLanguage":"en-GB","potentialAction":[{"@type":"ReadAction","target":["https:\/\/baraevent.hu\/termek\/szivszemuveg-nyomtatott\/"]}]},{"@type":"ImageObject","inLanguage":"en-GB","@id":"https:\/\/baraevent.hu\/termek\/szivszemuveg-nyomtatott\/#primaryimage","url":"https:\/\/baraevent.hu\/wp-content\/uploads\/2020\/12\/bara_107_20160816142136.jpg","contentUrl":"https:\/\/baraevent.hu\/wp-content\/uploads\/2020\/12\/bara_107_20160816142136.jpg","width":800,"height":496},{"@type":"BreadcrumbList","@id":"https:\/\/baraevent.hu\/termek\/szivszemuveg-nyomtatott\/#breadcrumb","itemListElement":[{"@type":"ListItem","position":1,"name":"Home","item":"https:\/\/baraevent.hu\/"},{"@type":"ListItem","position":2,"name":"\u00dczlet","item":"https:\/\/baraevent.hu\/uzlet\/"},{"@type":"ListItem","position":3,"name":"Sz\u00edvszem\u00fcveg &#8211; nyomtatott"}]},{"@type":"WebSite","@id":"https:\/\/baraevent.hu\/#website","url":"https:\/\/baraevent.hu\/","name":"www.baraevent.hu","description":"","publisher":{"@id":"https:\/\/baraevent.hu\/#organization"},"potentialAction":[{"@type":"SearchAction","target":{"@type":"EntryPoint","urlTemplate":"https:\/\/baraevent.hu\/?s={search_term_string}"},"query-input":{"@type":"PropertyValueSpecification","valueRequired":true,"valueName":"search_term_string"}}],"inLanguage":"en-GB"},{"@type":"Organization","@id":"https:\/\/baraevent.hu\/#organization","name":"Bara Wedding","url":"https:\/\/baraevent.hu\/","logo":{"@type":"ImageObject","inLanguage":"en-GB","@id":"https:\/\/baraevent.hu\/#\/schema\/logo\/image\/","url":"https:\/\/baraevent.hu\/wp-content\/uploads\/2019\/11\/logo-e1593417291257.png","contentUrl":"https:\/\/baraevent.hu\/wp-content\/uploads\/2019\/11\/logo-e1593417291257.png","width":700,"height":276,"caption":"Bara Wedding"},"image":{"@id":"https:\/\/baraevent.hu\/#\/schema\/logo\/image\/"},"sameAs":["http:\/\/www.facebook.com\/baraeskuvo\/","https:\/\/www.instagram.com\/weddingbara"]}]}},"_links":{"self":[{"href":"https:\/\/baraevent.hu\/en\/wp-json\/wp\/v2\/product\/1988","targetHints":{"allow":["GET"]}}],"collection":[{"href":"https:\/\/baraevent.hu\/en\/wp-json\/wp\/v2\/product"}],"about":[{"href":"https:\/\/baraevent.hu\/en\/wp-json\/wp\/v2\/types\/product"}],"wp:featuredmedia":[{"embeddable":true,"href":"https:\/\/baraevent.hu\/en\/wp-json\/wp\/v2\/media\/1984"}],"wp:attachment":[{"href":"https:\/\/baraevent.hu\/en\/wp-json\/wp\/v2\/media?parent=1988"}],"wp:term":[{"taxonomy":"product_brand","embeddable":true,"href":"https:\/\/baraevent.hu\/en\/wp-json\/wp\/v2\/product_brand?post=1988"},{"taxonomy":"product_cat","embeddable":true,"href":"https:\/\/baraevent.hu\/en\/wp-json\/wp\/v2\/product_cat?post=1988"},{"taxonomy":"product_tag","embeddable":true,"href":"https:\/\/baraevent.hu\/en\/wp-json\/wp\/v2\/product_tag?post=1988"}],"curies":[{"name":"wp","href":"https:\/\/api.w.org\/{rel}","templated":true}]}}