{"id":2005,"date":"2020-12-15T14:52:26","date_gmt":"2020-12-15T13:52:26","guid":{"rendered":"https:\/\/baraevent.hu\/?post_type=product&#038;p=2005"},"modified":"2025-03-14T16:44:58","modified_gmt":"2025-03-14T15:44:58","slug":"buborekfujo-ultetokartyaval","status":"publish","type":"product","link":"https:\/\/baraevent.hu\/en\/product\/buborekfujo-ultetokartyaval\/","title":{"rendered":"Bubor\u00e9kf\u00faj\u00f3 \u00fcltet\u0151k\u00e1rty\u00e1val"},"content":{"rendered":"<p>Bubor\u00e9kf\u00faj\u00f3 \u00fcltet\u0151k\u00e1rty\u00e1val<\/p>\n<p>\u00d6tletes kis aj\u00e1nd\u00e9k az esk\u00fcv\u0151i parti legifjabb vend\u00e9geinek<\/p>\n<p>A bubor\u00e9kf\u00faj\u00f3 a n\u00e9vk\u00e1rty\u00e1val kieg\u00e9sz\u00edtve nem csak aj\u00e1nd\u00e9k, de \u00fcltet\u0151k\u00e1rtya is lehet.<br \/>\nA n\u00e9vk\u00e1rty\u00e1n szerepl\u0151 felirat \u00e9s az <a href=\"https:\/\/baraevent.hu\/en\/product-category\/dekoracios-kellekek\/szaten-szalag\/\">szat\u00e9nszalag<\/a> sz\u00edne az al\u00e1bbi sz\u00ednsk\u00e1l\u00e1b\u00f3l v\u00e1laszthat\u00f3.<br \/>\nHa a meg\u00e1lmodott sz\u00ednt nem tal\u00e1lod a sz\u00ednsk\u00e1l\u00e1n, jelezd k\u00e9r\u00e9sedet a rendel\u00e9s \u00f6sszes\u00edt\u0151 megjegyz\u00e9s rovat\u00e1ban, vagy emailen (baraevent@baraevent.hu).<\/p>\n<p>Ne felejtsd el meg\u00edrni a rendel\u00e9s \u00f6sszes\u00edt\u0151 megjegyz\u00e9s rovat\u00e1ba: szalag sz\u00edn\u00e9t, felirat sz\u00edn\u00e9t, n\u00e9vk\u00e1rty\u00e1n szerepl\u0151 feliratot!<\/p>\n<p><b>Aj\u00e1nlott alkalmak<\/b>: esk\u00fcv\u0151i szertart\u00e1s, esk\u00fcv\u0151i k\u00f6sz\u00f6netaj\u00e1nd\u00e9k, sz\u00fclinapi meglepet\u00e9s, le\u00e1nyb\u00facs\u00fa<\/p>\n<p><b>Tipp:<\/b> vari\u00e1ld a sz\u00edneket kedvedre! A l\u00e1nyok \u00e9s a fi\u00fak masnij\u00e1nak, felirat\u00e1nak a sz\u00edne lehet ak\u00e1r k\u00e9t k\u00fcl\u00f6nb\u00f6z\u0151 sz\u00edn is.<\/p>\n<p><img fetchpriority=\"high\" decoding=\"async\" class=\"alignnone wp-image-1797 size-full\" src=\"https:\/\/baraevent.hu\/wp-content\/uploads\/2020\/12\/colorpalette.jpg\" alt=\"\" width=\"491\" height=\"309\" srcset=\"https:\/\/baraevent.hu\/wp-content\/uploads\/2020\/12\/colorpalette.jpg 491w, https:\/\/baraevent.hu\/wp-content\/uploads\/2020\/12\/colorpalette-300x189.jpg 300w\" sizes=\"(max-width: 491px) 100vw, 491px\" \/><\/p>","protected":false},"excerpt":{"rendered":"<p>Feliratozhat\u00f3: igen<br \/>\nM\u00e9ret: 10 cm magas<br \/>\nSz\u00edn: feh\u00e9r, v\u00e1laszhat\u00f3 sz\u00edn\u0171 masni<br \/>\nForma: torta hatty\u00faval vagy torta sz\u00edvvel<br \/>\nKiszerel\u00e9s: db<br \/>\nAnyag: m\u0171anyag<br \/>\nMinim\u00e1lis rendel\u00e9s: 10 db<br \/>\n<strong>Term\u00e9k\u00e1llapot: rendel\u00e9sre 2 h\u00e9t<\/strong><\/p>","protected":false},"featured_media":1948,"template":"","meta":{"inline_featured_image":false,"_ppp_document_settings_meta":""},"product_brand":[],"product_cat":[133,140],"product_tag":[],"class_list":{"0":"post-2005","1":"product","2":"type-product","3":"status-publish","4":"has-post-thumbnail","6":"product_cat-buborekfujo","7":"product_cat-koszonetajandek-gyerekeknek","9":"first","10":"onbackorder","11":"shipping-taxable","12":"purchasable","13":"product-type-simple"},"yoast_head":"<!-- This site is optimized with the Yoast SEO plugin v27.4 - https:\/\/yoast.com\/product\/yoast-seo-wordpress\/ -->\n<title>Bubor\u00e9kf\u00faj\u00f3 \u00fcltet\u0151k\u00e1rty\u00e1val - Bara Wedding<\/title>\n<meta name=\"description\" content=\"Bubor\u00e9kf\u00faj\u00f3 \u00fcltet\u0151k\u00e1rty\u00e1val, \u00f6tletes kis aj\u00e1nd\u00e9k az esk\u00fcv\u0151i parti legifjabb vend\u00e9geinek. Kiv\u00e1laszthatod a szalag \u00e9s a felirat sz\u00edn\u00e9t is!\" \/>\n<meta name=\"robots\" content=\"index, follow, max-snippet:-1, max-image-preview:large, max-video-preview:-1\" \/>\n<link rel=\"canonical\" href=\"https:\/\/baraevent.hu\/en\/product\/buborekfujo-ultetokartyaval\/\" \/>\n<meta property=\"og:locale\" content=\"en_GB\" \/>\n<meta property=\"og:type\" content=\"article\" \/>\n<meta property=\"og:title\" content=\"Bubor\u00e9kf\u00faj\u00f3 \u00fcltet\u0151k\u00e1rty\u00e1val - Bara Wedding\" \/>\n<meta property=\"og:description\" content=\"Bubor\u00e9kf\u00faj\u00f3 \u00fcltet\u0151k\u00e1rty\u00e1val, \u00f6tletes kis aj\u00e1nd\u00e9k az esk\u00fcv\u0151i parti legifjabb vend\u00e9geinek. Kiv\u00e1laszthatod a szalag \u00e9s a felirat sz\u00edn\u00e9t is!\" \/>\n<meta property=\"og:url\" content=\"https:\/\/baraevent.hu\/en\/product\/buborekfujo-ultetokartyaval\/\" \/>\n<meta property=\"og:site_name\" content=\"Bara Wedding\" \/>\n<meta property=\"article:publisher\" content=\"http:\/\/www.facebook.com\/baraeskuvo\/\" \/>\n<meta property=\"article:modified_time\" content=\"2025-03-14T15:44:58+00:00\" \/>\n<meta property=\"og:image\" content=\"https:\/\/baraevent.hu\/wp-content\/uploads\/2020\/12\/bara_88_20140304135038.jpg\" \/>\n\t<meta property=\"og:image:width\" content=\"225\" \/>\n\t<meta property=\"og:image:height\" content=\"225\" \/>\n\t<meta property=\"og:image:type\" content=\"image\/jpeg\" \/>\n<meta name=\"twitter:card\" content=\"summary_large_image\" \/>\n<meta name=\"twitter:label1\" content=\"Estimated reading time\" \/>\n\t<meta name=\"twitter:data1\" content=\"1 minute\" \/>\n<script type=\"application\/ld+json\" class=\"yoast-schema-graph\">{\"@context\":\"https:\\\/\\\/schema.org\",\"@graph\":[{\"@type\":\"WebPage\",\"@id\":\"https:\\\/\\\/baraevent.hu\\\/termek\\\/buborekfujo-ultetokartyaval\\\/\",\"url\":\"https:\\\/\\\/baraevent.hu\\\/termek\\\/buborekfujo-ultetokartyaval\\\/\",\"name\":\"Bubor\u00e9kf\u00faj\u00f3 \u00fcltet\u0151k\u00e1rty\u00e1val - Bara Wedding\",\"isPartOf\":{\"@id\":\"https:\\\/\\\/baraevent.hu\\\/#website\"},\"primaryImageOfPage\":{\"@id\":\"https:\\\/\\\/baraevent.hu\\\/termek\\\/buborekfujo-ultetokartyaval\\\/#primaryimage\"},\"image\":{\"@id\":\"https:\\\/\\\/baraevent.hu\\\/termek\\\/buborekfujo-ultetokartyaval\\\/#primaryimage\"},\"thumbnailUrl\":\"https:\\\/\\\/baraevent.hu\\\/wp-content\\\/uploads\\\/2020\\\/12\\\/bara_88_20140304135038.jpg\",\"datePublished\":\"2020-12-15T13:52:26+00:00\",\"dateModified\":\"2025-03-14T15:44:58+00:00\",\"description\":\"Bubor\u00e9kf\u00faj\u00f3 \u00fcltet\u0151k\u00e1rty\u00e1val, \u00f6tletes kis aj\u00e1nd\u00e9k az esk\u00fcv\u0151i parti legifjabb vend\u00e9geinek. Kiv\u00e1laszthatod a szalag \u00e9s a felirat sz\u00edn\u00e9t is!\",\"breadcrumb\":{\"@id\":\"https:\\\/\\\/baraevent.hu\\\/termek\\\/buborekfujo-ultetokartyaval\\\/#breadcrumb\"},\"inLanguage\":\"en-GB\",\"potentialAction\":[{\"@type\":\"ReadAction\",\"target\":[\"https:\\\/\\\/baraevent.hu\\\/termek\\\/buborekfujo-ultetokartyaval\\\/\"]}]},{\"@type\":\"ImageObject\",\"inLanguage\":\"en-GB\",\"@id\":\"https:\\\/\\\/baraevent.hu\\\/termek\\\/buborekfujo-ultetokartyaval\\\/#primaryimage\",\"url\":\"https:\\\/\\\/baraevent.hu\\\/wp-content\\\/uploads\\\/2020\\\/12\\\/bara_88_20140304135038.jpg\",\"contentUrl\":\"https:\\\/\\\/baraevent.hu\\\/wp-content\\\/uploads\\\/2020\\\/12\\\/bara_88_20140304135038.jpg\",\"width\":225,\"height\":225},{\"@type\":\"BreadcrumbList\",\"@id\":\"https:\\\/\\\/baraevent.hu\\\/termek\\\/buborekfujo-ultetokartyaval\\\/#breadcrumb\",\"itemListElement\":[{\"@type\":\"ListItem\",\"position\":1,\"name\":\"Home\",\"item\":\"https:\\\/\\\/baraevent.hu\\\/\"},{\"@type\":\"ListItem\",\"position\":2,\"name\":\"\u00dczlet\",\"item\":\"https:\\\/\\\/baraevent.hu\\\/uzlet\\\/\"},{\"@type\":\"ListItem\",\"position\":3,\"name\":\"Bubor\u00e9kf\u00faj\u00f3 \u00fcltet\u0151k\u00e1rty\u00e1val\"}]},{\"@type\":\"WebSite\",\"@id\":\"https:\\\/\\\/baraevent.hu\\\/#website\",\"url\":\"https:\\\/\\\/baraevent.hu\\\/\",\"name\":\"www.baraevent.hu\",\"description\":\"\",\"publisher\":{\"@id\":\"https:\\\/\\\/baraevent.hu\\\/#organization\"},\"potentialAction\":[{\"@type\":\"SearchAction\",\"target\":{\"@type\":\"EntryPoint\",\"urlTemplate\":\"https:\\\/\\\/baraevent.hu\\\/?s={search_term_string}\"},\"query-input\":{\"@type\":\"PropertyValueSpecification\",\"valueRequired\":true,\"valueName\":\"search_term_string\"}}],\"inLanguage\":\"en-GB\"},{\"@type\":\"Organization\",\"@id\":\"https:\\\/\\\/baraevent.hu\\\/#organization\",\"name\":\"Bara Wedding\",\"url\":\"https:\\\/\\\/baraevent.hu\\\/\",\"logo\":{\"@type\":\"ImageObject\",\"inLanguage\":\"en-GB\",\"@id\":\"https:\\\/\\\/baraevent.hu\\\/#\\\/schema\\\/logo\\\/image\\\/\",\"url\":\"https:\\\/\\\/baraevent.hu\\\/wp-content\\\/uploads\\\/2019\\\/11\\\/logo-e1593417291257.png\",\"contentUrl\":\"https:\\\/\\\/baraevent.hu\\\/wp-content\\\/uploads\\\/2019\\\/11\\\/logo-e1593417291257.png\",\"width\":700,\"height\":276,\"caption\":\"Bara Wedding\"},\"image\":{\"@id\":\"https:\\\/\\\/baraevent.hu\\\/#\\\/schema\\\/logo\\\/image\\\/\"},\"sameAs\":[\"http:\\\/\\\/www.facebook.com\\\/baraeskuvo\\\/\",\"https:\\\/\\\/www.instagram.com\\\/weddingbara\"]}]}<\/script>\n<!-- \/ Yoast SEO plugin. -->","yoast_head_json":{"title":"Bubor\u00e9kf\u00faj\u00f3 \u00fcltet\u0151k\u00e1rty\u00e1val - Bara Wedding","description":"Bubor\u00e9kf\u00faj\u00f3 \u00fcltet\u0151k\u00e1rty\u00e1val, \u00f6tletes kis aj\u00e1nd\u00e9k az esk\u00fcv\u0151i parti legifjabb vend\u00e9geinek. Kiv\u00e1laszthatod a szalag \u00e9s a felirat sz\u00edn\u00e9t is!","robots":{"index":"index","follow":"follow","max-snippet":"max-snippet:-1","max-image-preview":"max-image-preview:large","max-video-preview":"max-video-preview:-1"},"canonical":"https:\/\/baraevent.hu\/en\/product\/buborekfujo-ultetokartyaval\/","og_locale":"en_GB","og_type":"article","og_title":"Bubor\u00e9kf\u00faj\u00f3 \u00fcltet\u0151k\u00e1rty\u00e1val - Bara Wedding","og_description":"Bubor\u00e9kf\u00faj\u00f3 \u00fcltet\u0151k\u00e1rty\u00e1val, \u00f6tletes kis aj\u00e1nd\u00e9k az esk\u00fcv\u0151i parti legifjabb vend\u00e9geinek. Kiv\u00e1laszthatod a szalag \u00e9s a felirat sz\u00edn\u00e9t is!","og_url":"https:\/\/baraevent.hu\/en\/product\/buborekfujo-ultetokartyaval\/","og_site_name":"Bara Wedding","article_publisher":"http:\/\/www.facebook.com\/baraeskuvo\/","article_modified_time":"2025-03-14T15:44:58+00:00","og_image":[{"width":225,"height":225,"url":"https:\/\/baraevent.hu\/wp-content\/uploads\/2020\/12\/bara_88_20140304135038.jpg","type":"image\/jpeg"}],"twitter_card":"summary_large_image","twitter_misc":{"Estimated reading time":"1 minute"},"schema":{"@context":"https:\/\/schema.org","@graph":[{"@type":"WebPage","@id":"https:\/\/baraevent.hu\/termek\/buborekfujo-ultetokartyaval\/","url":"https:\/\/baraevent.hu\/termek\/buborekfujo-ultetokartyaval\/","name":"Bubor\u00e9kf\u00faj\u00f3 \u00fcltet\u0151k\u00e1rty\u00e1val - Bara Wedding","isPartOf":{"@id":"https:\/\/baraevent.hu\/#website"},"primaryImageOfPage":{"@id":"https:\/\/baraevent.hu\/termek\/buborekfujo-ultetokartyaval\/#primaryimage"},"image":{"@id":"https:\/\/baraevent.hu\/termek\/buborekfujo-ultetokartyaval\/#primaryimage"},"thumbnailUrl":"https:\/\/baraevent.hu\/wp-content\/uploads\/2020\/12\/bara_88_20140304135038.jpg","datePublished":"2020-12-15T13:52:26+00:00","dateModified":"2025-03-14T15:44:58+00:00","description":"Bubor\u00e9kf\u00faj\u00f3 \u00fcltet\u0151k\u00e1rty\u00e1val, \u00f6tletes kis aj\u00e1nd\u00e9k az esk\u00fcv\u0151i parti legifjabb vend\u00e9geinek. Kiv\u00e1laszthatod a szalag \u00e9s a felirat sz\u00edn\u00e9t is!","breadcrumb":{"@id":"https:\/\/baraevent.hu\/termek\/buborekfujo-ultetokartyaval\/#breadcrumb"},"inLanguage":"en-GB","potentialAction":[{"@type":"ReadAction","target":["https:\/\/baraevent.hu\/termek\/buborekfujo-ultetokartyaval\/"]}]},{"@type":"ImageObject","inLanguage":"en-GB","@id":"https:\/\/baraevent.hu\/termek\/buborekfujo-ultetokartyaval\/#primaryimage","url":"https:\/\/baraevent.hu\/wp-content\/uploads\/2020\/12\/bara_88_20140304135038.jpg","contentUrl":"https:\/\/baraevent.hu\/wp-content\/uploads\/2020\/12\/bara_88_20140304135038.jpg","width":225,"height":225},{"@type":"BreadcrumbList","@id":"https:\/\/baraevent.hu\/termek\/buborekfujo-ultetokartyaval\/#breadcrumb","itemListElement":[{"@type":"ListItem","position":1,"name":"Home","item":"https:\/\/baraevent.hu\/"},{"@type":"ListItem","position":2,"name":"\u00dczlet","item":"https:\/\/baraevent.hu\/uzlet\/"},{"@type":"ListItem","position":3,"name":"Bubor\u00e9kf\u00faj\u00f3 \u00fcltet\u0151k\u00e1rty\u00e1val"}]},{"@type":"WebSite","@id":"https:\/\/baraevent.hu\/#website","url":"https:\/\/baraevent.hu\/","name":"www.baraevent.hu","description":"","publisher":{"@id":"https:\/\/baraevent.hu\/#organization"},"potentialAction":[{"@type":"SearchAction","target":{"@type":"EntryPoint","urlTemplate":"https:\/\/baraevent.hu\/?s={search_term_string}"},"query-input":{"@type":"PropertyValueSpecification","valueRequired":true,"valueName":"search_term_string"}}],"inLanguage":"en-GB"},{"@type":"Organization","@id":"https:\/\/baraevent.hu\/#organization","name":"Bara Wedding","url":"https:\/\/baraevent.hu\/","logo":{"@type":"ImageObject","inLanguage":"en-GB","@id":"https:\/\/baraevent.hu\/#\/schema\/logo\/image\/","url":"https:\/\/baraevent.hu\/wp-content\/uploads\/2019\/11\/logo-e1593417291257.png","contentUrl":"https:\/\/baraevent.hu\/wp-content\/uploads\/2019\/11\/logo-e1593417291257.png","width":700,"height":276,"caption":"Bara Wedding"},"image":{"@id":"https:\/\/baraevent.hu\/#\/schema\/logo\/image\/"},"sameAs":["http:\/\/www.facebook.com\/baraeskuvo\/","https:\/\/www.instagram.com\/weddingbara"]}]}},"_links":{"self":[{"href":"https:\/\/baraevent.hu\/en\/wp-json\/wp\/v2\/product\/2005","targetHints":{"allow":["GET"]}}],"collection":[{"href":"https:\/\/baraevent.hu\/en\/wp-json\/wp\/v2\/product"}],"about":[{"href":"https:\/\/baraevent.hu\/en\/wp-json\/wp\/v2\/types\/product"}],"wp:featuredmedia":[{"embeddable":true,"href":"https:\/\/baraevent.hu\/en\/wp-json\/wp\/v2\/media\/1948"}],"wp:attachment":[{"href":"https:\/\/baraevent.hu\/en\/wp-json\/wp\/v2\/media?parent=2005"}],"wp:term":[{"taxonomy":"product_brand","embeddable":true,"href":"https:\/\/baraevent.hu\/en\/wp-json\/wp\/v2\/product_brand?post=2005"},{"taxonomy":"product_cat","embeddable":true,"href":"https:\/\/baraevent.hu\/en\/wp-json\/wp\/v2\/product_cat?post=2005"},{"taxonomy":"product_tag","embeddable":true,"href":"https:\/\/baraevent.hu\/en\/wp-json\/wp\/v2\/product_tag?post=2005"}],"curies":[{"name":"wp","href":"https:\/\/api.w.org\/{rel}","templated":true}]}}