{"id":2007,"date":"2020-12-15T14:57:17","date_gmt":"2020-12-15T13:57:17","guid":{"rendered":"https:\/\/baraevent.hu\/?post_type=product&#038;p=2007"},"modified":"2025-03-12T15:59:54","modified_gmt":"2025-03-12T14:59:54","slug":"csokidrazse-organzazsakban","status":"publish","type":"product","link":"https:\/\/baraevent.hu\/en\/product\/csokidrazse-organzazsakban\/","title":{"rendered":"Csokidrazs\u00e9 organzazs\u00e1kban"},"content":{"rendered":"<p>Az organza zs\u00e1kocsk\u00e1ba sz\u00ednes \u00e9dess\u00e9g, gyerekkorunk kedvence, a franciadrazs\u00e9 ker\u00fcl. Nem csak gyerekeknek, de az esk\u00fcv\u0151 \u00e9dessz\u00e1j\u00fa feln\u0151tt vend\u00e9geinek is aj\u00e1nljuk \u00e9s kedves kieg\u00e9sz\u00edt\u0151je lehet minden vid\u00e1m st\u00edlus\u00fa esk\u00fcv\u0151i d\u00edsz\u00edt\u00e9snek.<br \/>\nA v\u00e1laszthat\u00f3 itt tal\u00e1lod:\u00a0organzazs\u00e1k k\u00f6sz\u00f6netaj\u00e1nd\u00e9khoz<\/p>\n<p>A kis n\u00e9vk\u00e1rty\u00e1val egy\u00fctt\u00a0 nem csak kedves aj\u00e1nd\u00e9k, de \u00fcltet\u0151k\u00e1rtyak\u00e9nt is funkci\u00f3n\u00e1l.<br \/>\nA n\u00e9vk\u00e1rty\u00e1n szerepl\u0151 felirat \u00e9s a szalag sz\u00edn\u00e9t az al\u00e1bbi sz\u00ednsk\u00e1l\u00e1b\u00f3l lehet kiv\u00e1lasztani. A kiv\u00e1lasztott sz\u00ednt \u00e9s a vend\u00e9gek neveit vagy az \u00fcltet\u0151k\u00e1rtya felirat\u00e1t \u00edrd meg megrendel\u00e9skor a megjegyz\u00e9s rovatba!<\/p>\n<p><b>Aj\u00e1nlott alkalmak:<\/b>\u00a0Esk\u00fcv\u0151, sz\u00fclet\u00e9snap, esk\u00fcv\u0151i k\u00f6sz\u00f6netaj\u00e1nd\u00e9k, k\u00f6sz\u00f6netaj\u00e1nd\u00e9k gyerekeknek<\/p>\n<p><b>Tipp:<\/b>\u00a0Vari\u00e1ld kedvedre a organzazs\u00e1kok sz\u00edn\u00e9t! A fi\u00fak \u00e9s l\u00e1nyok zs\u00e1kocsk\u00e1ja lehet k\u00e9t k\u00fcl\u00f6nb\u00f6z\u0151 sz\u00edn.<\/p>\n<p><img fetchpriority=\"high\" decoding=\"async\" class=\"alignnone wp-image-1797 size-full\" src=\"https:\/\/baraevent.hu\/wp-content\/uploads\/2020\/12\/colorpalette.jpg\" alt=\"\" width=\"491\" height=\"309\" srcset=\"https:\/\/baraevent.hu\/wp-content\/uploads\/2020\/12\/colorpalette.jpg 491w, https:\/\/baraevent.hu\/wp-content\/uploads\/2020\/12\/colorpalette-300x189.jpg 300w\" sizes=\"(max-width: 491px) 100vw, 491px\" \/><\/p>","protected":false},"excerpt":{"rendered":"<p>Feliratozhat\u00f3: igen<br \/>\nM\u00e9ret: 10&#215;6 cm, 35g<br \/>\nSz\u00edn: v\u00e1laszthat\u00f3 organzazs\u00e1k<br \/>\nKiszerel\u00e9s: darab<br \/>\nMinim\u00e1lis rendel\u00e9s: 5 db<br \/>\n<strong>Term\u00e9k\u00e1llapot: rendel\u00e9sre 2 h\u00e9t<\/strong><\/p>","protected":false},"featured_media":2008,"template":"","meta":{"inline_featured_image":false,"_ppp_document_settings_meta":""},"product_brand":[],"product_cat":[140],"product_tag":[],"class_list":{"0":"post-2007","1":"product","2":"type-product","3":"status-publish","4":"has-post-thumbnail","6":"product_cat-koszonetajandek-gyerekeknek","8":"first","9":"onbackorder","10":"shipping-taxable","11":"purchasable","12":"product-type-simple"},"yoast_head":"<!-- This site is optimized with the Yoast SEO plugin v27.4 - https:\/\/yoast.com\/product\/yoast-seo-wordpress\/ -->\n<title>Csokidrazs\u00e9 organzazs\u00e1kban - Bara Wedding<\/title>\n<meta name=\"robots\" content=\"index, follow, max-snippet:-1, max-image-preview:large, max-video-preview:-1\" \/>\n<link rel=\"canonical\" href=\"https:\/\/baraevent.hu\/en\/product\/csokidrazse-organzazsakban\/\" \/>\n<meta property=\"og:locale\" content=\"en_GB\" \/>\n<meta property=\"og:type\" content=\"article\" \/>\n<meta property=\"og:title\" content=\"Csokidrazs\u00e9 organzazs\u00e1kban - Bara Wedding\" \/>\n<meta property=\"og:description\" content=\"Feliratozhat\u00f3: igen M\u00e9ret: 10x6 cm, 35g Sz\u00edn: v\u00e1laszthat\u00f3 organzazs\u00e1k Kiszerel\u00e9s: darab Minim\u00e1lis rendel\u00e9s: 5 db Term\u00e9k\u00e1llapot: rendel\u00e9sre 2 h\u00e9t\" \/>\n<meta property=\"og:url\" content=\"https:\/\/baraevent.hu\/en\/product\/csokidrazse-organzazsakban\/\" \/>\n<meta property=\"og:site_name\" content=\"Bara Wedding\" \/>\n<meta property=\"article:publisher\" content=\"http:\/\/www.facebook.com\/baraeskuvo\/\" \/>\n<meta property=\"article:modified_time\" content=\"2025-03-12T14:59:54+00:00\" \/>\n<meta property=\"og:image\" content=\"https:\/\/baraevent.hu\/wp-content\/uploads\/2020\/12\/bara_121_20140316091522.jpg\" \/>\n\t<meta property=\"og:image:width\" content=\"700\" \/>\n\t<meta property=\"og:image:height\" content=\"700\" \/>\n\t<meta property=\"og:image:type\" content=\"image\/jpeg\" \/>\n<meta name=\"twitter:card\" content=\"summary_large_image\" \/>\n<meta name=\"twitter:label1\" content=\"Estimated reading time\" \/>\n\t<meta name=\"twitter:data1\" content=\"1 minute\" \/>\n<script type=\"application\/ld+json\" class=\"yoast-schema-graph\">{\"@context\":\"https:\\\/\\\/schema.org\",\"@graph\":[{\"@type\":\"WebPage\",\"@id\":\"https:\\\/\\\/baraevent.hu\\\/termek\\\/csokidrazse-organzazsakban\\\/\",\"url\":\"https:\\\/\\\/baraevent.hu\\\/termek\\\/csokidrazse-organzazsakban\\\/\",\"name\":\"Csokidrazs\u00e9 organzazs\u00e1kban - Bara Wedding\",\"isPartOf\":{\"@id\":\"https:\\\/\\\/baraevent.hu\\\/#website\"},\"primaryImageOfPage\":{\"@id\":\"https:\\\/\\\/baraevent.hu\\\/termek\\\/csokidrazse-organzazsakban\\\/#primaryimage\"},\"image\":{\"@id\":\"https:\\\/\\\/baraevent.hu\\\/termek\\\/csokidrazse-organzazsakban\\\/#primaryimage\"},\"thumbnailUrl\":\"https:\\\/\\\/baraevent.hu\\\/wp-content\\\/uploads\\\/2020\\\/12\\\/bara_121_20140316091522.jpg\",\"datePublished\":\"2020-12-15T13:57:17+00:00\",\"dateModified\":\"2025-03-12T14:59:54+00:00\",\"breadcrumb\":{\"@id\":\"https:\\\/\\\/baraevent.hu\\\/termek\\\/csokidrazse-organzazsakban\\\/#breadcrumb\"},\"inLanguage\":\"en-GB\",\"potentialAction\":[{\"@type\":\"ReadAction\",\"target\":[\"https:\\\/\\\/baraevent.hu\\\/termek\\\/csokidrazse-organzazsakban\\\/\"]}]},{\"@type\":\"ImageObject\",\"inLanguage\":\"en-GB\",\"@id\":\"https:\\\/\\\/baraevent.hu\\\/termek\\\/csokidrazse-organzazsakban\\\/#primaryimage\",\"url\":\"https:\\\/\\\/baraevent.hu\\\/wp-content\\\/uploads\\\/2020\\\/12\\\/bara_121_20140316091522.jpg\",\"contentUrl\":\"https:\\\/\\\/baraevent.hu\\\/wp-content\\\/uploads\\\/2020\\\/12\\\/bara_121_20140316091522.jpg\",\"width\":700,\"height\":700},{\"@type\":\"BreadcrumbList\",\"@id\":\"https:\\\/\\\/baraevent.hu\\\/termek\\\/csokidrazse-organzazsakban\\\/#breadcrumb\",\"itemListElement\":[{\"@type\":\"ListItem\",\"position\":1,\"name\":\"Home\",\"item\":\"https:\\\/\\\/baraevent.hu\\\/\"},{\"@type\":\"ListItem\",\"position\":2,\"name\":\"\u00dczlet\",\"item\":\"https:\\\/\\\/baraevent.hu\\\/uzlet\\\/\"},{\"@type\":\"ListItem\",\"position\":3,\"name\":\"Csokidrazs\u00e9 organzazs\u00e1kban\"}]},{\"@type\":\"WebSite\",\"@id\":\"https:\\\/\\\/baraevent.hu\\\/#website\",\"url\":\"https:\\\/\\\/baraevent.hu\\\/\",\"name\":\"www.baraevent.hu\",\"description\":\"\",\"publisher\":{\"@id\":\"https:\\\/\\\/baraevent.hu\\\/#organization\"},\"potentialAction\":[{\"@type\":\"SearchAction\",\"target\":{\"@type\":\"EntryPoint\",\"urlTemplate\":\"https:\\\/\\\/baraevent.hu\\\/?s={search_term_string}\"},\"query-input\":{\"@type\":\"PropertyValueSpecification\",\"valueRequired\":true,\"valueName\":\"search_term_string\"}}],\"inLanguage\":\"en-GB\"},{\"@type\":\"Organization\",\"@id\":\"https:\\\/\\\/baraevent.hu\\\/#organization\",\"name\":\"Bara Wedding\",\"url\":\"https:\\\/\\\/baraevent.hu\\\/\",\"logo\":{\"@type\":\"ImageObject\",\"inLanguage\":\"en-GB\",\"@id\":\"https:\\\/\\\/baraevent.hu\\\/#\\\/schema\\\/logo\\\/image\\\/\",\"url\":\"https:\\\/\\\/baraevent.hu\\\/wp-content\\\/uploads\\\/2019\\\/11\\\/logo-e1593417291257.png\",\"contentUrl\":\"https:\\\/\\\/baraevent.hu\\\/wp-content\\\/uploads\\\/2019\\\/11\\\/logo-e1593417291257.png\",\"width\":700,\"height\":276,\"caption\":\"Bara Wedding\"},\"image\":{\"@id\":\"https:\\\/\\\/baraevent.hu\\\/#\\\/schema\\\/logo\\\/image\\\/\"},\"sameAs\":[\"http:\\\/\\\/www.facebook.com\\\/baraeskuvo\\\/\",\"https:\\\/\\\/www.instagram.com\\\/weddingbara\"]}]}<\/script>\n<!-- \/ Yoast SEO plugin. -->","yoast_head_json":{"title":"Csokidrazs\u00e9 organzazs\u00e1kban - Bara Wedding","robots":{"index":"index","follow":"follow","max-snippet":"max-snippet:-1","max-image-preview":"max-image-preview:large","max-video-preview":"max-video-preview:-1"},"canonical":"https:\/\/baraevent.hu\/en\/product\/csokidrazse-organzazsakban\/","og_locale":"en_GB","og_type":"article","og_title":"Csokidrazs\u00e9 organzazs\u00e1kban - Bara Wedding","og_description":"Feliratozhat\u00f3: igen M\u00e9ret: 10x6 cm, 35g Sz\u00edn: v\u00e1laszthat\u00f3 organzazs\u00e1k Kiszerel\u00e9s: darab Minim\u00e1lis rendel\u00e9s: 5 db Term\u00e9k\u00e1llapot: rendel\u00e9sre 2 h\u00e9t","og_url":"https:\/\/baraevent.hu\/en\/product\/csokidrazse-organzazsakban\/","og_site_name":"Bara Wedding","article_publisher":"http:\/\/www.facebook.com\/baraeskuvo\/","article_modified_time":"2025-03-12T14:59:54+00:00","og_image":[{"width":700,"height":700,"url":"https:\/\/baraevent.hu\/wp-content\/uploads\/2020\/12\/bara_121_20140316091522.jpg","type":"image\/jpeg"}],"twitter_card":"summary_large_image","twitter_misc":{"Estimated reading time":"1 minute"},"schema":{"@context":"https:\/\/schema.org","@graph":[{"@type":"WebPage","@id":"https:\/\/baraevent.hu\/termek\/csokidrazse-organzazsakban\/","url":"https:\/\/baraevent.hu\/termek\/csokidrazse-organzazsakban\/","name":"Csokidrazs\u00e9 organzazs\u00e1kban - Bara Wedding","isPartOf":{"@id":"https:\/\/baraevent.hu\/#website"},"primaryImageOfPage":{"@id":"https:\/\/baraevent.hu\/termek\/csokidrazse-organzazsakban\/#primaryimage"},"image":{"@id":"https:\/\/baraevent.hu\/termek\/csokidrazse-organzazsakban\/#primaryimage"},"thumbnailUrl":"https:\/\/baraevent.hu\/wp-content\/uploads\/2020\/12\/bara_121_20140316091522.jpg","datePublished":"2020-12-15T13:57:17+00:00","dateModified":"2025-03-12T14:59:54+00:00","breadcrumb":{"@id":"https:\/\/baraevent.hu\/termek\/csokidrazse-organzazsakban\/#breadcrumb"},"inLanguage":"en-GB","potentialAction":[{"@type":"ReadAction","target":["https:\/\/baraevent.hu\/termek\/csokidrazse-organzazsakban\/"]}]},{"@type":"ImageObject","inLanguage":"en-GB","@id":"https:\/\/baraevent.hu\/termek\/csokidrazse-organzazsakban\/#primaryimage","url":"https:\/\/baraevent.hu\/wp-content\/uploads\/2020\/12\/bara_121_20140316091522.jpg","contentUrl":"https:\/\/baraevent.hu\/wp-content\/uploads\/2020\/12\/bara_121_20140316091522.jpg","width":700,"height":700},{"@type":"BreadcrumbList","@id":"https:\/\/baraevent.hu\/termek\/csokidrazse-organzazsakban\/#breadcrumb","itemListElement":[{"@type":"ListItem","position":1,"name":"Home","item":"https:\/\/baraevent.hu\/"},{"@type":"ListItem","position":2,"name":"\u00dczlet","item":"https:\/\/baraevent.hu\/uzlet\/"},{"@type":"ListItem","position":3,"name":"Csokidrazs\u00e9 organzazs\u00e1kban"}]},{"@type":"WebSite","@id":"https:\/\/baraevent.hu\/#website","url":"https:\/\/baraevent.hu\/","name":"www.baraevent.hu","description":"","publisher":{"@id":"https:\/\/baraevent.hu\/#organization"},"potentialAction":[{"@type":"SearchAction","target":{"@type":"EntryPoint","urlTemplate":"https:\/\/baraevent.hu\/?s={search_term_string}"},"query-input":{"@type":"PropertyValueSpecification","valueRequired":true,"valueName":"search_term_string"}}],"inLanguage":"en-GB"},{"@type":"Organization","@id":"https:\/\/baraevent.hu\/#organization","name":"Bara Wedding","url":"https:\/\/baraevent.hu\/","logo":{"@type":"ImageObject","inLanguage":"en-GB","@id":"https:\/\/baraevent.hu\/#\/schema\/logo\/image\/","url":"https:\/\/baraevent.hu\/wp-content\/uploads\/2019\/11\/logo-e1593417291257.png","contentUrl":"https:\/\/baraevent.hu\/wp-content\/uploads\/2019\/11\/logo-e1593417291257.png","width":700,"height":276,"caption":"Bara Wedding"},"image":{"@id":"https:\/\/baraevent.hu\/#\/schema\/logo\/image\/"},"sameAs":["http:\/\/www.facebook.com\/baraeskuvo\/","https:\/\/www.instagram.com\/weddingbara"]}]}},"_links":{"self":[{"href":"https:\/\/baraevent.hu\/en\/wp-json\/wp\/v2\/product\/2007","targetHints":{"allow":["GET"]}}],"collection":[{"href":"https:\/\/baraevent.hu\/en\/wp-json\/wp\/v2\/product"}],"about":[{"href":"https:\/\/baraevent.hu\/en\/wp-json\/wp\/v2\/types\/product"}],"wp:featuredmedia":[{"embeddable":true,"href":"https:\/\/baraevent.hu\/en\/wp-json\/wp\/v2\/media\/2008"}],"wp:attachment":[{"href":"https:\/\/baraevent.hu\/en\/wp-json\/wp\/v2\/media?parent=2007"}],"wp:term":[{"taxonomy":"product_brand","embeddable":true,"href":"https:\/\/baraevent.hu\/en\/wp-json\/wp\/v2\/product_brand?post=2007"},{"taxonomy":"product_cat","embeddable":true,"href":"https:\/\/baraevent.hu\/en\/wp-json\/wp\/v2\/product_cat?post=2007"},{"taxonomy":"product_tag","embeddable":true,"href":"https:\/\/baraevent.hu\/en\/wp-json\/wp\/v2\/product_tag?post=2007"}],"curies":[{"name":"wp","href":"https:\/\/api.w.org\/{rel}","templated":true}]}}