{"id":2022,"date":"2020-12-15T15:03:16","date_gmt":"2020-12-15T14:03:16","guid":{"rendered":"https:\/\/baraevent.hu\/?post_type=product&#038;p=2022"},"modified":"2025-03-12T10:45:42","modified_gmt":"2025-03-12T09:45:42","slug":"vendegajandek-gyerekeknek","status":"publish","type":"product","link":"https:\/\/baraevent.hu\/en\/product\/vendegajandek-gyerekeknek\/","title":{"rendered":"Joj\u00f3 &#8211; b\u00e9k\u00e1s"},"content":{"rendered":"<p>Vend\u00e9gaj\u00e1nd\u00e9k gyerekeknek<\/p>\n<p>Gyerekeknek nagyon \u00f6r\u00fclnek, ha \u0151k is kapnak egy apr\u00f3, kedves aj\u00e1nd\u00e9kot.<\/p>\n<p>A joj\u00f3, mint egyszer\u0171 n\u00e9pi j\u00e1t\u00e9k, kedves aj\u00e1nd\u00e9k az esk\u00fcv\u0151 kisebb vend\u00e9geinek 6 \u00e9ves kort\u00f3l<br \/>\nV\u00e1lassz k\u00fcl\u00f6nb\u00f6z\u0151 mint\u00e1j\u00fa joj\u00f3t a kisfi\u00faknak \u00e9s a kisl\u00e1nyoknak.<\/p>\n<p>6 \u00e9v alatti gyerekeknek \u00e1llatos nyomd\u00e1t vagy bubor\u00e9kf\u00faj\u00f3t aj\u00e1nlunk.<\/p>\n<p><b>Aj\u00e1nlott alkalmak:<\/b>\u00a0esk\u00fcv\u0151, esk\u00fcv\u0151i k\u00f6sz\u00f6netaj\u00e1nd\u00e9k<\/p>","protected":false},"excerpt":{"rendered":"<p>M\u00e9ret: 5,5 cm<br \/>\nAnyaga: fa<br \/>\nKiszerel\u00e9s: darab<br \/>\nMinim\u00e1lis rendel\u00e9s: 10 db<br \/>\n<strong>JELENLEG NEM EL\u00c9RHET\u0150<br \/>\n<\/strong><\/p>","protected":false},"featured_media":2014,"template":"","meta":{"inline_featured_image":false,"_ppp_document_settings_meta":""},"product_brand":[],"product_cat":[140],"product_tag":[],"class_list":{"0":"post-2022","1":"product","2":"type-product","3":"status-publish","4":"has-post-thumbnail","6":"product_cat-koszonetajandek-gyerekeknek","8":"first","9":"onbackorder","10":"purchasable","11":"product-type-simple"},"yoast_head":"<!-- This site is optimized with the Yoast SEO plugin v27.4 - https:\/\/yoast.com\/product\/yoast-seo-wordpress\/ -->\n<title>Joj\u00f3 - b\u00e9k\u00e1s - Bara Wedding<\/title>\n<meta name=\"description\" content=\"Kedves vend\u00e9gaj\u00e1nd\u00e9k gyerekeknek a f\u00e1b\u00f3l k\u00e9sz\u00fclt joj\u00f3. Biztos lehetsz benne, hogy a kis vend\u00e9gek \u00f6r\u00fclni fognak az apr\u00f3 figyelmess\u00e9gnek.\" \/>\n<meta name=\"robots\" content=\"index, follow, max-snippet:-1, max-image-preview:large, max-video-preview:-1\" \/>\n<link rel=\"canonical\" href=\"https:\/\/baraevent.hu\/en\/product\/vendegajandek-gyerekeknek\/\" \/>\n<meta property=\"og:locale\" content=\"en_GB\" \/>\n<meta property=\"og:type\" content=\"article\" \/>\n<meta property=\"og:title\" content=\"Joj\u00f3 - b\u00e9k\u00e1s - Bara Wedding\" \/>\n<meta property=\"og:description\" content=\"Kedves vend\u00e9gaj\u00e1nd\u00e9k gyerekeknek a f\u00e1b\u00f3l k\u00e9sz\u00fclt joj\u00f3. Biztos lehetsz benne, hogy a kis vend\u00e9gek \u00f6r\u00fclni fognak az apr\u00f3 figyelmess\u00e9gnek.\" \/>\n<meta property=\"og:url\" content=\"https:\/\/baraevent.hu\/en\/product\/vendegajandek-gyerekeknek\/\" \/>\n<meta property=\"og:site_name\" content=\"Bara Wedding\" \/>\n<meta property=\"article:publisher\" content=\"http:\/\/www.facebook.com\/baraeskuvo\/\" \/>\n<meta property=\"article:modified_time\" content=\"2025-03-12T09:45:42+00:00\" \/>\n<meta property=\"og:image\" content=\"https:\/\/baraevent.hu\/wp-content\/uploads\/2020\/12\/bara_255_20150807114553.png\" \/>\n\t<meta property=\"og:image:width\" content=\"465\" \/>\n\t<meta property=\"og:image:height\" content=\"465\" \/>\n\t<meta property=\"og:image:type\" content=\"image\/png\" \/>\n<meta name=\"twitter:card\" content=\"summary_large_image\" \/>\n<script type=\"application\/ld+json\" class=\"yoast-schema-graph\">{\"@context\":\"https:\\\/\\\/schema.org\",\"@graph\":[{\"@type\":\"WebPage\",\"@id\":\"https:\\\/\\\/baraevent.hu\\\/termek\\\/vendegajandek-gyerekeknek\\\/\",\"url\":\"https:\\\/\\\/baraevent.hu\\\/termek\\\/vendegajandek-gyerekeknek\\\/\",\"name\":\"Joj\u00f3 - b\u00e9k\u00e1s - Bara Wedding\",\"isPartOf\":{\"@id\":\"https:\\\/\\\/baraevent.hu\\\/#website\"},\"primaryImageOfPage\":{\"@id\":\"https:\\\/\\\/baraevent.hu\\\/termek\\\/vendegajandek-gyerekeknek\\\/#primaryimage\"},\"image\":{\"@id\":\"https:\\\/\\\/baraevent.hu\\\/termek\\\/vendegajandek-gyerekeknek\\\/#primaryimage\"},\"thumbnailUrl\":\"https:\\\/\\\/baraevent.hu\\\/wp-content\\\/uploads\\\/2020\\\/12\\\/bara_255_20150807114553.png\",\"datePublished\":\"2020-12-15T14:03:16+00:00\",\"dateModified\":\"2025-03-12T09:45:42+00:00\",\"description\":\"Kedves vend\u00e9gaj\u00e1nd\u00e9k gyerekeknek a f\u00e1b\u00f3l k\u00e9sz\u00fclt joj\u00f3. Biztos lehetsz benne, hogy a kis vend\u00e9gek \u00f6r\u00fclni fognak az apr\u00f3 figyelmess\u00e9gnek.\",\"breadcrumb\":{\"@id\":\"https:\\\/\\\/baraevent.hu\\\/termek\\\/vendegajandek-gyerekeknek\\\/#breadcrumb\"},\"inLanguage\":\"en-GB\",\"potentialAction\":[{\"@type\":\"ReadAction\",\"target\":[\"https:\\\/\\\/baraevent.hu\\\/termek\\\/vendegajandek-gyerekeknek\\\/\"]}]},{\"@type\":\"ImageObject\",\"inLanguage\":\"en-GB\",\"@id\":\"https:\\\/\\\/baraevent.hu\\\/termek\\\/vendegajandek-gyerekeknek\\\/#primaryimage\",\"url\":\"https:\\\/\\\/baraevent.hu\\\/wp-content\\\/uploads\\\/2020\\\/12\\\/bara_255_20150807114553.png\",\"contentUrl\":\"https:\\\/\\\/baraevent.hu\\\/wp-content\\\/uploads\\\/2020\\\/12\\\/bara_255_20150807114553.png\",\"width\":465,\"height\":465},{\"@type\":\"BreadcrumbList\",\"@id\":\"https:\\\/\\\/baraevent.hu\\\/termek\\\/vendegajandek-gyerekeknek\\\/#breadcrumb\",\"itemListElement\":[{\"@type\":\"ListItem\",\"position\":1,\"name\":\"Home\",\"item\":\"https:\\\/\\\/baraevent.hu\\\/\"},{\"@type\":\"ListItem\",\"position\":2,\"name\":\"\u00dczlet\",\"item\":\"https:\\\/\\\/baraevent.hu\\\/uzlet\\\/\"},{\"@type\":\"ListItem\",\"position\":3,\"name\":\"Joj\u00f3 &#8211; b\u00e9k\u00e1s\"}]},{\"@type\":\"WebSite\",\"@id\":\"https:\\\/\\\/baraevent.hu\\\/#website\",\"url\":\"https:\\\/\\\/baraevent.hu\\\/\",\"name\":\"www.baraevent.hu\",\"description\":\"\",\"publisher\":{\"@id\":\"https:\\\/\\\/baraevent.hu\\\/#organization\"},\"potentialAction\":[{\"@type\":\"SearchAction\",\"target\":{\"@type\":\"EntryPoint\",\"urlTemplate\":\"https:\\\/\\\/baraevent.hu\\\/?s={search_term_string}\"},\"query-input\":{\"@type\":\"PropertyValueSpecification\",\"valueRequired\":true,\"valueName\":\"search_term_string\"}}],\"inLanguage\":\"en-GB\"},{\"@type\":\"Organization\",\"@id\":\"https:\\\/\\\/baraevent.hu\\\/#organization\",\"name\":\"Bara Wedding\",\"url\":\"https:\\\/\\\/baraevent.hu\\\/\",\"logo\":{\"@type\":\"ImageObject\",\"inLanguage\":\"en-GB\",\"@id\":\"https:\\\/\\\/baraevent.hu\\\/#\\\/schema\\\/logo\\\/image\\\/\",\"url\":\"https:\\\/\\\/baraevent.hu\\\/wp-content\\\/uploads\\\/2019\\\/11\\\/logo-e1593417291257.png\",\"contentUrl\":\"https:\\\/\\\/baraevent.hu\\\/wp-content\\\/uploads\\\/2019\\\/11\\\/logo-e1593417291257.png\",\"width\":700,\"height\":276,\"caption\":\"Bara Wedding\"},\"image\":{\"@id\":\"https:\\\/\\\/baraevent.hu\\\/#\\\/schema\\\/logo\\\/image\\\/\"},\"sameAs\":[\"http:\\\/\\\/www.facebook.com\\\/baraeskuvo\\\/\",\"https:\\\/\\\/www.instagram.com\\\/weddingbara\"]}]}<\/script>\n<!-- \/ Yoast SEO plugin. -->","yoast_head_json":{"title":"Joj\u00f3 - b\u00e9k\u00e1s - Bara Wedding","description":"Kedves vend\u00e9gaj\u00e1nd\u00e9k gyerekeknek a f\u00e1b\u00f3l k\u00e9sz\u00fclt joj\u00f3. Biztos lehetsz benne, hogy a kis vend\u00e9gek \u00f6r\u00fclni fognak az apr\u00f3 figyelmess\u00e9gnek.","robots":{"index":"index","follow":"follow","max-snippet":"max-snippet:-1","max-image-preview":"max-image-preview:large","max-video-preview":"max-video-preview:-1"},"canonical":"https:\/\/baraevent.hu\/en\/product\/vendegajandek-gyerekeknek\/","og_locale":"en_GB","og_type":"article","og_title":"Joj\u00f3 - b\u00e9k\u00e1s - Bara Wedding","og_description":"Kedves vend\u00e9gaj\u00e1nd\u00e9k gyerekeknek a f\u00e1b\u00f3l k\u00e9sz\u00fclt joj\u00f3. Biztos lehetsz benne, hogy a kis vend\u00e9gek \u00f6r\u00fclni fognak az apr\u00f3 figyelmess\u00e9gnek.","og_url":"https:\/\/baraevent.hu\/en\/product\/vendegajandek-gyerekeknek\/","og_site_name":"Bara Wedding","article_publisher":"http:\/\/www.facebook.com\/baraeskuvo\/","article_modified_time":"2025-03-12T09:45:42+00:00","og_image":[{"width":465,"height":465,"url":"https:\/\/baraevent.hu\/wp-content\/uploads\/2020\/12\/bara_255_20150807114553.png","type":"image\/png"}],"twitter_card":"summary_large_image","schema":{"@context":"https:\/\/schema.org","@graph":[{"@type":"WebPage","@id":"https:\/\/baraevent.hu\/termek\/vendegajandek-gyerekeknek\/","url":"https:\/\/baraevent.hu\/termek\/vendegajandek-gyerekeknek\/","name":"Joj\u00f3 - b\u00e9k\u00e1s - Bara Wedding","isPartOf":{"@id":"https:\/\/baraevent.hu\/#website"},"primaryImageOfPage":{"@id":"https:\/\/baraevent.hu\/termek\/vendegajandek-gyerekeknek\/#primaryimage"},"image":{"@id":"https:\/\/baraevent.hu\/termek\/vendegajandek-gyerekeknek\/#primaryimage"},"thumbnailUrl":"https:\/\/baraevent.hu\/wp-content\/uploads\/2020\/12\/bara_255_20150807114553.png","datePublished":"2020-12-15T14:03:16+00:00","dateModified":"2025-03-12T09:45:42+00:00","description":"Kedves vend\u00e9gaj\u00e1nd\u00e9k gyerekeknek a f\u00e1b\u00f3l k\u00e9sz\u00fclt joj\u00f3. Biztos lehetsz benne, hogy a kis vend\u00e9gek \u00f6r\u00fclni fognak az apr\u00f3 figyelmess\u00e9gnek.","breadcrumb":{"@id":"https:\/\/baraevent.hu\/termek\/vendegajandek-gyerekeknek\/#breadcrumb"},"inLanguage":"en-GB","potentialAction":[{"@type":"ReadAction","target":["https:\/\/baraevent.hu\/termek\/vendegajandek-gyerekeknek\/"]}]},{"@type":"ImageObject","inLanguage":"en-GB","@id":"https:\/\/baraevent.hu\/termek\/vendegajandek-gyerekeknek\/#primaryimage","url":"https:\/\/baraevent.hu\/wp-content\/uploads\/2020\/12\/bara_255_20150807114553.png","contentUrl":"https:\/\/baraevent.hu\/wp-content\/uploads\/2020\/12\/bara_255_20150807114553.png","width":465,"height":465},{"@type":"BreadcrumbList","@id":"https:\/\/baraevent.hu\/termek\/vendegajandek-gyerekeknek\/#breadcrumb","itemListElement":[{"@type":"ListItem","position":1,"name":"Home","item":"https:\/\/baraevent.hu\/"},{"@type":"ListItem","position":2,"name":"\u00dczlet","item":"https:\/\/baraevent.hu\/uzlet\/"},{"@type":"ListItem","position":3,"name":"Joj\u00f3 &#8211; b\u00e9k\u00e1s"}]},{"@type":"WebSite","@id":"https:\/\/baraevent.hu\/#website","url":"https:\/\/baraevent.hu\/","name":"www.baraevent.hu","description":"","publisher":{"@id":"https:\/\/baraevent.hu\/#organization"},"potentialAction":[{"@type":"SearchAction","target":{"@type":"EntryPoint","urlTemplate":"https:\/\/baraevent.hu\/?s={search_term_string}"},"query-input":{"@type":"PropertyValueSpecification","valueRequired":true,"valueName":"search_term_string"}}],"inLanguage":"en-GB"},{"@type":"Organization","@id":"https:\/\/baraevent.hu\/#organization","name":"Bara Wedding","url":"https:\/\/baraevent.hu\/","logo":{"@type":"ImageObject","inLanguage":"en-GB","@id":"https:\/\/baraevent.hu\/#\/schema\/logo\/image\/","url":"https:\/\/baraevent.hu\/wp-content\/uploads\/2019\/11\/logo-e1593417291257.png","contentUrl":"https:\/\/baraevent.hu\/wp-content\/uploads\/2019\/11\/logo-e1593417291257.png","width":700,"height":276,"caption":"Bara Wedding"},"image":{"@id":"https:\/\/baraevent.hu\/#\/schema\/logo\/image\/"},"sameAs":["http:\/\/www.facebook.com\/baraeskuvo\/","https:\/\/www.instagram.com\/weddingbara"]}]}},"_links":{"self":[{"href":"https:\/\/baraevent.hu\/en\/wp-json\/wp\/v2\/product\/2022","targetHints":{"allow":["GET"]}}],"collection":[{"href":"https:\/\/baraevent.hu\/en\/wp-json\/wp\/v2\/product"}],"about":[{"href":"https:\/\/baraevent.hu\/en\/wp-json\/wp\/v2\/types\/product"}],"wp:featuredmedia":[{"embeddable":true,"href":"https:\/\/baraevent.hu\/en\/wp-json\/wp\/v2\/media\/2014"}],"wp:attachment":[{"href":"https:\/\/baraevent.hu\/en\/wp-json\/wp\/v2\/media?parent=2022"}],"wp:term":[{"taxonomy":"product_brand","embeddable":true,"href":"https:\/\/baraevent.hu\/en\/wp-json\/wp\/v2\/product_brand?post=2022"},{"taxonomy":"product_cat","embeddable":true,"href":"https:\/\/baraevent.hu\/en\/wp-json\/wp\/v2\/product_cat?post=2022"},{"taxonomy":"product_tag","embeddable":true,"href":"https:\/\/baraevent.hu\/en\/wp-json\/wp\/v2\/product_tag?post=2022"}],"curies":[{"name":"wp","href":"https:\/\/api.w.org\/{rel}","templated":true}]}}