{"id":2024,"date":"2020-12-15T15:08:47","date_gmt":"2020-12-15T14:08:47","guid":{"rendered":"https:\/\/baraevent.hu\/?post_type=product&#038;p=2024"},"modified":"2020-12-15T17:56:31","modified_gmt":"2020-12-15T16:56:31","slug":"sutiforma-sziv","status":"publish","type":"product","link":"https:\/\/baraevent.hu\/en\/product\/sutiforma-sziv\/","title":{"rendered":"S\u00fctiforma &#8211; sz\u00edv"},"content":{"rendered":"<p>\u00d6tletes apr\u00f3s\u00e1g, nem csak konyhat\u00fcnd\u00e9reknek. A sz\u00edv alak\u00fa s\u00fctem\u00e9nykisz\u00far\u00f3forma eml\u00e9k\u00fcl marad minden h\u00e1ztart\u00e1sban.<\/p>\n<p>A s\u00fctiform\u00e1ra k\u00f6thet\u0151 szalag sz\u00edne igazodhat a dekor\u00e1ci\u00f3 sz\u00edn\u00e9hez, a szalagra \u00fcltet\u0151k\u00e1rtya is r\u00f6gz\u00edthet\u0151.<\/p>\n<p>A n\u00e9vk\u00e1rty\u00e1n szerepl\u0151 felirat \u00e9s a szalag sz\u00edn\u00e9t az al\u00e1bbi sz\u00ednsk\u00e1l\u00e1b\u00f3l lehet kiv\u00e1lasztani.<br \/>\nFigyelem! Megrendel\u00e9skor a megjegyz\u00e9s rovatba ne felejtsd meg\u00edrni a vend\u00e9gek neveit a megrendelt darabsz\u00e1mnak megfelel\u0151en!<\/p>\n<p><img fetchpriority=\"high\" decoding=\"async\" class=\"alignnone wp-image-1797 size-full\" src=\"https:\/\/baraevent.hu\/wp-content\/uploads\/2020\/12\/colorpalette.jpg\" alt=\"\" width=\"491\" height=\"309\" srcset=\"https:\/\/baraevent.hu\/wp-content\/uploads\/2020\/12\/colorpalette.jpg 491w, https:\/\/baraevent.hu\/wp-content\/uploads\/2020\/12\/colorpalette-300x189.jpg 300w\" sizes=\"(max-width: 491px) 100vw, 491px\" \/><\/p>","protected":false},"excerpt":{"rendered":"<p>Feliratozhat\u00f3: igen<br \/>\nM\u00e9ret: kb. 6 x 6 cm<br \/>\nSz\u00edn: ez\u00fcst, v\u00e1laszthat\u00f3 sz\u00edn\u0171 masnival<br \/>\nForma: sz\u00edv<br \/>\nAnyag: feh\u00e9rb\u00e1dog<br \/>\nMinim\u00e1lis rendel\u00e9s: 10 db<br \/>\n<strong>Term\u00e9k\u00e1llapot: rendel\u00e9sre 2 h\u00e9t<\/strong><\/p>","protected":false},"featured_media":2037,"template":"","meta":{"inline_featured_image":false,"_ppp_document_settings_meta":""},"product_brand":[],"product_cat":[141,158],"product_tag":[],"class_list":{"0":"post-2024","1":"product","2":"type-product","3":"status-publish","4":"has-post-thumbnail","6":"product_cat-otletes-koszonetajandek","7":"product_cat-ultetokartya-es-koszonetajandek","9":"first","10":"onbackorder","11":"shipping-taxable","12":"purchasable","13":"product-type-simple"},"yoast_head":"<!-- This site is optimized with the Yoast SEO plugin v27.4 - https:\/\/yoast.com\/product\/yoast-seo-wordpress\/ -->\n<title>S\u00fctiforma - sz\u00edv - Bara Wedding<\/title>\n<meta name=\"robots\" content=\"index, follow, max-snippet:-1, max-image-preview:large, max-video-preview:-1\" \/>\n<link rel=\"canonical\" href=\"https:\/\/baraevent.hu\/en\/product\/sutiforma-sziv\/\" \/>\n<meta property=\"og:locale\" content=\"en_GB\" \/>\n<meta property=\"og:type\" content=\"article\" \/>\n<meta property=\"og:title\" content=\"S\u00fctiforma - sz\u00edv - Bara Wedding\" \/>\n<meta property=\"og:description\" content=\"Feliratozhat\u00f3: igen M\u00e9ret: kb. 6 x 6 cm Sz\u00edn: ez\u00fcst, v\u00e1laszthat\u00f3 sz\u00edn\u0171 masnival Forma: sz\u00edv Anyag: feh\u00e9rb\u00e1dog Minim\u00e1lis rendel\u00e9s: 10 db Term\u00e9k\u00e1llapot: rendel\u00e9sre 2 h\u00e9t\" \/>\n<meta property=\"og:url\" content=\"https:\/\/baraevent.hu\/en\/product\/sutiforma-sziv\/\" \/>\n<meta property=\"og:site_name\" content=\"Bara Wedding\" \/>\n<meta property=\"article:publisher\" content=\"http:\/\/www.facebook.com\/baraeskuvo\/\" \/>\n<meta property=\"article:modified_time\" content=\"2020-12-15T16:56:31+00:00\" \/>\n<meta property=\"og:image\" content=\"https:\/\/baraevent.hu\/wp-content\/uploads\/2020\/12\/bara_142_20150123123422.jpg\" \/>\n\t<meta property=\"og:image:width\" content=\"500\" \/>\n\t<meta property=\"og:image:height\" content=\"375\" \/>\n\t<meta property=\"og:image:type\" content=\"image\/jpeg\" \/>\n<meta name=\"twitter:card\" content=\"summary_large_image\" \/>\n<script type=\"application\/ld+json\" class=\"yoast-schema-graph\">{\"@context\":\"https:\\\/\\\/schema.org\",\"@graph\":[{\"@type\":\"WebPage\",\"@id\":\"https:\\\/\\\/baraevent.hu\\\/termek\\\/sutiforma-sziv\\\/\",\"url\":\"https:\\\/\\\/baraevent.hu\\\/termek\\\/sutiforma-sziv\\\/\",\"name\":\"S\u00fctiforma - sz\u00edv - Bara Wedding\",\"isPartOf\":{\"@id\":\"https:\\\/\\\/baraevent.hu\\\/#website\"},\"primaryImageOfPage\":{\"@id\":\"https:\\\/\\\/baraevent.hu\\\/termek\\\/sutiforma-sziv\\\/#primaryimage\"},\"image\":{\"@id\":\"https:\\\/\\\/baraevent.hu\\\/termek\\\/sutiforma-sziv\\\/#primaryimage\"},\"thumbnailUrl\":\"https:\\\/\\\/baraevent.hu\\\/wp-content\\\/uploads\\\/2020\\\/12\\\/bara_142_20150123123422.jpg\",\"datePublished\":\"2020-12-15T14:08:47+00:00\",\"dateModified\":\"2020-12-15T16:56:31+00:00\",\"breadcrumb\":{\"@id\":\"https:\\\/\\\/baraevent.hu\\\/termek\\\/sutiforma-sziv\\\/#breadcrumb\"},\"inLanguage\":\"en-GB\",\"potentialAction\":[{\"@type\":\"ReadAction\",\"target\":[\"https:\\\/\\\/baraevent.hu\\\/termek\\\/sutiforma-sziv\\\/\"]}]},{\"@type\":\"ImageObject\",\"inLanguage\":\"en-GB\",\"@id\":\"https:\\\/\\\/baraevent.hu\\\/termek\\\/sutiforma-sziv\\\/#primaryimage\",\"url\":\"https:\\\/\\\/baraevent.hu\\\/wp-content\\\/uploads\\\/2020\\\/12\\\/bara_142_20150123123422.jpg\",\"contentUrl\":\"https:\\\/\\\/baraevent.hu\\\/wp-content\\\/uploads\\\/2020\\\/12\\\/bara_142_20150123123422.jpg\",\"width\":500,\"height\":375},{\"@type\":\"BreadcrumbList\",\"@id\":\"https:\\\/\\\/baraevent.hu\\\/termek\\\/sutiforma-sziv\\\/#breadcrumb\",\"itemListElement\":[{\"@type\":\"ListItem\",\"position\":1,\"name\":\"Home\",\"item\":\"https:\\\/\\\/baraevent.hu\\\/\"},{\"@type\":\"ListItem\",\"position\":2,\"name\":\"\u00dczlet\",\"item\":\"https:\\\/\\\/baraevent.hu\\\/uzlet\\\/\"},{\"@type\":\"ListItem\",\"position\":3,\"name\":\"S\u00fctiforma &#8211; sz\u00edv\"}]},{\"@type\":\"WebSite\",\"@id\":\"https:\\\/\\\/baraevent.hu\\\/#website\",\"url\":\"https:\\\/\\\/baraevent.hu\\\/\",\"name\":\"www.baraevent.hu\",\"description\":\"\",\"publisher\":{\"@id\":\"https:\\\/\\\/baraevent.hu\\\/#organization\"},\"potentialAction\":[{\"@type\":\"SearchAction\",\"target\":{\"@type\":\"EntryPoint\",\"urlTemplate\":\"https:\\\/\\\/baraevent.hu\\\/?s={search_term_string}\"},\"query-input\":{\"@type\":\"PropertyValueSpecification\",\"valueRequired\":true,\"valueName\":\"search_term_string\"}}],\"inLanguage\":\"en-GB\"},{\"@type\":\"Organization\",\"@id\":\"https:\\\/\\\/baraevent.hu\\\/#organization\",\"name\":\"Bara Wedding\",\"url\":\"https:\\\/\\\/baraevent.hu\\\/\",\"logo\":{\"@type\":\"ImageObject\",\"inLanguage\":\"en-GB\",\"@id\":\"https:\\\/\\\/baraevent.hu\\\/#\\\/schema\\\/logo\\\/image\\\/\",\"url\":\"https:\\\/\\\/baraevent.hu\\\/wp-content\\\/uploads\\\/2019\\\/11\\\/logo-e1593417291257.png\",\"contentUrl\":\"https:\\\/\\\/baraevent.hu\\\/wp-content\\\/uploads\\\/2019\\\/11\\\/logo-e1593417291257.png\",\"width\":700,\"height\":276,\"caption\":\"Bara Wedding\"},\"image\":{\"@id\":\"https:\\\/\\\/baraevent.hu\\\/#\\\/schema\\\/logo\\\/image\\\/\"},\"sameAs\":[\"http:\\\/\\\/www.facebook.com\\\/baraeskuvo\\\/\",\"https:\\\/\\\/www.instagram.com\\\/weddingbara\"]}]}<\/script>\n<!-- \/ Yoast SEO plugin. -->","yoast_head_json":{"title":"S\u00fctiforma - sz\u00edv - Bara Wedding","robots":{"index":"index","follow":"follow","max-snippet":"max-snippet:-1","max-image-preview":"max-image-preview:large","max-video-preview":"max-video-preview:-1"},"canonical":"https:\/\/baraevent.hu\/en\/product\/sutiforma-sziv\/","og_locale":"en_GB","og_type":"article","og_title":"S\u00fctiforma - sz\u00edv - Bara Wedding","og_description":"Feliratozhat\u00f3: igen M\u00e9ret: kb. 6 x 6 cm Sz\u00edn: ez\u00fcst, v\u00e1laszthat\u00f3 sz\u00edn\u0171 masnival Forma: sz\u00edv Anyag: feh\u00e9rb\u00e1dog Minim\u00e1lis rendel\u00e9s: 10 db Term\u00e9k\u00e1llapot: rendel\u00e9sre 2 h\u00e9t","og_url":"https:\/\/baraevent.hu\/en\/product\/sutiforma-sziv\/","og_site_name":"Bara Wedding","article_publisher":"http:\/\/www.facebook.com\/baraeskuvo\/","article_modified_time":"2020-12-15T16:56:31+00:00","og_image":[{"width":500,"height":375,"url":"https:\/\/baraevent.hu\/wp-content\/uploads\/2020\/12\/bara_142_20150123123422.jpg","type":"image\/jpeg"}],"twitter_card":"summary_large_image","schema":{"@context":"https:\/\/schema.org","@graph":[{"@type":"WebPage","@id":"https:\/\/baraevent.hu\/termek\/sutiforma-sziv\/","url":"https:\/\/baraevent.hu\/termek\/sutiforma-sziv\/","name":"S\u00fctiforma - sz\u00edv - Bara Wedding","isPartOf":{"@id":"https:\/\/baraevent.hu\/#website"},"primaryImageOfPage":{"@id":"https:\/\/baraevent.hu\/termek\/sutiforma-sziv\/#primaryimage"},"image":{"@id":"https:\/\/baraevent.hu\/termek\/sutiforma-sziv\/#primaryimage"},"thumbnailUrl":"https:\/\/baraevent.hu\/wp-content\/uploads\/2020\/12\/bara_142_20150123123422.jpg","datePublished":"2020-12-15T14:08:47+00:00","dateModified":"2020-12-15T16:56:31+00:00","breadcrumb":{"@id":"https:\/\/baraevent.hu\/termek\/sutiforma-sziv\/#breadcrumb"},"inLanguage":"en-GB","potentialAction":[{"@type":"ReadAction","target":["https:\/\/baraevent.hu\/termek\/sutiforma-sziv\/"]}]},{"@type":"ImageObject","inLanguage":"en-GB","@id":"https:\/\/baraevent.hu\/termek\/sutiforma-sziv\/#primaryimage","url":"https:\/\/baraevent.hu\/wp-content\/uploads\/2020\/12\/bara_142_20150123123422.jpg","contentUrl":"https:\/\/baraevent.hu\/wp-content\/uploads\/2020\/12\/bara_142_20150123123422.jpg","width":500,"height":375},{"@type":"BreadcrumbList","@id":"https:\/\/baraevent.hu\/termek\/sutiforma-sziv\/#breadcrumb","itemListElement":[{"@type":"ListItem","position":1,"name":"Home","item":"https:\/\/baraevent.hu\/"},{"@type":"ListItem","position":2,"name":"\u00dczlet","item":"https:\/\/baraevent.hu\/uzlet\/"},{"@type":"ListItem","position":3,"name":"S\u00fctiforma &#8211; sz\u00edv"}]},{"@type":"WebSite","@id":"https:\/\/baraevent.hu\/#website","url":"https:\/\/baraevent.hu\/","name":"www.baraevent.hu","description":"","publisher":{"@id":"https:\/\/baraevent.hu\/#organization"},"potentialAction":[{"@type":"SearchAction","target":{"@type":"EntryPoint","urlTemplate":"https:\/\/baraevent.hu\/?s={search_term_string}"},"query-input":{"@type":"PropertyValueSpecification","valueRequired":true,"valueName":"search_term_string"}}],"inLanguage":"en-GB"},{"@type":"Organization","@id":"https:\/\/baraevent.hu\/#organization","name":"Bara Wedding","url":"https:\/\/baraevent.hu\/","logo":{"@type":"ImageObject","inLanguage":"en-GB","@id":"https:\/\/baraevent.hu\/#\/schema\/logo\/image\/","url":"https:\/\/baraevent.hu\/wp-content\/uploads\/2019\/11\/logo-e1593417291257.png","contentUrl":"https:\/\/baraevent.hu\/wp-content\/uploads\/2019\/11\/logo-e1593417291257.png","width":700,"height":276,"caption":"Bara Wedding"},"image":{"@id":"https:\/\/baraevent.hu\/#\/schema\/logo\/image\/"},"sameAs":["http:\/\/www.facebook.com\/baraeskuvo\/","https:\/\/www.instagram.com\/weddingbara"]}]}},"_links":{"self":[{"href":"https:\/\/baraevent.hu\/en\/wp-json\/wp\/v2\/product\/2024","targetHints":{"allow":["GET"]}}],"collection":[{"href":"https:\/\/baraevent.hu\/en\/wp-json\/wp\/v2\/product"}],"about":[{"href":"https:\/\/baraevent.hu\/en\/wp-json\/wp\/v2\/types\/product"}],"wp:featuredmedia":[{"embeddable":true,"href":"https:\/\/baraevent.hu\/en\/wp-json\/wp\/v2\/media\/2037"}],"wp:attachment":[{"href":"https:\/\/baraevent.hu\/en\/wp-json\/wp\/v2\/media?parent=2024"}],"wp:term":[{"taxonomy":"product_brand","embeddable":true,"href":"https:\/\/baraevent.hu\/en\/wp-json\/wp\/v2\/product_brand?post=2024"},{"taxonomy":"product_cat","embeddable":true,"href":"https:\/\/baraevent.hu\/en\/wp-json\/wp\/v2\/product_cat?post=2024"},{"taxonomy":"product_tag","embeddable":true,"href":"https:\/\/baraevent.hu\/en\/wp-json\/wp\/v2\/product_tag?post=2024"}],"curies":[{"name":"wp","href":"https:\/\/api.w.org\/{rel}","templated":true}]}}