{"id":2039,"date":"2020-12-15T15:22:07","date_gmt":"2020-12-15T14:22:07","guid":{"rendered":"https:\/\/baraevent.hu\/?post_type=product&#038;p=2039"},"modified":"2025-02-18T18:00:43","modified_gmt":"2025-02-18T17:00:43","slug":"bambusz-legyezo-2","status":"publish","type":"product","link":"https:\/\/baraevent.hu\/en\/product\/bambusz-legyezo-2\/","title":{"rendered":"Bambuszlegyez\u0151 felirattal"},"content":{"rendered":"<p>Az \u00f6sszecsukhat\u00f3 faragott bambusz legyez\u0151 t\u00f6k\u00e9letes k\u00f6sz\u00f6netaj\u00e1nd\u00e9k a h\u00f6lgy vend\u00e9geknek forr\u00f3 ny\u00e1ri esk\u00fcv\u0151re. Amellett, hogy j\u00f3 szolg\u00e1latot tesz a nagy nap meleg d\u00e9lut\u00e1nj\u00e1n, biztos, hogy ez az aj\u00e1nd\u00e9k gyakran el\u0151ker\u00fcl majd az esk\u00fcv\u0151 ut\u00e1n is.<\/p>\n<p>K\u00f6sz\u00f6netaj\u00e1nd\u00e9k \u00e9s \u00fcltet\u0151 k\u00e1rtya egyben. A legyez\u0151 sz\u00e1r\u00e1ra kis n\u00e9vk\u00e1rtya r\u00f6gz\u00edthet\u0151 egy sz\u00e9p szalaggal. A kis k\u00e1rty\u00e1ra nyomtathat\u00f3 a megaj\u00e1nd\u00e9kozott vend\u00e9g neve vagy egy r\u00f6vid k\u00f6sz\u00f6nt\u0151 sz\u00f6veg. (Pl.: K\u00f6sz\u00f6nj\u00fck, hogy vel\u00fcnk \u00fcnnepelt\u00e9l!)<\/p>\n<p>Ne feledd megrendel\u00e9skor meg\u00edrni a nyomtat\u00e1s \u00e9s szalag sz\u00edn\u00e9t, valamint a nyomtat\u00e1s sz\u00f6veg\u00e9t!<\/p>\n<p><img fetchpriority=\"high\" decoding=\"async\" class=\"alignnone wp-image-1797 size-full\" src=\"https:\/\/baraevent.hu\/wp-content\/uploads\/2020\/12\/colorpalette.jpg\" alt=\"\" width=\"491\" height=\"309\" srcset=\"https:\/\/baraevent.hu\/wp-content\/uploads\/2020\/12\/colorpalette.jpg 491w, https:\/\/baraevent.hu\/wp-content\/uploads\/2020\/12\/colorpalette-300x189.jpg 300w\" sizes=\"(max-width: 491px) 100vw, 491px\" \/><\/p>","protected":false},"excerpt":{"rendered":"<p>M\u00e9ret: 35 cm (kinyitva)<br \/>\nAnyag: bambusz<br \/>\nSz\u00edn: nat\u00far<br \/>\nKiszerel\u00e9s: db<\/p>","protected":false},"featured_media":2190,"template":"","meta":{"inline_featured_image":false,"_ppp_document_settings_meta":""},"product_brand":[],"product_cat":[158],"product_tag":[309,308],"class_list":{"0":"post-2039","1":"product","2":"type-product","3":"status-publish","4":"has-post-thumbnail","6":"product_cat-ultetokartya-es-koszonetajandek","7":"product_tag-bambuszlegyezo","8":"product_tag-legyezo","10":"first","11":"instock","12":"shipping-taxable","13":"purchasable","14":"product-type-simple"},"yoast_head":"<!-- This site is optimized with the Yoast SEO plugin v27.4 - https:\/\/yoast.com\/product\/yoast-seo-wordpress\/ -->\n<title>Bambuszlegyez\u0151 felirattal - Bara Wedding<\/title>\n<meta name=\"robots\" content=\"index, follow, max-snippet:-1, max-image-preview:large, max-video-preview:-1\" \/>\n<link rel=\"canonical\" href=\"https:\/\/baraevent.hu\/en\/product\/bambusz-legyezo-2\/\" \/>\n<meta property=\"og:locale\" content=\"en_GB\" \/>\n<meta property=\"og:type\" content=\"article\" \/>\n<meta property=\"og:title\" content=\"Bambuszlegyez\u0151 felirattal - Bara Wedding\" \/>\n<meta property=\"og:description\" content=\"M\u00e9ret: 35 cm (kinyitva) Anyag: bambusz Sz\u00edn: nat\u00far Kiszerel\u00e9s: db\" \/>\n<meta property=\"og:url\" content=\"https:\/\/baraevent.hu\/en\/product\/bambusz-legyezo-2\/\" \/>\n<meta property=\"og:site_name\" content=\"Bara Wedding\" \/>\n<meta property=\"article:publisher\" content=\"http:\/\/www.facebook.com\/baraeskuvo\/\" \/>\n<meta property=\"article:modified_time\" content=\"2025-02-18T17:00:43+00:00\" \/>\n<meta property=\"og:image\" content=\"https:\/\/baraevent.hu\/wp-content\/uploads\/2020\/12\/bara_174_20150423142345.jpg\" \/>\n\t<meta property=\"og:image:width\" content=\"548\" \/>\n\t<meta property=\"og:image:height\" content=\"400\" \/>\n\t<meta property=\"og:image:type\" content=\"image\/jpeg\" \/>\n<meta name=\"twitter:card\" content=\"summary_large_image\" \/>\n<meta name=\"twitter:label1\" content=\"Estimated reading time\" \/>\n\t<meta name=\"twitter:data1\" content=\"1 minute\" \/>\n<script type=\"application\/ld+json\" class=\"yoast-schema-graph\">{\"@context\":\"https:\\\/\\\/schema.org\",\"@graph\":[{\"@type\":\"WebPage\",\"@id\":\"https:\\\/\\\/baraevent.hu\\\/termek\\\/bambusz-legyezo-2\\\/\",\"url\":\"https:\\\/\\\/baraevent.hu\\\/termek\\\/bambusz-legyezo-2\\\/\",\"name\":\"Bambuszlegyez\u0151 felirattal - Bara Wedding\",\"isPartOf\":{\"@id\":\"https:\\\/\\\/baraevent.hu\\\/#website\"},\"primaryImageOfPage\":{\"@id\":\"https:\\\/\\\/baraevent.hu\\\/termek\\\/bambusz-legyezo-2\\\/#primaryimage\"},\"image\":{\"@id\":\"https:\\\/\\\/baraevent.hu\\\/termek\\\/bambusz-legyezo-2\\\/#primaryimage\"},\"thumbnailUrl\":\"https:\\\/\\\/baraevent.hu\\\/wp-content\\\/uploads\\\/2020\\\/12\\\/bara_174_20150423142345.jpg\",\"datePublished\":\"2020-12-15T14:22:07+00:00\",\"dateModified\":\"2025-02-18T17:00:43+00:00\",\"breadcrumb\":{\"@id\":\"https:\\\/\\\/baraevent.hu\\\/termek\\\/bambusz-legyezo-2\\\/#breadcrumb\"},\"inLanguage\":\"en-GB\",\"potentialAction\":[{\"@type\":\"ReadAction\",\"target\":[\"https:\\\/\\\/baraevent.hu\\\/termek\\\/bambusz-legyezo-2\\\/\"]}]},{\"@type\":\"ImageObject\",\"inLanguage\":\"en-GB\",\"@id\":\"https:\\\/\\\/baraevent.hu\\\/termek\\\/bambusz-legyezo-2\\\/#primaryimage\",\"url\":\"https:\\\/\\\/baraevent.hu\\\/wp-content\\\/uploads\\\/2020\\\/12\\\/bara_174_20150423142345.jpg\",\"contentUrl\":\"https:\\\/\\\/baraevent.hu\\\/wp-content\\\/uploads\\\/2020\\\/12\\\/bara_174_20150423142345.jpg\",\"width\":548,\"height\":400},{\"@type\":\"BreadcrumbList\",\"@id\":\"https:\\\/\\\/baraevent.hu\\\/termek\\\/bambusz-legyezo-2\\\/#breadcrumb\",\"itemListElement\":[{\"@type\":\"ListItem\",\"position\":1,\"name\":\"Home\",\"item\":\"https:\\\/\\\/baraevent.hu\\\/\"},{\"@type\":\"ListItem\",\"position\":2,\"name\":\"\u00dczlet\",\"item\":\"https:\\\/\\\/baraevent.hu\\\/uzlet\\\/\"},{\"@type\":\"ListItem\",\"position\":3,\"name\":\"Bambuszlegyez\u0151 felirattal\"}]},{\"@type\":\"WebSite\",\"@id\":\"https:\\\/\\\/baraevent.hu\\\/#website\",\"url\":\"https:\\\/\\\/baraevent.hu\\\/\",\"name\":\"www.baraevent.hu\",\"description\":\"\",\"publisher\":{\"@id\":\"https:\\\/\\\/baraevent.hu\\\/#organization\"},\"potentialAction\":[{\"@type\":\"SearchAction\",\"target\":{\"@type\":\"EntryPoint\",\"urlTemplate\":\"https:\\\/\\\/baraevent.hu\\\/?s={search_term_string}\"},\"query-input\":{\"@type\":\"PropertyValueSpecification\",\"valueRequired\":true,\"valueName\":\"search_term_string\"}}],\"inLanguage\":\"en-GB\"},{\"@type\":\"Organization\",\"@id\":\"https:\\\/\\\/baraevent.hu\\\/#organization\",\"name\":\"Bara Wedding\",\"url\":\"https:\\\/\\\/baraevent.hu\\\/\",\"logo\":{\"@type\":\"ImageObject\",\"inLanguage\":\"en-GB\",\"@id\":\"https:\\\/\\\/baraevent.hu\\\/#\\\/schema\\\/logo\\\/image\\\/\",\"url\":\"https:\\\/\\\/baraevent.hu\\\/wp-content\\\/uploads\\\/2019\\\/11\\\/logo-e1593417291257.png\",\"contentUrl\":\"https:\\\/\\\/baraevent.hu\\\/wp-content\\\/uploads\\\/2019\\\/11\\\/logo-e1593417291257.png\",\"width\":700,\"height\":276,\"caption\":\"Bara Wedding\"},\"image\":{\"@id\":\"https:\\\/\\\/baraevent.hu\\\/#\\\/schema\\\/logo\\\/image\\\/\"},\"sameAs\":[\"http:\\\/\\\/www.facebook.com\\\/baraeskuvo\\\/\",\"https:\\\/\\\/www.instagram.com\\\/weddingbara\"]}]}<\/script>\n<!-- \/ Yoast SEO plugin. -->","yoast_head_json":{"title":"Bambuszlegyez\u0151 felirattal - Bara Wedding","robots":{"index":"index","follow":"follow","max-snippet":"max-snippet:-1","max-image-preview":"max-image-preview:large","max-video-preview":"max-video-preview:-1"},"canonical":"https:\/\/baraevent.hu\/en\/product\/bambusz-legyezo-2\/","og_locale":"en_GB","og_type":"article","og_title":"Bambuszlegyez\u0151 felirattal - Bara Wedding","og_description":"M\u00e9ret: 35 cm (kinyitva) Anyag: bambusz Sz\u00edn: nat\u00far Kiszerel\u00e9s: db","og_url":"https:\/\/baraevent.hu\/en\/product\/bambusz-legyezo-2\/","og_site_name":"Bara Wedding","article_publisher":"http:\/\/www.facebook.com\/baraeskuvo\/","article_modified_time":"2025-02-18T17:00:43+00:00","og_image":[{"width":548,"height":400,"url":"https:\/\/baraevent.hu\/wp-content\/uploads\/2020\/12\/bara_174_20150423142345.jpg","type":"image\/jpeg"}],"twitter_card":"summary_large_image","twitter_misc":{"Estimated reading time":"1 minute"},"schema":{"@context":"https:\/\/schema.org","@graph":[{"@type":"WebPage","@id":"https:\/\/baraevent.hu\/termek\/bambusz-legyezo-2\/","url":"https:\/\/baraevent.hu\/termek\/bambusz-legyezo-2\/","name":"Bambuszlegyez\u0151 felirattal - Bara Wedding","isPartOf":{"@id":"https:\/\/baraevent.hu\/#website"},"primaryImageOfPage":{"@id":"https:\/\/baraevent.hu\/termek\/bambusz-legyezo-2\/#primaryimage"},"image":{"@id":"https:\/\/baraevent.hu\/termek\/bambusz-legyezo-2\/#primaryimage"},"thumbnailUrl":"https:\/\/baraevent.hu\/wp-content\/uploads\/2020\/12\/bara_174_20150423142345.jpg","datePublished":"2020-12-15T14:22:07+00:00","dateModified":"2025-02-18T17:00:43+00:00","breadcrumb":{"@id":"https:\/\/baraevent.hu\/termek\/bambusz-legyezo-2\/#breadcrumb"},"inLanguage":"en-GB","potentialAction":[{"@type":"ReadAction","target":["https:\/\/baraevent.hu\/termek\/bambusz-legyezo-2\/"]}]},{"@type":"ImageObject","inLanguage":"en-GB","@id":"https:\/\/baraevent.hu\/termek\/bambusz-legyezo-2\/#primaryimage","url":"https:\/\/baraevent.hu\/wp-content\/uploads\/2020\/12\/bara_174_20150423142345.jpg","contentUrl":"https:\/\/baraevent.hu\/wp-content\/uploads\/2020\/12\/bara_174_20150423142345.jpg","width":548,"height":400},{"@type":"BreadcrumbList","@id":"https:\/\/baraevent.hu\/termek\/bambusz-legyezo-2\/#breadcrumb","itemListElement":[{"@type":"ListItem","position":1,"name":"Home","item":"https:\/\/baraevent.hu\/"},{"@type":"ListItem","position":2,"name":"\u00dczlet","item":"https:\/\/baraevent.hu\/uzlet\/"},{"@type":"ListItem","position":3,"name":"Bambuszlegyez\u0151 felirattal"}]},{"@type":"WebSite","@id":"https:\/\/baraevent.hu\/#website","url":"https:\/\/baraevent.hu\/","name":"www.baraevent.hu","description":"","publisher":{"@id":"https:\/\/baraevent.hu\/#organization"},"potentialAction":[{"@type":"SearchAction","target":{"@type":"EntryPoint","urlTemplate":"https:\/\/baraevent.hu\/?s={search_term_string}"},"query-input":{"@type":"PropertyValueSpecification","valueRequired":true,"valueName":"search_term_string"}}],"inLanguage":"en-GB"},{"@type":"Organization","@id":"https:\/\/baraevent.hu\/#organization","name":"Bara Wedding","url":"https:\/\/baraevent.hu\/","logo":{"@type":"ImageObject","inLanguage":"en-GB","@id":"https:\/\/baraevent.hu\/#\/schema\/logo\/image\/","url":"https:\/\/baraevent.hu\/wp-content\/uploads\/2019\/11\/logo-e1593417291257.png","contentUrl":"https:\/\/baraevent.hu\/wp-content\/uploads\/2019\/11\/logo-e1593417291257.png","width":700,"height":276,"caption":"Bara Wedding"},"image":{"@id":"https:\/\/baraevent.hu\/#\/schema\/logo\/image\/"},"sameAs":["http:\/\/www.facebook.com\/baraeskuvo\/","https:\/\/www.instagram.com\/weddingbara"]}]}},"_links":{"self":[{"href":"https:\/\/baraevent.hu\/en\/wp-json\/wp\/v2\/product\/2039","targetHints":{"allow":["GET"]}}],"collection":[{"href":"https:\/\/baraevent.hu\/en\/wp-json\/wp\/v2\/product"}],"about":[{"href":"https:\/\/baraevent.hu\/en\/wp-json\/wp\/v2\/types\/product"}],"wp:featuredmedia":[{"embeddable":true,"href":"https:\/\/baraevent.hu\/en\/wp-json\/wp\/v2\/media\/2190"}],"wp:attachment":[{"href":"https:\/\/baraevent.hu\/en\/wp-json\/wp\/v2\/media?parent=2039"}],"wp:term":[{"taxonomy":"product_brand","embeddable":true,"href":"https:\/\/baraevent.hu\/en\/wp-json\/wp\/v2\/product_brand?post=2039"},{"taxonomy":"product_cat","embeddable":true,"href":"https:\/\/baraevent.hu\/en\/wp-json\/wp\/v2\/product_cat?post=2039"},{"taxonomy":"product_tag","embeddable":true,"href":"https:\/\/baraevent.hu\/en\/wp-json\/wp\/v2\/product_tag?post=2039"}],"curies":[{"name":"wp","href":"https:\/\/api.w.org\/{rel}","templated":true}]}}