{"id":2041,"date":"2020-12-15T15:25:36","date_gmt":"2020-12-15T14:25:36","guid":{"rendered":"https:\/\/baraevent.hu\/?post_type=product&#038;p=2041"},"modified":"2020-12-15T19:55:02","modified_gmt":"2020-12-15T18:55:02","slug":"tea-sziv-alaku","status":"publish","type":"product","link":"https:\/\/baraevent.hu\/en\/product\/tea-sziv-alaku\/","title":{"rendered":"Tea &#8211; sz\u00edv alak\u00fa"},"content":{"rendered":"<p>K\u00fcl\u00f6nleges esk\u00fcv\u0151i aj\u00e1nd\u00e9k a vir\u00e1gszirmokkal bor\u00edtott, sz\u00edv alak\u00fara pr\u00e9selt z\u00f6ld tea.<\/p>\n<p>A te\u00e1khoz ig\u00e9ny szerint csomagol\u00e1st is tudsz v\u00e1lasztani: organzazs\u00e1k,\u00a0pap\u00edrdoboz\u00a0vagy pap\u00edrtasak.<\/p>\n<p>A tea csomagol\u00e1sa feliratozhat\u00f3 is! A vend\u00e9gek nev\u00e9vel vagy egy tetsz\u0151leges sz\u00f6veggel megnyomott c\u00e9dul\u00e1t szalaggal r\u00f6gz\u00edt\u00fcnk a csomagol\u00e1sra. Ez esetben k\u00e9rje aj\u00e1nlatunkat!<\/p>\n<p><b>Tipp:<\/b>\u00a0a f\u00e9rfi vend\u00e9geknek aj\u00e1nd\u00e9kozz csillag alak\u00fa te\u00e1t!<\/p>\n<p><b>Aj\u00e1nlott alkalmak:<\/b>\u00a0esk\u00fcv\u0151, sz\u00fclet\u00e9snap<\/p>","protected":false},"excerpt":{"rendered":"<p>Csomagol\u00e1s: v\u00e1kuum f\u00f3lia<br \/>\nAnyag: z\u00f6ld tea r\u00f3zsaszirmokkal<br \/>\nKiszerel\u00e9s: db<br \/>\nM\u00e9ret: 5cm<br \/>\n<strong>Term\u00e9k\u00e1llapot: rendel\u00e9sre 2 h\u00e9t<\/strong><\/p>","protected":false},"featured_media":2030,"template":"","meta":{"inline_featured_image":false,"_ppp_document_settings_meta":""},"product_brand":[],"product_cat":[166,141],"product_tag":[],"class_list":{"0":"post-2041","1":"product","2":"type-product","3":"status-publish","4":"has-post-thumbnail","6":"product_cat-koszonetajandek","7":"product_cat-otletes-koszonetajandek","9":"first","10":"onbackorder","11":"shipping-taxable","12":"purchasable","13":"product-type-simple"},"yoast_head":"<!-- This site is optimized with the Yoast SEO plugin v27.4 - https:\/\/yoast.com\/product\/yoast-seo-wordpress\/ -->\n<title>Tea - sz\u00edv alak\u00fa - Bara Wedding<\/title>\n<meta name=\"robots\" content=\"index, follow, max-snippet:-1, max-image-preview:large, max-video-preview:-1\" \/>\n<link rel=\"canonical\" href=\"https:\/\/baraevent.hu\/en\/product\/tea-sziv-alaku\/\" \/>\n<meta property=\"og:locale\" content=\"en_GB\" \/>\n<meta property=\"og:type\" content=\"article\" \/>\n<meta property=\"og:title\" content=\"Tea - sz\u00edv alak\u00fa - Bara Wedding\" \/>\n<meta property=\"og:description\" content=\"Csomagol\u00e1s: v\u00e1kuum f\u00f3lia Anyag: z\u00f6ld tea r\u00f3zsaszirmokkal Kiszerel\u00e9s: db M\u00e9ret: 5cm Term\u00e9k\u00e1llapot: rendel\u00e9sre 2 h\u00e9t\" \/>\n<meta property=\"og:url\" content=\"https:\/\/baraevent.hu\/en\/product\/tea-sziv-alaku\/\" \/>\n<meta property=\"og:site_name\" content=\"Bara Wedding\" \/>\n<meta property=\"article:publisher\" content=\"http:\/\/www.facebook.com\/baraeskuvo\/\" \/>\n<meta property=\"article:modified_time\" content=\"2020-12-15T18:55:02+00:00\" \/>\n<meta property=\"og:image\" content=\"https:\/\/baraevent.hu\/wp-content\/uploads\/2020\/12\/bara_200_20191202152126.jpg\" \/>\n\t<meta property=\"og:image:width\" content=\"367\" \/>\n\t<meta property=\"og:image:height\" content=\"324\" \/>\n\t<meta property=\"og:image:type\" content=\"image\/jpeg\" \/>\n<meta name=\"twitter:card\" content=\"summary_large_image\" \/>\n<script type=\"application\/ld+json\" class=\"yoast-schema-graph\">{\"@context\":\"https:\\\/\\\/schema.org\",\"@graph\":[{\"@type\":\"WebPage\",\"@id\":\"https:\\\/\\\/baraevent.hu\\\/termek\\\/tea-sziv-alaku\\\/\",\"url\":\"https:\\\/\\\/baraevent.hu\\\/termek\\\/tea-sziv-alaku\\\/\",\"name\":\"Tea - sz\u00edv alak\u00fa - Bara Wedding\",\"isPartOf\":{\"@id\":\"https:\\\/\\\/baraevent.hu\\\/#website\"},\"primaryImageOfPage\":{\"@id\":\"https:\\\/\\\/baraevent.hu\\\/termek\\\/tea-sziv-alaku\\\/#primaryimage\"},\"image\":{\"@id\":\"https:\\\/\\\/baraevent.hu\\\/termek\\\/tea-sziv-alaku\\\/#primaryimage\"},\"thumbnailUrl\":\"https:\\\/\\\/baraevent.hu\\\/wp-content\\\/uploads\\\/2020\\\/12\\\/bara_200_20191202152126.jpg\",\"datePublished\":\"2020-12-15T14:25:36+00:00\",\"dateModified\":\"2020-12-15T18:55:02+00:00\",\"breadcrumb\":{\"@id\":\"https:\\\/\\\/baraevent.hu\\\/termek\\\/tea-sziv-alaku\\\/#breadcrumb\"},\"inLanguage\":\"en-GB\",\"potentialAction\":[{\"@type\":\"ReadAction\",\"target\":[\"https:\\\/\\\/baraevent.hu\\\/termek\\\/tea-sziv-alaku\\\/\"]}]},{\"@type\":\"ImageObject\",\"inLanguage\":\"en-GB\",\"@id\":\"https:\\\/\\\/baraevent.hu\\\/termek\\\/tea-sziv-alaku\\\/#primaryimage\",\"url\":\"https:\\\/\\\/baraevent.hu\\\/wp-content\\\/uploads\\\/2020\\\/12\\\/bara_200_20191202152126.jpg\",\"contentUrl\":\"https:\\\/\\\/baraevent.hu\\\/wp-content\\\/uploads\\\/2020\\\/12\\\/bara_200_20191202152126.jpg\",\"width\":367,\"height\":324},{\"@type\":\"BreadcrumbList\",\"@id\":\"https:\\\/\\\/baraevent.hu\\\/termek\\\/tea-sziv-alaku\\\/#breadcrumb\",\"itemListElement\":[{\"@type\":\"ListItem\",\"position\":1,\"name\":\"Home\",\"item\":\"https:\\\/\\\/baraevent.hu\\\/\"},{\"@type\":\"ListItem\",\"position\":2,\"name\":\"\u00dczlet\",\"item\":\"https:\\\/\\\/baraevent.hu\\\/uzlet\\\/\"},{\"@type\":\"ListItem\",\"position\":3,\"name\":\"Tea &#8211; sz\u00edv alak\u00fa\"}]},{\"@type\":\"WebSite\",\"@id\":\"https:\\\/\\\/baraevent.hu\\\/#website\",\"url\":\"https:\\\/\\\/baraevent.hu\\\/\",\"name\":\"www.baraevent.hu\",\"description\":\"\",\"publisher\":{\"@id\":\"https:\\\/\\\/baraevent.hu\\\/#organization\"},\"potentialAction\":[{\"@type\":\"SearchAction\",\"target\":{\"@type\":\"EntryPoint\",\"urlTemplate\":\"https:\\\/\\\/baraevent.hu\\\/?s={search_term_string}\"},\"query-input\":{\"@type\":\"PropertyValueSpecification\",\"valueRequired\":true,\"valueName\":\"search_term_string\"}}],\"inLanguage\":\"en-GB\"},{\"@type\":\"Organization\",\"@id\":\"https:\\\/\\\/baraevent.hu\\\/#organization\",\"name\":\"Bara Wedding\",\"url\":\"https:\\\/\\\/baraevent.hu\\\/\",\"logo\":{\"@type\":\"ImageObject\",\"inLanguage\":\"en-GB\",\"@id\":\"https:\\\/\\\/baraevent.hu\\\/#\\\/schema\\\/logo\\\/image\\\/\",\"url\":\"https:\\\/\\\/baraevent.hu\\\/wp-content\\\/uploads\\\/2019\\\/11\\\/logo-e1593417291257.png\",\"contentUrl\":\"https:\\\/\\\/baraevent.hu\\\/wp-content\\\/uploads\\\/2019\\\/11\\\/logo-e1593417291257.png\",\"width\":700,\"height\":276,\"caption\":\"Bara Wedding\"},\"image\":{\"@id\":\"https:\\\/\\\/baraevent.hu\\\/#\\\/schema\\\/logo\\\/image\\\/\"},\"sameAs\":[\"http:\\\/\\\/www.facebook.com\\\/baraeskuvo\\\/\",\"https:\\\/\\\/www.instagram.com\\\/weddingbara\"]}]}<\/script>\n<!-- \/ Yoast SEO plugin. -->","yoast_head_json":{"title":"Tea - sz\u00edv alak\u00fa - Bara Wedding","robots":{"index":"index","follow":"follow","max-snippet":"max-snippet:-1","max-image-preview":"max-image-preview:large","max-video-preview":"max-video-preview:-1"},"canonical":"https:\/\/baraevent.hu\/en\/product\/tea-sziv-alaku\/","og_locale":"en_GB","og_type":"article","og_title":"Tea - sz\u00edv alak\u00fa - Bara Wedding","og_description":"Csomagol\u00e1s: v\u00e1kuum f\u00f3lia Anyag: z\u00f6ld tea r\u00f3zsaszirmokkal Kiszerel\u00e9s: db M\u00e9ret: 5cm Term\u00e9k\u00e1llapot: rendel\u00e9sre 2 h\u00e9t","og_url":"https:\/\/baraevent.hu\/en\/product\/tea-sziv-alaku\/","og_site_name":"Bara Wedding","article_publisher":"http:\/\/www.facebook.com\/baraeskuvo\/","article_modified_time":"2020-12-15T18:55:02+00:00","og_image":[{"width":367,"height":324,"url":"https:\/\/baraevent.hu\/wp-content\/uploads\/2020\/12\/bara_200_20191202152126.jpg","type":"image\/jpeg"}],"twitter_card":"summary_large_image","schema":{"@context":"https:\/\/schema.org","@graph":[{"@type":"WebPage","@id":"https:\/\/baraevent.hu\/termek\/tea-sziv-alaku\/","url":"https:\/\/baraevent.hu\/termek\/tea-sziv-alaku\/","name":"Tea - sz\u00edv alak\u00fa - Bara Wedding","isPartOf":{"@id":"https:\/\/baraevent.hu\/#website"},"primaryImageOfPage":{"@id":"https:\/\/baraevent.hu\/termek\/tea-sziv-alaku\/#primaryimage"},"image":{"@id":"https:\/\/baraevent.hu\/termek\/tea-sziv-alaku\/#primaryimage"},"thumbnailUrl":"https:\/\/baraevent.hu\/wp-content\/uploads\/2020\/12\/bara_200_20191202152126.jpg","datePublished":"2020-12-15T14:25:36+00:00","dateModified":"2020-12-15T18:55:02+00:00","breadcrumb":{"@id":"https:\/\/baraevent.hu\/termek\/tea-sziv-alaku\/#breadcrumb"},"inLanguage":"en-GB","potentialAction":[{"@type":"ReadAction","target":["https:\/\/baraevent.hu\/termek\/tea-sziv-alaku\/"]}]},{"@type":"ImageObject","inLanguage":"en-GB","@id":"https:\/\/baraevent.hu\/termek\/tea-sziv-alaku\/#primaryimage","url":"https:\/\/baraevent.hu\/wp-content\/uploads\/2020\/12\/bara_200_20191202152126.jpg","contentUrl":"https:\/\/baraevent.hu\/wp-content\/uploads\/2020\/12\/bara_200_20191202152126.jpg","width":367,"height":324},{"@type":"BreadcrumbList","@id":"https:\/\/baraevent.hu\/termek\/tea-sziv-alaku\/#breadcrumb","itemListElement":[{"@type":"ListItem","position":1,"name":"Home","item":"https:\/\/baraevent.hu\/"},{"@type":"ListItem","position":2,"name":"\u00dczlet","item":"https:\/\/baraevent.hu\/uzlet\/"},{"@type":"ListItem","position":3,"name":"Tea &#8211; sz\u00edv alak\u00fa"}]},{"@type":"WebSite","@id":"https:\/\/baraevent.hu\/#website","url":"https:\/\/baraevent.hu\/","name":"www.baraevent.hu","description":"","publisher":{"@id":"https:\/\/baraevent.hu\/#organization"},"potentialAction":[{"@type":"SearchAction","target":{"@type":"EntryPoint","urlTemplate":"https:\/\/baraevent.hu\/?s={search_term_string}"},"query-input":{"@type":"PropertyValueSpecification","valueRequired":true,"valueName":"search_term_string"}}],"inLanguage":"en-GB"},{"@type":"Organization","@id":"https:\/\/baraevent.hu\/#organization","name":"Bara Wedding","url":"https:\/\/baraevent.hu\/","logo":{"@type":"ImageObject","inLanguage":"en-GB","@id":"https:\/\/baraevent.hu\/#\/schema\/logo\/image\/","url":"https:\/\/baraevent.hu\/wp-content\/uploads\/2019\/11\/logo-e1593417291257.png","contentUrl":"https:\/\/baraevent.hu\/wp-content\/uploads\/2019\/11\/logo-e1593417291257.png","width":700,"height":276,"caption":"Bara Wedding"},"image":{"@id":"https:\/\/baraevent.hu\/#\/schema\/logo\/image\/"},"sameAs":["http:\/\/www.facebook.com\/baraeskuvo\/","https:\/\/www.instagram.com\/weddingbara"]}]}},"_links":{"self":[{"href":"https:\/\/baraevent.hu\/en\/wp-json\/wp\/v2\/product\/2041","targetHints":{"allow":["GET"]}}],"collection":[{"href":"https:\/\/baraevent.hu\/en\/wp-json\/wp\/v2\/product"}],"about":[{"href":"https:\/\/baraevent.hu\/en\/wp-json\/wp\/v2\/types\/product"}],"wp:featuredmedia":[{"embeddable":true,"href":"https:\/\/baraevent.hu\/en\/wp-json\/wp\/v2\/media\/2030"}],"wp:attachment":[{"href":"https:\/\/baraevent.hu\/en\/wp-json\/wp\/v2\/media?parent=2041"}],"wp:term":[{"taxonomy":"product_brand","embeddable":true,"href":"https:\/\/baraevent.hu\/en\/wp-json\/wp\/v2\/product_brand?post=2041"},{"taxonomy":"product_cat","embeddable":true,"href":"https:\/\/baraevent.hu\/en\/wp-json\/wp\/v2\/product_cat?post=2041"},{"taxonomy":"product_tag","embeddable":true,"href":"https:\/\/baraevent.hu\/en\/wp-json\/wp\/v2\/product_tag?post=2041"}],"curies":[{"name":"wp","href":"https:\/\/api.w.org\/{rel}","templated":true}]}}