{"id":2082,"date":"2020-12-15T15:59:43","date_gmt":"2020-12-15T14:59:43","guid":{"rendered":"https:\/\/baraevent.hu\/?post_type=product&#038;p=2082"},"modified":"2021-07-27T12:28:10","modified_gmt":"2021-07-27T10:28:10","slug":"dobozka-csipkesziv","status":"publish","type":"product","link":"https:\/\/baraevent.hu\/en\/product\/dobozka-csipkesziv\/","title":{"rendered":"Dobozka &#8211; csipkesz\u00edv"},"content":{"rendered":"<p>Dekorat\u00edv dobozka az oldal\u00e1n csipkesz\u00edvvel k\u00f6sz\u00f6netaj\u00e1nd\u00e9k csomagol\u00e1s\u00e1hoz, melybe b\u00e1rmilyen kis apr\u00f3s\u00e1got tehetsz.<\/p>\n<p>A csomag 10 db dobozk\u00e1t tartalmaz, melyeket lapos csomagban kapod meg \u00e9s neked kell \u00f6sszehajtogatnod \u0151ket. De ne ijedj meg, mert az \u00f6ssze\u00e1ll\u00edt\u00e1suk nagyon egyszer\u0171.<\/p>\n<p>A beleval\u00f3 apr\u00f3s\u00e1gokr\u00f3l \u00f6tleteket tal\u00e1lhatsz a k\u00f6sz\u00f6netaj\u00e1nd\u00e9kok men\u00fcpontban.<br \/>\nA dobozk\u00e1hoz rendelhetsz t\u0151l\u00fcnk kis n\u00e9vk\u00e1rty\u00e1t is (100 Ft\/db) a vend\u00e9gek neveivel kinyomtatva, \u00edgy egyben \u00fcltet\u0151k\u00e1rtyak\u00e9nt is haszn\u00e1lhatod. A n\u00e9vk\u00e1rty\u00e1t a szalaggal k\u00f6theted a dobozra.<br \/>\nN\u00e9vk\u00e1rtya ig\u00e9nyedet megrendel\u00e9skor a rendel\u00e9s \u00f6sszes\u00edt\u0151 megjegyz\u00e9s rovat\u00e1ba tudod felt\u00fcntetni.<\/p>\n<p><b>Tipp:<\/b>\u00a0V\u00e1lassz ugyanolyan st\u00edlus\u00fa \u00fcltet\u0151k\u00e1rty\u00e1t a dobozk\u00e1dhoz, sz\u00edv alak\u00fa &#8211; csipk\u00e9zett.<\/p>\n<p><b>Aj\u00e1nlott alkalmak:<\/b>\u00a0Esk\u00fcv\u0151re, sz\u00fclet\u00e9snapra, c\u00e9ges rendezv\u00e9nyekre k\u00f6sz\u00f6netaj\u00e1nd\u00e9kk\u00e9nt, eljegyz\u00e9sre<\/p>","protected":false},"excerpt":{"rendered":"<p>Feliratozhat\u00f3: igen<br \/>\nDobozm\u00e9ret: 5 x 5 x 5 cm<br \/>\nSz\u00edn: feh\u00e9r<br \/>\nKiszerel\u00e9s: 10db\/csomag<br \/>\nAnyag: pap\u00edr<\/p>","protected":false},"featured_media":2077,"template":"","meta":{"inline_featured_image":false,"_ppp_document_settings_meta":""},"product_brand":[],"product_cat":[145],"product_tag":[],"class_list":{"0":"post-2082","1":"product","2":"type-product","3":"status-publish","4":"has-post-thumbnail","6":"product_cat-dobozka-koszonetajandekhoz","8":"first","9":"instock","10":"shipping-taxable","11":"purchasable","12":"product-type-simple"},"yoast_head":"<!-- This site is optimized with the Yoast SEO plugin v27.4 - https:\/\/yoast.com\/product\/yoast-seo-wordpress\/ -->\n<title>Dobozka - csipkesz\u00edv - Bara Wedding<\/title>\n<meta name=\"robots\" content=\"index, follow, max-snippet:-1, max-image-preview:large, max-video-preview:-1\" \/>\n<link rel=\"canonical\" href=\"https:\/\/baraevent.hu\/en\/product\/dobozka-csipkesziv\/\" \/>\n<meta property=\"og:locale\" content=\"en_GB\" \/>\n<meta property=\"og:type\" content=\"article\" \/>\n<meta property=\"og:title\" content=\"Dobozka - csipkesz\u00edv - Bara Wedding\" \/>\n<meta property=\"og:description\" content=\"Feliratozhat\u00f3: igen Dobozm\u00e9ret: 5 x 5 x 5 cm Sz\u00edn: feh\u00e9r Kiszerel\u00e9s: 10db\/csomag Anyag: pap\u00edr\" \/>\n<meta property=\"og:url\" content=\"https:\/\/baraevent.hu\/en\/product\/dobozka-csipkesziv\/\" \/>\n<meta property=\"og:site_name\" content=\"Bara Wedding\" \/>\n<meta property=\"article:publisher\" content=\"http:\/\/www.facebook.com\/baraeskuvo\/\" \/>\n<meta property=\"article:modified_time\" content=\"2021-07-27T10:28:10+00:00\" \/>\n<meta property=\"og:image\" content=\"https:\/\/baraevent.hu\/wp-content\/uploads\/2020\/12\/bara_128_20140403135639.jpg\" \/>\n\t<meta property=\"og:image:width\" content=\"512\" \/>\n\t<meta property=\"og:image:height\" content=\"384\" \/>\n\t<meta property=\"og:image:type\" content=\"image\/jpeg\" \/>\n<meta name=\"twitter:card\" content=\"summary_large_image\" \/>\n<meta name=\"twitter:label1\" content=\"Estimated reading time\" \/>\n\t<meta name=\"twitter:data1\" content=\"1 minute\" \/>\n<script type=\"application\/ld+json\" class=\"yoast-schema-graph\">{\"@context\":\"https:\\\/\\\/schema.org\",\"@graph\":[{\"@type\":\"WebPage\",\"@id\":\"https:\\\/\\\/baraevent.hu\\\/termek\\\/dobozka-csipkesziv\\\/\",\"url\":\"https:\\\/\\\/baraevent.hu\\\/termek\\\/dobozka-csipkesziv\\\/\",\"name\":\"Dobozka - csipkesz\u00edv - Bara Wedding\",\"isPartOf\":{\"@id\":\"https:\\\/\\\/baraevent.hu\\\/#website\"},\"primaryImageOfPage\":{\"@id\":\"https:\\\/\\\/baraevent.hu\\\/termek\\\/dobozka-csipkesziv\\\/#primaryimage\"},\"image\":{\"@id\":\"https:\\\/\\\/baraevent.hu\\\/termek\\\/dobozka-csipkesziv\\\/#primaryimage\"},\"thumbnailUrl\":\"https:\\\/\\\/baraevent.hu\\\/wp-content\\\/uploads\\\/2020\\\/12\\\/bara_128_20140403135639.jpg\",\"datePublished\":\"2020-12-15T14:59:43+00:00\",\"dateModified\":\"2021-07-27T10:28:10+00:00\",\"breadcrumb\":{\"@id\":\"https:\\\/\\\/baraevent.hu\\\/termek\\\/dobozka-csipkesziv\\\/#breadcrumb\"},\"inLanguage\":\"en-GB\",\"potentialAction\":[{\"@type\":\"ReadAction\",\"target\":[\"https:\\\/\\\/baraevent.hu\\\/termek\\\/dobozka-csipkesziv\\\/\"]}]},{\"@type\":\"ImageObject\",\"inLanguage\":\"en-GB\",\"@id\":\"https:\\\/\\\/baraevent.hu\\\/termek\\\/dobozka-csipkesziv\\\/#primaryimage\",\"url\":\"https:\\\/\\\/baraevent.hu\\\/wp-content\\\/uploads\\\/2020\\\/12\\\/bara_128_20140403135639.jpg\",\"contentUrl\":\"https:\\\/\\\/baraevent.hu\\\/wp-content\\\/uploads\\\/2020\\\/12\\\/bara_128_20140403135639.jpg\",\"width\":512,\"height\":384},{\"@type\":\"BreadcrumbList\",\"@id\":\"https:\\\/\\\/baraevent.hu\\\/termek\\\/dobozka-csipkesziv\\\/#breadcrumb\",\"itemListElement\":[{\"@type\":\"ListItem\",\"position\":1,\"name\":\"Home\",\"item\":\"https:\\\/\\\/baraevent.hu\\\/\"},{\"@type\":\"ListItem\",\"position\":2,\"name\":\"\u00dczlet\",\"item\":\"https:\\\/\\\/baraevent.hu\\\/uzlet\\\/\"},{\"@type\":\"ListItem\",\"position\":3,\"name\":\"Dobozka &#8211; csipkesz\u00edv\"}]},{\"@type\":\"WebSite\",\"@id\":\"https:\\\/\\\/baraevent.hu\\\/#website\",\"url\":\"https:\\\/\\\/baraevent.hu\\\/\",\"name\":\"www.baraevent.hu\",\"description\":\"\",\"publisher\":{\"@id\":\"https:\\\/\\\/baraevent.hu\\\/#organization\"},\"potentialAction\":[{\"@type\":\"SearchAction\",\"target\":{\"@type\":\"EntryPoint\",\"urlTemplate\":\"https:\\\/\\\/baraevent.hu\\\/?s={search_term_string}\"},\"query-input\":{\"@type\":\"PropertyValueSpecification\",\"valueRequired\":true,\"valueName\":\"search_term_string\"}}],\"inLanguage\":\"en-GB\"},{\"@type\":\"Organization\",\"@id\":\"https:\\\/\\\/baraevent.hu\\\/#organization\",\"name\":\"Bara Wedding\",\"url\":\"https:\\\/\\\/baraevent.hu\\\/\",\"logo\":{\"@type\":\"ImageObject\",\"inLanguage\":\"en-GB\",\"@id\":\"https:\\\/\\\/baraevent.hu\\\/#\\\/schema\\\/logo\\\/image\\\/\",\"url\":\"https:\\\/\\\/baraevent.hu\\\/wp-content\\\/uploads\\\/2019\\\/11\\\/logo-e1593417291257.png\",\"contentUrl\":\"https:\\\/\\\/baraevent.hu\\\/wp-content\\\/uploads\\\/2019\\\/11\\\/logo-e1593417291257.png\",\"width\":700,\"height\":276,\"caption\":\"Bara Wedding\"},\"image\":{\"@id\":\"https:\\\/\\\/baraevent.hu\\\/#\\\/schema\\\/logo\\\/image\\\/\"},\"sameAs\":[\"http:\\\/\\\/www.facebook.com\\\/baraeskuvo\\\/\",\"https:\\\/\\\/www.instagram.com\\\/weddingbara\"]}]}<\/script>\n<!-- \/ Yoast SEO plugin. -->","yoast_head_json":{"title":"Dobozka - csipkesz\u00edv - Bara Wedding","robots":{"index":"index","follow":"follow","max-snippet":"max-snippet:-1","max-image-preview":"max-image-preview:large","max-video-preview":"max-video-preview:-1"},"canonical":"https:\/\/baraevent.hu\/en\/product\/dobozka-csipkesziv\/","og_locale":"en_GB","og_type":"article","og_title":"Dobozka - csipkesz\u00edv - Bara Wedding","og_description":"Feliratozhat\u00f3: igen Dobozm\u00e9ret: 5 x 5 x 5 cm Sz\u00edn: feh\u00e9r Kiszerel\u00e9s: 10db\/csomag Anyag: pap\u00edr","og_url":"https:\/\/baraevent.hu\/en\/product\/dobozka-csipkesziv\/","og_site_name":"Bara Wedding","article_publisher":"http:\/\/www.facebook.com\/baraeskuvo\/","article_modified_time":"2021-07-27T10:28:10+00:00","og_image":[{"width":512,"height":384,"url":"https:\/\/baraevent.hu\/wp-content\/uploads\/2020\/12\/bara_128_20140403135639.jpg","type":"image\/jpeg"}],"twitter_card":"summary_large_image","twitter_misc":{"Estimated reading time":"1 minute"},"schema":{"@context":"https:\/\/schema.org","@graph":[{"@type":"WebPage","@id":"https:\/\/baraevent.hu\/termek\/dobozka-csipkesziv\/","url":"https:\/\/baraevent.hu\/termek\/dobozka-csipkesziv\/","name":"Dobozka - csipkesz\u00edv - Bara Wedding","isPartOf":{"@id":"https:\/\/baraevent.hu\/#website"},"primaryImageOfPage":{"@id":"https:\/\/baraevent.hu\/termek\/dobozka-csipkesziv\/#primaryimage"},"image":{"@id":"https:\/\/baraevent.hu\/termek\/dobozka-csipkesziv\/#primaryimage"},"thumbnailUrl":"https:\/\/baraevent.hu\/wp-content\/uploads\/2020\/12\/bara_128_20140403135639.jpg","datePublished":"2020-12-15T14:59:43+00:00","dateModified":"2021-07-27T10:28:10+00:00","breadcrumb":{"@id":"https:\/\/baraevent.hu\/termek\/dobozka-csipkesziv\/#breadcrumb"},"inLanguage":"en-GB","potentialAction":[{"@type":"ReadAction","target":["https:\/\/baraevent.hu\/termek\/dobozka-csipkesziv\/"]}]},{"@type":"ImageObject","inLanguage":"en-GB","@id":"https:\/\/baraevent.hu\/termek\/dobozka-csipkesziv\/#primaryimage","url":"https:\/\/baraevent.hu\/wp-content\/uploads\/2020\/12\/bara_128_20140403135639.jpg","contentUrl":"https:\/\/baraevent.hu\/wp-content\/uploads\/2020\/12\/bara_128_20140403135639.jpg","width":512,"height":384},{"@type":"BreadcrumbList","@id":"https:\/\/baraevent.hu\/termek\/dobozka-csipkesziv\/#breadcrumb","itemListElement":[{"@type":"ListItem","position":1,"name":"Home","item":"https:\/\/baraevent.hu\/"},{"@type":"ListItem","position":2,"name":"\u00dczlet","item":"https:\/\/baraevent.hu\/uzlet\/"},{"@type":"ListItem","position":3,"name":"Dobozka &#8211; csipkesz\u00edv"}]},{"@type":"WebSite","@id":"https:\/\/baraevent.hu\/#website","url":"https:\/\/baraevent.hu\/","name":"www.baraevent.hu","description":"","publisher":{"@id":"https:\/\/baraevent.hu\/#organization"},"potentialAction":[{"@type":"SearchAction","target":{"@type":"EntryPoint","urlTemplate":"https:\/\/baraevent.hu\/?s={search_term_string}"},"query-input":{"@type":"PropertyValueSpecification","valueRequired":true,"valueName":"search_term_string"}}],"inLanguage":"en-GB"},{"@type":"Organization","@id":"https:\/\/baraevent.hu\/#organization","name":"Bara Wedding","url":"https:\/\/baraevent.hu\/","logo":{"@type":"ImageObject","inLanguage":"en-GB","@id":"https:\/\/baraevent.hu\/#\/schema\/logo\/image\/","url":"https:\/\/baraevent.hu\/wp-content\/uploads\/2019\/11\/logo-e1593417291257.png","contentUrl":"https:\/\/baraevent.hu\/wp-content\/uploads\/2019\/11\/logo-e1593417291257.png","width":700,"height":276,"caption":"Bara Wedding"},"image":{"@id":"https:\/\/baraevent.hu\/#\/schema\/logo\/image\/"},"sameAs":["http:\/\/www.facebook.com\/baraeskuvo\/","https:\/\/www.instagram.com\/weddingbara"]}]}},"_links":{"self":[{"href":"https:\/\/baraevent.hu\/en\/wp-json\/wp\/v2\/product\/2082","targetHints":{"allow":["GET"]}}],"collection":[{"href":"https:\/\/baraevent.hu\/en\/wp-json\/wp\/v2\/product"}],"about":[{"href":"https:\/\/baraevent.hu\/en\/wp-json\/wp\/v2\/types\/product"}],"wp:featuredmedia":[{"embeddable":true,"href":"https:\/\/baraevent.hu\/en\/wp-json\/wp\/v2\/media\/2077"}],"wp:attachment":[{"href":"https:\/\/baraevent.hu\/en\/wp-json\/wp\/v2\/media?parent=2082"}],"wp:term":[{"taxonomy":"product_brand","embeddable":true,"href":"https:\/\/baraevent.hu\/en\/wp-json\/wp\/v2\/product_brand?post=2082"},{"taxonomy":"product_cat","embeddable":true,"href":"https:\/\/baraevent.hu\/en\/wp-json\/wp\/v2\/product_cat?post=2082"},{"taxonomy":"product_tag","embeddable":true,"href":"https:\/\/baraevent.hu\/en\/wp-json\/wp\/v2\/product_tag?post=2082"}],"curies":[{"name":"wp","href":"https:\/\/api.w.org\/{rel}","templated":true}]}}