{"id":2139,"date":"2020-12-15T16:48:02","date_gmt":"2020-12-15T15:48:02","guid":{"rendered":"https:\/\/baraevent.hu\/?post_type=product&#038;p=2139"},"modified":"2021-11-26T07:09:08","modified_gmt":"2021-11-26T06:09:08","slug":"vendegkonyv","status":"publish","type":"product","link":"https:\/\/baraevent.hu\/en\/product\/vendegkonyv\/","title":{"rendered":"Vend\u00e9gk\u00f6nyv &#8211; arany"},"content":{"rendered":"<p>ESK\u00dcV\u0150I VEND\u00c9GK\u00d6NYV<\/p>\n<p>Az esk\u00fcv\u0151i vend\u00e9gk\u00f6nyv, amibe a hagyom\u00e1ny szerint vend\u00e9geid, azaz a csal\u00e1dod tagjai \u00e9s bar\u00e1taitok, \u00edrj\u00e1k bele j\u00f3k\u00edv\u00e1ns\u00e1gaikat, tan\u00e1csaikat sz\u00e1motokra.<\/p>\n<p>A vend\u00e9gk\u00f6nyvnek berendezhettek egy k\u00fcl\u00f6n kis asztalt. J\u00f3 \u00f6tlet, ha egy polaroid f\u00e9nyk\u00e9pez\u0151 g\u00e9pet helyeztek ki mell\u00e9 \u00e9s a vend\u00e9gek egy-egy k\u00e9pet k\u00e9sz\u00edtenek magukr\u00f3l \u00e9s be is ragasztj\u00e1k az \u00edr\u00e1suk mell\u00e9. Biztos vagyok benne, hogy az esk\u00fcv\u0151 ut\u00e1n nagyon j\u00f3 \u00e9lm\u00e9ny lesz lapozgatni a k\u00f6nyvet.<\/p>\n<p>A vend\u00e9gk\u00f6nyvet term\u00e9szetesen k\u00f6rbe is adhatj\u00e1tok a vend\u00e9gek k\u00f6z\u00f6tt a vacsora ut\u00e1n is.<\/p>","protected":false},"excerpt":{"rendered":"<p>M\u00e9ret: 20,5cm x 20,5cm<br \/>\nTerjedelem: 44 oldal<br \/>\nSz\u00edn: kr\u00e9m<br \/>\nD\u00edsz\u00edt\u00e9s:arany szalag, ez\u00fcst k\u00f6vecske<br \/>\nKiszerel\u00e9s: db<\/p>","protected":false},"featured_media":2145,"template":"","meta":{"inline_featured_image":false,"_ppp_document_settings_meta":""},"product_brand":[],"product_cat":[114,150],"product_tag":[],"class_list":{"0":"post-2139","1":"product","2":"type-product","3":"status-publish","4":"has-post-thumbnail","6":"product_cat-akcios-termekek","7":"product_cat-vendegkonyv","9":"first","10":"instock","11":"sale","12":"shipping-taxable","13":"purchasable","14":"product-type-simple"},"yoast_head":"<!-- This site is optimized with the Yoast SEO plugin v27.4 - https:\/\/yoast.com\/product\/yoast-seo-wordpress\/ -->\n<title>Vend\u00e9gk\u00f6nyv - arany - Bara Wedding<\/title>\n<meta name=\"description\" content=\"Esk\u00fcv\u0151i vend\u00e9gk\u00f6nyv, amiben vend\u00e9geid j\u00f3k\u00edv\u00e1ns\u00e1gokat, \u00fczeneteket \u00edrhatnak nektek. V\u00e1lassz az esk\u00fcv\u0151 st\u00edlus\u00e1hoz ill\u0151 vend\u00e9gk\u00f6nyvet.\" \/>\n<meta name=\"robots\" content=\"index, follow, max-snippet:-1, max-image-preview:large, max-video-preview:-1\" \/>\n<link rel=\"canonical\" href=\"https:\/\/baraevent.hu\/en\/product\/vendegkonyv\/\" \/>\n<meta property=\"og:locale\" content=\"en_GB\" \/>\n<meta property=\"og:type\" content=\"article\" \/>\n<meta property=\"og:title\" content=\"Vend\u00e9gk\u00f6nyv - arany - Bara Wedding\" \/>\n<meta property=\"og:description\" content=\"Esk\u00fcv\u0151i vend\u00e9gk\u00f6nyv, amiben vend\u00e9geid j\u00f3k\u00edv\u00e1ns\u00e1gokat, \u00fczeneteket \u00edrhatnak nektek. V\u00e1lassz az esk\u00fcv\u0151 st\u00edlus\u00e1hoz ill\u0151 vend\u00e9gk\u00f6nyvet.\" \/>\n<meta property=\"og:url\" content=\"https:\/\/baraevent.hu\/en\/product\/vendegkonyv\/\" \/>\n<meta property=\"og:site_name\" content=\"Bara Wedding\" \/>\n<meta property=\"article:publisher\" content=\"http:\/\/www.facebook.com\/baraeskuvo\/\" \/>\n<meta property=\"article:modified_time\" content=\"2021-11-26T06:09:08+00:00\" \/>\n<meta property=\"og:image\" content=\"https:\/\/baraevent.hu\/wp-content\/uploads\/2020\/12\/bara_377_20170413074201.jpg\" \/>\n\t<meta property=\"og:image:width\" content=\"800\" \/>\n\t<meta property=\"og:image:height\" content=\"600\" \/>\n\t<meta property=\"og:image:type\" content=\"image\/jpeg\" \/>\n<meta name=\"twitter:card\" content=\"summary_large_image\" \/>\n<meta name=\"twitter:label1\" content=\"Estimated reading time\" \/>\n\t<meta name=\"twitter:data1\" content=\"1 minute\" \/>\n<script type=\"application\/ld+json\" class=\"yoast-schema-graph\">{\"@context\":\"https:\\\/\\\/schema.org\",\"@graph\":[{\"@type\":\"WebPage\",\"@id\":\"https:\\\/\\\/baraevent.hu\\\/termek\\\/vendegkonyv\\\/\",\"url\":\"https:\\\/\\\/baraevent.hu\\\/termek\\\/vendegkonyv\\\/\",\"name\":\"Vend\u00e9gk\u00f6nyv - arany - Bara Wedding\",\"isPartOf\":{\"@id\":\"https:\\\/\\\/baraevent.hu\\\/#website\"},\"primaryImageOfPage\":{\"@id\":\"https:\\\/\\\/baraevent.hu\\\/termek\\\/vendegkonyv\\\/#primaryimage\"},\"image\":{\"@id\":\"https:\\\/\\\/baraevent.hu\\\/termek\\\/vendegkonyv\\\/#primaryimage\"},\"thumbnailUrl\":\"https:\\\/\\\/baraevent.hu\\\/wp-content\\\/uploads\\\/2020\\\/12\\\/bara_377_20170413074201.jpg\",\"datePublished\":\"2020-12-15T15:48:02+00:00\",\"dateModified\":\"2021-11-26T06:09:08+00:00\",\"description\":\"Esk\u00fcv\u0151i vend\u00e9gk\u00f6nyv, amiben vend\u00e9geid j\u00f3k\u00edv\u00e1ns\u00e1gokat, \u00fczeneteket \u00edrhatnak nektek. V\u00e1lassz az esk\u00fcv\u0151 st\u00edlus\u00e1hoz ill\u0151 vend\u00e9gk\u00f6nyvet.\",\"breadcrumb\":{\"@id\":\"https:\\\/\\\/baraevent.hu\\\/termek\\\/vendegkonyv\\\/#breadcrumb\"},\"inLanguage\":\"en-GB\",\"potentialAction\":[{\"@type\":\"ReadAction\",\"target\":[\"https:\\\/\\\/baraevent.hu\\\/termek\\\/vendegkonyv\\\/\"]}]},{\"@type\":\"ImageObject\",\"inLanguage\":\"en-GB\",\"@id\":\"https:\\\/\\\/baraevent.hu\\\/termek\\\/vendegkonyv\\\/#primaryimage\",\"url\":\"https:\\\/\\\/baraevent.hu\\\/wp-content\\\/uploads\\\/2020\\\/12\\\/bara_377_20170413074201.jpg\",\"contentUrl\":\"https:\\\/\\\/baraevent.hu\\\/wp-content\\\/uploads\\\/2020\\\/12\\\/bara_377_20170413074201.jpg\",\"width\":800,\"height\":600},{\"@type\":\"BreadcrumbList\",\"@id\":\"https:\\\/\\\/baraevent.hu\\\/termek\\\/vendegkonyv\\\/#breadcrumb\",\"itemListElement\":[{\"@type\":\"ListItem\",\"position\":1,\"name\":\"Home\",\"item\":\"https:\\\/\\\/baraevent.hu\\\/\"},{\"@type\":\"ListItem\",\"position\":2,\"name\":\"\u00dczlet\",\"item\":\"https:\\\/\\\/baraevent.hu\\\/uzlet\\\/\"},{\"@type\":\"ListItem\",\"position\":3,\"name\":\"Vend\u00e9gk\u00f6nyv &#8211; arany\"}]},{\"@type\":\"WebSite\",\"@id\":\"https:\\\/\\\/baraevent.hu\\\/#website\",\"url\":\"https:\\\/\\\/baraevent.hu\\\/\",\"name\":\"www.baraevent.hu\",\"description\":\"\",\"publisher\":{\"@id\":\"https:\\\/\\\/baraevent.hu\\\/#organization\"},\"potentialAction\":[{\"@type\":\"SearchAction\",\"target\":{\"@type\":\"EntryPoint\",\"urlTemplate\":\"https:\\\/\\\/baraevent.hu\\\/?s={search_term_string}\"},\"query-input\":{\"@type\":\"PropertyValueSpecification\",\"valueRequired\":true,\"valueName\":\"search_term_string\"}}],\"inLanguage\":\"en-GB\"},{\"@type\":\"Organization\",\"@id\":\"https:\\\/\\\/baraevent.hu\\\/#organization\",\"name\":\"Bara Wedding\",\"url\":\"https:\\\/\\\/baraevent.hu\\\/\",\"logo\":{\"@type\":\"ImageObject\",\"inLanguage\":\"en-GB\",\"@id\":\"https:\\\/\\\/baraevent.hu\\\/#\\\/schema\\\/logo\\\/image\\\/\",\"url\":\"https:\\\/\\\/baraevent.hu\\\/wp-content\\\/uploads\\\/2019\\\/11\\\/logo-e1593417291257.png\",\"contentUrl\":\"https:\\\/\\\/baraevent.hu\\\/wp-content\\\/uploads\\\/2019\\\/11\\\/logo-e1593417291257.png\",\"width\":700,\"height\":276,\"caption\":\"Bara Wedding\"},\"image\":{\"@id\":\"https:\\\/\\\/baraevent.hu\\\/#\\\/schema\\\/logo\\\/image\\\/\"},\"sameAs\":[\"http:\\\/\\\/www.facebook.com\\\/baraeskuvo\\\/\",\"https:\\\/\\\/www.instagram.com\\\/weddingbara\"]}]}<\/script>\n<!-- \/ Yoast SEO plugin. -->","yoast_head_json":{"title":"Vend\u00e9gk\u00f6nyv - arany - Bara Wedding","description":"Esk\u00fcv\u0151i vend\u00e9gk\u00f6nyv, amiben vend\u00e9geid j\u00f3k\u00edv\u00e1ns\u00e1gokat, \u00fczeneteket \u00edrhatnak nektek. V\u00e1lassz az esk\u00fcv\u0151 st\u00edlus\u00e1hoz ill\u0151 vend\u00e9gk\u00f6nyvet.","robots":{"index":"index","follow":"follow","max-snippet":"max-snippet:-1","max-image-preview":"max-image-preview:large","max-video-preview":"max-video-preview:-1"},"canonical":"https:\/\/baraevent.hu\/en\/product\/vendegkonyv\/","og_locale":"en_GB","og_type":"article","og_title":"Vend\u00e9gk\u00f6nyv - arany - Bara Wedding","og_description":"Esk\u00fcv\u0151i vend\u00e9gk\u00f6nyv, amiben vend\u00e9geid j\u00f3k\u00edv\u00e1ns\u00e1gokat, \u00fczeneteket \u00edrhatnak nektek. V\u00e1lassz az esk\u00fcv\u0151 st\u00edlus\u00e1hoz ill\u0151 vend\u00e9gk\u00f6nyvet.","og_url":"https:\/\/baraevent.hu\/en\/product\/vendegkonyv\/","og_site_name":"Bara Wedding","article_publisher":"http:\/\/www.facebook.com\/baraeskuvo\/","article_modified_time":"2021-11-26T06:09:08+00:00","og_image":[{"width":800,"height":600,"url":"https:\/\/baraevent.hu\/wp-content\/uploads\/2020\/12\/bara_377_20170413074201.jpg","type":"image\/jpeg"}],"twitter_card":"summary_large_image","twitter_misc":{"Estimated reading time":"1 minute"},"schema":{"@context":"https:\/\/schema.org","@graph":[{"@type":"WebPage","@id":"https:\/\/baraevent.hu\/termek\/vendegkonyv\/","url":"https:\/\/baraevent.hu\/termek\/vendegkonyv\/","name":"Vend\u00e9gk\u00f6nyv - arany - Bara Wedding","isPartOf":{"@id":"https:\/\/baraevent.hu\/#website"},"primaryImageOfPage":{"@id":"https:\/\/baraevent.hu\/termek\/vendegkonyv\/#primaryimage"},"image":{"@id":"https:\/\/baraevent.hu\/termek\/vendegkonyv\/#primaryimage"},"thumbnailUrl":"https:\/\/baraevent.hu\/wp-content\/uploads\/2020\/12\/bara_377_20170413074201.jpg","datePublished":"2020-12-15T15:48:02+00:00","dateModified":"2021-11-26T06:09:08+00:00","description":"Esk\u00fcv\u0151i vend\u00e9gk\u00f6nyv, amiben vend\u00e9geid j\u00f3k\u00edv\u00e1ns\u00e1gokat, \u00fczeneteket \u00edrhatnak nektek. V\u00e1lassz az esk\u00fcv\u0151 st\u00edlus\u00e1hoz ill\u0151 vend\u00e9gk\u00f6nyvet.","breadcrumb":{"@id":"https:\/\/baraevent.hu\/termek\/vendegkonyv\/#breadcrumb"},"inLanguage":"en-GB","potentialAction":[{"@type":"ReadAction","target":["https:\/\/baraevent.hu\/termek\/vendegkonyv\/"]}]},{"@type":"ImageObject","inLanguage":"en-GB","@id":"https:\/\/baraevent.hu\/termek\/vendegkonyv\/#primaryimage","url":"https:\/\/baraevent.hu\/wp-content\/uploads\/2020\/12\/bara_377_20170413074201.jpg","contentUrl":"https:\/\/baraevent.hu\/wp-content\/uploads\/2020\/12\/bara_377_20170413074201.jpg","width":800,"height":600},{"@type":"BreadcrumbList","@id":"https:\/\/baraevent.hu\/termek\/vendegkonyv\/#breadcrumb","itemListElement":[{"@type":"ListItem","position":1,"name":"Home","item":"https:\/\/baraevent.hu\/"},{"@type":"ListItem","position":2,"name":"\u00dczlet","item":"https:\/\/baraevent.hu\/uzlet\/"},{"@type":"ListItem","position":3,"name":"Vend\u00e9gk\u00f6nyv &#8211; arany"}]},{"@type":"WebSite","@id":"https:\/\/baraevent.hu\/#website","url":"https:\/\/baraevent.hu\/","name":"www.baraevent.hu","description":"","publisher":{"@id":"https:\/\/baraevent.hu\/#organization"},"potentialAction":[{"@type":"SearchAction","target":{"@type":"EntryPoint","urlTemplate":"https:\/\/baraevent.hu\/?s={search_term_string}"},"query-input":{"@type":"PropertyValueSpecification","valueRequired":true,"valueName":"search_term_string"}}],"inLanguage":"en-GB"},{"@type":"Organization","@id":"https:\/\/baraevent.hu\/#organization","name":"Bara Wedding","url":"https:\/\/baraevent.hu\/","logo":{"@type":"ImageObject","inLanguage":"en-GB","@id":"https:\/\/baraevent.hu\/#\/schema\/logo\/image\/","url":"https:\/\/baraevent.hu\/wp-content\/uploads\/2019\/11\/logo-e1593417291257.png","contentUrl":"https:\/\/baraevent.hu\/wp-content\/uploads\/2019\/11\/logo-e1593417291257.png","width":700,"height":276,"caption":"Bara Wedding"},"image":{"@id":"https:\/\/baraevent.hu\/#\/schema\/logo\/image\/"},"sameAs":["http:\/\/www.facebook.com\/baraeskuvo\/","https:\/\/www.instagram.com\/weddingbara"]}]}},"_links":{"self":[{"href":"https:\/\/baraevent.hu\/en\/wp-json\/wp\/v2\/product\/2139","targetHints":{"allow":["GET"]}}],"collection":[{"href":"https:\/\/baraevent.hu\/en\/wp-json\/wp\/v2\/product"}],"about":[{"href":"https:\/\/baraevent.hu\/en\/wp-json\/wp\/v2\/types\/product"}],"wp:featuredmedia":[{"embeddable":true,"href":"https:\/\/baraevent.hu\/en\/wp-json\/wp\/v2\/media\/2145"}],"wp:attachment":[{"href":"https:\/\/baraevent.hu\/en\/wp-json\/wp\/v2\/media?parent=2139"}],"wp:term":[{"taxonomy":"product_brand","embeddable":true,"href":"https:\/\/baraevent.hu\/en\/wp-json\/wp\/v2\/product_brand?post=2139"},{"taxonomy":"product_cat","embeddable":true,"href":"https:\/\/baraevent.hu\/en\/wp-json\/wp\/v2\/product_cat?post=2139"},{"taxonomy":"product_tag","embeddable":true,"href":"https:\/\/baraevent.hu\/en\/wp-json\/wp\/v2\/product_tag?post=2139"}],"curies":[{"name":"wp","href":"https:\/\/api.w.org\/{rel}","templated":true}]}}