{"id":2176,"date":"2020-12-15T17:18:36","date_gmt":"2020-12-15T16:18:36","guid":{"rendered":"https:\/\/baraevent.hu\/?post_type=product&#038;p=2176"},"modified":"2020-12-15T17:19:16","modified_gmt":"2020-12-15T16:19:16","slug":"utjelzo-tabla-eskuvo-irott-bal","status":"publish","type":"product","link":"https:\/\/baraevent.hu\/en\/product\/utjelzo-tabla-eskuvo-irott-bal\/","title":{"rendered":"\u00datjelz\u0151 t\u00e1bla &#8211; ESK\u00dcV\u0150 &#8211; \u00edrott &#8211; bal"},"content":{"rendered":"<p>Ha a vend\u00e9geidet szeretn\u00e9d \u00fatbaigaz\u00edtani, akkor aj\u00e1nljuk \u00fatjelz\u0151 t\u00e1bl\u00e1inkat. Tal\u00e1lsz ESK\u00dcV\u0150 \u00e9s SZERTART\u00c1S felirat\u00faakat, jobbra vagy balra mutat\u00f3 ny\u00edllal.<\/p>\n<p>A t\u00e1bl\u00e1n k\u00e9t lyuk van, \u00edgy b\u00e1rhov\u00e1 felakaszthat\u00f3ak egy szalag vagy madzag seg\u00edts\u00e9g\u00e9vel.<\/p>\n<p><b>Aj\u00e1nlott alkalmak: esk\u00fcv\u0151, esk\u00fcv\u0151i szertart\u00e1s<\/b><\/p>","protected":false},"excerpt":{"rendered":"<div id=\"product_details_342\" class=\"productintro\">\n<p class=\"box_text\">M\u00e9rete: 50&#215;14 cm<br \/>\nVastags\u00e1ga: 3mm<br \/>\nSz\u00edn: feh\u00e9r, sz\u00fcrke<br \/>\nKiszerel\u00e9s: darabonk\u00e9nt<br \/>\nAnyaga: fa<br \/>\n<strong>Term\u00e9k\u00e1llapot: rendel\u00e9sre 2 h\u00e9t<\/strong><\/p>\n<\/div>","protected":false},"featured_media":2172,"template":"","meta":{"inline_featured_image":false,"_ppp_document_settings_meta":""},"product_brand":[],"product_cat":[155],"product_tag":[],"class_list":{"0":"post-2176","1":"product","2":"type-product","3":"status-publish","4":"has-post-thumbnail","6":"product_cat-utjelzo-tabla","8":"first","9":"onbackorder","10":"shipping-taxable","11":"purchasable","12":"product-type-simple"},"yoast_head":"<!-- This site is optimized with the Yoast SEO plugin v27.4 - https:\/\/yoast.com\/product\/yoast-seo-wordpress\/ -->\n<title>\u00datjelz\u0151 t\u00e1bla - ESK\u00dcV\u0150 - \u00edrott - bal - Bara Wedding<\/title>\n<meta name=\"robots\" content=\"index, follow, max-snippet:-1, max-image-preview:large, max-video-preview:-1\" \/>\n<link rel=\"canonical\" href=\"https:\/\/baraevent.hu\/en\/product\/utjelzo-tabla-eskuvo-irott-bal\/\" \/>\n<meta property=\"og:locale\" content=\"en_GB\" \/>\n<meta property=\"og:type\" content=\"article\" \/>\n<meta property=\"og:title\" content=\"\u00datjelz\u0151 t\u00e1bla - ESK\u00dcV\u0150 - \u00edrott - bal - Bara Wedding\" \/>\n<meta property=\"og:description\" content=\"M\u00e9rete: 50x14 cm Vastags\u00e1ga: 3mm Sz\u00edn: feh\u00e9r, sz\u00fcrke Kiszerel\u00e9s: darabonk\u00e9nt Anyaga: fa Term\u00e9k\u00e1llapot: rendel\u00e9sre 2 h\u00e9t\" \/>\n<meta property=\"og:url\" content=\"https:\/\/baraevent.hu\/en\/product\/utjelzo-tabla-eskuvo-irott-bal\/\" \/>\n<meta property=\"og:site_name\" content=\"Bara Wedding\" \/>\n<meta property=\"article:publisher\" content=\"http:\/\/www.facebook.com\/baraeskuvo\/\" \/>\n<meta property=\"article:modified_time\" content=\"2020-12-15T16:19:16+00:00\" \/>\n<meta property=\"og:image\" content=\"https:\/\/baraevent.hu\/wp-content\/uploads\/2020\/12\/bara_346_20160414143646.jpg\" \/>\n\t<meta property=\"og:image:width\" content=\"800\" \/>\n\t<meta property=\"og:image:height\" content=\"640\" \/>\n\t<meta property=\"og:image:type\" content=\"image\/jpeg\" \/>\n<meta name=\"twitter:card\" content=\"summary_large_image\" \/>\n<script type=\"application\/ld+json\" class=\"yoast-schema-graph\">{\"@context\":\"https:\\\/\\\/schema.org\",\"@graph\":[{\"@type\":\"WebPage\",\"@id\":\"https:\\\/\\\/baraevent.hu\\\/termek\\\/utjelzo-tabla-eskuvo-irott-bal\\\/\",\"url\":\"https:\\\/\\\/baraevent.hu\\\/termek\\\/utjelzo-tabla-eskuvo-irott-bal\\\/\",\"name\":\"\u00datjelz\u0151 t\u00e1bla - ESK\u00dcV\u0150 - \u00edrott - bal - Bara Wedding\",\"isPartOf\":{\"@id\":\"https:\\\/\\\/baraevent.hu\\\/#website\"},\"primaryImageOfPage\":{\"@id\":\"https:\\\/\\\/baraevent.hu\\\/termek\\\/utjelzo-tabla-eskuvo-irott-bal\\\/#primaryimage\"},\"image\":{\"@id\":\"https:\\\/\\\/baraevent.hu\\\/termek\\\/utjelzo-tabla-eskuvo-irott-bal\\\/#primaryimage\"},\"thumbnailUrl\":\"https:\\\/\\\/baraevent.hu\\\/wp-content\\\/uploads\\\/2020\\\/12\\\/bara_346_20160414143646.jpg\",\"datePublished\":\"2020-12-15T16:18:36+00:00\",\"dateModified\":\"2020-12-15T16:19:16+00:00\",\"breadcrumb\":{\"@id\":\"https:\\\/\\\/baraevent.hu\\\/termek\\\/utjelzo-tabla-eskuvo-irott-bal\\\/#breadcrumb\"},\"inLanguage\":\"en-GB\",\"potentialAction\":[{\"@type\":\"ReadAction\",\"target\":[\"https:\\\/\\\/baraevent.hu\\\/termek\\\/utjelzo-tabla-eskuvo-irott-bal\\\/\"]}]},{\"@type\":\"ImageObject\",\"inLanguage\":\"en-GB\",\"@id\":\"https:\\\/\\\/baraevent.hu\\\/termek\\\/utjelzo-tabla-eskuvo-irott-bal\\\/#primaryimage\",\"url\":\"https:\\\/\\\/baraevent.hu\\\/wp-content\\\/uploads\\\/2020\\\/12\\\/bara_346_20160414143646.jpg\",\"contentUrl\":\"https:\\\/\\\/baraevent.hu\\\/wp-content\\\/uploads\\\/2020\\\/12\\\/bara_346_20160414143646.jpg\",\"width\":800,\"height\":640},{\"@type\":\"BreadcrumbList\",\"@id\":\"https:\\\/\\\/baraevent.hu\\\/termek\\\/utjelzo-tabla-eskuvo-irott-bal\\\/#breadcrumb\",\"itemListElement\":[{\"@type\":\"ListItem\",\"position\":1,\"name\":\"Home\",\"item\":\"https:\\\/\\\/baraevent.hu\\\/\"},{\"@type\":\"ListItem\",\"position\":2,\"name\":\"\u00dczlet\",\"item\":\"https:\\\/\\\/baraevent.hu\\\/uzlet\\\/\"},{\"@type\":\"ListItem\",\"position\":3,\"name\":\"\u00datjelz\u0151 t\u00e1bla &#8211; ESK\u00dcV\u0150 &#8211; \u00edrott &#8211; bal\"}]},{\"@type\":\"WebSite\",\"@id\":\"https:\\\/\\\/baraevent.hu\\\/#website\",\"url\":\"https:\\\/\\\/baraevent.hu\\\/\",\"name\":\"www.baraevent.hu\",\"description\":\"\",\"publisher\":{\"@id\":\"https:\\\/\\\/baraevent.hu\\\/#organization\"},\"potentialAction\":[{\"@type\":\"SearchAction\",\"target\":{\"@type\":\"EntryPoint\",\"urlTemplate\":\"https:\\\/\\\/baraevent.hu\\\/?s={search_term_string}\"},\"query-input\":{\"@type\":\"PropertyValueSpecification\",\"valueRequired\":true,\"valueName\":\"search_term_string\"}}],\"inLanguage\":\"en-GB\"},{\"@type\":\"Organization\",\"@id\":\"https:\\\/\\\/baraevent.hu\\\/#organization\",\"name\":\"Bara Wedding\",\"url\":\"https:\\\/\\\/baraevent.hu\\\/\",\"logo\":{\"@type\":\"ImageObject\",\"inLanguage\":\"en-GB\",\"@id\":\"https:\\\/\\\/baraevent.hu\\\/#\\\/schema\\\/logo\\\/image\\\/\",\"url\":\"https:\\\/\\\/baraevent.hu\\\/wp-content\\\/uploads\\\/2019\\\/11\\\/logo-e1593417291257.png\",\"contentUrl\":\"https:\\\/\\\/baraevent.hu\\\/wp-content\\\/uploads\\\/2019\\\/11\\\/logo-e1593417291257.png\",\"width\":700,\"height\":276,\"caption\":\"Bara Wedding\"},\"image\":{\"@id\":\"https:\\\/\\\/baraevent.hu\\\/#\\\/schema\\\/logo\\\/image\\\/\"},\"sameAs\":[\"http:\\\/\\\/www.facebook.com\\\/baraeskuvo\\\/\",\"https:\\\/\\\/www.instagram.com\\\/weddingbara\"]}]}<\/script>\n<!-- \/ Yoast SEO plugin. -->","yoast_head_json":{"title":"\u00datjelz\u0151 t\u00e1bla - ESK\u00dcV\u0150 - \u00edrott - bal - Bara Wedding","robots":{"index":"index","follow":"follow","max-snippet":"max-snippet:-1","max-image-preview":"max-image-preview:large","max-video-preview":"max-video-preview:-1"},"canonical":"https:\/\/baraevent.hu\/en\/product\/utjelzo-tabla-eskuvo-irott-bal\/","og_locale":"en_GB","og_type":"article","og_title":"\u00datjelz\u0151 t\u00e1bla - ESK\u00dcV\u0150 - \u00edrott - bal - Bara Wedding","og_description":"M\u00e9rete: 50x14 cm Vastags\u00e1ga: 3mm Sz\u00edn: feh\u00e9r, sz\u00fcrke Kiszerel\u00e9s: darabonk\u00e9nt Anyaga: fa Term\u00e9k\u00e1llapot: rendel\u00e9sre 2 h\u00e9t","og_url":"https:\/\/baraevent.hu\/en\/product\/utjelzo-tabla-eskuvo-irott-bal\/","og_site_name":"Bara Wedding","article_publisher":"http:\/\/www.facebook.com\/baraeskuvo\/","article_modified_time":"2020-12-15T16:19:16+00:00","og_image":[{"width":800,"height":640,"url":"https:\/\/baraevent.hu\/wp-content\/uploads\/2020\/12\/bara_346_20160414143646.jpg","type":"image\/jpeg"}],"twitter_card":"summary_large_image","schema":{"@context":"https:\/\/schema.org","@graph":[{"@type":"WebPage","@id":"https:\/\/baraevent.hu\/termek\/utjelzo-tabla-eskuvo-irott-bal\/","url":"https:\/\/baraevent.hu\/termek\/utjelzo-tabla-eskuvo-irott-bal\/","name":"\u00datjelz\u0151 t\u00e1bla - ESK\u00dcV\u0150 - \u00edrott - bal - Bara Wedding","isPartOf":{"@id":"https:\/\/baraevent.hu\/#website"},"primaryImageOfPage":{"@id":"https:\/\/baraevent.hu\/termek\/utjelzo-tabla-eskuvo-irott-bal\/#primaryimage"},"image":{"@id":"https:\/\/baraevent.hu\/termek\/utjelzo-tabla-eskuvo-irott-bal\/#primaryimage"},"thumbnailUrl":"https:\/\/baraevent.hu\/wp-content\/uploads\/2020\/12\/bara_346_20160414143646.jpg","datePublished":"2020-12-15T16:18:36+00:00","dateModified":"2020-12-15T16:19:16+00:00","breadcrumb":{"@id":"https:\/\/baraevent.hu\/termek\/utjelzo-tabla-eskuvo-irott-bal\/#breadcrumb"},"inLanguage":"en-GB","potentialAction":[{"@type":"ReadAction","target":["https:\/\/baraevent.hu\/termek\/utjelzo-tabla-eskuvo-irott-bal\/"]}]},{"@type":"ImageObject","inLanguage":"en-GB","@id":"https:\/\/baraevent.hu\/termek\/utjelzo-tabla-eskuvo-irott-bal\/#primaryimage","url":"https:\/\/baraevent.hu\/wp-content\/uploads\/2020\/12\/bara_346_20160414143646.jpg","contentUrl":"https:\/\/baraevent.hu\/wp-content\/uploads\/2020\/12\/bara_346_20160414143646.jpg","width":800,"height":640},{"@type":"BreadcrumbList","@id":"https:\/\/baraevent.hu\/termek\/utjelzo-tabla-eskuvo-irott-bal\/#breadcrumb","itemListElement":[{"@type":"ListItem","position":1,"name":"Home","item":"https:\/\/baraevent.hu\/"},{"@type":"ListItem","position":2,"name":"\u00dczlet","item":"https:\/\/baraevent.hu\/uzlet\/"},{"@type":"ListItem","position":3,"name":"\u00datjelz\u0151 t\u00e1bla &#8211; ESK\u00dcV\u0150 &#8211; \u00edrott &#8211; bal"}]},{"@type":"WebSite","@id":"https:\/\/baraevent.hu\/#website","url":"https:\/\/baraevent.hu\/","name":"www.baraevent.hu","description":"","publisher":{"@id":"https:\/\/baraevent.hu\/#organization"},"potentialAction":[{"@type":"SearchAction","target":{"@type":"EntryPoint","urlTemplate":"https:\/\/baraevent.hu\/?s={search_term_string}"},"query-input":{"@type":"PropertyValueSpecification","valueRequired":true,"valueName":"search_term_string"}}],"inLanguage":"en-GB"},{"@type":"Organization","@id":"https:\/\/baraevent.hu\/#organization","name":"Bara Wedding","url":"https:\/\/baraevent.hu\/","logo":{"@type":"ImageObject","inLanguage":"en-GB","@id":"https:\/\/baraevent.hu\/#\/schema\/logo\/image\/","url":"https:\/\/baraevent.hu\/wp-content\/uploads\/2019\/11\/logo-e1593417291257.png","contentUrl":"https:\/\/baraevent.hu\/wp-content\/uploads\/2019\/11\/logo-e1593417291257.png","width":700,"height":276,"caption":"Bara Wedding"},"image":{"@id":"https:\/\/baraevent.hu\/#\/schema\/logo\/image\/"},"sameAs":["http:\/\/www.facebook.com\/baraeskuvo\/","https:\/\/www.instagram.com\/weddingbara"]}]}},"_links":{"self":[{"href":"https:\/\/baraevent.hu\/en\/wp-json\/wp\/v2\/product\/2176","targetHints":{"allow":["GET"]}}],"collection":[{"href":"https:\/\/baraevent.hu\/en\/wp-json\/wp\/v2\/product"}],"about":[{"href":"https:\/\/baraevent.hu\/en\/wp-json\/wp\/v2\/types\/product"}],"wp:featuredmedia":[{"embeddable":true,"href":"https:\/\/baraevent.hu\/en\/wp-json\/wp\/v2\/media\/2172"}],"wp:attachment":[{"href":"https:\/\/baraevent.hu\/en\/wp-json\/wp\/v2\/media?parent=2176"}],"wp:term":[{"taxonomy":"product_brand","embeddable":true,"href":"https:\/\/baraevent.hu\/en\/wp-json\/wp\/v2\/product_brand?post=2176"},{"taxonomy":"product_cat","embeddable":true,"href":"https:\/\/baraevent.hu\/en\/wp-json\/wp\/v2\/product_cat?post=2176"},{"taxonomy":"product_tag","embeddable":true,"href":"https:\/\/baraevent.hu\/en\/wp-json\/wp\/v2\/product_tag?post=2176"}],"curies":[{"name":"wp","href":"https:\/\/api.w.org\/{rel}","templated":true}]}}