{"id":2196,"date":"2020-12-15T18:08:42","date_gmt":"2020-12-15T17:08:42","guid":{"rendered":"https:\/\/baraevent.hu\/?post_type=product&#038;p=2196"},"modified":"2025-02-18T18:00:29","modified_gmt":"2025-02-18T17:00:29","slug":"bambusz-legyezo","status":"publish","type":"product","link":"https:\/\/baraevent.hu\/en\/product\/bambusz-legyezo\/","title":{"rendered":"Bambuszlegyez\u0151"},"content":{"rendered":"<p>BAMBUSZLEGYEZ\u0150<\/p>\n<p>Az \u00f6sszecsukhat\u00f3 faragott bambuszlegyez\u0151 t\u00f6k\u00e9letes k\u00f6sz\u00f6netaj\u00e1nd\u00e9k a h\u00f6lgy vend\u00e9geknek forr\u00f3 ny\u00e1ri esk\u00fcv\u0151re. Amellett, hogy j\u00f3 szolg\u00e1latot tesz a nagy nap meleg d\u00e9lut\u00e1nj\u00e1n, biztos, hogy ez az aj\u00e1nd\u00e9k gyakran el\u0151ker\u00fcl majd az esk\u00fcv\u0151 ut\u00e1n is.<\/p>\n<p><b>Tipp:<\/b>\u00a0 K\u00f6sz\u00f6netaj\u00e1nd\u00e9k \u00e9s \u00fcltet\u0151 k\u00e1rtya egyben. A legyez\u0151 sz\u00e1r\u00e1ra kis n\u00e9vk\u00e1rtya r\u00f6gz\u00edthet\u0151 egy sz\u00e9p szalaggal. A kis k\u00e1rty\u00e1ra nyomtathat\u00f3 a megaj\u00e1nd\u00e9kozott vend\u00e9g neve vagy egy r\u00f6vid k\u00f6sz\u00f6nt\u0151 sz\u00f6veg. (Pl.: K\u00f6sz\u00f6nj\u00fck, hogy vel\u00fcnk \u00fcnnepelt\u00e9l!)<br \/>\nA k\u00e1rty\u00e1csk\u00e1val kieg\u00e9sz\u00edtett legyez\u0151t az Esk\u00fcv\u0151i \u00fcltet\u0151k\u00e1rtya men\u00fcpontban tal\u00e1lod.<\/p>","protected":false},"excerpt":{"rendered":"<p>M\u00e9ret: 35 cm (kinyitva)<br \/>\nAnyag: bambusz<br \/>\nSz\u00edn: nat\u00far<br \/>\nKiszerel\u00e9s: db<\/p>\n<p>Term\u00e9k\u00e1llapot: rakt\u00e1ron<\/p>\n<p>&nbsp;<\/p>","protected":false},"featured_media":3830,"template":"","meta":{"inline_featured_image":false,"_ppp_document_settings_meta":""},"product_brand":[],"product_cat":[149,141],"product_tag":[309,262,308,263],"class_list":{"0":"post-2196","1":"product","2":"type-product","3":"status-publish","4":"has-post-thumbnail","6":"product_cat-legyezo","7":"product_cat-otletes-koszonetajandek","8":"product_tag-bambuszlegyezo","9":"product_tag-koszonetajandek","10":"product_tag-legyezo","11":"product_tag-vendegajandek","13":"first","14":"instock","15":"shipping-taxable","16":"purchasable","17":"product-type-simple"},"yoast_head":"<!-- This site is optimized with the Yoast SEO plugin v27.4 - https:\/\/yoast.com\/product\/yoast-seo-wordpress\/ -->\n<title>Bambuszlegyez\u0151 - Bara Wedding<\/title>\n<meta name=\"description\" content=\"Bambuszlegyez\u0151 remek ny\u00e1ri k\u00f6sz\u00f6netaj\u00e1nd\u00e9k, amit im\u00e1dni fognak esk\u00fcv\u0151i vend\u00e9geitek. A v\u00e9g\u00e9re kis n\u00e9vk\u00e1rtya is r\u00f6gz\u00edthet\u0151 a vend\u00e9gek nev\u00e9vel.\" \/>\n<meta name=\"robots\" content=\"index, follow, max-snippet:-1, max-image-preview:large, max-video-preview:-1\" \/>\n<link rel=\"canonical\" href=\"https:\/\/baraevent.hu\/en\/product\/bambusz-legyezo\/\" \/>\n<meta property=\"og:locale\" content=\"en_GB\" \/>\n<meta property=\"og:type\" content=\"article\" \/>\n<meta property=\"og:title\" content=\"Bambuszlegyez\u0151 - Bara Wedding\" \/>\n<meta property=\"og:description\" content=\"Bambuszlegyez\u0151 remek ny\u00e1ri k\u00f6sz\u00f6netaj\u00e1nd\u00e9k, amit im\u00e1dni fognak esk\u00fcv\u0151i vend\u00e9geitek. A v\u00e9g\u00e9re kis n\u00e9vk\u00e1rtya is r\u00f6gz\u00edthet\u0151 a vend\u00e9gek nev\u00e9vel.\" \/>\n<meta property=\"og:url\" content=\"https:\/\/baraevent.hu\/en\/product\/bambusz-legyezo\/\" \/>\n<meta property=\"og:site_name\" content=\"Bara Wedding\" \/>\n<meta property=\"article:publisher\" content=\"http:\/\/www.facebook.com\/baraeskuvo\/\" \/>\n<meta property=\"article:modified_time\" content=\"2025-02-18T17:00:29+00:00\" \/>\n<meta property=\"og:image\" content=\"https:\/\/baraevent.hu\/wp-content\/uploads\/2020\/12\/legyezo_kartyaval_k-rotated.jpg\" \/>\n\t<meta property=\"og:image:width\" content=\"1254\" \/>\n\t<meta property=\"og:image:height\" content=\"1672\" \/>\n\t<meta property=\"og:image:type\" content=\"image\/jpeg\" \/>\n<meta name=\"twitter:card\" content=\"summary_large_image\" \/>\n<meta name=\"twitter:label1\" content=\"Estimated reading time\" \/>\n\t<meta name=\"twitter:data1\" content=\"1 minute\" \/>\n<script type=\"application\/ld+json\" class=\"yoast-schema-graph\">{\"@context\":\"https:\\\/\\\/schema.org\",\"@graph\":[{\"@type\":\"WebPage\",\"@id\":\"https:\\\/\\\/baraevent.hu\\\/termek\\\/bambusz-legyezo\\\/\",\"url\":\"https:\\\/\\\/baraevent.hu\\\/termek\\\/bambusz-legyezo\\\/\",\"name\":\"Bambuszlegyez\u0151 - Bara Wedding\",\"isPartOf\":{\"@id\":\"https:\\\/\\\/baraevent.hu\\\/#website\"},\"primaryImageOfPage\":{\"@id\":\"https:\\\/\\\/baraevent.hu\\\/termek\\\/bambusz-legyezo\\\/#primaryimage\"},\"image\":{\"@id\":\"https:\\\/\\\/baraevent.hu\\\/termek\\\/bambusz-legyezo\\\/#primaryimage\"},\"thumbnailUrl\":\"https:\\\/\\\/baraevent.hu\\\/wp-content\\\/uploads\\\/2020\\\/12\\\/legyezo_kartyaval_k-rotated.jpg\",\"datePublished\":\"2020-12-15T17:08:42+00:00\",\"dateModified\":\"2025-02-18T17:00:29+00:00\",\"description\":\"Bambuszlegyez\u0151 remek ny\u00e1ri k\u00f6sz\u00f6netaj\u00e1nd\u00e9k, amit im\u00e1dni fognak esk\u00fcv\u0151i vend\u00e9geitek. A v\u00e9g\u00e9re kis n\u00e9vk\u00e1rtya is r\u00f6gz\u00edthet\u0151 a vend\u00e9gek nev\u00e9vel.\",\"breadcrumb\":{\"@id\":\"https:\\\/\\\/baraevent.hu\\\/termek\\\/bambusz-legyezo\\\/#breadcrumb\"},\"inLanguage\":\"en-GB\",\"potentialAction\":[{\"@type\":\"ReadAction\",\"target\":[\"https:\\\/\\\/baraevent.hu\\\/termek\\\/bambusz-legyezo\\\/\"]}]},{\"@type\":\"ImageObject\",\"inLanguage\":\"en-GB\",\"@id\":\"https:\\\/\\\/baraevent.hu\\\/termek\\\/bambusz-legyezo\\\/#primaryimage\",\"url\":\"https:\\\/\\\/baraevent.hu\\\/wp-content\\\/uploads\\\/2020\\\/12\\\/legyezo_kartyaval_k-rotated.jpg\",\"contentUrl\":\"https:\\\/\\\/baraevent.hu\\\/wp-content\\\/uploads\\\/2020\\\/12\\\/legyezo_kartyaval_k-rotated.jpg\",\"width\":1254,\"height\":1672,\"caption\":\"pap\u00edrlegyez\u0151\"},{\"@type\":\"BreadcrumbList\",\"@id\":\"https:\\\/\\\/baraevent.hu\\\/termek\\\/bambusz-legyezo\\\/#breadcrumb\",\"itemListElement\":[{\"@type\":\"ListItem\",\"position\":1,\"name\":\"Home\",\"item\":\"https:\\\/\\\/baraevent.hu\\\/\"},{\"@type\":\"ListItem\",\"position\":2,\"name\":\"\u00dczlet\",\"item\":\"https:\\\/\\\/baraevent.hu\\\/uzlet\\\/\"},{\"@type\":\"ListItem\",\"position\":3,\"name\":\"Bambuszlegyez\u0151\"}]},{\"@type\":\"WebSite\",\"@id\":\"https:\\\/\\\/baraevent.hu\\\/#website\",\"url\":\"https:\\\/\\\/baraevent.hu\\\/\",\"name\":\"www.baraevent.hu\",\"description\":\"\",\"publisher\":{\"@id\":\"https:\\\/\\\/baraevent.hu\\\/#organization\"},\"potentialAction\":[{\"@type\":\"SearchAction\",\"target\":{\"@type\":\"EntryPoint\",\"urlTemplate\":\"https:\\\/\\\/baraevent.hu\\\/?s={search_term_string}\"},\"query-input\":{\"@type\":\"PropertyValueSpecification\",\"valueRequired\":true,\"valueName\":\"search_term_string\"}}],\"inLanguage\":\"en-GB\"},{\"@type\":\"Organization\",\"@id\":\"https:\\\/\\\/baraevent.hu\\\/#organization\",\"name\":\"Bara Wedding\",\"url\":\"https:\\\/\\\/baraevent.hu\\\/\",\"logo\":{\"@type\":\"ImageObject\",\"inLanguage\":\"en-GB\",\"@id\":\"https:\\\/\\\/baraevent.hu\\\/#\\\/schema\\\/logo\\\/image\\\/\",\"url\":\"https:\\\/\\\/baraevent.hu\\\/wp-content\\\/uploads\\\/2019\\\/11\\\/logo-e1593417291257.png\",\"contentUrl\":\"https:\\\/\\\/baraevent.hu\\\/wp-content\\\/uploads\\\/2019\\\/11\\\/logo-e1593417291257.png\",\"width\":700,\"height\":276,\"caption\":\"Bara Wedding\"},\"image\":{\"@id\":\"https:\\\/\\\/baraevent.hu\\\/#\\\/schema\\\/logo\\\/image\\\/\"},\"sameAs\":[\"http:\\\/\\\/www.facebook.com\\\/baraeskuvo\\\/\",\"https:\\\/\\\/www.instagram.com\\\/weddingbara\"]}]}<\/script>\n<!-- \/ Yoast SEO plugin. -->","yoast_head_json":{"title":"Bambuszlegyez\u0151 - Bara Wedding","description":"Bambuszlegyez\u0151 remek ny\u00e1ri k\u00f6sz\u00f6netaj\u00e1nd\u00e9k, amit im\u00e1dni fognak esk\u00fcv\u0151i vend\u00e9geitek. A v\u00e9g\u00e9re kis n\u00e9vk\u00e1rtya is r\u00f6gz\u00edthet\u0151 a vend\u00e9gek nev\u00e9vel.","robots":{"index":"index","follow":"follow","max-snippet":"max-snippet:-1","max-image-preview":"max-image-preview:large","max-video-preview":"max-video-preview:-1"},"canonical":"https:\/\/baraevent.hu\/en\/product\/bambusz-legyezo\/","og_locale":"en_GB","og_type":"article","og_title":"Bambuszlegyez\u0151 - Bara Wedding","og_description":"Bambuszlegyez\u0151 remek ny\u00e1ri k\u00f6sz\u00f6netaj\u00e1nd\u00e9k, amit im\u00e1dni fognak esk\u00fcv\u0151i vend\u00e9geitek. A v\u00e9g\u00e9re kis n\u00e9vk\u00e1rtya is r\u00f6gz\u00edthet\u0151 a vend\u00e9gek nev\u00e9vel.","og_url":"https:\/\/baraevent.hu\/en\/product\/bambusz-legyezo\/","og_site_name":"Bara Wedding","article_publisher":"http:\/\/www.facebook.com\/baraeskuvo\/","article_modified_time":"2025-02-18T17:00:29+00:00","og_image":[{"width":1254,"height":1672,"url":"https:\/\/baraevent.hu\/wp-content\/uploads\/2020\/12\/legyezo_kartyaval_k-rotated.jpg","type":"image\/jpeg"}],"twitter_card":"summary_large_image","twitter_misc":{"Estimated reading time":"1 minute"},"schema":{"@context":"https:\/\/schema.org","@graph":[{"@type":"WebPage","@id":"https:\/\/baraevent.hu\/termek\/bambusz-legyezo\/","url":"https:\/\/baraevent.hu\/termek\/bambusz-legyezo\/","name":"Bambuszlegyez\u0151 - Bara Wedding","isPartOf":{"@id":"https:\/\/baraevent.hu\/#website"},"primaryImageOfPage":{"@id":"https:\/\/baraevent.hu\/termek\/bambusz-legyezo\/#primaryimage"},"image":{"@id":"https:\/\/baraevent.hu\/termek\/bambusz-legyezo\/#primaryimage"},"thumbnailUrl":"https:\/\/baraevent.hu\/wp-content\/uploads\/2020\/12\/legyezo_kartyaval_k-rotated.jpg","datePublished":"2020-12-15T17:08:42+00:00","dateModified":"2025-02-18T17:00:29+00:00","description":"Bambuszlegyez\u0151 remek ny\u00e1ri k\u00f6sz\u00f6netaj\u00e1nd\u00e9k, amit im\u00e1dni fognak esk\u00fcv\u0151i vend\u00e9geitek. A v\u00e9g\u00e9re kis n\u00e9vk\u00e1rtya is r\u00f6gz\u00edthet\u0151 a vend\u00e9gek nev\u00e9vel.","breadcrumb":{"@id":"https:\/\/baraevent.hu\/termek\/bambusz-legyezo\/#breadcrumb"},"inLanguage":"en-GB","potentialAction":[{"@type":"ReadAction","target":["https:\/\/baraevent.hu\/termek\/bambusz-legyezo\/"]}]},{"@type":"ImageObject","inLanguage":"en-GB","@id":"https:\/\/baraevent.hu\/termek\/bambusz-legyezo\/#primaryimage","url":"https:\/\/baraevent.hu\/wp-content\/uploads\/2020\/12\/legyezo_kartyaval_k-rotated.jpg","contentUrl":"https:\/\/baraevent.hu\/wp-content\/uploads\/2020\/12\/legyezo_kartyaval_k-rotated.jpg","width":1254,"height":1672,"caption":"pap\u00edrlegyez\u0151"},{"@type":"BreadcrumbList","@id":"https:\/\/baraevent.hu\/termek\/bambusz-legyezo\/#breadcrumb","itemListElement":[{"@type":"ListItem","position":1,"name":"Home","item":"https:\/\/baraevent.hu\/"},{"@type":"ListItem","position":2,"name":"\u00dczlet","item":"https:\/\/baraevent.hu\/uzlet\/"},{"@type":"ListItem","position":3,"name":"Bambuszlegyez\u0151"}]},{"@type":"WebSite","@id":"https:\/\/baraevent.hu\/#website","url":"https:\/\/baraevent.hu\/","name":"www.baraevent.hu","description":"","publisher":{"@id":"https:\/\/baraevent.hu\/#organization"},"potentialAction":[{"@type":"SearchAction","target":{"@type":"EntryPoint","urlTemplate":"https:\/\/baraevent.hu\/?s={search_term_string}"},"query-input":{"@type":"PropertyValueSpecification","valueRequired":true,"valueName":"search_term_string"}}],"inLanguage":"en-GB"},{"@type":"Organization","@id":"https:\/\/baraevent.hu\/#organization","name":"Bara Wedding","url":"https:\/\/baraevent.hu\/","logo":{"@type":"ImageObject","inLanguage":"en-GB","@id":"https:\/\/baraevent.hu\/#\/schema\/logo\/image\/","url":"https:\/\/baraevent.hu\/wp-content\/uploads\/2019\/11\/logo-e1593417291257.png","contentUrl":"https:\/\/baraevent.hu\/wp-content\/uploads\/2019\/11\/logo-e1593417291257.png","width":700,"height":276,"caption":"Bara Wedding"},"image":{"@id":"https:\/\/baraevent.hu\/#\/schema\/logo\/image\/"},"sameAs":["http:\/\/www.facebook.com\/baraeskuvo\/","https:\/\/www.instagram.com\/weddingbara"]}]}},"_links":{"self":[{"href":"https:\/\/baraevent.hu\/en\/wp-json\/wp\/v2\/product\/2196","targetHints":{"allow":["GET"]}}],"collection":[{"href":"https:\/\/baraevent.hu\/en\/wp-json\/wp\/v2\/product"}],"about":[{"href":"https:\/\/baraevent.hu\/en\/wp-json\/wp\/v2\/types\/product"}],"wp:featuredmedia":[{"embeddable":true,"href":"https:\/\/baraevent.hu\/en\/wp-json\/wp\/v2\/media\/3830"}],"wp:attachment":[{"href":"https:\/\/baraevent.hu\/en\/wp-json\/wp\/v2\/media?parent=2196"}],"wp:term":[{"taxonomy":"product_brand","embeddable":true,"href":"https:\/\/baraevent.hu\/en\/wp-json\/wp\/v2\/product_brand?post=2196"},{"taxonomy":"product_cat","embeddable":true,"href":"https:\/\/baraevent.hu\/en\/wp-json\/wp\/v2\/product_cat?post=2196"},{"taxonomy":"product_tag","embeddable":true,"href":"https:\/\/baraevent.hu\/en\/wp-json\/wp\/v2\/product_tag?post=2196"}],"curies":[{"name":"wp","href":"https:\/\/api.w.org\/{rel}","templated":true}]}}