{"id":2226,"date":"2020-12-15T19:29:53","date_gmt":"2020-12-15T18:29:53","guid":{"rendered":"https:\/\/baraevent.hu\/?post_type=product&#038;p=2226"},"modified":"2025-03-16T19:29:37","modified_gmt":"2025-03-16T18:29:37","slug":"ultetokartyatarto-rosegold","status":"publish","type":"product","link":"https:\/\/baraevent.hu\/en\/product\/ultetokartyatarto-rosegold\/","title":{"rendered":"\u00dcltet\u0151k\u00e1rtyatart\u00f3 &#8211; rosegold sz\u00edv"},"content":{"rendered":"<p>\u00dcLTET\u0150K\u00c1RTYATART\u00d3 &#8211; sz\u00edv alak\u00fa, rosegold<\/p>\n<p>Az esk\u00fcv\u0151i asztal \u00e9s a ter\u00edt\u00e9k praktikus \u00e9s d\u00edsz\u00edt\u0151 elemk\u00e9nt is funkcion\u00e1l\u00f3 r\u00e9sze az <strong>\u00fcltet\u0151k\u00e1rtya<\/strong>.<\/p>\n<p>V\u00e1laszthatsz klasszikus, h\u00e1ztet\u0151 form\u00e1j\u00fa \u00fcltet\u0151k\u00e1rty\u00e1t, poh\u00e1rra helyezhet\u0151 vagy egylapos \u00fcltet\u0151k\u00e1rty\u00e1t. Az egylapos k\u00e1rty\u00e1hoz viszont \u00fcltet\u0151k\u00e1rtyatart\u00f3 is sz\u00fcks\u00e9ges. Erre t\u00f6k\u00e9letes \u00e9s eleg\u00e1ns megold\u00e1s a trendi rose gold sz\u00edn\u0171, sz\u00edv alak\u00fa \u00fcltet\u0151k\u00e1rtyatart\u00f3. Ez az \u00fcltet\u0151k\u00e1rtyatart\u00f3 arany \u00e9s ez\u00fcst sz\u00ednben is el\u00e9rhet\u0151 webshopunkban.<\/p>\n<p>Az \u00fcltet\u0151k\u00e1rty\u00e1ra nyomtathatod vagy Te magad is \u00edrhatod a vend\u00e9gek nev\u00e9t, ha olyan \u00fcltet\u00e9si form\u00e1t v\u00e1lasztasz, hogy a vend\u00e9gek \u00e1ltalatok meghat\u00e1rozott helyen foglaljanak helyet. Ha \u00fagy d\u00f6ntesz, hogy a vend\u00e9gek nev\u00e9t saj\u00e1t kez\u0171leg \u00edrod a k\u00e1rty\u00e1kra, akkor aj\u00e1nlok egy kis <a href=\"https:\/\/anapfenyillata.hu\/2018\/02\/14\/10-ingyenes-kalligrafikus-betutipus\/\">kalligr\u00e1fia<\/a> gyakorlatot az \u00edr\u00e1s el\u0151tt. A kalligr\u00e1fia, felirat, sz\u00edn\u00e9t b\u00e1tran igaz\u00edtsd az esk\u00fcv\u0151i dekor\u00e1ci\u00f3 sz\u00edn\u00e9hez. Lehet ak\u00e1r arany, rosegold, narancss\u00e1rga, k\u00e9k, z\u00f6ld&#8230;<\/p>\n<p>Aj\u00e1nlatos a vend\u00e9gek keresztnev\u00e9t vagy becenev\u00e9t \u00edrni a k\u00e1rty\u00e1ra, mert a teljes nevek sokszor t\u00fal hossz\u00faak lenn\u00e9nek. Hasznos a vend\u00e9gekr\u0151l egy ABC rendes list\u00e1t k\u00e9sz\u00edteni, ahol a vend\u00e9gek neve mell\u00e9 oda\u00edrod, hogy h\u00e1nyas vagy milyen elnevez\u00e9s\u0171 asztal\u00e1n\u00e1l \u00fclnek. \u00cdgy az esk\u00fcv\u0151 napj\u00e1n a seg\u00edt\u0151d vagy az esk\u00fcv\u0151szervez\u0151 k\u00f6nnyebben tud seg\u00edteni a vend\u00e9geknek, hogy megtal\u00e1lj\u00e1k a hely\u00fcket.<\/p>\n<p>Ha k\u00edv\u00e1ncsi vagy a k\u00fcl\u00f6nb\u00f6z\u0151 esk\u00fcv\u0151i st\u00edlusokra \u00e9s a hozz\u00e1juk illeszked\u0151 kieg\u00e9sz\u00edt\u0151kre, akkor l\u00e1togass el <a href=\"https:\/\/baraevent.hu\/en\/blog\/\">esk\u00fcv\u0151 blogunkra<\/a>. Sz\u00ednes le\u00edr\u00e1sokat tal\u00e1lhatsz az art deco, <a href=\"https:\/\/baraevent.hu\/en\/vintage-eskuvo\/\">vintage<\/a>, greenery, rusztikus \u00e9s a boh\u00e9m esk\u00fcv\u0151i st\u00edlusokr\u00f3l.<\/p>\n<p>Esk\u00fcv\u0151d b\u00e1rmelyik pontj\u00e1n bekapcsolhatsz szak\u00e9rt\u0151k seg\u00edts\u00e9get! B\u00e1tran fordulj hozz\u00e1m<\/p>","protected":false},"excerpt":{"rendered":"<p>M\u00e9ret: 2,5 cm<br \/>\nSz\u00edn: rosegold<br \/>\nKiszerel\u00e9s: 10 db\/csomag<br \/>\nAnyag: f\u00e9m<br \/>\n<strong>Term\u00e9k\u00e1llapot: megrendel\u00e9sre 1 h\u00e9t<\/strong><\/p>","protected":false},"featured_media":2223,"template":"","meta":{"inline_featured_image":false,"_ppp_document_settings_meta":""},"product_brand":[],"product_cat":[162],"product_tag":[],"class_list":{"0":"post-2226","1":"product","2":"type-product","3":"status-publish","4":"has-post-thumbnail","6":"product_cat-ultetokartyatarto","8":"first","9":"onbackorder","10":"shipping-taxable","11":"purchasable","12":"product-type-simple"},"yoast_head":"<!-- This site is optimized with the Yoast SEO plugin v27.4 - https:\/\/yoast.com\/product\/yoast-seo-wordpress\/ -->\n<title>\u00dcltet\u0151k\u00e1rtyatart\u00f3 - rosegold sz\u00edv alak\u00fa - Bara Wedding<\/title>\n<meta name=\"description\" content=\"Sz\u00edvalak\u00fa \u00fcltet\u0151k\u00e1rtyatart\u00f3 eleg\u00e1ns rose gold, ez\u00fcst \u00e9s arany sz\u00ednben egyoldalas esk\u00fcv\u0151i \u00fcltet\u0151k\u00e1rty\u00e1khoz haszn\u00e1lhat\u00f3.\" \/>\n<meta name=\"robots\" content=\"index, follow, max-snippet:-1, max-image-preview:large, max-video-preview:-1\" \/>\n<link rel=\"canonical\" href=\"https:\/\/baraevent.hu\/en\/product\/ultetokartyatarto-rosegold\/\" \/>\n<meta property=\"og:locale\" content=\"en_GB\" \/>\n<meta property=\"og:type\" content=\"article\" \/>\n<meta property=\"og:title\" content=\"\u00dcltet\u0151k\u00e1rtyatart\u00f3 - rosegold sz\u00edv alak\u00fa - Bara Wedding\" \/>\n<meta property=\"og:description\" content=\"Sz\u00edvalak\u00fa \u00fcltet\u0151k\u00e1rtyatart\u00f3 eleg\u00e1ns rose gold, ez\u00fcst \u00e9s arany sz\u00ednben egyoldalas esk\u00fcv\u0151i \u00fcltet\u0151k\u00e1rty\u00e1khoz haszn\u00e1lhat\u00f3.\" \/>\n<meta property=\"og:url\" content=\"https:\/\/baraevent.hu\/en\/product\/ultetokartyatarto-rosegold\/\" \/>\n<meta property=\"og:site_name\" content=\"Bara Wedding\" \/>\n<meta property=\"article:publisher\" content=\"http:\/\/www.facebook.com\/baraeskuvo\/\" \/>\n<meta property=\"article:modified_time\" content=\"2025-03-16T18:29:37+00:00\" \/>\n<meta property=\"og:image\" content=\"https:\/\/baraevent.hu\/wp-content\/uploads\/2020\/12\/bara_403_20200601075720.jpg\" \/>\n\t<meta property=\"og:image:width\" content=\"600\" \/>\n\t<meta property=\"og:image:height\" content=\"450\" \/>\n\t<meta property=\"og:image:type\" content=\"image\/jpeg\" \/>\n<meta name=\"twitter:card\" content=\"summary_large_image\" \/>\n<meta name=\"twitter:label1\" content=\"Estimated reading time\" \/>\n\t<meta name=\"twitter:data1\" content=\"2 minutes\" \/>\n<script type=\"application\/ld+json\" class=\"yoast-schema-graph\">{\"@context\":\"https:\\\/\\\/schema.org\",\"@graph\":[{\"@type\":\"WebPage\",\"@id\":\"https:\\\/\\\/baraevent.hu\\\/termek\\\/ultetokartyatarto-rosegold\\\/\",\"url\":\"https:\\\/\\\/baraevent.hu\\\/termek\\\/ultetokartyatarto-rosegold\\\/\",\"name\":\"\u00dcltet\u0151k\u00e1rtyatart\u00f3 - rosegold sz\u00edv alak\u00fa - Bara Wedding\",\"isPartOf\":{\"@id\":\"https:\\\/\\\/baraevent.hu\\\/#website\"},\"primaryImageOfPage\":{\"@id\":\"https:\\\/\\\/baraevent.hu\\\/termek\\\/ultetokartyatarto-rosegold\\\/#primaryimage\"},\"image\":{\"@id\":\"https:\\\/\\\/baraevent.hu\\\/termek\\\/ultetokartyatarto-rosegold\\\/#primaryimage\"},\"thumbnailUrl\":\"https:\\\/\\\/baraevent.hu\\\/wp-content\\\/uploads\\\/2020\\\/12\\\/bara_403_20200601075720.jpg\",\"datePublished\":\"2020-12-15T18:29:53+00:00\",\"dateModified\":\"2025-03-16T18:29:37+00:00\",\"description\":\"Sz\u00edvalak\u00fa \u00fcltet\u0151k\u00e1rtyatart\u00f3 eleg\u00e1ns rose gold, ez\u00fcst \u00e9s arany sz\u00ednben egyoldalas esk\u00fcv\u0151i \u00fcltet\u0151k\u00e1rty\u00e1khoz haszn\u00e1lhat\u00f3.\",\"breadcrumb\":{\"@id\":\"https:\\\/\\\/baraevent.hu\\\/termek\\\/ultetokartyatarto-rosegold\\\/#breadcrumb\"},\"inLanguage\":\"en-GB\",\"potentialAction\":[{\"@type\":\"ReadAction\",\"target\":[\"https:\\\/\\\/baraevent.hu\\\/termek\\\/ultetokartyatarto-rosegold\\\/\"]}]},{\"@type\":\"ImageObject\",\"inLanguage\":\"en-GB\",\"@id\":\"https:\\\/\\\/baraevent.hu\\\/termek\\\/ultetokartyatarto-rosegold\\\/#primaryimage\",\"url\":\"https:\\\/\\\/baraevent.hu\\\/wp-content\\\/uploads\\\/2020\\\/12\\\/bara_403_20200601075720.jpg\",\"contentUrl\":\"https:\\\/\\\/baraevent.hu\\\/wp-content\\\/uploads\\\/2020\\\/12\\\/bara_403_20200601075720.jpg\",\"width\":600,\"height\":450,\"caption\":\"sz\u00edv alak\u00fa \u00fcltet\u0151k\u00e1rtyatart\u00f3\"},{\"@type\":\"BreadcrumbList\",\"@id\":\"https:\\\/\\\/baraevent.hu\\\/termek\\\/ultetokartyatarto-rosegold\\\/#breadcrumb\",\"itemListElement\":[{\"@type\":\"ListItem\",\"position\":1,\"name\":\"Home\",\"item\":\"https:\\\/\\\/baraevent.hu\\\/\"},{\"@type\":\"ListItem\",\"position\":2,\"name\":\"\u00dczlet\",\"item\":\"https:\\\/\\\/baraevent.hu\\\/uzlet\\\/\"},{\"@type\":\"ListItem\",\"position\":3,\"name\":\"\u00dcltet\u0151k\u00e1rtyatart\u00f3 &#8211; rosegold sz\u00edv\"}]},{\"@type\":\"WebSite\",\"@id\":\"https:\\\/\\\/baraevent.hu\\\/#website\",\"url\":\"https:\\\/\\\/baraevent.hu\\\/\",\"name\":\"www.baraevent.hu\",\"description\":\"\",\"publisher\":{\"@id\":\"https:\\\/\\\/baraevent.hu\\\/#organization\"},\"potentialAction\":[{\"@type\":\"SearchAction\",\"target\":{\"@type\":\"EntryPoint\",\"urlTemplate\":\"https:\\\/\\\/baraevent.hu\\\/?s={search_term_string}\"},\"query-input\":{\"@type\":\"PropertyValueSpecification\",\"valueRequired\":true,\"valueName\":\"search_term_string\"}}],\"inLanguage\":\"en-GB\"},{\"@type\":\"Organization\",\"@id\":\"https:\\\/\\\/baraevent.hu\\\/#organization\",\"name\":\"Bara Wedding\",\"url\":\"https:\\\/\\\/baraevent.hu\\\/\",\"logo\":{\"@type\":\"ImageObject\",\"inLanguage\":\"en-GB\",\"@id\":\"https:\\\/\\\/baraevent.hu\\\/#\\\/schema\\\/logo\\\/image\\\/\",\"url\":\"https:\\\/\\\/baraevent.hu\\\/wp-content\\\/uploads\\\/2019\\\/11\\\/logo-e1593417291257.png\",\"contentUrl\":\"https:\\\/\\\/baraevent.hu\\\/wp-content\\\/uploads\\\/2019\\\/11\\\/logo-e1593417291257.png\",\"width\":700,\"height\":276,\"caption\":\"Bara Wedding\"},\"image\":{\"@id\":\"https:\\\/\\\/baraevent.hu\\\/#\\\/schema\\\/logo\\\/image\\\/\"},\"sameAs\":[\"http:\\\/\\\/www.facebook.com\\\/baraeskuvo\\\/\",\"https:\\\/\\\/www.instagram.com\\\/weddingbara\"]}]}<\/script>\n<!-- \/ Yoast SEO plugin. -->","yoast_head_json":{"title":"\u00dcltet\u0151k\u00e1rtyatart\u00f3 - rosegold sz\u00edv alak\u00fa - Bara Wedding","description":"Sz\u00edvalak\u00fa \u00fcltet\u0151k\u00e1rtyatart\u00f3 eleg\u00e1ns rose gold, ez\u00fcst \u00e9s arany sz\u00ednben egyoldalas esk\u00fcv\u0151i \u00fcltet\u0151k\u00e1rty\u00e1khoz haszn\u00e1lhat\u00f3.","robots":{"index":"index","follow":"follow","max-snippet":"max-snippet:-1","max-image-preview":"max-image-preview:large","max-video-preview":"max-video-preview:-1"},"canonical":"https:\/\/baraevent.hu\/en\/product\/ultetokartyatarto-rosegold\/","og_locale":"en_GB","og_type":"article","og_title":"\u00dcltet\u0151k\u00e1rtyatart\u00f3 - rosegold sz\u00edv alak\u00fa - Bara Wedding","og_description":"Sz\u00edvalak\u00fa \u00fcltet\u0151k\u00e1rtyatart\u00f3 eleg\u00e1ns rose gold, ez\u00fcst \u00e9s arany sz\u00ednben egyoldalas esk\u00fcv\u0151i \u00fcltet\u0151k\u00e1rty\u00e1khoz haszn\u00e1lhat\u00f3.","og_url":"https:\/\/baraevent.hu\/en\/product\/ultetokartyatarto-rosegold\/","og_site_name":"Bara Wedding","article_publisher":"http:\/\/www.facebook.com\/baraeskuvo\/","article_modified_time":"2025-03-16T18:29:37+00:00","og_image":[{"width":600,"height":450,"url":"https:\/\/baraevent.hu\/wp-content\/uploads\/2020\/12\/bara_403_20200601075720.jpg","type":"image\/jpeg"}],"twitter_card":"summary_large_image","twitter_misc":{"Estimated reading time":"2 minutes"},"schema":{"@context":"https:\/\/schema.org","@graph":[{"@type":"WebPage","@id":"https:\/\/baraevent.hu\/termek\/ultetokartyatarto-rosegold\/","url":"https:\/\/baraevent.hu\/termek\/ultetokartyatarto-rosegold\/","name":"\u00dcltet\u0151k\u00e1rtyatart\u00f3 - rosegold sz\u00edv alak\u00fa - Bara Wedding","isPartOf":{"@id":"https:\/\/baraevent.hu\/#website"},"primaryImageOfPage":{"@id":"https:\/\/baraevent.hu\/termek\/ultetokartyatarto-rosegold\/#primaryimage"},"image":{"@id":"https:\/\/baraevent.hu\/termek\/ultetokartyatarto-rosegold\/#primaryimage"},"thumbnailUrl":"https:\/\/baraevent.hu\/wp-content\/uploads\/2020\/12\/bara_403_20200601075720.jpg","datePublished":"2020-12-15T18:29:53+00:00","dateModified":"2025-03-16T18:29:37+00:00","description":"Sz\u00edvalak\u00fa \u00fcltet\u0151k\u00e1rtyatart\u00f3 eleg\u00e1ns rose gold, ez\u00fcst \u00e9s arany sz\u00ednben egyoldalas esk\u00fcv\u0151i \u00fcltet\u0151k\u00e1rty\u00e1khoz haszn\u00e1lhat\u00f3.","breadcrumb":{"@id":"https:\/\/baraevent.hu\/termek\/ultetokartyatarto-rosegold\/#breadcrumb"},"inLanguage":"en-GB","potentialAction":[{"@type":"ReadAction","target":["https:\/\/baraevent.hu\/termek\/ultetokartyatarto-rosegold\/"]}]},{"@type":"ImageObject","inLanguage":"en-GB","@id":"https:\/\/baraevent.hu\/termek\/ultetokartyatarto-rosegold\/#primaryimage","url":"https:\/\/baraevent.hu\/wp-content\/uploads\/2020\/12\/bara_403_20200601075720.jpg","contentUrl":"https:\/\/baraevent.hu\/wp-content\/uploads\/2020\/12\/bara_403_20200601075720.jpg","width":600,"height":450,"caption":"sz\u00edv alak\u00fa \u00fcltet\u0151k\u00e1rtyatart\u00f3"},{"@type":"BreadcrumbList","@id":"https:\/\/baraevent.hu\/termek\/ultetokartyatarto-rosegold\/#breadcrumb","itemListElement":[{"@type":"ListItem","position":1,"name":"Home","item":"https:\/\/baraevent.hu\/"},{"@type":"ListItem","position":2,"name":"\u00dczlet","item":"https:\/\/baraevent.hu\/uzlet\/"},{"@type":"ListItem","position":3,"name":"\u00dcltet\u0151k\u00e1rtyatart\u00f3 &#8211; rosegold sz\u00edv"}]},{"@type":"WebSite","@id":"https:\/\/baraevent.hu\/#website","url":"https:\/\/baraevent.hu\/","name":"www.baraevent.hu","description":"","publisher":{"@id":"https:\/\/baraevent.hu\/#organization"},"potentialAction":[{"@type":"SearchAction","target":{"@type":"EntryPoint","urlTemplate":"https:\/\/baraevent.hu\/?s={search_term_string}"},"query-input":{"@type":"PropertyValueSpecification","valueRequired":true,"valueName":"search_term_string"}}],"inLanguage":"en-GB"},{"@type":"Organization","@id":"https:\/\/baraevent.hu\/#organization","name":"Bara Wedding","url":"https:\/\/baraevent.hu\/","logo":{"@type":"ImageObject","inLanguage":"en-GB","@id":"https:\/\/baraevent.hu\/#\/schema\/logo\/image\/","url":"https:\/\/baraevent.hu\/wp-content\/uploads\/2019\/11\/logo-e1593417291257.png","contentUrl":"https:\/\/baraevent.hu\/wp-content\/uploads\/2019\/11\/logo-e1593417291257.png","width":700,"height":276,"caption":"Bara Wedding"},"image":{"@id":"https:\/\/baraevent.hu\/#\/schema\/logo\/image\/"},"sameAs":["http:\/\/www.facebook.com\/baraeskuvo\/","https:\/\/www.instagram.com\/weddingbara"]}]}},"_links":{"self":[{"href":"https:\/\/baraevent.hu\/en\/wp-json\/wp\/v2\/product\/2226","targetHints":{"allow":["GET"]}}],"collection":[{"href":"https:\/\/baraevent.hu\/en\/wp-json\/wp\/v2\/product"}],"about":[{"href":"https:\/\/baraevent.hu\/en\/wp-json\/wp\/v2\/types\/product"}],"wp:featuredmedia":[{"embeddable":true,"href":"https:\/\/baraevent.hu\/en\/wp-json\/wp\/v2\/media\/2223"}],"wp:attachment":[{"href":"https:\/\/baraevent.hu\/en\/wp-json\/wp\/v2\/media?parent=2226"}],"wp:term":[{"taxonomy":"product_brand","embeddable":true,"href":"https:\/\/baraevent.hu\/en\/wp-json\/wp\/v2\/product_brand?post=2226"},{"taxonomy":"product_cat","embeddable":true,"href":"https:\/\/baraevent.hu\/en\/wp-json\/wp\/v2\/product_cat?post=2226"},{"taxonomy":"product_tag","embeddable":true,"href":"https:\/\/baraevent.hu\/en\/wp-json\/wp\/v2\/product_tag?post=2226"}],"curies":[{"name":"wp","href":"https:\/\/api.w.org\/{rel}","templated":true}]}}