{"id":3190,"date":"2021-07-27T12:41:12","date_gmt":"2021-07-27T10:41:12","guid":{"rendered":"https:\/\/baraevent.hu\/?post_type=product&#038;p=3190"},"modified":"2021-07-27T12:53:24","modified_gmt":"2021-07-27T10:53:24","slug":"dobozka-rusztikus","status":"publish","type":"product","link":"https:\/\/baraevent.hu\/en\/product\/dobozka-rusztikus\/","title":{"rendered":"Dobozka &#8211; rusztikus"},"content":{"rendered":"<p>Letisztult form\u00e1j\u00fa, egyszer\u0171 dobozka k\u00f6sz\u00f6netaj\u00e1nd\u00e9k csomagol\u00e1s\u00e1hoz, melybe b\u00e1rmilyen kis apr\u00f3s\u00e1got tehetsz.<br \/>\nA csomag 10 db dobozk\u00e1t \u00e9s 10 db feliratozhat\u00f3 c\u00e9dul\u00e1t tartalmaz.<br \/>\nA csomag kedvez\u0151 \u00e1r\u00e1t \u00fagy tudjuk biztos\u00edtani sz\u00e1motokra, hogy a dobozk\u00e1kat lapos csomagban kapod meg \u00e9s neked kell \u00f6sszehajtogatnod \u0151ket. De ne ijedj meg, mert az \u00f6ssze\u00e1ll\u00edt\u00e1suk nagyon egyszer\u0171.<\/p>\n<p>A beleval\u00f3 apr\u00f3s\u00e1gokr\u00f3l \u00f6tleteket tal\u00e1lhatsz a k\u00f6sz\u00f6netaj\u00e1nd\u00e9kok men\u00fcpontban.<\/p>\n<p><b>Tipp:<\/b> A nat\u00far sz\u00edn\u0171 dobozk\u00e1khoz sz\u00ednben \u00e9s st\u00edlusban harmoniz\u00e1l\u00f3 vend\u00e9gk\u00f6nyveket is tal\u00e1lsz!<\/p>\n<p><a href=\"https:\/\/baraevent.hu\/en\/product\/vendegkonyv-rusztikus\/\">https:\/\/baraevent.hu\/termek\/vendegkonyv-rusztikus\/<\/a><\/p>\n<p><b>Aj\u00e1nlott alkalmak:<\/b>\u00a0Esk\u00fcv\u0151re, sz\u00fclet\u00e9snapra, c\u00e9ges rendezv\u00e9nyekre k\u00f6sz\u00f6netaj\u00e1nd\u00e9kk\u00e9nt, eljegyz\u00e9sre<\/p>","protected":false},"excerpt":{"rendered":"<p>Feliratozhat\u00f3: igen<br \/>\nDobozm\u00e9ret:\u00a0 6 x 6 x 5,5cm<br \/>\nSz\u00edn: nat\u00far barna<br \/>\nKiszerel\u00e9s: 10db\/csomag<br \/>\nAnyag: pap\u00edr<\/p>\n<p>&nbsp;<\/p>","protected":false},"featured_media":3191,"template":"","meta":{"inline_featured_image":false,"_ppp_document_settings_meta":""},"product_brand":[],"product_cat":[145,166],"product_tag":[241,244,243,245,242],"class_list":{"0":"post-3190","1":"product","2":"type-product","3":"status-publish","4":"has-post-thumbnail","6":"product_cat-dobozka-koszonetajandekhoz","7":"product_cat-koszonetajandek","8":"product_tag-koszonetajandek-dobozka","9":"product_tag-papirdoboz","10":"product_tag-rusztikus-doboz","11":"product_tag-rusztikus-dobozka","12":"product_tag-vendegajandek-dobozka","14":"first","15":"instock","16":"shipping-taxable","17":"purchasable","18":"product-type-simple"},"yoast_head":"<!-- This site is optimized with the Yoast SEO plugin v27.4 - https:\/\/yoast.com\/product\/yoast-seo-wordpress\/ -->\n<title>K\u00f6sz\u00f6netaj\u00e1nd\u00e9k Dobozka - rusztikus - Bara Wedding<\/title>\n<meta name=\"description\" content=\"Rusztikus dobozka \u00edzl\u00e9ses d\u00edsz\u00edt\u0151 eleme lehet a rusztikus esk\u00fcv\u0151i asztalnak. A dobozk\u00e1khoz feliratozhat\u00f3 c\u00edmk\u00e9t is csomagolunk.\" \/>\n<meta name=\"robots\" content=\"index, follow, max-snippet:-1, max-image-preview:large, max-video-preview:-1\" \/>\n<link rel=\"canonical\" href=\"https:\/\/baraevent.hu\/en\/product\/dobozka-rusztikus\/\" \/>\n<meta property=\"og:locale\" content=\"en_GB\" \/>\n<meta property=\"og:type\" content=\"article\" \/>\n<meta property=\"og:title\" content=\"K\u00f6sz\u00f6netaj\u00e1nd\u00e9k Dobozka - rusztikus - Bara Wedding\" \/>\n<meta property=\"og:description\" content=\"Rusztikus dobozka \u00edzl\u00e9ses d\u00edsz\u00edt\u0151 eleme lehet a rusztikus esk\u00fcv\u0151i asztalnak. A dobozk\u00e1khoz feliratozhat\u00f3 c\u00edmk\u00e9t is csomagolunk.\" \/>\n<meta property=\"og:url\" content=\"https:\/\/baraevent.hu\/en\/product\/dobozka-rusztikus\/\" \/>\n<meta property=\"og:site_name\" content=\"Bara Wedding\" \/>\n<meta property=\"article:publisher\" content=\"http:\/\/www.facebook.com\/baraeskuvo\/\" \/>\n<meta property=\"article:modified_time\" content=\"2021-07-27T10:53:24+00:00\" \/>\n<meta property=\"og:image\" content=\"https:\/\/baraevent.hu\/wp-content\/uploads\/2021\/07\/dobozka_vintage2.jpg\" \/>\n\t<meta property=\"og:image:width\" content=\"800\" \/>\n\t<meta property=\"og:image:height\" content=\"600\" \/>\n\t<meta property=\"og:image:type\" content=\"image\/jpeg\" \/>\n<meta name=\"twitter:card\" content=\"summary_large_image\" \/>\n<meta name=\"twitter:label1\" content=\"Estimated reading time\" \/>\n\t<meta name=\"twitter:data1\" content=\"1 minute\" \/>\n<script type=\"application\/ld+json\" class=\"yoast-schema-graph\">{\"@context\":\"https:\\\/\\\/schema.org\",\"@graph\":[{\"@type\":\"WebPage\",\"@id\":\"https:\\\/\\\/baraevent.hu\\\/termek\\\/dobozka-rusztikus\\\/\",\"url\":\"https:\\\/\\\/baraevent.hu\\\/termek\\\/dobozka-rusztikus\\\/\",\"name\":\"K\u00f6sz\u00f6netaj\u00e1nd\u00e9k Dobozka - rusztikus - Bara Wedding\",\"isPartOf\":{\"@id\":\"https:\\\/\\\/baraevent.hu\\\/#website\"},\"primaryImageOfPage\":{\"@id\":\"https:\\\/\\\/baraevent.hu\\\/termek\\\/dobozka-rusztikus\\\/#primaryimage\"},\"image\":{\"@id\":\"https:\\\/\\\/baraevent.hu\\\/termek\\\/dobozka-rusztikus\\\/#primaryimage\"},\"thumbnailUrl\":\"https:\\\/\\\/baraevent.hu\\\/wp-content\\\/uploads\\\/2021\\\/07\\\/dobozka_vintage2.jpg\",\"datePublished\":\"2021-07-27T10:41:12+00:00\",\"dateModified\":\"2021-07-27T10:53:24+00:00\",\"description\":\"Rusztikus dobozka \u00edzl\u00e9ses d\u00edsz\u00edt\u0151 eleme lehet a rusztikus esk\u00fcv\u0151i asztalnak. A dobozk\u00e1khoz feliratozhat\u00f3 c\u00edmk\u00e9t is csomagolunk.\",\"breadcrumb\":{\"@id\":\"https:\\\/\\\/baraevent.hu\\\/termek\\\/dobozka-rusztikus\\\/#breadcrumb\"},\"inLanguage\":\"en-GB\",\"potentialAction\":[{\"@type\":\"ReadAction\",\"target\":[\"https:\\\/\\\/baraevent.hu\\\/termek\\\/dobozka-rusztikus\\\/\"]}]},{\"@type\":\"ImageObject\",\"inLanguage\":\"en-GB\",\"@id\":\"https:\\\/\\\/baraevent.hu\\\/termek\\\/dobozka-rusztikus\\\/#primaryimage\",\"url\":\"https:\\\/\\\/baraevent.hu\\\/wp-content\\\/uploads\\\/2021\\\/07\\\/dobozka_vintage2.jpg\",\"contentUrl\":\"https:\\\/\\\/baraevent.hu\\\/wp-content\\\/uploads\\\/2021\\\/07\\\/dobozka_vintage2.jpg\",\"width\":800,\"height\":600},{\"@type\":\"BreadcrumbList\",\"@id\":\"https:\\\/\\\/baraevent.hu\\\/termek\\\/dobozka-rusztikus\\\/#breadcrumb\",\"itemListElement\":[{\"@type\":\"ListItem\",\"position\":1,\"name\":\"Home\",\"item\":\"https:\\\/\\\/baraevent.hu\\\/\"},{\"@type\":\"ListItem\",\"position\":2,\"name\":\"\u00dczlet\",\"item\":\"https:\\\/\\\/baraevent.hu\\\/uzlet\\\/\"},{\"@type\":\"ListItem\",\"position\":3,\"name\":\"Dobozka &#8211; rusztikus\"}]},{\"@type\":\"WebSite\",\"@id\":\"https:\\\/\\\/baraevent.hu\\\/#website\",\"url\":\"https:\\\/\\\/baraevent.hu\\\/\",\"name\":\"www.baraevent.hu\",\"description\":\"\",\"publisher\":{\"@id\":\"https:\\\/\\\/baraevent.hu\\\/#organization\"},\"potentialAction\":[{\"@type\":\"SearchAction\",\"target\":{\"@type\":\"EntryPoint\",\"urlTemplate\":\"https:\\\/\\\/baraevent.hu\\\/?s={search_term_string}\"},\"query-input\":{\"@type\":\"PropertyValueSpecification\",\"valueRequired\":true,\"valueName\":\"search_term_string\"}}],\"inLanguage\":\"en-GB\"},{\"@type\":\"Organization\",\"@id\":\"https:\\\/\\\/baraevent.hu\\\/#organization\",\"name\":\"Bara Wedding\",\"url\":\"https:\\\/\\\/baraevent.hu\\\/\",\"logo\":{\"@type\":\"ImageObject\",\"inLanguage\":\"en-GB\",\"@id\":\"https:\\\/\\\/baraevent.hu\\\/#\\\/schema\\\/logo\\\/image\\\/\",\"url\":\"https:\\\/\\\/baraevent.hu\\\/wp-content\\\/uploads\\\/2019\\\/11\\\/logo-e1593417291257.png\",\"contentUrl\":\"https:\\\/\\\/baraevent.hu\\\/wp-content\\\/uploads\\\/2019\\\/11\\\/logo-e1593417291257.png\",\"width\":700,\"height\":276,\"caption\":\"Bara Wedding\"},\"image\":{\"@id\":\"https:\\\/\\\/baraevent.hu\\\/#\\\/schema\\\/logo\\\/image\\\/\"},\"sameAs\":[\"http:\\\/\\\/www.facebook.com\\\/baraeskuvo\\\/\",\"https:\\\/\\\/www.instagram.com\\\/weddingbara\"]}]}<\/script>\n<!-- \/ Yoast SEO plugin. -->","yoast_head_json":{"title":"K\u00f6sz\u00f6netaj\u00e1nd\u00e9k Dobozka - rusztikus - Bara Wedding","description":"Rusztikus dobozka \u00edzl\u00e9ses d\u00edsz\u00edt\u0151 eleme lehet a rusztikus esk\u00fcv\u0151i asztalnak. A dobozk\u00e1khoz feliratozhat\u00f3 c\u00edmk\u00e9t is csomagolunk.","robots":{"index":"index","follow":"follow","max-snippet":"max-snippet:-1","max-image-preview":"max-image-preview:large","max-video-preview":"max-video-preview:-1"},"canonical":"https:\/\/baraevent.hu\/en\/product\/dobozka-rusztikus\/","og_locale":"en_GB","og_type":"article","og_title":"K\u00f6sz\u00f6netaj\u00e1nd\u00e9k Dobozka - rusztikus - Bara Wedding","og_description":"Rusztikus dobozka \u00edzl\u00e9ses d\u00edsz\u00edt\u0151 eleme lehet a rusztikus esk\u00fcv\u0151i asztalnak. A dobozk\u00e1khoz feliratozhat\u00f3 c\u00edmk\u00e9t is csomagolunk.","og_url":"https:\/\/baraevent.hu\/en\/product\/dobozka-rusztikus\/","og_site_name":"Bara Wedding","article_publisher":"http:\/\/www.facebook.com\/baraeskuvo\/","article_modified_time":"2021-07-27T10:53:24+00:00","og_image":[{"width":800,"height":600,"url":"https:\/\/baraevent.hu\/wp-content\/uploads\/2021\/07\/dobozka_vintage2.jpg","type":"image\/jpeg"}],"twitter_card":"summary_large_image","twitter_misc":{"Estimated reading time":"1 minute"},"schema":{"@context":"https:\/\/schema.org","@graph":[{"@type":"WebPage","@id":"https:\/\/baraevent.hu\/termek\/dobozka-rusztikus\/","url":"https:\/\/baraevent.hu\/termek\/dobozka-rusztikus\/","name":"K\u00f6sz\u00f6netaj\u00e1nd\u00e9k Dobozka - rusztikus - Bara Wedding","isPartOf":{"@id":"https:\/\/baraevent.hu\/#website"},"primaryImageOfPage":{"@id":"https:\/\/baraevent.hu\/termek\/dobozka-rusztikus\/#primaryimage"},"image":{"@id":"https:\/\/baraevent.hu\/termek\/dobozka-rusztikus\/#primaryimage"},"thumbnailUrl":"https:\/\/baraevent.hu\/wp-content\/uploads\/2021\/07\/dobozka_vintage2.jpg","datePublished":"2021-07-27T10:41:12+00:00","dateModified":"2021-07-27T10:53:24+00:00","description":"Rusztikus dobozka \u00edzl\u00e9ses d\u00edsz\u00edt\u0151 eleme lehet a rusztikus esk\u00fcv\u0151i asztalnak. A dobozk\u00e1khoz feliratozhat\u00f3 c\u00edmk\u00e9t is csomagolunk.","breadcrumb":{"@id":"https:\/\/baraevent.hu\/termek\/dobozka-rusztikus\/#breadcrumb"},"inLanguage":"en-GB","potentialAction":[{"@type":"ReadAction","target":["https:\/\/baraevent.hu\/termek\/dobozka-rusztikus\/"]}]},{"@type":"ImageObject","inLanguage":"en-GB","@id":"https:\/\/baraevent.hu\/termek\/dobozka-rusztikus\/#primaryimage","url":"https:\/\/baraevent.hu\/wp-content\/uploads\/2021\/07\/dobozka_vintage2.jpg","contentUrl":"https:\/\/baraevent.hu\/wp-content\/uploads\/2021\/07\/dobozka_vintage2.jpg","width":800,"height":600},{"@type":"BreadcrumbList","@id":"https:\/\/baraevent.hu\/termek\/dobozka-rusztikus\/#breadcrumb","itemListElement":[{"@type":"ListItem","position":1,"name":"Home","item":"https:\/\/baraevent.hu\/"},{"@type":"ListItem","position":2,"name":"\u00dczlet","item":"https:\/\/baraevent.hu\/uzlet\/"},{"@type":"ListItem","position":3,"name":"Dobozka &#8211; rusztikus"}]},{"@type":"WebSite","@id":"https:\/\/baraevent.hu\/#website","url":"https:\/\/baraevent.hu\/","name":"www.baraevent.hu","description":"","publisher":{"@id":"https:\/\/baraevent.hu\/#organization"},"potentialAction":[{"@type":"SearchAction","target":{"@type":"EntryPoint","urlTemplate":"https:\/\/baraevent.hu\/?s={search_term_string}"},"query-input":{"@type":"PropertyValueSpecification","valueRequired":true,"valueName":"search_term_string"}}],"inLanguage":"en-GB"},{"@type":"Organization","@id":"https:\/\/baraevent.hu\/#organization","name":"Bara Wedding","url":"https:\/\/baraevent.hu\/","logo":{"@type":"ImageObject","inLanguage":"en-GB","@id":"https:\/\/baraevent.hu\/#\/schema\/logo\/image\/","url":"https:\/\/baraevent.hu\/wp-content\/uploads\/2019\/11\/logo-e1593417291257.png","contentUrl":"https:\/\/baraevent.hu\/wp-content\/uploads\/2019\/11\/logo-e1593417291257.png","width":700,"height":276,"caption":"Bara Wedding"},"image":{"@id":"https:\/\/baraevent.hu\/#\/schema\/logo\/image\/"},"sameAs":["http:\/\/www.facebook.com\/baraeskuvo\/","https:\/\/www.instagram.com\/weddingbara"]}]}},"_links":{"self":[{"href":"https:\/\/baraevent.hu\/en\/wp-json\/wp\/v2\/product\/3190","targetHints":{"allow":["GET"]}}],"collection":[{"href":"https:\/\/baraevent.hu\/en\/wp-json\/wp\/v2\/product"}],"about":[{"href":"https:\/\/baraevent.hu\/en\/wp-json\/wp\/v2\/types\/product"}],"wp:featuredmedia":[{"embeddable":true,"href":"https:\/\/baraevent.hu\/en\/wp-json\/wp\/v2\/media\/3191"}],"wp:attachment":[{"href":"https:\/\/baraevent.hu\/en\/wp-json\/wp\/v2\/media?parent=3190"}],"wp:term":[{"taxonomy":"product_brand","embeddable":true,"href":"https:\/\/baraevent.hu\/en\/wp-json\/wp\/v2\/product_brand?post=3190"},{"taxonomy":"product_cat","embeddable":true,"href":"https:\/\/baraevent.hu\/en\/wp-json\/wp\/v2\/product_cat?post=3190"},{"taxonomy":"product_tag","embeddable":true,"href":"https:\/\/baraevent.hu\/en\/wp-json\/wp\/v2\/product_tag?post=3190"}],"curies":[{"name":"wp","href":"https:\/\/api.w.org\/{rel}","templated":true}]}}