{"id":3785,"date":"2022-06-15T15:58:12","date_gmt":"2022-06-15T13:58:12","guid":{"rendered":"https:\/\/baraevent.hu\/?post_type=product&#038;p=3785"},"modified":"2025-02-18T17:41:49","modified_gmt":"2025-02-18T16:41:49","slug":"karikagyuru-doboz-fabol","status":"publish","type":"product","link":"https:\/\/baraevent.hu\/en\/product\/karikagyuru-doboz-fabol\/","title":{"rendered":"Karikagy\u0171r\u0171 doboz &#8211; f\u00e1b\u00f3l"},"content":{"rendered":"<p>Karikagy\u0171r\u0171 doboz<\/p>\n<p>Rusztikus st\u00edlus\u00fa, term\u00e9szetes esk\u00fcv\u0151i szertart\u00e1shoz igaz\u00e1n j\u00f3l illik a f\u00e1b\u00f3l k\u00e9sz\u00fclt gy\u0171r\u0171tart\u00f3. A f\u00e1b\u00f3l k\u00e9sz\u00fclt dobozk\u00e1n feh\u00e9r felirat van: Mr &#8211; Mrs. A dobozka pontos m\u00e9rete: 10cm x 5,5 cm<\/p>\n<p><b>Aj\u00e1nlott alkalmak:<\/b>\u00a0polg\u00e1ri \u00e9s templomi szertart\u00e1s<\/p>\n<p><b>Tipp:<\/b> Ha rusztikus, term\u00e9szetk\u00f6zeli esk\u00fcv\u0151t szervezel, akkor n\u00e9zz de a t\u00f6bbi rusztikus st\u00edlus\u00fa term\u00e9keket is. Tal\u00e1lsz k\u00f6sz\u00f6netaj\u00e1nd\u00e9k dobozk\u00e1kat, vend\u00e9gk\u00f6nyveket. N\u00e9zz k\u00f6rbe b\u00e1tran!<\/p>\n<p><a href=\"https:\/\/baraevent.hu\/en\/product\/dobozka-rusztikus\/\">https:\/\/baraevent.hu\/termek\/dobozka-rusztikus\/<\/a><\/p>\n<p>Karikagy\u0171r\u0171ket m\u00e1r saj\u00e1tkez\u0171leg is k\u00e9sz\u00edthettek, \u00edgy igaz\u00e1n egyediv\u00e9 tehetitek az \u00f6sszetartoz\u00e1stok szimb\u00f3lum\u00e1t.<\/p>\n<p><a href=\"https:\/\/ekszergyar.hu\/szolgaltatasaink\/handinhand\/\">https:\/\/ekszergyar.hu\/szolgaltatasaink\/handinhand\/<\/a><\/p>","protected":false},"excerpt":{"rendered":"<p>M\u00e9ret: 10 x 5,5 cm<br \/>\nSz\u00edn: barna<br \/>\nAnyag: fa<br \/>\nKiszerel\u00e9s: db<\/p>","protected":false},"featured_media":3786,"template":"","meta":{"inline_featured_image":false,"_ppp_document_settings_meta":""},"product_brand":[],"product_cat":[128,129,165,123],"product_tag":[248,250,249,246,300,247],"class_list":{"0":"post-3785","1":"product","2":"type-product","3":"status-publish","4":"has-post-thumbnail","6":"product_cat-gyuruparna","7":"product_cat-gyurutarto","8":"product_cat-oko-eskuvoi-kellekek","9":"product_cat-vintage-dekoracio","10":"product_tag-eskuvoi-gyuru","11":"product_tag-eskuvoi-szertartas","12":"product_tag-gyuruparna","13":"product_tag-gyurutarto","14":"product_tag-gyurutarto-doboz","15":"product_tag-karikagyuru","17":"first","18":"instock","19":"shipping-taxable","20":"purchasable","21":"product-type-simple"},"yoast_head":"<!-- This site is optimized with the Yoast SEO plugin v27.4 - https:\/\/yoast.com\/product\/yoast-seo-wordpress\/ -->\n<title>Rusztikus esk\u00fcv\u0151i Karikagy\u0171r\u0171 doboz - f\u00e1b\u00f3l - Bara Wedding webshop<\/title>\n<meta name=\"description\" content=\"A rusztikus, f\u00e1b\u00f3l k\u00e9sz\u00fclt gy\u0171r\u0171tart\u00f3 k\u00fcl\u00f6nleges szertart\u00e1si kell\u00e9k, amiben a karikagy\u0171r\u0171ket vihetitek az esk\u00fcv\u0151i olt\u00e1r el\u00e9.\" \/>\n<meta name=\"robots\" content=\"index, follow, max-snippet:-1, max-image-preview:large, max-video-preview:-1\" \/>\n<link rel=\"canonical\" href=\"https:\/\/baraevent.hu\/en\/product\/karikagyuru-doboz-fabol\/\" \/>\n<meta property=\"og:locale\" content=\"en_GB\" \/>\n<meta property=\"og:type\" content=\"article\" \/>\n<meta property=\"og:title\" content=\"Rusztikus esk\u00fcv\u0151i Karikagy\u0171r\u0171 doboz - f\u00e1b\u00f3l - Bara Wedding webshop\" \/>\n<meta property=\"og:description\" content=\"A rusztikus, f\u00e1b\u00f3l k\u00e9sz\u00fclt gy\u0171r\u0171tart\u00f3 k\u00fcl\u00f6nleges szertart\u00e1si kell\u00e9k, amiben a karikagy\u0171r\u0171ket vihetitek az esk\u00fcv\u0151i olt\u00e1r el\u00e9.\" \/>\n<meta property=\"og:url\" content=\"https:\/\/baraevent.hu\/en\/product\/karikagyuru-doboz-fabol\/\" \/>\n<meta property=\"og:site_name\" content=\"Bara Wedding\" \/>\n<meta property=\"article:publisher\" content=\"http:\/\/www.facebook.com\/baraeskuvo\/\" \/>\n<meta property=\"article:modified_time\" content=\"2025-02-18T16:41:49+00:00\" \/>\n<meta property=\"og:image\" content=\"https:\/\/baraevent.hu\/wp-content\/uploads\/2022\/06\/fa_gyurudoboz.jpg\" \/>\n\t<meta property=\"og:image:width\" content=\"800\" \/>\n\t<meta property=\"og:image:height\" content=\"600\" \/>\n\t<meta property=\"og:image:type\" content=\"image\/jpeg\" \/>\n<meta name=\"twitter:card\" content=\"summary_large_image\" \/>\n<meta name=\"twitter:label1\" content=\"Estimated reading time\" \/>\n\t<meta name=\"twitter:data1\" content=\"1 minute\" \/>\n<script type=\"application\/ld+json\" class=\"yoast-schema-graph\">{\"@context\":\"https:\\\/\\\/schema.org\",\"@graph\":[{\"@type\":\"WebPage\",\"@id\":\"https:\\\/\\\/baraevent.hu\\\/termek\\\/karikagyuru-doboz-fabol\\\/\",\"url\":\"https:\\\/\\\/baraevent.hu\\\/termek\\\/karikagyuru-doboz-fabol\\\/\",\"name\":\"Rusztikus esk\u00fcv\u0151i Karikagy\u0171r\u0171 doboz - f\u00e1b\u00f3l - Bara Wedding webshop\",\"isPartOf\":{\"@id\":\"https:\\\/\\\/baraevent.hu\\\/#website\"},\"primaryImageOfPage\":{\"@id\":\"https:\\\/\\\/baraevent.hu\\\/termek\\\/karikagyuru-doboz-fabol\\\/#primaryimage\"},\"image\":{\"@id\":\"https:\\\/\\\/baraevent.hu\\\/termek\\\/karikagyuru-doboz-fabol\\\/#primaryimage\"},\"thumbnailUrl\":\"https:\\\/\\\/baraevent.hu\\\/wp-content\\\/uploads\\\/2022\\\/06\\\/fa_gyurudoboz.jpg\",\"datePublished\":\"2022-06-15T13:58:12+00:00\",\"dateModified\":\"2025-02-18T16:41:49+00:00\",\"description\":\"A rusztikus, f\u00e1b\u00f3l k\u00e9sz\u00fclt gy\u0171r\u0171tart\u00f3 k\u00fcl\u00f6nleges szertart\u00e1si kell\u00e9k, amiben a karikagy\u0171r\u0171ket vihetitek az esk\u00fcv\u0151i olt\u00e1r el\u00e9.\",\"breadcrumb\":{\"@id\":\"https:\\\/\\\/baraevent.hu\\\/termek\\\/karikagyuru-doboz-fabol\\\/#breadcrumb\"},\"inLanguage\":\"en-GB\",\"potentialAction\":[{\"@type\":\"ReadAction\",\"target\":[\"https:\\\/\\\/baraevent.hu\\\/termek\\\/karikagyuru-doboz-fabol\\\/\"]}]},{\"@type\":\"ImageObject\",\"inLanguage\":\"en-GB\",\"@id\":\"https:\\\/\\\/baraevent.hu\\\/termek\\\/karikagyuru-doboz-fabol\\\/#primaryimage\",\"url\":\"https:\\\/\\\/baraevent.hu\\\/wp-content\\\/uploads\\\/2022\\\/06\\\/fa_gyurudoboz.jpg\",\"contentUrl\":\"https:\\\/\\\/baraevent.hu\\\/wp-content\\\/uploads\\\/2022\\\/06\\\/fa_gyurudoboz.jpg\",\"width\":800,\"height\":600,\"caption\":\"karikagy\u0171r\u0171 doboz\"},{\"@type\":\"BreadcrumbList\",\"@id\":\"https:\\\/\\\/baraevent.hu\\\/termek\\\/karikagyuru-doboz-fabol\\\/#breadcrumb\",\"itemListElement\":[{\"@type\":\"ListItem\",\"position\":1,\"name\":\"Home\",\"item\":\"https:\\\/\\\/baraevent.hu\\\/\"},{\"@type\":\"ListItem\",\"position\":2,\"name\":\"\u00dczlet\",\"item\":\"https:\\\/\\\/baraevent.hu\\\/uzlet\\\/\"},{\"@type\":\"ListItem\",\"position\":3,\"name\":\"Karikagy\u0171r\u0171 doboz &#8211; f\u00e1b\u00f3l\"}]},{\"@type\":\"WebSite\",\"@id\":\"https:\\\/\\\/baraevent.hu\\\/#website\",\"url\":\"https:\\\/\\\/baraevent.hu\\\/\",\"name\":\"www.baraevent.hu\",\"description\":\"\",\"publisher\":{\"@id\":\"https:\\\/\\\/baraevent.hu\\\/#organization\"},\"potentialAction\":[{\"@type\":\"SearchAction\",\"target\":{\"@type\":\"EntryPoint\",\"urlTemplate\":\"https:\\\/\\\/baraevent.hu\\\/?s={search_term_string}\"},\"query-input\":{\"@type\":\"PropertyValueSpecification\",\"valueRequired\":true,\"valueName\":\"search_term_string\"}}],\"inLanguage\":\"en-GB\"},{\"@type\":\"Organization\",\"@id\":\"https:\\\/\\\/baraevent.hu\\\/#organization\",\"name\":\"Bara Wedding\",\"url\":\"https:\\\/\\\/baraevent.hu\\\/\",\"logo\":{\"@type\":\"ImageObject\",\"inLanguage\":\"en-GB\",\"@id\":\"https:\\\/\\\/baraevent.hu\\\/#\\\/schema\\\/logo\\\/image\\\/\",\"url\":\"https:\\\/\\\/baraevent.hu\\\/wp-content\\\/uploads\\\/2019\\\/11\\\/logo-e1593417291257.png\",\"contentUrl\":\"https:\\\/\\\/baraevent.hu\\\/wp-content\\\/uploads\\\/2019\\\/11\\\/logo-e1593417291257.png\",\"width\":700,\"height\":276,\"caption\":\"Bara Wedding\"},\"image\":{\"@id\":\"https:\\\/\\\/baraevent.hu\\\/#\\\/schema\\\/logo\\\/image\\\/\"},\"sameAs\":[\"http:\\\/\\\/www.facebook.com\\\/baraeskuvo\\\/\",\"https:\\\/\\\/www.instagram.com\\\/weddingbara\"]}]}<\/script>\n<!-- \/ Yoast SEO plugin. -->","yoast_head_json":{"title":"Rusztikus esk\u00fcv\u0151i Karikagy\u0171r\u0171 doboz - f\u00e1b\u00f3l - Bara Wedding webshop","description":"A rusztikus, f\u00e1b\u00f3l k\u00e9sz\u00fclt gy\u0171r\u0171tart\u00f3 k\u00fcl\u00f6nleges szertart\u00e1si kell\u00e9k, amiben a karikagy\u0171r\u0171ket vihetitek az esk\u00fcv\u0151i olt\u00e1r el\u00e9.","robots":{"index":"index","follow":"follow","max-snippet":"max-snippet:-1","max-image-preview":"max-image-preview:large","max-video-preview":"max-video-preview:-1"},"canonical":"https:\/\/baraevent.hu\/en\/product\/karikagyuru-doboz-fabol\/","og_locale":"en_GB","og_type":"article","og_title":"Rusztikus esk\u00fcv\u0151i Karikagy\u0171r\u0171 doboz - f\u00e1b\u00f3l - Bara Wedding webshop","og_description":"A rusztikus, f\u00e1b\u00f3l k\u00e9sz\u00fclt gy\u0171r\u0171tart\u00f3 k\u00fcl\u00f6nleges szertart\u00e1si kell\u00e9k, amiben a karikagy\u0171r\u0171ket vihetitek az esk\u00fcv\u0151i olt\u00e1r el\u00e9.","og_url":"https:\/\/baraevent.hu\/en\/product\/karikagyuru-doboz-fabol\/","og_site_name":"Bara Wedding","article_publisher":"http:\/\/www.facebook.com\/baraeskuvo\/","article_modified_time":"2025-02-18T16:41:49+00:00","og_image":[{"width":800,"height":600,"url":"https:\/\/baraevent.hu\/wp-content\/uploads\/2022\/06\/fa_gyurudoboz.jpg","type":"image\/jpeg"}],"twitter_card":"summary_large_image","twitter_misc":{"Estimated reading time":"1 minute"},"schema":{"@context":"https:\/\/schema.org","@graph":[{"@type":"WebPage","@id":"https:\/\/baraevent.hu\/termek\/karikagyuru-doboz-fabol\/","url":"https:\/\/baraevent.hu\/termek\/karikagyuru-doboz-fabol\/","name":"Rusztikus esk\u00fcv\u0151i Karikagy\u0171r\u0171 doboz - f\u00e1b\u00f3l - Bara Wedding webshop","isPartOf":{"@id":"https:\/\/baraevent.hu\/#website"},"primaryImageOfPage":{"@id":"https:\/\/baraevent.hu\/termek\/karikagyuru-doboz-fabol\/#primaryimage"},"image":{"@id":"https:\/\/baraevent.hu\/termek\/karikagyuru-doboz-fabol\/#primaryimage"},"thumbnailUrl":"https:\/\/baraevent.hu\/wp-content\/uploads\/2022\/06\/fa_gyurudoboz.jpg","datePublished":"2022-06-15T13:58:12+00:00","dateModified":"2025-02-18T16:41:49+00:00","description":"A rusztikus, f\u00e1b\u00f3l k\u00e9sz\u00fclt gy\u0171r\u0171tart\u00f3 k\u00fcl\u00f6nleges szertart\u00e1si kell\u00e9k, amiben a karikagy\u0171r\u0171ket vihetitek az esk\u00fcv\u0151i olt\u00e1r el\u00e9.","breadcrumb":{"@id":"https:\/\/baraevent.hu\/termek\/karikagyuru-doboz-fabol\/#breadcrumb"},"inLanguage":"en-GB","potentialAction":[{"@type":"ReadAction","target":["https:\/\/baraevent.hu\/termek\/karikagyuru-doboz-fabol\/"]}]},{"@type":"ImageObject","inLanguage":"en-GB","@id":"https:\/\/baraevent.hu\/termek\/karikagyuru-doboz-fabol\/#primaryimage","url":"https:\/\/baraevent.hu\/wp-content\/uploads\/2022\/06\/fa_gyurudoboz.jpg","contentUrl":"https:\/\/baraevent.hu\/wp-content\/uploads\/2022\/06\/fa_gyurudoboz.jpg","width":800,"height":600,"caption":"karikagy\u0171r\u0171 doboz"},{"@type":"BreadcrumbList","@id":"https:\/\/baraevent.hu\/termek\/karikagyuru-doboz-fabol\/#breadcrumb","itemListElement":[{"@type":"ListItem","position":1,"name":"Home","item":"https:\/\/baraevent.hu\/"},{"@type":"ListItem","position":2,"name":"\u00dczlet","item":"https:\/\/baraevent.hu\/uzlet\/"},{"@type":"ListItem","position":3,"name":"Karikagy\u0171r\u0171 doboz &#8211; f\u00e1b\u00f3l"}]},{"@type":"WebSite","@id":"https:\/\/baraevent.hu\/#website","url":"https:\/\/baraevent.hu\/","name":"www.baraevent.hu","description":"","publisher":{"@id":"https:\/\/baraevent.hu\/#organization"},"potentialAction":[{"@type":"SearchAction","target":{"@type":"EntryPoint","urlTemplate":"https:\/\/baraevent.hu\/?s={search_term_string}"},"query-input":{"@type":"PropertyValueSpecification","valueRequired":true,"valueName":"search_term_string"}}],"inLanguage":"en-GB"},{"@type":"Organization","@id":"https:\/\/baraevent.hu\/#organization","name":"Bara Wedding","url":"https:\/\/baraevent.hu\/","logo":{"@type":"ImageObject","inLanguage":"en-GB","@id":"https:\/\/baraevent.hu\/#\/schema\/logo\/image\/","url":"https:\/\/baraevent.hu\/wp-content\/uploads\/2019\/11\/logo-e1593417291257.png","contentUrl":"https:\/\/baraevent.hu\/wp-content\/uploads\/2019\/11\/logo-e1593417291257.png","width":700,"height":276,"caption":"Bara Wedding"},"image":{"@id":"https:\/\/baraevent.hu\/#\/schema\/logo\/image\/"},"sameAs":["http:\/\/www.facebook.com\/baraeskuvo\/","https:\/\/www.instagram.com\/weddingbara"]}]}},"_links":{"self":[{"href":"https:\/\/baraevent.hu\/en\/wp-json\/wp\/v2\/product\/3785","targetHints":{"allow":["GET"]}}],"collection":[{"href":"https:\/\/baraevent.hu\/en\/wp-json\/wp\/v2\/product"}],"about":[{"href":"https:\/\/baraevent.hu\/en\/wp-json\/wp\/v2\/types\/product"}],"wp:featuredmedia":[{"embeddable":true,"href":"https:\/\/baraevent.hu\/en\/wp-json\/wp\/v2\/media\/3786"}],"wp:attachment":[{"href":"https:\/\/baraevent.hu\/en\/wp-json\/wp\/v2\/media?parent=3785"}],"wp:term":[{"taxonomy":"product_brand","embeddable":true,"href":"https:\/\/baraevent.hu\/en\/wp-json\/wp\/v2\/product_brand?post=3785"},{"taxonomy":"product_cat","embeddable":true,"href":"https:\/\/baraevent.hu\/en\/wp-json\/wp\/v2\/product_cat?post=3785"},{"taxonomy":"product_tag","embeddable":true,"href":"https:\/\/baraevent.hu\/en\/wp-json\/wp\/v2\/product_tag?post=3785"}],"curies":[{"name":"wp","href":"https:\/\/api.w.org\/{rel}","templated":true}]}}