{"id":3881,"date":"2022-07-21T16:08:00","date_gmt":"2022-07-21T14:08:00","guid":{"rendered":"https:\/\/baraevent.hu\/?post_type=product&#038;p=3881"},"modified":"2025-02-18T17:58:40","modified_gmt":"2025-02-18T16:58:40","slug":"penzgyujto-doboz-haziko","status":"publish","type":"product","link":"https:\/\/baraevent.hu\/en\/product\/penzgyujto-doboz-haziko\/","title":{"rendered":"P\u00e9nzgy\u0171jt\u0151 doboz &#8211; h\u00e1zik\u00f3"},"content":{"rendered":"<p>P\u00e9nzgy\u0171jt\u0151 doboz &#8211; h\u00e1zik\u00f3<\/p>\n<p>H\u00e1zik\u00f3 alak\u00fa p\u00e9nzgy\u0171jt\u0151doboz <a href=\"https:\/\/hu.pinterest.com\/search\/pins\/?q=rustic%20wedding&amp;rs=typed&amp;term_meta[]=rustic%7Ctyped&amp;term_meta[]=wedding%7Ctyped\">rusztikus<\/a> st\u00edlusban. Az aj\u00e1nd\u00e9kasztalon elhelyezett p\u00e9nzgy\u0171jt\u0151 doboz praktikus seg\u00edts\u00e9g arra, hogy az esk\u00fcv\u0151n aj\u00e1nd\u00e9kba kapott bor\u00edt\u00e9kokat \u00f6sszegy\u0171jtve tudj\u00e1tok t\u00e1rolni megfelel\u0151 helyen.<\/p>\n<p>Az \u00e9jf\u00e9li menyasszonyt\u00e1nc p\u00e9nzgy\u0171jt\u0151jek\u00e9nt is funkcion\u00e1lhat.<\/p>\n<p>St\u00edlusban ill\u0151 term\u00e9kek: <a href=\"https:\/\/baraevent.hu\/en\/product\/vintage-vendegkonyv\/\">rusztikus vend\u00e9gk\u00f6nyv<\/a><\/p>\n<p>&nbsp;<\/p>","protected":false},"excerpt":{"rendered":"<p>M\u00e9ret: <span class=\"termekleiras\">30 x 30,5 x 16,5 cm<\/span><br \/>\nAnyag: pap\u00edr<br \/>\nSz\u00edn: barna<br \/>\nKiszerel\u00e9s: db<br \/>\nTerm\u00e9k\u00e1llapot: rakt\u00e1ron<\/p>","protected":false},"featured_media":3882,"template":"","meta":{"inline_featured_image":false,"_ppp_document_settings_meta":""},"product_brand":[],"product_cat":[152],"product_tag":[257,256,258,314,313,255],"class_list":{"0":"post-3881","1":"product","2":"type-product","3":"status-publish","4":"has-post-thumbnail","6":"product_cat-penzgyujto-doboz","7":"product_tag-eskuvoi-doboz","8":"product_tag-eskuvoi-penzes-doboz","9":"product_tag-eskuvoi-penzgyujtodoboz","10":"product_tag-just-married","11":"product_tag-naszajandekgyujto-doboz","12":"product_tag-penzgyujto-doboz","14":"first","15":"instock","16":"shipping-taxable","17":"purchasable","18":"product-type-simple"},"yoast_head":"<!-- This site is optimized with the Yoast SEO plugin v27.4 - https:\/\/yoast.com\/product\/yoast-seo-wordpress\/ -->\n<title>P\u00e9nzgy\u0171jt\u0151 doboz - h\u00e1zik\u00f3 - Bara Wedding<\/title>\n<meta name=\"description\" content=\"H\u00e1zik\u00f3 alak\u00fa p\u00e9nzgy\u0171jt\u0151doboz rusztikus st\u00edlusban, praktikus megold\u00e1s az esk\u00fcv\u0151i vend\u00e9gekt\u0151l kapott bor\u00edt\u00e9kok t\u00e1rol\u00e1s\u00e1ra.\" \/>\n<meta name=\"robots\" content=\"index, follow, max-snippet:-1, max-image-preview:large, max-video-preview:-1\" \/>\n<link rel=\"canonical\" href=\"https:\/\/baraevent.hu\/en\/product\/penzgyujto-doboz-haziko\/\" \/>\n<meta property=\"og:locale\" content=\"en_GB\" \/>\n<meta property=\"og:type\" content=\"article\" \/>\n<meta property=\"og:title\" content=\"P\u00e9nzgy\u0171jt\u0151 doboz - h\u00e1zik\u00f3 - Bara Wedding\" \/>\n<meta property=\"og:description\" content=\"H\u00e1zik\u00f3 alak\u00fa p\u00e9nzgy\u0171jt\u0151doboz rusztikus st\u00edlusban, praktikus megold\u00e1s az esk\u00fcv\u0151i vend\u00e9gekt\u0151l kapott bor\u00edt\u00e9kok t\u00e1rol\u00e1s\u00e1ra.\" \/>\n<meta property=\"og:url\" content=\"https:\/\/baraevent.hu\/en\/product\/penzgyujto-doboz-haziko\/\" \/>\n<meta property=\"og:site_name\" content=\"Bara Wedding\" \/>\n<meta property=\"article:publisher\" content=\"http:\/\/www.facebook.com\/baraeskuvo\/\" \/>\n<meta property=\"article:modified_time\" content=\"2025-02-18T16:58:40+00:00\" \/>\n<meta property=\"og:image\" content=\"https:\/\/baraevent.hu\/wp-content\/uploads\/2022\/07\/penz_doboz_haziko.jpg\" \/>\n\t<meta property=\"og:image:width\" content=\"600\" \/>\n\t<meta property=\"og:image:height\" content=\"450\" \/>\n\t<meta property=\"og:image:type\" content=\"image\/jpeg\" \/>\n<meta name=\"twitter:card\" content=\"summary_large_image\" \/>\n<meta name=\"twitter:label1\" content=\"Estimated reading time\" \/>\n\t<meta name=\"twitter:data1\" content=\"1 minute\" \/>\n<script type=\"application\/ld+json\" class=\"yoast-schema-graph\">{\"@context\":\"https:\\\/\\\/schema.org\",\"@graph\":[{\"@type\":\"WebPage\",\"@id\":\"https:\\\/\\\/baraevent.hu\\\/termek\\\/penzgyujto-doboz-haziko\\\/\",\"url\":\"https:\\\/\\\/baraevent.hu\\\/termek\\\/penzgyujto-doboz-haziko\\\/\",\"name\":\"P\u00e9nzgy\u0171jt\u0151 doboz - h\u00e1zik\u00f3 - Bara Wedding\",\"isPartOf\":{\"@id\":\"https:\\\/\\\/baraevent.hu\\\/#website\"},\"primaryImageOfPage\":{\"@id\":\"https:\\\/\\\/baraevent.hu\\\/termek\\\/penzgyujto-doboz-haziko\\\/#primaryimage\"},\"image\":{\"@id\":\"https:\\\/\\\/baraevent.hu\\\/termek\\\/penzgyujto-doboz-haziko\\\/#primaryimage\"},\"thumbnailUrl\":\"https:\\\/\\\/baraevent.hu\\\/wp-content\\\/uploads\\\/2022\\\/07\\\/penz_doboz_haziko.jpg\",\"datePublished\":\"2022-07-21T14:08:00+00:00\",\"dateModified\":\"2025-02-18T16:58:40+00:00\",\"description\":\"H\u00e1zik\u00f3 alak\u00fa p\u00e9nzgy\u0171jt\u0151doboz rusztikus st\u00edlusban, praktikus megold\u00e1s az esk\u00fcv\u0151i vend\u00e9gekt\u0151l kapott bor\u00edt\u00e9kok t\u00e1rol\u00e1s\u00e1ra.\",\"breadcrumb\":{\"@id\":\"https:\\\/\\\/baraevent.hu\\\/termek\\\/penzgyujto-doboz-haziko\\\/#breadcrumb\"},\"inLanguage\":\"en-GB\",\"potentialAction\":[{\"@type\":\"ReadAction\",\"target\":[\"https:\\\/\\\/baraevent.hu\\\/termek\\\/penzgyujto-doboz-haziko\\\/\"]}]},{\"@type\":\"ImageObject\",\"inLanguage\":\"en-GB\",\"@id\":\"https:\\\/\\\/baraevent.hu\\\/termek\\\/penzgyujto-doboz-haziko\\\/#primaryimage\",\"url\":\"https:\\\/\\\/baraevent.hu\\\/wp-content\\\/uploads\\\/2022\\\/07\\\/penz_doboz_haziko.jpg\",\"contentUrl\":\"https:\\\/\\\/baraevent.hu\\\/wp-content\\\/uploads\\\/2022\\\/07\\\/penz_doboz_haziko.jpg\",\"width\":600,\"height\":450,\"caption\":\"p\u00e9nzgy\u0171jt\u0151doboz\"},{\"@type\":\"BreadcrumbList\",\"@id\":\"https:\\\/\\\/baraevent.hu\\\/termek\\\/penzgyujto-doboz-haziko\\\/#breadcrumb\",\"itemListElement\":[{\"@type\":\"ListItem\",\"position\":1,\"name\":\"Home\",\"item\":\"https:\\\/\\\/baraevent.hu\\\/\"},{\"@type\":\"ListItem\",\"position\":2,\"name\":\"\u00dczlet\",\"item\":\"https:\\\/\\\/baraevent.hu\\\/uzlet\\\/\"},{\"@type\":\"ListItem\",\"position\":3,\"name\":\"P\u00e9nzgy\u0171jt\u0151 doboz &#8211; h\u00e1zik\u00f3\"}]},{\"@type\":\"WebSite\",\"@id\":\"https:\\\/\\\/baraevent.hu\\\/#website\",\"url\":\"https:\\\/\\\/baraevent.hu\\\/\",\"name\":\"www.baraevent.hu\",\"description\":\"\",\"publisher\":{\"@id\":\"https:\\\/\\\/baraevent.hu\\\/#organization\"},\"potentialAction\":[{\"@type\":\"SearchAction\",\"target\":{\"@type\":\"EntryPoint\",\"urlTemplate\":\"https:\\\/\\\/baraevent.hu\\\/?s={search_term_string}\"},\"query-input\":{\"@type\":\"PropertyValueSpecification\",\"valueRequired\":true,\"valueName\":\"search_term_string\"}}],\"inLanguage\":\"en-GB\"},{\"@type\":\"Organization\",\"@id\":\"https:\\\/\\\/baraevent.hu\\\/#organization\",\"name\":\"Bara Wedding\",\"url\":\"https:\\\/\\\/baraevent.hu\\\/\",\"logo\":{\"@type\":\"ImageObject\",\"inLanguage\":\"en-GB\",\"@id\":\"https:\\\/\\\/baraevent.hu\\\/#\\\/schema\\\/logo\\\/image\\\/\",\"url\":\"https:\\\/\\\/baraevent.hu\\\/wp-content\\\/uploads\\\/2019\\\/11\\\/logo-e1593417291257.png\",\"contentUrl\":\"https:\\\/\\\/baraevent.hu\\\/wp-content\\\/uploads\\\/2019\\\/11\\\/logo-e1593417291257.png\",\"width\":700,\"height\":276,\"caption\":\"Bara Wedding\"},\"image\":{\"@id\":\"https:\\\/\\\/baraevent.hu\\\/#\\\/schema\\\/logo\\\/image\\\/\"},\"sameAs\":[\"http:\\\/\\\/www.facebook.com\\\/baraeskuvo\\\/\",\"https:\\\/\\\/www.instagram.com\\\/weddingbara\"]}]}<\/script>\n<!-- \/ Yoast SEO plugin. -->","yoast_head_json":{"title":"P\u00e9nzgy\u0171jt\u0151 doboz - h\u00e1zik\u00f3 - Bara Wedding","description":"H\u00e1zik\u00f3 alak\u00fa p\u00e9nzgy\u0171jt\u0151doboz rusztikus st\u00edlusban, praktikus megold\u00e1s az esk\u00fcv\u0151i vend\u00e9gekt\u0151l kapott bor\u00edt\u00e9kok t\u00e1rol\u00e1s\u00e1ra.","robots":{"index":"index","follow":"follow","max-snippet":"max-snippet:-1","max-image-preview":"max-image-preview:large","max-video-preview":"max-video-preview:-1"},"canonical":"https:\/\/baraevent.hu\/en\/product\/penzgyujto-doboz-haziko\/","og_locale":"en_GB","og_type":"article","og_title":"P\u00e9nzgy\u0171jt\u0151 doboz - h\u00e1zik\u00f3 - Bara Wedding","og_description":"H\u00e1zik\u00f3 alak\u00fa p\u00e9nzgy\u0171jt\u0151doboz rusztikus st\u00edlusban, praktikus megold\u00e1s az esk\u00fcv\u0151i vend\u00e9gekt\u0151l kapott bor\u00edt\u00e9kok t\u00e1rol\u00e1s\u00e1ra.","og_url":"https:\/\/baraevent.hu\/en\/product\/penzgyujto-doboz-haziko\/","og_site_name":"Bara Wedding","article_publisher":"http:\/\/www.facebook.com\/baraeskuvo\/","article_modified_time":"2025-02-18T16:58:40+00:00","og_image":[{"width":600,"height":450,"url":"https:\/\/baraevent.hu\/wp-content\/uploads\/2022\/07\/penz_doboz_haziko.jpg","type":"image\/jpeg"}],"twitter_card":"summary_large_image","twitter_misc":{"Estimated reading time":"1 minute"},"schema":{"@context":"https:\/\/schema.org","@graph":[{"@type":"WebPage","@id":"https:\/\/baraevent.hu\/termek\/penzgyujto-doboz-haziko\/","url":"https:\/\/baraevent.hu\/termek\/penzgyujto-doboz-haziko\/","name":"P\u00e9nzgy\u0171jt\u0151 doboz - h\u00e1zik\u00f3 - Bara Wedding","isPartOf":{"@id":"https:\/\/baraevent.hu\/#website"},"primaryImageOfPage":{"@id":"https:\/\/baraevent.hu\/termek\/penzgyujto-doboz-haziko\/#primaryimage"},"image":{"@id":"https:\/\/baraevent.hu\/termek\/penzgyujto-doboz-haziko\/#primaryimage"},"thumbnailUrl":"https:\/\/baraevent.hu\/wp-content\/uploads\/2022\/07\/penz_doboz_haziko.jpg","datePublished":"2022-07-21T14:08:00+00:00","dateModified":"2025-02-18T16:58:40+00:00","description":"H\u00e1zik\u00f3 alak\u00fa p\u00e9nzgy\u0171jt\u0151doboz rusztikus st\u00edlusban, praktikus megold\u00e1s az esk\u00fcv\u0151i vend\u00e9gekt\u0151l kapott bor\u00edt\u00e9kok t\u00e1rol\u00e1s\u00e1ra.","breadcrumb":{"@id":"https:\/\/baraevent.hu\/termek\/penzgyujto-doboz-haziko\/#breadcrumb"},"inLanguage":"en-GB","potentialAction":[{"@type":"ReadAction","target":["https:\/\/baraevent.hu\/termek\/penzgyujto-doboz-haziko\/"]}]},{"@type":"ImageObject","inLanguage":"en-GB","@id":"https:\/\/baraevent.hu\/termek\/penzgyujto-doboz-haziko\/#primaryimage","url":"https:\/\/baraevent.hu\/wp-content\/uploads\/2022\/07\/penz_doboz_haziko.jpg","contentUrl":"https:\/\/baraevent.hu\/wp-content\/uploads\/2022\/07\/penz_doboz_haziko.jpg","width":600,"height":450,"caption":"p\u00e9nzgy\u0171jt\u0151doboz"},{"@type":"BreadcrumbList","@id":"https:\/\/baraevent.hu\/termek\/penzgyujto-doboz-haziko\/#breadcrumb","itemListElement":[{"@type":"ListItem","position":1,"name":"Home","item":"https:\/\/baraevent.hu\/"},{"@type":"ListItem","position":2,"name":"\u00dczlet","item":"https:\/\/baraevent.hu\/uzlet\/"},{"@type":"ListItem","position":3,"name":"P\u00e9nzgy\u0171jt\u0151 doboz &#8211; h\u00e1zik\u00f3"}]},{"@type":"WebSite","@id":"https:\/\/baraevent.hu\/#website","url":"https:\/\/baraevent.hu\/","name":"www.baraevent.hu","description":"","publisher":{"@id":"https:\/\/baraevent.hu\/#organization"},"potentialAction":[{"@type":"SearchAction","target":{"@type":"EntryPoint","urlTemplate":"https:\/\/baraevent.hu\/?s={search_term_string}"},"query-input":{"@type":"PropertyValueSpecification","valueRequired":true,"valueName":"search_term_string"}}],"inLanguage":"en-GB"},{"@type":"Organization","@id":"https:\/\/baraevent.hu\/#organization","name":"Bara Wedding","url":"https:\/\/baraevent.hu\/","logo":{"@type":"ImageObject","inLanguage":"en-GB","@id":"https:\/\/baraevent.hu\/#\/schema\/logo\/image\/","url":"https:\/\/baraevent.hu\/wp-content\/uploads\/2019\/11\/logo-e1593417291257.png","contentUrl":"https:\/\/baraevent.hu\/wp-content\/uploads\/2019\/11\/logo-e1593417291257.png","width":700,"height":276,"caption":"Bara Wedding"},"image":{"@id":"https:\/\/baraevent.hu\/#\/schema\/logo\/image\/"},"sameAs":["http:\/\/www.facebook.com\/baraeskuvo\/","https:\/\/www.instagram.com\/weddingbara"]}]}},"_links":{"self":[{"href":"https:\/\/baraevent.hu\/en\/wp-json\/wp\/v2\/product\/3881","targetHints":{"allow":["GET"]}}],"collection":[{"href":"https:\/\/baraevent.hu\/en\/wp-json\/wp\/v2\/product"}],"about":[{"href":"https:\/\/baraevent.hu\/en\/wp-json\/wp\/v2\/types\/product"}],"wp:featuredmedia":[{"embeddable":true,"href":"https:\/\/baraevent.hu\/en\/wp-json\/wp\/v2\/media\/3882"}],"wp:attachment":[{"href":"https:\/\/baraevent.hu\/en\/wp-json\/wp\/v2\/media?parent=3881"}],"wp:term":[{"taxonomy":"product_brand","embeddable":true,"href":"https:\/\/baraevent.hu\/en\/wp-json\/wp\/v2\/product_brand?post=3881"},{"taxonomy":"product_cat","embeddable":true,"href":"https:\/\/baraevent.hu\/en\/wp-json\/wp\/v2\/product_cat?post=3881"},{"taxonomy":"product_tag","embeddable":true,"href":"https:\/\/baraevent.hu\/en\/wp-json\/wp\/v2\/product_tag?post=3881"}],"curies":[{"name":"wp","href":"https:\/\/api.w.org\/{rel}","templated":true}]}}