{"id":3885,"date":"2022-07-22T15:01:28","date_gmt":"2022-07-22T13:01:28","guid":{"rendered":"https:\/\/baraevent.hu\/?post_type=product&#038;p=3885"},"modified":"2025-03-14T16:44:29","modified_gmt":"2025-03-14T15:44:29","slug":"buborekfujo-szives","status":"publish","type":"product","link":"https:\/\/baraevent.hu\/en\/product\/buborekfujo-szives\/","title":{"rendered":"Bubor\u00e9kf\u00faj\u00f3 &#8211; szives"},"content":{"rendered":"<p>BUBOR\u00c9KF\u00daJ\u00d3 szives<\/p>\n<p>Csal\u00e1di esem\u00e9nyek alkalm\u00e1val, legyen az esk\u00fcv\u0151 vagy sz\u00fclet\u00e9snap, sz\u00e9p f\u00e9nyk\u00e9peket k\u00e9sz\u00edthet\u00fcnk, ha az egybegy\u0171ltek sok-sok sz\u00ednes <a href=\"https:\/\/hu.pinterest.com\/search\/pins\/?q=bubbles%20wedding%20photo&amp;rs=typed&amp;term_meta[]=bubbles%7Ctyped&amp;term_meta[]=wedding%7Ctyped&amp;term_meta[]=photo%7Ctyped\">bubor\u00e9kot<\/a> f\u00fajnak az \u00fcnnepeltre vagy az ifj\u00fa p\u00e1rra.<\/p>\n<p><b>Tipp:<\/b> A bubor\u00e9kf\u00faj\u00f3 szives egy \u00f6tletes kis aj\u00e1nd\u00e9k is lehet az esk\u00fcv\u0151 vagy a sz\u00fclinapi parti legifjabb vend\u00e9geinek.<br \/>\nA k\u00fcl\u00f6n k\u00e9rhet\u0151 n\u00e9vk\u00e1rty\u00e1nak k\u00f6sz\u00f6nhet\u0151en nem csak aj\u00e1nd\u00e9k, de \u00fcltet\u0151k\u00e1rtya is lehet.<br \/>\nA n\u00e9vk\u00e1rty\u00e1n szerepl\u0151 felirat \u00e9s a szalag sz\u00edne v\u00e1laszthat\u00f3. Az \u00fcltet\u0151k\u00e1rtya + masni 200,-Ft plusz k\u00f6lts\u00e9get jelent, megrendelhet\u0151 a bubor\u00e9kf\u00faj\u00f3 <a href=\"https:\/\/baraevent.hu\/en\/product\/buborekfujo-ultetokartyaval\/\">n\u00e9vk\u00e1rty\u00e1val<\/a> c\u00edmsz\u00f3 alatt.<\/p>\n<p><b>Aj\u00e1nlott alkalmak<\/b>: esk\u00fcv\u0151i szertart\u00e1s, esk\u00fcv\u0151i k\u00f6sz\u00f6netaj\u00e1nd\u00e9k, sz\u00fclinapi meglepet\u00e9s, le\u00e1nyb\u00facs\u00fa<\/p>","protected":false},"excerpt":{"rendered":"<p>M\u00e9ret: 10 cm magas<br \/>\nSz\u00edn: feh\u00e9r<br \/>\nForma: torta szives<br \/>\nKiszerel\u00e9s: db<br \/>\nAnyag: m\u0171anyag<br \/>\n<strong>Term\u00e9k\u00e1llapot: rendel\u00e9sre 2 h\u00e9t<\/strong><\/p>","protected":false},"featured_media":3886,"template":"","meta":{"inline_featured_image":false,"_ppp_document_settings_meta":""},"product_brand":[],"product_cat":[133],"product_tag":[315,316,263],"class_list":{"0":"post-3885","1":"product","2":"type-product","3":"status-publish","4":"has-post-thumbnail","6":"product_cat-buborekfujo","7":"product_tag-buborekfujo","8":"product_tag-koszonetajandek-gyerkeknek","9":"product_tag-vendegajandek","11":"first","12":"onbackorder","13":"shipping-taxable","14":"purchasable","15":"product-type-simple"},"yoast_head":"<!-- This site is optimized with the Yoast SEO plugin v27.4 - https:\/\/yoast.com\/product\/yoast-seo-wordpress\/ -->\n<title>Bubor\u00e9kf\u00faj\u00f3 - szives - Bara Wedding<\/title>\n<meta name=\"description\" content=\"Bubor\u00e9kf\u00faj\u00f3 \u00f6tletes k\u00f6sz\u00f6netaj\u00e1nd\u00e9k lehet a gyerekek r\u00e9sz\u00e9re, vagy a szertart\u00e1s v\u00e9g\u00e9n haszn\u00e1lhatj\u00e1k a vend\u00e9gek is.\" \/>\n<meta name=\"robots\" content=\"index, follow, max-snippet:-1, max-image-preview:large, max-video-preview:-1\" \/>\n<link rel=\"canonical\" href=\"https:\/\/baraevent.hu\/en\/product\/buborekfujo-szives\/\" \/>\n<meta property=\"og:locale\" content=\"en_GB\" \/>\n<meta property=\"og:type\" content=\"article\" \/>\n<meta property=\"og:title\" content=\"Bubor\u00e9kf\u00faj\u00f3 - szives - Bara Wedding\" \/>\n<meta property=\"og:description\" content=\"Bubor\u00e9kf\u00faj\u00f3 \u00f6tletes k\u00f6sz\u00f6netaj\u00e1nd\u00e9k lehet a gyerekek r\u00e9sz\u00e9re, vagy a szertart\u00e1s v\u00e9g\u00e9n haszn\u00e1lhatj\u00e1k a vend\u00e9gek is.\" \/>\n<meta property=\"og:url\" content=\"https:\/\/baraevent.hu\/en\/product\/buborekfujo-szives\/\" \/>\n<meta property=\"og:site_name\" content=\"Bara Wedding\" \/>\n<meta property=\"article:publisher\" content=\"http:\/\/www.facebook.com\/baraeskuvo\/\" \/>\n<meta property=\"article:modified_time\" content=\"2025-03-14T15:44:29+00:00\" \/>\n<meta property=\"og:image\" content=\"https:\/\/baraevent.hu\/wp-content\/uploads\/2022\/07\/bubifujo_szives.jpg\" \/>\n\t<meta property=\"og:image:width\" content=\"600\" \/>\n\t<meta property=\"og:image:height\" content=\"600\" \/>\n\t<meta property=\"og:image:type\" content=\"image\/jpeg\" \/>\n<meta name=\"twitter:card\" content=\"summary_large_image\" \/>\n<meta name=\"twitter:label1\" content=\"Estimated reading time\" \/>\n\t<meta name=\"twitter:data1\" content=\"1 minute\" \/>\n<script type=\"application\/ld+json\" class=\"yoast-schema-graph\">{\"@context\":\"https:\\\/\\\/schema.org\",\"@graph\":[{\"@type\":\"WebPage\",\"@id\":\"https:\\\/\\\/baraevent.hu\\\/termek\\\/buborekfujo-szives\\\/\",\"url\":\"https:\\\/\\\/baraevent.hu\\\/termek\\\/buborekfujo-szives\\\/\",\"name\":\"Bubor\u00e9kf\u00faj\u00f3 - szives - Bara Wedding\",\"isPartOf\":{\"@id\":\"https:\\\/\\\/baraevent.hu\\\/#website\"},\"primaryImageOfPage\":{\"@id\":\"https:\\\/\\\/baraevent.hu\\\/termek\\\/buborekfujo-szives\\\/#primaryimage\"},\"image\":{\"@id\":\"https:\\\/\\\/baraevent.hu\\\/termek\\\/buborekfujo-szives\\\/#primaryimage\"},\"thumbnailUrl\":\"https:\\\/\\\/baraevent.hu\\\/wp-content\\\/uploads\\\/2022\\\/07\\\/bubifujo_szives.jpg\",\"datePublished\":\"2022-07-22T13:01:28+00:00\",\"dateModified\":\"2025-03-14T15:44:29+00:00\",\"description\":\"Bubor\u00e9kf\u00faj\u00f3 \u00f6tletes k\u00f6sz\u00f6netaj\u00e1nd\u00e9k lehet a gyerekek r\u00e9sz\u00e9re, vagy a szertart\u00e1s v\u00e9g\u00e9n haszn\u00e1lhatj\u00e1k a vend\u00e9gek is.\",\"breadcrumb\":{\"@id\":\"https:\\\/\\\/baraevent.hu\\\/termek\\\/buborekfujo-szives\\\/#breadcrumb\"},\"inLanguage\":\"en-GB\",\"potentialAction\":[{\"@type\":\"ReadAction\",\"target\":[\"https:\\\/\\\/baraevent.hu\\\/termek\\\/buborekfujo-szives\\\/\"]}]},{\"@type\":\"ImageObject\",\"inLanguage\":\"en-GB\",\"@id\":\"https:\\\/\\\/baraevent.hu\\\/termek\\\/buborekfujo-szives\\\/#primaryimage\",\"url\":\"https:\\\/\\\/baraevent.hu\\\/wp-content\\\/uploads\\\/2022\\\/07\\\/bubifujo_szives.jpg\",\"contentUrl\":\"https:\\\/\\\/baraevent.hu\\\/wp-content\\\/uploads\\\/2022\\\/07\\\/bubifujo_szives.jpg\",\"width\":600,\"height\":600,\"caption\":\"bubor\u00e9kf\u00faj\u00f3-szives\"},{\"@type\":\"BreadcrumbList\",\"@id\":\"https:\\\/\\\/baraevent.hu\\\/termek\\\/buborekfujo-szives\\\/#breadcrumb\",\"itemListElement\":[{\"@type\":\"ListItem\",\"position\":1,\"name\":\"Home\",\"item\":\"https:\\\/\\\/baraevent.hu\\\/\"},{\"@type\":\"ListItem\",\"position\":2,\"name\":\"\u00dczlet\",\"item\":\"https:\\\/\\\/baraevent.hu\\\/uzlet\\\/\"},{\"@type\":\"ListItem\",\"position\":3,\"name\":\"Bubor\u00e9kf\u00faj\u00f3 &#8211; szives\"}]},{\"@type\":\"WebSite\",\"@id\":\"https:\\\/\\\/baraevent.hu\\\/#website\",\"url\":\"https:\\\/\\\/baraevent.hu\\\/\",\"name\":\"www.baraevent.hu\",\"description\":\"\",\"publisher\":{\"@id\":\"https:\\\/\\\/baraevent.hu\\\/#organization\"},\"potentialAction\":[{\"@type\":\"SearchAction\",\"target\":{\"@type\":\"EntryPoint\",\"urlTemplate\":\"https:\\\/\\\/baraevent.hu\\\/?s={search_term_string}\"},\"query-input\":{\"@type\":\"PropertyValueSpecification\",\"valueRequired\":true,\"valueName\":\"search_term_string\"}}],\"inLanguage\":\"en-GB\"},{\"@type\":\"Organization\",\"@id\":\"https:\\\/\\\/baraevent.hu\\\/#organization\",\"name\":\"Bara Wedding\",\"url\":\"https:\\\/\\\/baraevent.hu\\\/\",\"logo\":{\"@type\":\"ImageObject\",\"inLanguage\":\"en-GB\",\"@id\":\"https:\\\/\\\/baraevent.hu\\\/#\\\/schema\\\/logo\\\/image\\\/\",\"url\":\"https:\\\/\\\/baraevent.hu\\\/wp-content\\\/uploads\\\/2019\\\/11\\\/logo-e1593417291257.png\",\"contentUrl\":\"https:\\\/\\\/baraevent.hu\\\/wp-content\\\/uploads\\\/2019\\\/11\\\/logo-e1593417291257.png\",\"width\":700,\"height\":276,\"caption\":\"Bara Wedding\"},\"image\":{\"@id\":\"https:\\\/\\\/baraevent.hu\\\/#\\\/schema\\\/logo\\\/image\\\/\"},\"sameAs\":[\"http:\\\/\\\/www.facebook.com\\\/baraeskuvo\\\/\",\"https:\\\/\\\/www.instagram.com\\\/weddingbara\"]}]}<\/script>\n<!-- \/ Yoast SEO plugin. -->","yoast_head_json":{"title":"Bubor\u00e9kf\u00faj\u00f3 - szives - Bara Wedding","description":"Bubor\u00e9kf\u00faj\u00f3 \u00f6tletes k\u00f6sz\u00f6netaj\u00e1nd\u00e9k lehet a gyerekek r\u00e9sz\u00e9re, vagy a szertart\u00e1s v\u00e9g\u00e9n haszn\u00e1lhatj\u00e1k a vend\u00e9gek is.","robots":{"index":"index","follow":"follow","max-snippet":"max-snippet:-1","max-image-preview":"max-image-preview:large","max-video-preview":"max-video-preview:-1"},"canonical":"https:\/\/baraevent.hu\/en\/product\/buborekfujo-szives\/","og_locale":"en_GB","og_type":"article","og_title":"Bubor\u00e9kf\u00faj\u00f3 - szives - Bara Wedding","og_description":"Bubor\u00e9kf\u00faj\u00f3 \u00f6tletes k\u00f6sz\u00f6netaj\u00e1nd\u00e9k lehet a gyerekek r\u00e9sz\u00e9re, vagy a szertart\u00e1s v\u00e9g\u00e9n haszn\u00e1lhatj\u00e1k a vend\u00e9gek is.","og_url":"https:\/\/baraevent.hu\/en\/product\/buborekfujo-szives\/","og_site_name":"Bara Wedding","article_publisher":"http:\/\/www.facebook.com\/baraeskuvo\/","article_modified_time":"2025-03-14T15:44:29+00:00","og_image":[{"width":600,"height":600,"url":"https:\/\/baraevent.hu\/wp-content\/uploads\/2022\/07\/bubifujo_szives.jpg","type":"image\/jpeg"}],"twitter_card":"summary_large_image","twitter_misc":{"Estimated reading time":"1 minute"},"schema":{"@context":"https:\/\/schema.org","@graph":[{"@type":"WebPage","@id":"https:\/\/baraevent.hu\/termek\/buborekfujo-szives\/","url":"https:\/\/baraevent.hu\/termek\/buborekfujo-szives\/","name":"Bubor\u00e9kf\u00faj\u00f3 - szives - Bara Wedding","isPartOf":{"@id":"https:\/\/baraevent.hu\/#website"},"primaryImageOfPage":{"@id":"https:\/\/baraevent.hu\/termek\/buborekfujo-szives\/#primaryimage"},"image":{"@id":"https:\/\/baraevent.hu\/termek\/buborekfujo-szives\/#primaryimage"},"thumbnailUrl":"https:\/\/baraevent.hu\/wp-content\/uploads\/2022\/07\/bubifujo_szives.jpg","datePublished":"2022-07-22T13:01:28+00:00","dateModified":"2025-03-14T15:44:29+00:00","description":"Bubor\u00e9kf\u00faj\u00f3 \u00f6tletes k\u00f6sz\u00f6netaj\u00e1nd\u00e9k lehet a gyerekek r\u00e9sz\u00e9re, vagy a szertart\u00e1s v\u00e9g\u00e9n haszn\u00e1lhatj\u00e1k a vend\u00e9gek is.","breadcrumb":{"@id":"https:\/\/baraevent.hu\/termek\/buborekfujo-szives\/#breadcrumb"},"inLanguage":"en-GB","potentialAction":[{"@type":"ReadAction","target":["https:\/\/baraevent.hu\/termek\/buborekfujo-szives\/"]}]},{"@type":"ImageObject","inLanguage":"en-GB","@id":"https:\/\/baraevent.hu\/termek\/buborekfujo-szives\/#primaryimage","url":"https:\/\/baraevent.hu\/wp-content\/uploads\/2022\/07\/bubifujo_szives.jpg","contentUrl":"https:\/\/baraevent.hu\/wp-content\/uploads\/2022\/07\/bubifujo_szives.jpg","width":600,"height":600,"caption":"bubor\u00e9kf\u00faj\u00f3-szives"},{"@type":"BreadcrumbList","@id":"https:\/\/baraevent.hu\/termek\/buborekfujo-szives\/#breadcrumb","itemListElement":[{"@type":"ListItem","position":1,"name":"Home","item":"https:\/\/baraevent.hu\/"},{"@type":"ListItem","position":2,"name":"\u00dczlet","item":"https:\/\/baraevent.hu\/uzlet\/"},{"@type":"ListItem","position":3,"name":"Bubor\u00e9kf\u00faj\u00f3 &#8211; szives"}]},{"@type":"WebSite","@id":"https:\/\/baraevent.hu\/#website","url":"https:\/\/baraevent.hu\/","name":"www.baraevent.hu","description":"","publisher":{"@id":"https:\/\/baraevent.hu\/#organization"},"potentialAction":[{"@type":"SearchAction","target":{"@type":"EntryPoint","urlTemplate":"https:\/\/baraevent.hu\/?s={search_term_string}"},"query-input":{"@type":"PropertyValueSpecification","valueRequired":true,"valueName":"search_term_string"}}],"inLanguage":"en-GB"},{"@type":"Organization","@id":"https:\/\/baraevent.hu\/#organization","name":"Bara Wedding","url":"https:\/\/baraevent.hu\/","logo":{"@type":"ImageObject","inLanguage":"en-GB","@id":"https:\/\/baraevent.hu\/#\/schema\/logo\/image\/","url":"https:\/\/baraevent.hu\/wp-content\/uploads\/2019\/11\/logo-e1593417291257.png","contentUrl":"https:\/\/baraevent.hu\/wp-content\/uploads\/2019\/11\/logo-e1593417291257.png","width":700,"height":276,"caption":"Bara Wedding"},"image":{"@id":"https:\/\/baraevent.hu\/#\/schema\/logo\/image\/"},"sameAs":["http:\/\/www.facebook.com\/baraeskuvo\/","https:\/\/www.instagram.com\/weddingbara"]}]}},"_links":{"self":[{"href":"https:\/\/baraevent.hu\/en\/wp-json\/wp\/v2\/product\/3885","targetHints":{"allow":["GET"]}}],"collection":[{"href":"https:\/\/baraevent.hu\/en\/wp-json\/wp\/v2\/product"}],"about":[{"href":"https:\/\/baraevent.hu\/en\/wp-json\/wp\/v2\/types\/product"}],"wp:featuredmedia":[{"embeddable":true,"href":"https:\/\/baraevent.hu\/en\/wp-json\/wp\/v2\/media\/3886"}],"wp:attachment":[{"href":"https:\/\/baraevent.hu\/en\/wp-json\/wp\/v2\/media?parent=3885"}],"wp:term":[{"taxonomy":"product_brand","embeddable":true,"href":"https:\/\/baraevent.hu\/en\/wp-json\/wp\/v2\/product_brand?post=3885"},{"taxonomy":"product_cat","embeddable":true,"href":"https:\/\/baraevent.hu\/en\/wp-json\/wp\/v2\/product_cat?post=3885"},{"taxonomy":"product_tag","embeddable":true,"href":"https:\/\/baraevent.hu\/en\/wp-json\/wp\/v2\/product_tag?post=3885"}],"curies":[{"name":"wp","href":"https:\/\/api.w.org\/{rel}","templated":true}]}}