{"id":4912,"date":"2025-03-12T16:04:24","date_gmt":"2025-03-12T15:04:24","guid":{"rendered":"https:\/\/baraevent.hu\/?post_type=product&#038;p=4912"},"modified":"2025-04-25T12:58:53","modified_gmt":"2025-04-25T10:58:53","slug":"egeres-nyomda","status":"publish","type":"product","link":"https:\/\/baraevent.hu\/en\/product\/egeres-nyomda\/","title":{"rendered":"Nyomda &#8211; egeres"},"content":{"rendered":"<h5>Egeres nyomda<\/h5>\n<p>Egeres nyomda &#8211; \u00d6tletes aj\u00e1nd\u00e9k a legkisebb vend\u00e9geknek \u00e1llatos nyomd\u00e1ink k\u00f6z\u00fcl az nyomda kis eg\u00e9rrel.<br \/>\nV\u00e1laszthatsz t\u00f6bbf\u00e9le \u00e1llatk\u00e1t is, k\u00fcl\u00f6n a kisl\u00e1nyoknak, k\u00fcl\u00f6n a kisfi\u00faknak.<\/p>\n<p>A nyomd\u00e1ra k\u00e9rhetsz kis n\u00e9vk\u00e1rty\u00e1t is, \u00edgy az aj\u00e1nd\u00e9kot egyben \u00fcltet\u0151 k\u00e1rtyak\u00e9nt is haszn\u00e1lhatod.<br \/>\nA kis k\u00e1rty\u00e1kat organza szalaggal r\u00f6gz\u00edtj\u00fck a nyomd\u00e1ra. A kis k\u00e1rtya \u00e1ra + 200,-Ft.<\/p>\n<p>A n\u00e9vk\u00e1rty\u00e1n szerepl\u0151 felirat \u00e9s a szalag sz\u00edn\u00e9t az al\u00e1bbi sz\u00ednsk\u00e1l\u00e1b\u00f3l lehet kiv\u00e1lasztani. A kiv\u00e1lasztott sz\u00ednt \u00e9s a vend\u00e9gek neveit vagy az \u00fcltet\u0151k\u00e1rtya felirat\u00e1t ne felejtsd el megrendel\u00e9skor a rendel\u00e9s\u00f6sszes\u00edt\u0151 megjegyz\u00e9s rovat\u00e1ba be\u00edrni!<\/p>\n<p><b>Aj\u00e1nlott alkalmak:<\/b>\u00a0Esk\u00fcv\u0151, sz\u00fclet\u00e9snap, esk\u00fcv\u0151i k\u00f6sz\u00f6netaj\u00e1nd\u00e9k, k\u00f6sz\u00f6netaj\u00e1nd\u00e9k gyerekeknek<\/p>\n<p><img fetchpriority=\"high\" decoding=\"async\" class=\"alignnone wp-image-1797 size-full\" src=\"https:\/\/baraevent.hu\/wp-content\/uploads\/2020\/12\/colorpalette.jpg\" alt=\"\" width=\"491\" height=\"309\" srcset=\"https:\/\/baraevent.hu\/wp-content\/uploads\/2020\/12\/colorpalette.jpg 491w, https:\/\/baraevent.hu\/wp-content\/uploads\/2020\/12\/colorpalette-300x189.jpg 300w\" sizes=\"(max-width: 491px) 100vw, 491px\" \/><\/p>","protected":false},"excerpt":{"rendered":"<p>Feliratozhat\u00f3: igen<br \/>\nM\u00e9ret: 3,5 x 3,5 x 6cm magas<br \/>\nAnyaga: fa, m\u0171anyag<br \/>\nKiszerel\u00e9s: darab<br \/>\nMinim\u00e1lis rendel\u00e9s: 10 db<br \/>\n<strong>Term\u00e9k\u00e1llapot: rendel\u00e9sre 2 h\u00e9t<\/strong><\/p>","protected":false},"featured_media":4913,"template":"","meta":{"inline_featured_image":false,"_ppp_document_settings_meta":""},"product_brand":[],"product_cat":[140],"product_tag":[367,371,365,304,366],"class_list":{"0":"post-4912","1":"product","2":"type-product","3":"status-publish","4":"has-post-thumbnail","6":"product_cat-koszonetajandek-gyerekeknek","7":"product_tag-allatos-nyomda","8":"product_tag-egeres-nyomda","9":"product_tag-fanyomda","10":"product_tag-koszonetajandek-gyerekeknek","11":"product_tag-pecset","13":"first","14":"onbackorder","15":"shipping-taxable","16":"purchasable","17":"product-type-simple"},"yoast_head":"<!-- This site is optimized with the Yoast SEO plugin v27.4 - https:\/\/yoast.com\/product\/yoast-seo-wordpress\/ -->\n<title>Nyomda - egeres - Bara Wedding<\/title>\n<meta name=\"description\" content=\"Lepd meg kisvend\u00e9geidet \u00e1llatos nyomd\u00e1ink k\u00f6z\u00fcl az egeres nyomd\u00e1val. A nyomda fest\u00e9kp\u00e1rn\u00e1t is tartlamaz. K\u00e9rj r\u00e1 \u00fcltet\u0151k\u00e1rty\u00e1t is.\" \/>\n<meta name=\"robots\" content=\"index, follow, max-snippet:-1, max-image-preview:large, max-video-preview:-1\" \/>\n<link rel=\"canonical\" href=\"https:\/\/baraevent.hu\/en\/product\/egeres-nyomda\/\" \/>\n<meta property=\"og:locale\" content=\"en_GB\" \/>\n<meta property=\"og:type\" content=\"article\" \/>\n<meta property=\"og:title\" content=\"Nyomda - egeres - Bara Wedding\" \/>\n<meta property=\"og:description\" content=\"Lepd meg kisvend\u00e9geidet \u00e1llatos nyomd\u00e1ink k\u00f6z\u00fcl az egeres nyomd\u00e1val. A nyomda fest\u00e9kp\u00e1rn\u00e1t is tartlamaz. K\u00e9rj r\u00e1 \u00fcltet\u0151k\u00e1rty\u00e1t is.\" \/>\n<meta property=\"og:url\" content=\"https:\/\/baraevent.hu\/en\/product\/egeres-nyomda\/\" \/>\n<meta property=\"og:site_name\" content=\"Bara Wedding\" \/>\n<meta property=\"article:publisher\" content=\"http:\/\/www.facebook.com\/baraeskuvo\/\" \/>\n<meta property=\"article:modified_time\" content=\"2025-04-25T10:58:53+00:00\" \/>\n<meta property=\"og:image\" content=\"https:\/\/baraevent.hu\/wp-content\/uploads\/2025\/03\/nyomda-uj-eg.webp\" \/>\n\t<meta property=\"og:image:width\" content=\"750\" \/>\n\t<meta property=\"og:image:height\" content=\"750\" \/>\n\t<meta property=\"og:image:type\" content=\"image\/webp\" \/>\n<meta name=\"twitter:card\" content=\"summary_large_image\" \/>\n<meta name=\"twitter:label1\" content=\"Estimated reading time\" \/>\n\t<meta name=\"twitter:data1\" content=\"1 minute\" \/>\n<script type=\"application\/ld+json\" class=\"yoast-schema-graph\">{\"@context\":\"https:\\\/\\\/schema.org\",\"@graph\":[{\"@type\":\"WebPage\",\"@id\":\"https:\\\/\\\/baraevent.hu\\\/termek\\\/egeres-nyomda\\\/\",\"url\":\"https:\\\/\\\/baraevent.hu\\\/termek\\\/egeres-nyomda\\\/\",\"name\":\"Nyomda - egeres - Bara Wedding\",\"isPartOf\":{\"@id\":\"https:\\\/\\\/baraevent.hu\\\/#website\"},\"primaryImageOfPage\":{\"@id\":\"https:\\\/\\\/baraevent.hu\\\/termek\\\/egeres-nyomda\\\/#primaryimage\"},\"image\":{\"@id\":\"https:\\\/\\\/baraevent.hu\\\/termek\\\/egeres-nyomda\\\/#primaryimage\"},\"thumbnailUrl\":\"https:\\\/\\\/baraevent.hu\\\/wp-content\\\/uploads\\\/2025\\\/03\\\/nyomda-uj-eg.webp\",\"datePublished\":\"2025-03-12T15:04:24+00:00\",\"dateModified\":\"2025-04-25T10:58:53+00:00\",\"description\":\"Lepd meg kisvend\u00e9geidet \u00e1llatos nyomd\u00e1ink k\u00f6z\u00fcl az egeres nyomd\u00e1val. A nyomda fest\u00e9kp\u00e1rn\u00e1t is tartlamaz. K\u00e9rj r\u00e1 \u00fcltet\u0151k\u00e1rty\u00e1t is.\",\"breadcrumb\":{\"@id\":\"https:\\\/\\\/baraevent.hu\\\/termek\\\/egeres-nyomda\\\/#breadcrumb\"},\"inLanguage\":\"en-GB\",\"potentialAction\":[{\"@type\":\"ReadAction\",\"target\":[\"https:\\\/\\\/baraevent.hu\\\/termek\\\/egeres-nyomda\\\/\"]}]},{\"@type\":\"ImageObject\",\"inLanguage\":\"en-GB\",\"@id\":\"https:\\\/\\\/baraevent.hu\\\/termek\\\/egeres-nyomda\\\/#primaryimage\",\"url\":\"https:\\\/\\\/baraevent.hu\\\/wp-content\\\/uploads\\\/2025\\\/03\\\/nyomda-uj-eg.webp\",\"contentUrl\":\"https:\\\/\\\/baraevent.hu\\\/wp-content\\\/uploads\\\/2025\\\/03\\\/nyomda-uj-eg.webp\",\"width\":750,\"height\":750},{\"@type\":\"BreadcrumbList\",\"@id\":\"https:\\\/\\\/baraevent.hu\\\/termek\\\/egeres-nyomda\\\/#breadcrumb\",\"itemListElement\":[{\"@type\":\"ListItem\",\"position\":1,\"name\":\"Home\",\"item\":\"https:\\\/\\\/baraevent.hu\\\/\"},{\"@type\":\"ListItem\",\"position\":2,\"name\":\"\u00dczlet\",\"item\":\"https:\\\/\\\/baraevent.hu\\\/uzlet\\\/\"},{\"@type\":\"ListItem\",\"position\":3,\"name\":\"Nyomda &#8211; egeres\"}]},{\"@type\":\"WebSite\",\"@id\":\"https:\\\/\\\/baraevent.hu\\\/#website\",\"url\":\"https:\\\/\\\/baraevent.hu\\\/\",\"name\":\"www.baraevent.hu\",\"description\":\"\",\"publisher\":{\"@id\":\"https:\\\/\\\/baraevent.hu\\\/#organization\"},\"potentialAction\":[{\"@type\":\"SearchAction\",\"target\":{\"@type\":\"EntryPoint\",\"urlTemplate\":\"https:\\\/\\\/baraevent.hu\\\/?s={search_term_string}\"},\"query-input\":{\"@type\":\"PropertyValueSpecification\",\"valueRequired\":true,\"valueName\":\"search_term_string\"}}],\"inLanguage\":\"en-GB\"},{\"@type\":\"Organization\",\"@id\":\"https:\\\/\\\/baraevent.hu\\\/#organization\",\"name\":\"Bara Wedding\",\"url\":\"https:\\\/\\\/baraevent.hu\\\/\",\"logo\":{\"@type\":\"ImageObject\",\"inLanguage\":\"en-GB\",\"@id\":\"https:\\\/\\\/baraevent.hu\\\/#\\\/schema\\\/logo\\\/image\\\/\",\"url\":\"https:\\\/\\\/baraevent.hu\\\/wp-content\\\/uploads\\\/2019\\\/11\\\/logo-e1593417291257.png\",\"contentUrl\":\"https:\\\/\\\/baraevent.hu\\\/wp-content\\\/uploads\\\/2019\\\/11\\\/logo-e1593417291257.png\",\"width\":700,\"height\":276,\"caption\":\"Bara Wedding\"},\"image\":{\"@id\":\"https:\\\/\\\/baraevent.hu\\\/#\\\/schema\\\/logo\\\/image\\\/\"},\"sameAs\":[\"http:\\\/\\\/www.facebook.com\\\/baraeskuvo\\\/\",\"https:\\\/\\\/www.instagram.com\\\/weddingbara\"]}]}<\/script>\n<!-- \/ Yoast SEO plugin. -->","yoast_head_json":{"title":"Nyomda - egeres - Bara Wedding","description":"Lepd meg kisvend\u00e9geidet \u00e1llatos nyomd\u00e1ink k\u00f6z\u00fcl az egeres nyomd\u00e1val. A nyomda fest\u00e9kp\u00e1rn\u00e1t is tartlamaz. K\u00e9rj r\u00e1 \u00fcltet\u0151k\u00e1rty\u00e1t is.","robots":{"index":"index","follow":"follow","max-snippet":"max-snippet:-1","max-image-preview":"max-image-preview:large","max-video-preview":"max-video-preview:-1"},"canonical":"https:\/\/baraevent.hu\/en\/product\/egeres-nyomda\/","og_locale":"en_GB","og_type":"article","og_title":"Nyomda - egeres - Bara Wedding","og_description":"Lepd meg kisvend\u00e9geidet \u00e1llatos nyomd\u00e1ink k\u00f6z\u00fcl az egeres nyomd\u00e1val. A nyomda fest\u00e9kp\u00e1rn\u00e1t is tartlamaz. K\u00e9rj r\u00e1 \u00fcltet\u0151k\u00e1rty\u00e1t is.","og_url":"https:\/\/baraevent.hu\/en\/product\/egeres-nyomda\/","og_site_name":"Bara Wedding","article_publisher":"http:\/\/www.facebook.com\/baraeskuvo\/","article_modified_time":"2025-04-25T10:58:53+00:00","og_image":[{"width":750,"height":750,"url":"https:\/\/baraevent.hu\/wp-content\/uploads\/2025\/03\/nyomda-uj-eg.webp","type":"image\/webp"}],"twitter_card":"summary_large_image","twitter_misc":{"Estimated reading time":"1 minute"},"schema":{"@context":"https:\/\/schema.org","@graph":[{"@type":"WebPage","@id":"https:\/\/baraevent.hu\/termek\/egeres-nyomda\/","url":"https:\/\/baraevent.hu\/termek\/egeres-nyomda\/","name":"Nyomda - egeres - Bara Wedding","isPartOf":{"@id":"https:\/\/baraevent.hu\/#website"},"primaryImageOfPage":{"@id":"https:\/\/baraevent.hu\/termek\/egeres-nyomda\/#primaryimage"},"image":{"@id":"https:\/\/baraevent.hu\/termek\/egeres-nyomda\/#primaryimage"},"thumbnailUrl":"https:\/\/baraevent.hu\/wp-content\/uploads\/2025\/03\/nyomda-uj-eg.webp","datePublished":"2025-03-12T15:04:24+00:00","dateModified":"2025-04-25T10:58:53+00:00","description":"Lepd meg kisvend\u00e9geidet \u00e1llatos nyomd\u00e1ink k\u00f6z\u00fcl az egeres nyomd\u00e1val. A nyomda fest\u00e9kp\u00e1rn\u00e1t is tartlamaz. K\u00e9rj r\u00e1 \u00fcltet\u0151k\u00e1rty\u00e1t is.","breadcrumb":{"@id":"https:\/\/baraevent.hu\/termek\/egeres-nyomda\/#breadcrumb"},"inLanguage":"en-GB","potentialAction":[{"@type":"ReadAction","target":["https:\/\/baraevent.hu\/termek\/egeres-nyomda\/"]}]},{"@type":"ImageObject","inLanguage":"en-GB","@id":"https:\/\/baraevent.hu\/termek\/egeres-nyomda\/#primaryimage","url":"https:\/\/baraevent.hu\/wp-content\/uploads\/2025\/03\/nyomda-uj-eg.webp","contentUrl":"https:\/\/baraevent.hu\/wp-content\/uploads\/2025\/03\/nyomda-uj-eg.webp","width":750,"height":750},{"@type":"BreadcrumbList","@id":"https:\/\/baraevent.hu\/termek\/egeres-nyomda\/#breadcrumb","itemListElement":[{"@type":"ListItem","position":1,"name":"Home","item":"https:\/\/baraevent.hu\/"},{"@type":"ListItem","position":2,"name":"\u00dczlet","item":"https:\/\/baraevent.hu\/uzlet\/"},{"@type":"ListItem","position":3,"name":"Nyomda &#8211; egeres"}]},{"@type":"WebSite","@id":"https:\/\/baraevent.hu\/#website","url":"https:\/\/baraevent.hu\/","name":"www.baraevent.hu","description":"","publisher":{"@id":"https:\/\/baraevent.hu\/#organization"},"potentialAction":[{"@type":"SearchAction","target":{"@type":"EntryPoint","urlTemplate":"https:\/\/baraevent.hu\/?s={search_term_string}"},"query-input":{"@type":"PropertyValueSpecification","valueRequired":true,"valueName":"search_term_string"}}],"inLanguage":"en-GB"},{"@type":"Organization","@id":"https:\/\/baraevent.hu\/#organization","name":"Bara Wedding","url":"https:\/\/baraevent.hu\/","logo":{"@type":"ImageObject","inLanguage":"en-GB","@id":"https:\/\/baraevent.hu\/#\/schema\/logo\/image\/","url":"https:\/\/baraevent.hu\/wp-content\/uploads\/2019\/11\/logo-e1593417291257.png","contentUrl":"https:\/\/baraevent.hu\/wp-content\/uploads\/2019\/11\/logo-e1593417291257.png","width":700,"height":276,"caption":"Bara Wedding"},"image":{"@id":"https:\/\/baraevent.hu\/#\/schema\/logo\/image\/"},"sameAs":["http:\/\/www.facebook.com\/baraeskuvo\/","https:\/\/www.instagram.com\/weddingbara"]}]}},"_links":{"self":[{"href":"https:\/\/baraevent.hu\/en\/wp-json\/wp\/v2\/product\/4912","targetHints":{"allow":["GET"]}}],"collection":[{"href":"https:\/\/baraevent.hu\/en\/wp-json\/wp\/v2\/product"}],"about":[{"href":"https:\/\/baraevent.hu\/en\/wp-json\/wp\/v2\/types\/product"}],"wp:featuredmedia":[{"embeddable":true,"href":"https:\/\/baraevent.hu\/en\/wp-json\/wp\/v2\/media\/4913"}],"wp:attachment":[{"href":"https:\/\/baraevent.hu\/en\/wp-json\/wp\/v2\/media?parent=4912"}],"wp:term":[{"taxonomy":"product_brand","embeddable":true,"href":"https:\/\/baraevent.hu\/en\/wp-json\/wp\/v2\/product_brand?post=4912"},{"taxonomy":"product_cat","embeddable":true,"href":"https:\/\/baraevent.hu\/en\/wp-json\/wp\/v2\/product_cat?post=4912"},{"taxonomy":"product_tag","embeddable":true,"href":"https:\/\/baraevent.hu\/en\/wp-json\/wp\/v2\/product_tag?post=4912"}],"curies":[{"name":"wp","href":"https:\/\/api.w.org\/{rel}","templated":true}]}}