{"id":5214,"date":"2026-03-27T19:28:34","date_gmt":"2026-03-27T18:28:34","guid":{"rendered":"https:\/\/baraevent.hu\/?post_type=product&#038;p=5214"},"modified":"2026-03-27T19:53:57","modified_gmt":"2026-03-27T18:53:57","slug":"menyasszonyi-mentor-program","status":"publish","type":"product","link":"https:\/\/baraevent.hu\/en\/product\/menyasszonyi-mentor-program\/","title":{"rendered":"Menyasszonyi Mentor Program"},"content":{"rendered":"<p><span style=\"font-weight: 400;\">T\u00f6bb mint <\/span><b>20 \u00e9ves esk\u00fcv\u0151szervez\u0151i tapasztalatommal<\/b><span style=\"font-weight: 400;\"> abban t\u00e1mogatlak, hogy a lehet\u0151 legk\u00f6nnyebben, \u00e1tl\u00e1that\u00f3an \u00e9s magabiztosan szervezhesd meg a nagy napotokat.\u00a0 A menyasszonyi MENTOR program azoknak a <\/span><b>b\u00e1tor menyasszonyoknak<\/b><span style=\"font-weight: 400;\"> k\u00e9sz\u00fclt, akik szeretn\u00e9k k\u00e9zben tartani az esk\u00fcv\u0151j\u00fck szervez\u00e9s\u00e9t, mik\u00f6zben biztos t\u00e1mpontokat kapnak egy profi esk\u00fcv\u0151szervez\u0151t\u0151l.<\/span><\/p>\n<p><b>Hogy m\u0171k\u00f6dik a <\/b><b>menyasszonyi MENTOR program<\/b><b>?<\/b><\/p>\n<ul>\n<li style=\"list-style-type: none;\">\n<ul>\n<li style=\"font-weight: 400;\" aria-level=\"1\"><span style=\"font-weight: 400;\">A szervez\u00e9s menet\u00e9t <\/span><b>7 nagy l\u00e9p\u00e9sre<\/b><span style=\"font-weight: 400;\"> bontottam fel, amelyek id\u0151rendben k\u00f6vetik egym\u00e1st, egym\u00e1sra \u00e9p\u00fclve.\u00a0<\/span><\/li>\n<li style=\"font-weight: 400;\" aria-level=\"1\"><b>7 email-t<\/b><span style=\"font-weight: 400;\"> fogsz t\u0151lem kapni, amelyek az egyes l\u00e9p\u00e9sek pontos instrukci\u00f3it tartalmazz\u00e1k.\u00a0<\/span><\/li>\n<li style=\"font-weight: 400;\" aria-level=\"1\"><span style=\"font-weight: 400;\">Minden email tartalmazza egy <\/span><b>to-do list\u00e1t<\/b><span style=\"font-weight: 400;\">, hogy tiszt\u00e1n l\u00e1sd, mit kell elint\u00e9zned.<\/span><\/li>\n<li style=\"font-weight: 400;\" aria-level=\"1\"><span style=\"font-weight: 400;\">Az e-maileket a <\/span><b>saj\u00e1t esk\u00fcv\u0151d d\u00e1tum\u00e1hoz igaz\u00edtva<\/b><span style=\"font-weight: 400;\"> kapod meg, hogy mindig id\u0151ben \u00e9rkezzen a k\u00f6vetkez\u0151 feladatcsomag<\/span><\/li>\n<\/ul>\n<\/li>\n<\/ul>\n<ul>\n<li aria-level=\"1\"><span style=\"font-weight: 400;\">A csomag tartalmaz egy 60 perces <\/span><b>online konzult\u00e1ci\u00f3t<\/b><span style=\"font-weight: 400;\">, ahol minden k\u00e9rd\u00e9sedet felteheted \u00e9s szem\u00e9lyre szabott tan\u00e1csokat kapsz.<\/span><\/li>\n<\/ul>\n<p><b>Mit nyersz a <\/b><b>menyasszonyi MENTOR programmal<\/b><b>?<\/b><\/p>\n<ul>\n<li style=\"font-weight: 400;\" aria-level=\"1\"><span style=\"font-weight: 400;\">Egy v\u00e9gigvezetett, struktur\u00e1lt tervet az esk\u00fcv\u0151 szervez\u00e9s\u00e9hez.<\/span><\/li>\n<li style=\"font-weight: 400;\" aria-level=\"1\"><span style=\"font-weight: 400;\">Magabiztoss\u00e1got a szervez\u00e9s minden l\u00e9p\u00e9s\u00e9ben.<\/span><\/li>\n<li style=\"font-weight: 400;\" aria-level=\"1\"><span style=\"font-weight: 400;\">Seg\u00edts\u00e9get a helysz\u00ednv\u00e1laszt\u00e1st\u00f3l a szolg\u00e1ltat\u00f3k kiv\u00e1laszt\u00e1s\u00e1ig.<\/span><\/li>\n<li style=\"font-weight: 400;\" aria-level=\"1\"><span style=\"font-weight: 400;\">Pontos \u00fatmutat\u00f3t az esk\u00fcv\u0151i forgat\u00f3k\u00f6nyv \u00e9s k\u00f6lts\u00e9gvet\u00e9s elk\u00e9sz\u00edt\u00e9s\u00e9hez.<\/span><\/li>\n<li style=\"font-weight: 400;\" aria-level=\"1\"><span style=\"font-weight: 400;\">Stressz mentes szervez\u00e9st \u2013 hiszen mindig tudni fogod, hogy j\u00f3 \u00faton haladsz, \u00e9s semmit nem felejtesz el.\u00a0<\/span><\/li>\n<\/ul>\n<p><b>Ez a csomag nemcsak praktikus seg\u00edts\u00e9g, hanem egy biztons\u00e1gi h\u00e1l\u00f3 is. \u00cdgy a szervez\u00e9s nem k\u00e1osz \u00e9s rohan\u00e1s lesz, hanem k\u00f6z\u00f6s \u00e9lm\u00e9ny, amelyben megtal\u00e1lod az \u00f6r\u00f6m\u00f6t is \u2013 \u00e9s amikor el\u00e9rkezik a nagy nap, felszabadultan, nyugodtan \u00e9s boldogan \u00e9lheted meg minden pillanat\u00e1t.<\/b><\/p>\n<p><b>Menyasszonyi MENTOR program \u00e1ra: 99.000 Ft<\/b><\/p>\n<p><span style=\"font-weight: 400;\">Tartalmaz: 7 email a szervez\u00e9s 7 szintj\u00e9r\u0151l + 60 perces online konzult\u00e1ci\u00f3<\/span><\/p>\n<p><span style=\"font-weight: 400;\">Kattints ide, \u00e9s rendeld meg most!<\/span><\/p>","protected":false},"excerpt":{"rendered":"<p><b>El\u0151sz\u00f6r is sz\u00edvb\u0151l gratul\u00e1lok az elhat\u00e1roz\u00e1sotokhoz, hogy kapcsolatotokat egy magasabb szintre emelitek \u00e9s \u00f6sszek\u00f6titek \u00e9leteteket. <\/b><span style=\"font-weight: 400;\">A sz\u00e1modra fontos f\u00e9rfi megk\u00e9rte a kezedet &#8211; \u00e9leted egyik legszebb \u00e1llom\u00e1s\u00e1n\u00e1l tartasz, egy felejthetetlen pillanatn\u00e1l.<\/span><\/p>\n<p><b>Most pedig kezd\u0151dhet az izgalmas \u00e9s kih\u00edv\u00e1sokkal teli \u201eutaz\u00e1s\u201d \u2013 esk\u00fcv\u0151t\u00f6k szervez\u00e9se!\u00a0<\/b><\/p>\n<p><span style=\"font-weight: 400;\">Ha szeretn\u00e9d te magad ir\u00e1ny\u00edtani ezt a folyamatot, mik\u00f6zben biztosan, l\u00e9p\u00e9sr\u0151l l\u00e9p\u00e9sre haladsz, akkor a <\/span><b>menyasszonyi MENTOR program<\/b><span style=\"font-weight: 400;\"> neked sz\u00f3l. Tudd, hogy nem kell mindent egyed\u00fcl megoldanod, itt van egy kapaszkod\u00f3, ami v\u00e9gigk\u00eds\u00e9r a szervez\u00e9s \u00fatj\u00e1n.<\/span><\/p>","protected":false},"featured_media":5237,"template":"","meta":{"inline_featured_image":false,"_ppp_document_settings_meta":""},"product_brand":[],"product_cat":[399],"product_tag":[],"class_list":{"0":"post-5214","1":"product","2":"type-product","3":"status-publish","4":"has-post-thumbnail","6":"product_cat-mentoralas","8":"first","9":"instock","10":"virtual","11":"purchasable","12":"product-type-simple"},"yoast_head":"<!-- This site is optimized with the Yoast SEO plugin v27.4 - https:\/\/yoast.com\/product\/yoast-seo-wordpress\/ -->\n<title>Menyasszonyi Mentor Program - Bara Wedding<\/title>\n<meta name=\"robots\" content=\"index, follow, max-snippet:-1, max-image-preview:large, max-video-preview:-1\" \/>\n<link rel=\"canonical\" href=\"https:\/\/baraevent.hu\/en\/product\/menyasszonyi-mentor-program\/\" \/>\n<meta property=\"og:locale\" content=\"en_GB\" \/>\n<meta property=\"og:type\" content=\"article\" \/>\n<meta property=\"og:title\" content=\"Menyasszonyi Mentor Program - Bara Wedding\" \/>\n<meta property=\"og:description\" content=\"El\u0151sz\u00f6r is sz\u00edvb\u0151l gratul\u00e1lok az elhat\u00e1roz\u00e1sotokhoz, hogy kapcsolatotokat egy magasabb szintre emelitek \u00e9s \u00f6sszek\u00f6titek \u00e9leteteket. A sz\u00e1modra fontos f\u00e9rfi megk\u00e9rte a kezedet - \u00e9leted egyik legszebb \u00e1llom\u00e1s\u00e1n\u00e1l tartasz, egy felejthetetlen pillanatn\u00e1l.  Most pedig kezd\u0151dhet az izgalmas \u00e9s kih\u00edv\u00e1sokkal teli \u201eutaz\u00e1s\u201d \u2013 esk\u00fcv\u0151t\u00f6k szervez\u00e9se!\u00a0  Ha szeretn\u00e9d te magad ir\u00e1ny\u00edtani ezt a folyamatot, mik\u00f6zben biztosan, l\u00e9p\u00e9sr\u0151l l\u00e9p\u00e9sre haladsz, akkor a menyasszonyi MENTOR program neked sz\u00f3l. Tudd, hogy nem kell mindent egyed\u00fcl megoldanod, itt van egy kapaszkod\u00f3, ami v\u00e9gigk\u00eds\u00e9r a szervez\u00e9s \u00fatj\u00e1n.\" \/>\n<meta property=\"og:url\" content=\"https:\/\/baraevent.hu\/en\/product\/menyasszonyi-mentor-program\/\" \/>\n<meta property=\"og:site_name\" content=\"Bara Wedding\" \/>\n<meta property=\"article:publisher\" content=\"http:\/\/www.facebook.com\/baraeskuvo\/\" \/>\n<meta property=\"article:modified_time\" content=\"2026-03-27T18:53:57+00:00\" \/>\n<meta property=\"og:image\" content=\"https:\/\/baraevent.hu\/wp-content\/uploads\/2026\/03\/Bevezeto.jpg\" \/>\n\t<meta property=\"og:image:width\" content=\"1365\" \/>\n\t<meta property=\"og:image:height\" content=\"2048\" \/>\n\t<meta property=\"og:image:type\" content=\"image\/jpeg\" \/>\n<meta name=\"twitter:card\" content=\"summary_large_image\" \/>\n<meta name=\"twitter:label1\" content=\"Estimated reading time\" \/>\n\t<meta name=\"twitter:data1\" content=\"2 minutes\" \/>\n<script type=\"application\/ld+json\" class=\"yoast-schema-graph\">{\"@context\":\"https:\\\/\\\/schema.org\",\"@graph\":[{\"@type\":\"WebPage\",\"@id\":\"https:\\\/\\\/baraevent.hu\\\/termek\\\/menyasszonyi-mentor-program\\\/\",\"url\":\"https:\\\/\\\/baraevent.hu\\\/termek\\\/menyasszonyi-mentor-program\\\/\",\"name\":\"Menyasszonyi Mentor Program - Bara Wedding\",\"isPartOf\":{\"@id\":\"https:\\\/\\\/baraevent.hu\\\/#website\"},\"primaryImageOfPage\":{\"@id\":\"https:\\\/\\\/baraevent.hu\\\/termek\\\/menyasszonyi-mentor-program\\\/#primaryimage\"},\"image\":{\"@id\":\"https:\\\/\\\/baraevent.hu\\\/termek\\\/menyasszonyi-mentor-program\\\/#primaryimage\"},\"thumbnailUrl\":\"https:\\\/\\\/baraevent.hu\\\/wp-content\\\/uploads\\\/2026\\\/03\\\/Bevezeto.jpg\",\"datePublished\":\"2026-03-27T18:28:34+00:00\",\"dateModified\":\"2026-03-27T18:53:57+00:00\",\"breadcrumb\":{\"@id\":\"https:\\\/\\\/baraevent.hu\\\/termek\\\/menyasszonyi-mentor-program\\\/#breadcrumb\"},\"inLanguage\":\"en-GB\",\"potentialAction\":[{\"@type\":\"ReadAction\",\"target\":[\"https:\\\/\\\/baraevent.hu\\\/termek\\\/menyasszonyi-mentor-program\\\/\"]}]},{\"@type\":\"ImageObject\",\"inLanguage\":\"en-GB\",\"@id\":\"https:\\\/\\\/baraevent.hu\\\/termek\\\/menyasszonyi-mentor-program\\\/#primaryimage\",\"url\":\"https:\\\/\\\/baraevent.hu\\\/wp-content\\\/uploads\\\/2026\\\/03\\\/Bevezeto.jpg\",\"contentUrl\":\"https:\\\/\\\/baraevent.hu\\\/wp-content\\\/uploads\\\/2026\\\/03\\\/Bevezeto.jpg\",\"width\":1365,\"height\":2048},{\"@type\":\"BreadcrumbList\",\"@id\":\"https:\\\/\\\/baraevent.hu\\\/termek\\\/menyasszonyi-mentor-program\\\/#breadcrumb\",\"itemListElement\":[{\"@type\":\"ListItem\",\"position\":1,\"name\":\"Home\",\"item\":\"https:\\\/\\\/baraevent.hu\\\/\"},{\"@type\":\"ListItem\",\"position\":2,\"name\":\"\u00dczlet\",\"item\":\"https:\\\/\\\/baraevent.hu\\\/uzlet\\\/\"},{\"@type\":\"ListItem\",\"position\":3,\"name\":\"Menyasszonyi Mentor Program\"}]},{\"@type\":\"WebSite\",\"@id\":\"https:\\\/\\\/baraevent.hu\\\/#website\",\"url\":\"https:\\\/\\\/baraevent.hu\\\/\",\"name\":\"www.baraevent.hu\",\"description\":\"\",\"publisher\":{\"@id\":\"https:\\\/\\\/baraevent.hu\\\/#organization\"},\"potentialAction\":[{\"@type\":\"SearchAction\",\"target\":{\"@type\":\"EntryPoint\",\"urlTemplate\":\"https:\\\/\\\/baraevent.hu\\\/?s={search_term_string}\"},\"query-input\":{\"@type\":\"PropertyValueSpecification\",\"valueRequired\":true,\"valueName\":\"search_term_string\"}}],\"inLanguage\":\"en-GB\"},{\"@type\":\"Organization\",\"@id\":\"https:\\\/\\\/baraevent.hu\\\/#organization\",\"name\":\"Bara Wedding\",\"url\":\"https:\\\/\\\/baraevent.hu\\\/\",\"logo\":{\"@type\":\"ImageObject\",\"inLanguage\":\"en-GB\",\"@id\":\"https:\\\/\\\/baraevent.hu\\\/#\\\/schema\\\/logo\\\/image\\\/\",\"url\":\"https:\\\/\\\/baraevent.hu\\\/wp-content\\\/uploads\\\/2019\\\/11\\\/logo-e1593417291257.png\",\"contentUrl\":\"https:\\\/\\\/baraevent.hu\\\/wp-content\\\/uploads\\\/2019\\\/11\\\/logo-e1593417291257.png\",\"width\":700,\"height\":276,\"caption\":\"Bara Wedding\"},\"image\":{\"@id\":\"https:\\\/\\\/baraevent.hu\\\/#\\\/schema\\\/logo\\\/image\\\/\"},\"sameAs\":[\"http:\\\/\\\/www.facebook.com\\\/baraeskuvo\\\/\",\"https:\\\/\\\/www.instagram.com\\\/weddingbara\"]}]}<\/script>\n<!-- \/ Yoast SEO plugin. -->","yoast_head_json":{"title":"Menyasszonyi Mentor Program - Bara Wedding","robots":{"index":"index","follow":"follow","max-snippet":"max-snippet:-1","max-image-preview":"max-image-preview:large","max-video-preview":"max-video-preview:-1"},"canonical":"https:\/\/baraevent.hu\/en\/product\/menyasszonyi-mentor-program\/","og_locale":"en_GB","og_type":"article","og_title":"Menyasszonyi Mentor Program - Bara Wedding","og_description":"El\u0151sz\u00f6r is sz\u00edvb\u0151l gratul\u00e1lok az elhat\u00e1roz\u00e1sotokhoz, hogy kapcsolatotokat egy magasabb szintre emelitek \u00e9s \u00f6sszek\u00f6titek \u00e9leteteket. A sz\u00e1modra fontos f\u00e9rfi megk\u00e9rte a kezedet - \u00e9leted egyik legszebb \u00e1llom\u00e1s\u00e1n\u00e1l tartasz, egy felejthetetlen pillanatn\u00e1l.  Most pedig kezd\u0151dhet az izgalmas \u00e9s kih\u00edv\u00e1sokkal teli \u201eutaz\u00e1s\u201d \u2013 esk\u00fcv\u0151t\u00f6k szervez\u00e9se!\u00a0  Ha szeretn\u00e9d te magad ir\u00e1ny\u00edtani ezt a folyamatot, mik\u00f6zben biztosan, l\u00e9p\u00e9sr\u0151l l\u00e9p\u00e9sre haladsz, akkor a menyasszonyi MENTOR program neked sz\u00f3l. Tudd, hogy nem kell mindent egyed\u00fcl megoldanod, itt van egy kapaszkod\u00f3, ami v\u00e9gigk\u00eds\u00e9r a szervez\u00e9s \u00fatj\u00e1n.","og_url":"https:\/\/baraevent.hu\/en\/product\/menyasszonyi-mentor-program\/","og_site_name":"Bara Wedding","article_publisher":"http:\/\/www.facebook.com\/baraeskuvo\/","article_modified_time":"2026-03-27T18:53:57+00:00","og_image":[{"width":1365,"height":2048,"url":"https:\/\/baraevent.hu\/wp-content\/uploads\/2026\/03\/Bevezeto.jpg","type":"image\/jpeg"}],"twitter_card":"summary_large_image","twitter_misc":{"Estimated reading time":"2 minutes"},"schema":{"@context":"https:\/\/schema.org","@graph":[{"@type":"WebPage","@id":"https:\/\/baraevent.hu\/termek\/menyasszonyi-mentor-program\/","url":"https:\/\/baraevent.hu\/termek\/menyasszonyi-mentor-program\/","name":"Menyasszonyi Mentor Program - Bara Wedding","isPartOf":{"@id":"https:\/\/baraevent.hu\/#website"},"primaryImageOfPage":{"@id":"https:\/\/baraevent.hu\/termek\/menyasszonyi-mentor-program\/#primaryimage"},"image":{"@id":"https:\/\/baraevent.hu\/termek\/menyasszonyi-mentor-program\/#primaryimage"},"thumbnailUrl":"https:\/\/baraevent.hu\/wp-content\/uploads\/2026\/03\/Bevezeto.jpg","datePublished":"2026-03-27T18:28:34+00:00","dateModified":"2026-03-27T18:53:57+00:00","breadcrumb":{"@id":"https:\/\/baraevent.hu\/termek\/menyasszonyi-mentor-program\/#breadcrumb"},"inLanguage":"en-GB","potentialAction":[{"@type":"ReadAction","target":["https:\/\/baraevent.hu\/termek\/menyasszonyi-mentor-program\/"]}]},{"@type":"ImageObject","inLanguage":"en-GB","@id":"https:\/\/baraevent.hu\/termek\/menyasszonyi-mentor-program\/#primaryimage","url":"https:\/\/baraevent.hu\/wp-content\/uploads\/2026\/03\/Bevezeto.jpg","contentUrl":"https:\/\/baraevent.hu\/wp-content\/uploads\/2026\/03\/Bevezeto.jpg","width":1365,"height":2048},{"@type":"BreadcrumbList","@id":"https:\/\/baraevent.hu\/termek\/menyasszonyi-mentor-program\/#breadcrumb","itemListElement":[{"@type":"ListItem","position":1,"name":"Home","item":"https:\/\/baraevent.hu\/"},{"@type":"ListItem","position":2,"name":"\u00dczlet","item":"https:\/\/baraevent.hu\/uzlet\/"},{"@type":"ListItem","position":3,"name":"Menyasszonyi Mentor Program"}]},{"@type":"WebSite","@id":"https:\/\/baraevent.hu\/#website","url":"https:\/\/baraevent.hu\/","name":"www.baraevent.hu","description":"","publisher":{"@id":"https:\/\/baraevent.hu\/#organization"},"potentialAction":[{"@type":"SearchAction","target":{"@type":"EntryPoint","urlTemplate":"https:\/\/baraevent.hu\/?s={search_term_string}"},"query-input":{"@type":"PropertyValueSpecification","valueRequired":true,"valueName":"search_term_string"}}],"inLanguage":"en-GB"},{"@type":"Organization","@id":"https:\/\/baraevent.hu\/#organization","name":"Bara Wedding","url":"https:\/\/baraevent.hu\/","logo":{"@type":"ImageObject","inLanguage":"en-GB","@id":"https:\/\/baraevent.hu\/#\/schema\/logo\/image\/","url":"https:\/\/baraevent.hu\/wp-content\/uploads\/2019\/11\/logo-e1593417291257.png","contentUrl":"https:\/\/baraevent.hu\/wp-content\/uploads\/2019\/11\/logo-e1593417291257.png","width":700,"height":276,"caption":"Bara Wedding"},"image":{"@id":"https:\/\/baraevent.hu\/#\/schema\/logo\/image\/"},"sameAs":["http:\/\/www.facebook.com\/baraeskuvo\/","https:\/\/www.instagram.com\/weddingbara"]}]}},"_links":{"self":[{"href":"https:\/\/baraevent.hu\/en\/wp-json\/wp\/v2\/product\/5214","targetHints":{"allow":["GET"]}}],"collection":[{"href":"https:\/\/baraevent.hu\/en\/wp-json\/wp\/v2\/product"}],"about":[{"href":"https:\/\/baraevent.hu\/en\/wp-json\/wp\/v2\/types\/product"}],"wp:featuredmedia":[{"embeddable":true,"href":"https:\/\/baraevent.hu\/en\/wp-json\/wp\/v2\/media\/5237"}],"wp:attachment":[{"href":"https:\/\/baraevent.hu\/en\/wp-json\/wp\/v2\/media?parent=5214"}],"wp:term":[{"taxonomy":"product_brand","embeddable":true,"href":"https:\/\/baraevent.hu\/en\/wp-json\/wp\/v2\/product_brand?post=5214"},{"taxonomy":"product_cat","embeddable":true,"href":"https:\/\/baraevent.hu\/en\/wp-json\/wp\/v2\/product_cat?post=5214"},{"taxonomy":"product_tag","embeddable":true,"href":"https:\/\/baraevent.hu\/en\/wp-json\/wp\/v2\/product_tag?post=5214"}],"curies":[{"name":"wp","href":"https:\/\/api.w.org\/{rel}","templated":true}]}}